{"id":86,"date":"2015-04-06T13:46:50","date_gmt":"2015-04-06T16:46:50","guid":{"rendered":"http:\/\/nexoit.com.uy\/web\/?post_type=product&#038;p=86"},"modified":"2015-04-10T14:08:09","modified_gmt":"2015-04-10T17:08:09","slug":"papyrus-cuentas-por-pagar","status":"publish","type":"product","link":"https:\/\/www.nexoit.com.uy\/web\/tienda\/papyrus\/papyrus-cuentas-por-pagar\/","title":{"rendered":"Papyrus Cuentas por Pagar"},"content":{"rendered":"<blockquote><p>Soluci\u00f3n de negocios que <strong>permite la transferencia autom\u00e1tica de la informaci\u00f3n a su sistema ERP<\/strong>, esta informaci\u00f3n es obtenida e interpretada directamente de las facturas recibidas de los proveedores. Tambi\u00e9n se <strong>comprueba, verifica y organiza seg\u00fan requisitos preestablecidos<\/strong>, para luego ser transferida a un fichero.<\/p><\/blockquote>\n<h4>Personalizable:<\/h4>\n<p>Puede personalizarse para leer e interpretar entrada de facturas con gran variedad de formatos, tales como: Papel, Fax, PDF, Correo Electr\u00f3nico y Facturas Electr\u00f3nicas.<\/p>\n<h4>Aprendizaje adaptativo:<\/h4>\n<p>Con nuevas tecnolog\u00edas en reconocimiento inteligente de caracteres ICR (Intelligent Character Recognition) y de gesti\u00f3n de informaci\u00f3n basada en im\u00e1genes. Tambi\u00e9n incorpora una t\u00e9cnica de aprendizaje para identificar facturas, reconocer y ordenar autom\u00e1ticamente a proveedores nuevos y antiguos.<\/p>\n<h4>Integraci\u00f3n:<\/h4>\n<p>Puede procesar y verificar informaci\u00f3n en un sistema financiero-contable, as\u00ed como suministrarla a sistemas de archivo y flujo de trabajo para facilitar la continuidad en la gesti\u00f3n de las facturas.<\/p>\n<div style=\"width:100%; clear:both; height: 150px;\">\n<img decoding=\"async\" loading=\"lazy\" src=\"http:\/\/www.papyrusgestor.com\/web\/wp-content\/uploads\/2014\/05\/oracle.png\" alt=\"oracle\" width=\"200\" height=\"150\" class=\"alignnone size-full wp-image-124\" style=\"float:left;\" \/><br \/>\n<img decoding=\"async\" loading=\"lazy\" src=\"http:\/\/www.papyrusgestor.com\/web\/wp-content\/uploads\/2014\/05\/sap-logo1.jpg\" alt=\"SAP-logo\" width=\"199\" height=\"100\" class=\"alignnone size-full wp-image-127\" style=\"float:right;\" \/><\/div>\n<blockquote><p><strong>Se integra f\u00e1cilmente <\/strong>con la mayor\u00eda de sistemas de archivo, financierocontable y flujo de trabajo (workflow) que existen en el mercado. <strong>Adem\u00e1s, puede<\/strong> aprovechar los datos principales del sistema financiero-contable para <strong>identificar autom\u00e1ticamente a los compradores y los proveedores<\/strong> que aparecen en las facturas.<\/p><\/blockquote>\n<h4>Ordenaci\u00f3n:<\/h4>\n<p>Puede ordenar autom\u00e1ticamente las facturas por comprador, proveedor, pa\u00eds y tipo de factura. Esta ordenaci\u00f3n reduce el trabajo manual de los operadores y automatiza el encaminamiento de las facturas.<\/p>\n<ul>\n<li>Identificar autom\u00e1ticamente al comprador de cada factura.<\/li>\n<li>Archive su papel, toda la informaci\u00f3n de la factura es presentada junto a la imagen digital del documento permitiendo contar con \u00fanico punto de entrada. El sistema puede guardar \/ transferir la ubicaci\u00f3n f\u00edsica de la factura hacia su sistema contable autom\u00e1ticamente.<\/li>\n<li>Identificar autom\u00e1ticamente el proveedor, puede utilizar el n\u00famero de cuenta bancaria o alg\u00fan otro dato presente en una factura para identificar al proveedor.<\/li>\n<li>Ordenaci\u00f3n por pa\u00edses, reconoce autom\u00e1ticamente el pa\u00eds de origen de una factura identificando al proveedor. Estas tambi\u00e9n se pueden tratar y verificar en funci\u00f3n del pa\u00eds de origen.<\/li>\n<li>Clasificaci\u00f3n de facturas, puede distinguir las facturas y ordenarlas por tipo. Ejemplo: Gastos generales, Pedidos (\u00f3rdenes de compra) y Notas de abono.<\/li>\n<\/ul>\n<p align=\"center\"><img decoding=\"async\" loading=\"lazy\" src=\"http:\/\/www.papyrusgestor.com\/web\/wp-content\/uploads\/2014\/05\/cuentas-fuji.jpg\" alt=\"cuentas-fuji\" width=\"700\" height=\"308\" class=\"alignnone size-full wp-image-131\" \/><\/p>\n<blockquote><p>\n<a href=\"http:\/\/www.papyrusgestor.com\/docs\/Papyrus_Cuentas.pdf\" target=\"_blank\"> <img decoding=\"async\" loading=\"lazy\" src=\"http:\/\/www.papyrusgestor.com\/web\/wp-content\/uploads\/2014\/04\/icon_pdf_small.png\" alt=\"icon_pdf_small\" width=\"34\" height=\"40\" class=\"alignleft size-full wp-image-172\" \/> Descargar PDF<\/a><\/p><\/blockquote>\n","protected":false},"excerpt":{"rendered":"<p>Soluci\u00f3n de negocios que permite la transferencia autom\u00e1tica de la informaci\u00f3n a su sistema ERP.<\/p>\n","protected":false},"featured_media":87,"comment_status":"closed","ping_status":"closed","template":"","meta":[],"product_cat":[20],"product_tag":[19],"yoast_head":"<!-- This site is optimized with the Yoast SEO plugin v20.10 - https:\/\/yoast.com\/wordpress\/plugins\/seo\/ -->\n<title>Papyrus Cuentas por Pagar - NEXO IT<\/title>\n<meta name=\"robots\" content=\"index, follow, max-snippet:-1, max-image-preview:large, max-video-preview:-1\" \/>\n<link rel=\"canonical\" href=\"https:\/\/www.nexoit.com.uy\/web\/tienda\/papyrus\/papyrus-cuentas-por-pagar\/\" \/>\n<meta property=\"og:locale\" content=\"es_ES\" \/>\n<meta property=\"og:type\" content=\"article\" \/>\n<meta property=\"og:title\" content=\"Papyrus Cuentas por Pagar - NEXO IT\" \/>\n<meta property=\"og:description\" content=\"Soluci\u00f3n de negocios que permite la transferencia autom\u00e1tica de la informaci\u00f3n a su sistema ERP.\" \/>\n<meta property=\"og:url\" content=\"https:\/\/www.nexoit.com.uy\/web\/tienda\/papyrus\/papyrus-cuentas-por-pagar\/\" \/>\n<meta property=\"og:site_name\" content=\"NEXO IT\" \/>\n<meta property=\"article:modified_time\" content=\"2015-04-10T17:08:09+00:00\" \/>\n<meta property=\"og:image\" content=\"https:\/\/www.nexoit.com.uy\/web\/wp-content\/uploads\/2015\/04\/cuentas-por-pagar.png\" \/>\n\t<meta property=\"og:image:width\" content=\"239\" \/>\n\t<meta property=\"og:image:height\" content=\"330\" \/>\n\t<meta property=\"og:image:type\" content=\"image\/png\" \/>\n<meta name=\"twitter:label1\" content=\"Tiempo de lectura\" \/>\n\t<meta name=\"twitter:data1\" content=\"2 minutos\" \/>\n<script type=\"application\/ld+json\" class=\"yoast-schema-graph\">{\"@context\":\"https:\/\/schema.org\",\"@graph\":[{\"@type\":\"WebPage\",\"@id\":\"https:\/\/www.nexoit.com.uy\/web\/tienda\/papyrus\/papyrus-cuentas-por-pagar\/\",\"url\":\"https:\/\/www.nexoit.com.uy\/web\/tienda\/papyrus\/papyrus-cuentas-por-pagar\/\",\"name\":\"Papyrus Cuentas por Pagar - NEXO IT\",\"isPartOf\":{\"@id\":\"https:\/\/www.nexoit.com.uy\/web\/#website\"},\"datePublished\":\"2015-04-06T16:46:50+00:00\",\"dateModified\":\"2015-04-10T17:08:09+00:00\",\"breadcrumb\":{\"@id\":\"https:\/\/www.nexoit.com.uy\/web\/tienda\/papyrus\/papyrus-cuentas-por-pagar\/#breadcrumb\"},\"inLanguage\":\"es\",\"potentialAction\":[{\"@type\":\"ReadAction\",\"target\":[\"https:\/\/www.nexoit.com.uy\/web\/tienda\/papyrus\/papyrus-cuentas-por-pagar\/\"]}]},{\"@type\":\"BreadcrumbList\",\"@id\":\"https:\/\/www.nexoit.com.uy\/web\/tienda\/papyrus\/papyrus-cuentas-por-pagar\/#breadcrumb\",\"itemListElement\":[{\"@type\":\"ListItem\",\"position\":1,\"name\":\"Portada\",\"item\":\"https:\/\/www.nexoit.com.uy\/web\/\"},{\"@type\":\"ListItem\",\"position\":2,\"name\":\"Papyrus Cuentas por Pagar\"}]},{\"@type\":\"WebSite\",\"@id\":\"https:\/\/www.nexoit.com.uy\/web\/#website\",\"url\":\"https:\/\/www.nexoit.com.uy\/web\/\",\"name\":\"NEXO IT\",\"description\":\"Expertos en gesti\u00f3n documental\",\"potentialAction\":[{\"@type\":\"SearchAction\",\"target\":{\"@type\":\"EntryPoint\",\"urlTemplate\":\"https:\/\/www.nexoit.com.uy\/web\/?s={search_term_string}\"},\"query-input\":\"required name=search_term_string\"}],\"inLanguage\":\"es\"}]}<\/script>\n<!-- \/ Yoast SEO plugin. -->","yoast_head_json":{"title":"Papyrus Cuentas por Pagar - NEXO IT","robots":{"index":"index","follow":"follow","max-snippet":"max-snippet:-1","max-image-preview":"max-image-preview:large","max-video-preview":"max-video-preview:-1"},"canonical":"https:\/\/www.nexoit.com.uy\/web\/tienda\/papyrus\/papyrus-cuentas-por-pagar\/","og_locale":"es_ES","og_type":"article","og_title":"Papyrus Cuentas por Pagar - NEXO IT","og_description":"Soluci\u00f3n de negocios que permite la transferencia autom\u00e1tica de la informaci\u00f3n a su sistema ERP.","og_url":"https:\/\/www.nexoit.com.uy\/web\/tienda\/papyrus\/papyrus-cuentas-por-pagar\/","og_site_name":"NEXO IT","article_modified_time":"2015-04-10T17:08:09+00:00","og_image":[{"width":239,"height":330,"url":"https:\/\/www.nexoit.com.uy\/web\/wp-content\/uploads\/2015\/04\/cuentas-por-pagar.png","type":"image\/png"}],"twitter_misc":{"Tiempo de lectura":"2 minutos"},"schema":{"@context":"https:\/\/schema.org","@graph":[{"@type":"WebPage","@id":"https:\/\/www.nexoit.com.uy\/web\/tienda\/papyrus\/papyrus-cuentas-por-pagar\/","url":"https:\/\/www.nexoit.com.uy\/web\/tienda\/papyrus\/papyrus-cuentas-por-pagar\/","name":"Papyrus Cuentas por Pagar - NEXO IT","isPartOf":{"@id":"https:\/\/www.nexoit.com.uy\/web\/#website"},"datePublished":"2015-04-06T16:46:50+00:00","dateModified":"2015-04-10T17:08:09+00:00","breadcrumb":{"@id":"https:\/\/www.nexoit.com.uy\/web\/tienda\/papyrus\/papyrus-cuentas-por-pagar\/#breadcrumb"},"inLanguage":"es","potentialAction":[{"@type":"ReadAction","target":["https:\/\/www.nexoit.com.uy\/web\/tienda\/papyrus\/papyrus-cuentas-por-pagar\/"]}]},{"@type":"BreadcrumbList","@id":"https:\/\/www.nexoit.com.uy\/web\/tienda\/papyrus\/papyrus-cuentas-por-pagar\/#breadcrumb","itemListElement":[{"@type":"ListItem","position":1,"name":"Portada","item":"https:\/\/www.nexoit.com.uy\/web\/"},{"@type":"ListItem","position":2,"name":"Papyrus Cuentas por Pagar"}]},{"@type":"WebSite","@id":"https:\/\/www.nexoit.com.uy\/web\/#website","url":"https:\/\/www.nexoit.com.uy\/web\/","name":"NEXO IT","description":"Expertos en gesti\u00f3n documental","potentialAction":[{"@type":"SearchAction","target":{"@type":"EntryPoint","urlTemplate":"https:\/\/www.nexoit.com.uy\/web\/?s={search_term_string}"},"query-input":"required name=search_term_string"}],"inLanguage":"es"}]}},"_links":{"self":[{"href":"https:\/\/www.nexoit.com.uy\/web\/wp-json\/wp\/v2\/product\/86"}],"collection":[{"href":"https:\/\/www.nexoit.com.uy\/web\/wp-json\/wp\/v2\/product"}],"about":[{"href":"https:\/\/www.nexoit.com.uy\/web\/wp-json\/wp\/v2\/types\/product"}],"replies":[{"embeddable":true,"href":"https:\/\/www.nexoit.com.uy\/web\/wp-json\/wp\/v2\/comments?post=86"}],"wp:featuredmedia":[{"embeddable":true,"href":"https:\/\/www.nexoit.com.uy\/web\/wp-json\/wp\/v2\/media\/87"}],"wp:attachment":[{"href":"https:\/\/www.nexoit.com.uy\/web\/wp-json\/wp\/v2\/media?parent=86"}],"wp:term":[{"taxonomy":"product_cat","embeddable":true,"href":"https:\/\/www.nexoit.com.uy\/web\/wp-json\/wp\/v2\/product_cat?post=86"},{"taxonomy":"product_tag","embeddable":true,"href":"https:\/\/www.nexoit.com.uy\/web\/wp-json\/wp\/v2\/product_tag?post=86"}],"curies":[{"name":"wp","href":"https:\/\/api.w.org\/{rel}","templated":true}]}}