{"id":824,"date":"2017-12-26T16:45:25","date_gmt":"2017-12-26T19:45:25","guid":{"rendered":"http:\/\/nexoit.com.uy\/web\/tienda\/escaneres-digitalcheck\/scanner-digitalcheck-ts240-150\/"},"modified":"2017-12-29T14:05:05","modified_gmt":"2017-12-29T17:05:05","slug":"scanner-digitalcheck-ts240-150","status":"publish","type":"product","link":"https:\/\/www.nexoit.com.uy\/web\/tienda\/escaneres-digitalcheck\/escaneres-digitalchek-departamentales\/scanner-digitalcheck-ts240-150\/","title":{"rendered":"Esc\u00e1ner DigitalCheck TS240-150"},"content":{"rendered":"<p>El TS240 incorpora las caracter\u00edsticas que los bancos est\u00e1n buscando en un esc\u00e1ner de cheques: r\u00e1pido de implementar, f\u00e1cil de instalar y f\u00e1cil de mantener. Ideal para la captura remota de dep\u00f3sitos, captura cajero, como las sucursales de captura en contra.<\/p>\n<p><em>Caracter\u00edsticas<\/em><\/p>\n<p>Disponible en velocidades de\u00a0150 ppm<br \/>\nHasta el alimentador del art\u00edculo 100 y Capacidad Pocket Exit<br \/>\nDigital Check API con Gesti\u00f3n Documental Especial<br \/>\nDiagn\u00f3stico integrado<br \/>\nCompatible con Vigilancia Digital Check Asesor remoto y Gesti\u00f3n de Servicios<br \/>\nYa sea sola l\u00ednea o hasta cuatro Endoso L\u00ednea Disponible<br \/>\nDisponible con c\u00e1mara frontal Ultravioleta<br \/>\nOpci\u00f3n disponible Franking<br \/>\nDisponible con Energy Star \u2122 de administraci\u00f3n de energ\u00eda<br \/>\nDisponible con opci\u00f3n de c\u00e1mara UV<br \/>\nEasy Set-Up With No Assembly Required<br \/>\nSe integra con Digital Check TTP ( Impresora Teller Transaction )<br \/>\nTama\u00f1o de la unidad: 7,5 &#8220;Altura x 11,10&#8221; Longitud x 5,10 &#8220;Profundidad<br \/>\nTama\u00f1o de papel: Hasta UNI A6<br \/>\nAltura del documento: 2,12 &#8220;-4,13&#8221; (54-105mm)<br \/>\nLongitud del documento: 3.19 &#8220;-8.98&#8221; (80-228mm)<br \/>\nPeso del documento: 16-28 lbs. (60-105 gramos \/ sq.metros)<\/p>\n<p>Dimensiones de la unidad:<br \/>\nAltura: 7,5 &#8220;(19,05 cm)<br \/>\nProfundidad: 5,10 &#8220;(12.95cm)<br \/>\nLength: 11.10 &#8220;(28.19cm)<br \/>\nPeso: 5,20 libras. (2.4kg)<\/p>\n<p>Velocidad de transporte: 19,69 &#8220;(50 cm) por segundo<\/p>\n","protected":false},"excerpt":{"rendered":"<p>El TS240 incorpora las caracter\u00edsticas que los bancos est\u00e1n buscando en un esc\u00e1ner de cheques: r\u00e1pido de implementar, f\u00e1cil de instalar y f\u00e1cil de mantener. Ideal para la captura remota de dep\u00f3sitos, captura cajero, como las sucursales de captura en contra. Caracter\u00edsticas Disponible en velocidades de\u00a0150 ppm Hasta el alimentador del art\u00edculo 100 y Capacidad [&hellip;]<\/p>\n","protected":false},"featured_media":820,"comment_status":"closed","ping_status":"closed","template":"","meta":[],"product_cat":[41,43],"product_tag":[],"yoast_head":"<!-- This site is optimized with the Yoast SEO plugin v20.10 - https:\/\/yoast.com\/wordpress\/plugins\/seo\/ -->\n<title>Esc\u00e1ner DigitalCheck TS240-150 - NEXO IT<\/title>\n<meta name=\"description\" content=\"El TS240 incorpora las caracter\u00edsticas que los bancos est\u00e1n buscando en un scanner de cheques: r\u00e1pido de implementar, f\u00e1cil de instalar y f\u00e1cil de mantener.\" \/>\n<meta name=\"robots\" content=\"index, follow, max-snippet:-1, max-image-preview:large, max-video-preview:-1\" \/>\n<link rel=\"canonical\" href=\"https:\/\/www.nexoit.com.uy\/web\/tienda\/escaneres-digitalcheck\/escaneres-digitalchek-departamentales\/scanner-digitalcheck-ts240-150\/\" \/>\n<meta property=\"og:locale\" content=\"es_ES\" \/>\n<meta property=\"og:type\" content=\"article\" \/>\n<meta property=\"og:title\" content=\"Esc\u00e1ner DigitalCheck TS240-150 - NEXO IT\" \/>\n<meta property=\"og:description\" content=\"El TS240 incorpora las caracter\u00edsticas que los bancos est\u00e1n buscando en un scanner de cheques: r\u00e1pido de implementar, f\u00e1cil de instalar y f\u00e1cil de mantener.\" \/>\n<meta property=\"og:url\" content=\"https:\/\/www.nexoit.com.uy\/web\/tienda\/escaneres-digitalcheck\/escaneres-digitalchek-departamentales\/scanner-digitalcheck-ts240-150\/\" \/>\n<meta property=\"og:site_name\" content=\"NEXO IT\" \/>\n<meta property=\"article:modified_time\" content=\"2017-12-29T17:05:05+00:00\" \/>\n<meta property=\"og:image\" content=\"https:\/\/www.nexoit.com.uy\/web\/wp-content\/uploads\/2017\/12\/scanner-TS240-50.jpg\" \/>\n\t<meta property=\"og:image:width\" content=\"350\" \/>\n\t<meta property=\"og:image:height\" content=\"350\" \/>\n\t<meta property=\"og:image:type\" content=\"image\/jpeg\" \/>\n<meta name=\"twitter:label1\" content=\"Tiempo de lectura\" \/>\n\t<meta name=\"twitter:data1\" content=\"1 minuto\" \/>\n<script type=\"application\/ld+json\" class=\"yoast-schema-graph\">{\"@context\":\"https:\/\/schema.org\",\"@graph\":[{\"@type\":\"WebPage\",\"@id\":\"https:\/\/www.nexoit.com.uy\/web\/tienda\/escaneres-digitalcheck\/escaneres-digitalchek-departamentales\/scanner-digitalcheck-ts240-150\/\",\"url\":\"https:\/\/www.nexoit.com.uy\/web\/tienda\/escaneres-digitalcheck\/escaneres-digitalchek-departamentales\/scanner-digitalcheck-ts240-150\/\",\"name\":\"Esc\u00e1ner DigitalCheck TS240-150 - NEXO IT\",\"isPartOf\":{\"@id\":\"https:\/\/www.nexoit.com.uy\/web\/#website\"},\"datePublished\":\"2017-12-26T19:45:25+00:00\",\"dateModified\":\"2017-12-29T17:05:05+00:00\",\"description\":\"El TS240 incorpora las caracter\u00edsticas que los bancos est\u00e1n buscando en un scanner de cheques: r\u00e1pido de implementar, f\u00e1cil de instalar y f\u00e1cil de mantener.\",\"breadcrumb\":{\"@id\":\"https:\/\/www.nexoit.com.uy\/web\/tienda\/escaneres-digitalcheck\/escaneres-digitalchek-departamentales\/scanner-digitalcheck-ts240-150\/#breadcrumb\"},\"inLanguage\":\"es\",\"potentialAction\":[{\"@type\":\"ReadAction\",\"target\":[\"https:\/\/www.nexoit.com.uy\/web\/tienda\/escaneres-digitalcheck\/escaneres-digitalchek-departamentales\/scanner-digitalcheck-ts240-150\/\"]}]},{\"@type\":\"BreadcrumbList\",\"@id\":\"https:\/\/www.nexoit.com.uy\/web\/tienda\/escaneres-digitalcheck\/escaneres-digitalchek-departamentales\/scanner-digitalcheck-ts240-150\/#breadcrumb\",\"itemListElement\":[{\"@type\":\"ListItem\",\"position\":1,\"name\":\"Portada\",\"item\":\"https:\/\/www.nexoit.com.uy\/web\/\"},{\"@type\":\"ListItem\",\"position\":2,\"name\":\"Esc\u00e1ner DigitalCheck TS240-150\"}]},{\"@type\":\"WebSite\",\"@id\":\"https:\/\/www.nexoit.com.uy\/web\/#website\",\"url\":\"https:\/\/www.nexoit.com.uy\/web\/\",\"name\":\"NEXO IT\",\"description\":\"Expertos en gesti\u00f3n documental\",\"potentialAction\":[{\"@type\":\"SearchAction\",\"target\":{\"@type\":\"EntryPoint\",\"urlTemplate\":\"https:\/\/www.nexoit.com.uy\/web\/?s={search_term_string}\"},\"query-input\":\"required name=search_term_string\"}],\"inLanguage\":\"es\"}]}<\/script>\n<!-- \/ Yoast SEO plugin. -->","yoast_head_json":{"title":"Esc\u00e1ner DigitalCheck TS240-150 - NEXO IT","description":"El TS240 incorpora las caracter\u00edsticas que los bancos est\u00e1n buscando en un scanner de cheques: r\u00e1pido de implementar, f\u00e1cil de instalar y f\u00e1cil de mantener.","robots":{"index":"index","follow":"follow","max-snippet":"max-snippet:-1","max-image-preview":"max-image-preview:large","max-video-preview":"max-video-preview:-1"},"canonical":"https:\/\/www.nexoit.com.uy\/web\/tienda\/escaneres-digitalcheck\/escaneres-digitalchek-departamentales\/scanner-digitalcheck-ts240-150\/","og_locale":"es_ES","og_type":"article","og_title":"Esc\u00e1ner DigitalCheck TS240-150 - NEXO IT","og_description":"El TS240 incorpora las caracter\u00edsticas que los bancos est\u00e1n buscando en un scanner de cheques: r\u00e1pido de implementar, f\u00e1cil de instalar y f\u00e1cil de mantener.","og_url":"https:\/\/www.nexoit.com.uy\/web\/tienda\/escaneres-digitalcheck\/escaneres-digitalchek-departamentales\/scanner-digitalcheck-ts240-150\/","og_site_name":"NEXO IT","article_modified_time":"2017-12-29T17:05:05+00:00","og_image":[{"width":350,"height":350,"url":"https:\/\/www.nexoit.com.uy\/web\/wp-content\/uploads\/2017\/12\/scanner-TS240-50.jpg","type":"image\/jpeg"}],"twitter_misc":{"Tiempo de lectura":"1 minuto"},"schema":{"@context":"https:\/\/schema.org","@graph":[{"@type":"WebPage","@id":"https:\/\/www.nexoit.com.uy\/web\/tienda\/escaneres-digitalcheck\/escaneres-digitalchek-departamentales\/scanner-digitalcheck-ts240-150\/","url":"https:\/\/www.nexoit.com.uy\/web\/tienda\/escaneres-digitalcheck\/escaneres-digitalchek-departamentales\/scanner-digitalcheck-ts240-150\/","name":"Esc\u00e1ner DigitalCheck TS240-150 - NEXO IT","isPartOf":{"@id":"https:\/\/www.nexoit.com.uy\/web\/#website"},"datePublished":"2017-12-26T19:45:25+00:00","dateModified":"2017-12-29T17:05:05+00:00","description":"El TS240 incorpora las caracter\u00edsticas que los bancos est\u00e1n buscando en un scanner de cheques: r\u00e1pido de implementar, f\u00e1cil de instalar y f\u00e1cil de mantener.","breadcrumb":{"@id":"https:\/\/www.nexoit.com.uy\/web\/tienda\/escaneres-digitalcheck\/escaneres-digitalchek-departamentales\/scanner-digitalcheck-ts240-150\/#breadcrumb"},"inLanguage":"es","potentialAction":[{"@type":"ReadAction","target":["https:\/\/www.nexoit.com.uy\/web\/tienda\/escaneres-digitalcheck\/escaneres-digitalchek-departamentales\/scanner-digitalcheck-ts240-150\/"]}]},{"@type":"BreadcrumbList","@id":"https:\/\/www.nexoit.com.uy\/web\/tienda\/escaneres-digitalcheck\/escaneres-digitalchek-departamentales\/scanner-digitalcheck-ts240-150\/#breadcrumb","itemListElement":[{"@type":"ListItem","position":1,"name":"Portada","item":"https:\/\/www.nexoit.com.uy\/web\/"},{"@type":"ListItem","position":2,"name":"Esc\u00e1ner DigitalCheck TS240-150"}]},{"@type":"WebSite","@id":"https:\/\/www.nexoit.com.uy\/web\/#website","url":"https:\/\/www.nexoit.com.uy\/web\/","name":"NEXO IT","description":"Expertos en gesti\u00f3n documental","potentialAction":[{"@type":"SearchAction","target":{"@type":"EntryPoint","urlTemplate":"https:\/\/www.nexoit.com.uy\/web\/?s={search_term_string}"},"query-input":"required name=search_term_string"}],"inLanguage":"es"}]}},"_links":{"self":[{"href":"https:\/\/www.nexoit.com.uy\/web\/wp-json\/wp\/v2\/product\/824"}],"collection":[{"href":"https:\/\/www.nexoit.com.uy\/web\/wp-json\/wp\/v2\/product"}],"about":[{"href":"https:\/\/www.nexoit.com.uy\/web\/wp-json\/wp\/v2\/types\/product"}],"replies":[{"embeddable":true,"href":"https:\/\/www.nexoit.com.uy\/web\/wp-json\/wp\/v2\/comments?post=824"}],"wp:featuredmedia":[{"embeddable":true,"href":"https:\/\/www.nexoit.com.uy\/web\/wp-json\/wp\/v2\/media\/820"}],"wp:attachment":[{"href":"https:\/\/www.nexoit.com.uy\/web\/wp-json\/wp\/v2\/media?parent=824"}],"wp:term":[{"taxonomy":"product_cat","embeddable":true,"href":"https:\/\/www.nexoit.com.uy\/web\/wp-json\/wp\/v2\/product_cat?post=824"},{"taxonomy":"product_tag","embeddable":true,"href":"https:\/\/www.nexoit.com.uy\/web\/wp-json\/wp\/v2\/product_tag?post=824"}],"curies":[{"name":"wp","href":"https:\/\/api.w.org\/{rel}","templated":true}]}}