{"id":796,"date":"2017-12-22T16:26:46","date_gmt":"2017-12-22T19:26:46","guid":{"rendered":"http:\/\/nexoit.com.uy\/web\/?post_type=product&#038;p=796"},"modified":"2017-12-22T16:26:46","modified_gmt":"2017-12-22T19:26:46","slug":"scanner-plustek-mobileoffice-s601","status":"publish","type":"product","link":"https:\/\/www.nexoit.com.uy\/web\/tienda\/escaneres-plustek\/escaneres-plustek-personales\/scanner-plustek-mobileoffice-s601\/","title":{"rendered":"Esc\u00e1ner Plustek MobileOffice S601"},"content":{"rendered":"<p>Plustek MobileOffice S601 es un esc\u00e1ner compacto para tarjetas de identidad y tarjetas de visita, con rendimiento industrial y alimentaci\u00f3n el\u00e9ctrica por USB. Escanea licencias de conducir, tarjetas de seguro, tarjetas de seguridad social, tarjetas de membres\u00eda y tambi\u00e9n tarjetas con relieve como tarjetas de cr\u00e9dito y tarjetas de seguro m\u00e9dico.<\/p>\n<p><em>Caracter\u00edsticas<\/em><\/p>\n<p>Sensor de imagen CIS<br \/>\nFuente de luz LED<br \/>\nResoluci\u00f3n \u00f3ptica 600 ppp<br \/>\nResoluci\u00f3n de hardware 600 x 600 ppp<br \/>\nModos de escaneo Color: Entrada de 48 bits; Salida de 24\/48 bits<br \/>\nEscala de grises: entrada de 16 bits; Salida de 8\/16 bits<br \/>\nB \/ W: 1 bit<br \/>\nVelocidad de escaneo 6 Segundos (Modo de color, 300 ppp, A6)<br \/>\n\u00c1rea de escaneo (W x L) M\u00e1ximo: 104.9 x 148 mm (4.13 &#8220;x 5.8&#8221;)<br \/>\nM\u00ednimo: 33 x 43 mm (1.3 &#8220;x 1.7&#8221;)<br \/>\nSoporte TWAIN 104.9 x 500 mm (4.13 &#8220;x 19.69&#8221;)<br \/>\nPeso de papel aceptable (espesor) Papel: 50 g \/ \u33a1 a 120 g \/ \u33a1<br \/>\nTarjeta pl\u00e1stica: sin relieve hasta 0,76 mm y con relieve de hasta 1,24 mm (ISO 7810)<br \/>\nBot\u00f3n de acci\u00f3n Escaneo, personalizado<br \/>\nInterfaz USB 2.0<br \/>\nPeso neto 0.19 Kgs (0.42 Lbs)<br \/>\nDimensiones (W x D x H) 174.5 x 60.5 x 38.5 mm (6.87 &#8220;x 2.38&#8221; x 1.52 &#8220;)<br \/>\nProtocolo Compatible con TWAIN<br \/>\nOS Windows XP \/ Vista \/ 7\/8\/10<br \/>\nRequisitos de hardware Procesador Pentium\u00ae III a 1 GHz o superior<br \/>\nUnidad de CD-ROM \/ DVD-ROM<br \/>\nUn puerto USB 2.0 disponible<br \/>\n256 MB de RAM (se recomiendan 512 MB o m\u00e1s)<br \/>\n800 MB de espacio libre en disco duro (se recomienda 1 GB o m\u00e1s)<\/p>\n","protected":false},"excerpt":{"rendered":"<p>Plustek MobileOffice S601 es un esc\u00e1ner compacto para tarjetas de identidad y tarjetas de visita, con rendimiento industrial y alimentaci\u00f3n el\u00e9ctrica por USB. Escanea licencias de conducir, tarjetas de seguro, tarjetas de seguridad social, tarjetas de membres\u00eda y tambi\u00e9n tarjetas con relieve como tarjetas de cr\u00e9dito y tarjetas de seguro m\u00e9dico. Caracter\u00edsticas Sensor de imagen [&hellip;]<\/p>\n","protected":false},"featured_media":797,"comment_status":"closed","ping_status":"closed","template":"","meta":[],"product_cat":[36,37],"product_tag":[],"yoast_head":"<!-- This site is optimized with the Yoast SEO plugin v20.10 - https:\/\/yoast.com\/wordpress\/plugins\/seo\/ -->\n<title>Esc\u00e1ner Plustek MobileOffice S601 - NEXO IT<\/title>\n<meta name=\"description\" content=\"Plustek MobileOffice S601 es un scanner compacto para tarjetas de identidad y tarjetas de tipo cr\u00e9dito, se carga por USB.\" \/>\n<meta name=\"robots\" content=\"index, follow, max-snippet:-1, max-image-preview:large, max-video-preview:-1\" \/>\n<link rel=\"canonical\" href=\"https:\/\/www.nexoit.com.uy\/web\/tienda\/escaneres-plustek\/escaneres-plustek-personales\/scanner-plustek-mobileoffice-s601\/\" \/>\n<meta property=\"og:locale\" content=\"es_ES\" \/>\n<meta property=\"og:type\" content=\"article\" \/>\n<meta property=\"og:title\" content=\"Esc\u00e1ner Plustek MobileOffice S601 - NEXO IT\" \/>\n<meta property=\"og:description\" content=\"Plustek MobileOffice S601 es un scanner compacto para tarjetas de identidad y tarjetas de tipo cr\u00e9dito, se carga por USB.\" \/>\n<meta property=\"og:url\" content=\"https:\/\/www.nexoit.com.uy\/web\/tienda\/escaneres-plustek\/escaneres-plustek-personales\/scanner-plustek-mobileoffice-s601\/\" \/>\n<meta property=\"og:site_name\" content=\"NEXO IT\" \/>\n<meta property=\"og:image\" content=\"https:\/\/www.nexoit.com.uy\/web\/wp-content\/uploads\/2017\/12\/scanner-s601.jpg\" \/>\n\t<meta property=\"og:image:width\" content=\"4505\" \/>\n\t<meta property=\"og:image:height\" content=\"4492\" \/>\n\t<meta property=\"og:image:type\" content=\"image\/jpeg\" \/>\n<meta name=\"twitter:label1\" content=\"Tiempo de lectura\" \/>\n\t<meta name=\"twitter:data1\" content=\"1 minuto\" \/>\n<script type=\"application\/ld+json\" class=\"yoast-schema-graph\">{\"@context\":\"https:\/\/schema.org\",\"@graph\":[{\"@type\":\"WebPage\",\"@id\":\"https:\/\/www.nexoit.com.uy\/web\/tienda\/escaneres-plustek\/escaneres-plustek-personales\/scanner-plustek-mobileoffice-s601\/\",\"url\":\"https:\/\/www.nexoit.com.uy\/web\/tienda\/escaneres-plustek\/escaneres-plustek-personales\/scanner-plustek-mobileoffice-s601\/\",\"name\":\"Esc\u00e1ner Plustek MobileOffice S601 - NEXO IT\",\"isPartOf\":{\"@id\":\"https:\/\/www.nexoit.com.uy\/web\/#website\"},\"datePublished\":\"2017-12-22T19:26:46+00:00\",\"dateModified\":\"2017-12-22T19:26:46+00:00\",\"description\":\"Plustek MobileOffice S601 es un scanner compacto para tarjetas de identidad y tarjetas de tipo cr\u00e9dito, se carga por USB.\",\"breadcrumb\":{\"@id\":\"https:\/\/www.nexoit.com.uy\/web\/tienda\/escaneres-plustek\/escaneres-plustek-personales\/scanner-plustek-mobileoffice-s601\/#breadcrumb\"},\"inLanguage\":\"es\",\"potentialAction\":[{\"@type\":\"ReadAction\",\"target\":[\"https:\/\/www.nexoit.com.uy\/web\/tienda\/escaneres-plustek\/escaneres-plustek-personales\/scanner-plustek-mobileoffice-s601\/\"]}]},{\"@type\":\"BreadcrumbList\",\"@id\":\"https:\/\/www.nexoit.com.uy\/web\/tienda\/escaneres-plustek\/escaneres-plustek-personales\/scanner-plustek-mobileoffice-s601\/#breadcrumb\",\"itemListElement\":[{\"@type\":\"ListItem\",\"position\":1,\"name\":\"Portada\",\"item\":\"https:\/\/www.nexoit.com.uy\/web\/\"},{\"@type\":\"ListItem\",\"position\":2,\"name\":\"Esc\u00e1ner Plustek MobileOffice S601\"}]},{\"@type\":\"WebSite\",\"@id\":\"https:\/\/www.nexoit.com.uy\/web\/#website\",\"url\":\"https:\/\/www.nexoit.com.uy\/web\/\",\"name\":\"NEXO IT\",\"description\":\"Expertos en gesti\u00f3n documental\",\"potentialAction\":[{\"@type\":\"SearchAction\",\"target\":{\"@type\":\"EntryPoint\",\"urlTemplate\":\"https:\/\/www.nexoit.com.uy\/web\/?s={search_term_string}\"},\"query-input\":\"required name=search_term_string\"}],\"inLanguage\":\"es\"}]}<\/script>\n<!-- \/ Yoast SEO plugin. -->","yoast_head_json":{"title":"Esc\u00e1ner Plustek MobileOffice S601 - NEXO IT","description":"Plustek MobileOffice S601 es un scanner compacto para tarjetas de identidad y tarjetas de tipo cr\u00e9dito, se carga por USB.","robots":{"index":"index","follow":"follow","max-snippet":"max-snippet:-1","max-image-preview":"max-image-preview:large","max-video-preview":"max-video-preview:-1"},"canonical":"https:\/\/www.nexoit.com.uy\/web\/tienda\/escaneres-plustek\/escaneres-plustek-personales\/scanner-plustek-mobileoffice-s601\/","og_locale":"es_ES","og_type":"article","og_title":"Esc\u00e1ner Plustek MobileOffice S601 - NEXO IT","og_description":"Plustek MobileOffice S601 es un scanner compacto para tarjetas de identidad y tarjetas de tipo cr\u00e9dito, se carga por USB.","og_url":"https:\/\/www.nexoit.com.uy\/web\/tienda\/escaneres-plustek\/escaneres-plustek-personales\/scanner-plustek-mobileoffice-s601\/","og_site_name":"NEXO IT","og_image":[{"width":4505,"height":4492,"url":"https:\/\/www.nexoit.com.uy\/web\/wp-content\/uploads\/2017\/12\/scanner-s601.jpg","type":"image\/jpeg"}],"twitter_misc":{"Tiempo de lectura":"1 minuto"},"schema":{"@context":"https:\/\/schema.org","@graph":[{"@type":"WebPage","@id":"https:\/\/www.nexoit.com.uy\/web\/tienda\/escaneres-plustek\/escaneres-plustek-personales\/scanner-plustek-mobileoffice-s601\/","url":"https:\/\/www.nexoit.com.uy\/web\/tienda\/escaneres-plustek\/escaneres-plustek-personales\/scanner-plustek-mobileoffice-s601\/","name":"Esc\u00e1ner Plustek MobileOffice S601 - NEXO IT","isPartOf":{"@id":"https:\/\/www.nexoit.com.uy\/web\/#website"},"datePublished":"2017-12-22T19:26:46+00:00","dateModified":"2017-12-22T19:26:46+00:00","description":"Plustek MobileOffice S601 es un scanner compacto para tarjetas de identidad y tarjetas de tipo cr\u00e9dito, se carga por USB.","breadcrumb":{"@id":"https:\/\/www.nexoit.com.uy\/web\/tienda\/escaneres-plustek\/escaneres-plustek-personales\/scanner-plustek-mobileoffice-s601\/#breadcrumb"},"inLanguage":"es","potentialAction":[{"@type":"ReadAction","target":["https:\/\/www.nexoit.com.uy\/web\/tienda\/escaneres-plustek\/escaneres-plustek-personales\/scanner-plustek-mobileoffice-s601\/"]}]},{"@type":"BreadcrumbList","@id":"https:\/\/www.nexoit.com.uy\/web\/tienda\/escaneres-plustek\/escaneres-plustek-personales\/scanner-plustek-mobileoffice-s601\/#breadcrumb","itemListElement":[{"@type":"ListItem","position":1,"name":"Portada","item":"https:\/\/www.nexoit.com.uy\/web\/"},{"@type":"ListItem","position":2,"name":"Esc\u00e1ner Plustek MobileOffice S601"}]},{"@type":"WebSite","@id":"https:\/\/www.nexoit.com.uy\/web\/#website","url":"https:\/\/www.nexoit.com.uy\/web\/","name":"NEXO IT","description":"Expertos en gesti\u00f3n documental","potentialAction":[{"@type":"SearchAction","target":{"@type":"EntryPoint","urlTemplate":"https:\/\/www.nexoit.com.uy\/web\/?s={search_term_string}"},"query-input":"required name=search_term_string"}],"inLanguage":"es"}]}},"_links":{"self":[{"href":"https:\/\/www.nexoit.com.uy\/web\/wp-json\/wp\/v2\/product\/796"}],"collection":[{"href":"https:\/\/www.nexoit.com.uy\/web\/wp-json\/wp\/v2\/product"}],"about":[{"href":"https:\/\/www.nexoit.com.uy\/web\/wp-json\/wp\/v2\/types\/product"}],"replies":[{"embeddable":true,"href":"https:\/\/www.nexoit.com.uy\/web\/wp-json\/wp\/v2\/comments?post=796"}],"wp:featuredmedia":[{"embeddable":true,"href":"https:\/\/www.nexoit.com.uy\/web\/wp-json\/wp\/v2\/media\/797"}],"wp:attachment":[{"href":"https:\/\/www.nexoit.com.uy\/web\/wp-json\/wp\/v2\/media?parent=796"}],"wp:term":[{"taxonomy":"product_cat","embeddable":true,"href":"https:\/\/www.nexoit.com.uy\/web\/wp-json\/wp\/v2\/product_cat?post=796"},{"taxonomy":"product_tag","embeddable":true,"href":"https:\/\/www.nexoit.com.uy\/web\/wp-json\/wp\/v2\/product_tag?post=796"}],"curies":[{"name":"wp","href":"https:\/\/api.w.org\/{rel}","templated":true}]}}