{"id":780,"date":"2017-12-22T16:32:58","date_gmt":"2017-12-22T19:32:58","guid":{"rendered":"http:\/\/nexoit.com.uy\/web\/?post_type=product&#038;p=780"},"modified":"2017-12-22T16:32:58","modified_gmt":"2017-12-22T19:32:58","slug":"scanner-plustek-smartoffice-ps4080u","status":"publish","type":"product","link":"https:\/\/www.nexoit.com.uy\/web\/tienda\/escaneres-plustek\/escaneres-plustek-departamentales\/scanner-plustek-smartoffice-ps4080u\/","title":{"rendered":"Esc\u00e1ner Plustek SmartOffice PS4080U"},"content":{"rendered":"<p>Combinando r\u00e1pida alimentaci\u00f3n de documentos con la ventaja de un robusto manejo del papel Plustek SmartOffice PS4080U es la opci\u00f3n ideal para grupos de trabajo que requieren gran rendimiento con un presupuesto limitado.<\/p>\n<p><em>Caracter\u00edsticas<\/em><\/p>\n<p>Sensor de imagen Sensor CCD x 2<br \/>\nFuente de Luz LED<br \/>\nResoluci\u00f3n \u00f3ptica 600 ppp<br \/>\nResoluci\u00f3n de hardware 600 x 600 ppp<br \/>\nModo de digitalizaci\u00f3n Color: 48-bit ingreso, 24-bit salida<br \/>\nEscala de grises: 16-bit ingreso, 8-bit salida<br \/>\nBlanco y negro: 1-bit<br \/>\nCapacidad del alimentador autom\u00e1tico de documentos 1. 100 hojas (A4\/ Letter, 70 g\/\u33a1 o 18 Lbs)<br \/>\n2. 30 hojas (Tarjeta Profesional)<br \/>\n3. Tarjetas de Visita, M\u00e1ximo grosor: 1.2 mm.<br \/>\nNota: Capacidad m\u00e1xima de ADF var\u00eda seg\u00fan el peso del papel.<br \/>\nVelocidad de escaneo ( ADF ) 40 ppm\/ 80 ipm (Escala de grises, 300 ppp, A4)<br \/>\n40 ppm\/ 80 ipm (Blanco y negro, 300 ppp, A4)<br \/>\n40 ppm\/ 80 ipm (Color, 200 ppp, A4)<br \/>\n30 ppm\/ 60 ipm (Color, 300 ppp, A4)<br \/>\nNota: Los resultados var\u00edan seg\u00fan el programa de escaneado, el procesador del ordenador y la memoria disponible.<br \/>\nSuperficie de escaneo (An x La) M\u00e1ximo: 216 x 5080 mm (8.5\u201d x 200\u201d)<br \/>\nM\u00ednimo: 13.2 x 13.2 mm (0.52\u201d x 0.52\u201d)<br \/>\nTama\u00f1o de Pag\u00edna aceptable (An x La) M\u00e1ximo: 244 x 5080 mm (9.6\u201d x 200\u201d)<br \/>\nM\u00ednimo: 50.8 x 50.8 mm (2\u201d x 2\u201d)<br \/>\nPeso aceptable del papel (grosor) 40 a 220 g\/\u33a1 (10 a 58 Lbs)<br \/>\nDetecci\u00f3n de Alimentaci\u00f3n M\u00faltipla Con sensor ultras\u00f3nico<br \/>\nServicio diario ( p\u00e1ginas ) 4,000<br \/>\nVida \u00fatil del rodillo (escaneados) 300,000<br \/>\nVida \u00fatil de la almohadilla (escaneados) 50,000<br \/>\nBot\u00f3n de acci\u00f3n 4 Botones: Up, Down, Scan, Standby<br \/>\n9 Botonoes Funci\u00f3n. Completamente Personalizable.<br \/>\nOther Function<br \/>\nSoportado 24 Vdc\/ 1.25 A<br \/>\nInterfaz USB 2.0<br \/>\nPeso Neto 2.7 Kgs (5.95 Lbs)<br \/>\nDimensiones (An x La x Al) 318.7 x 230.7 x 228.3 mm (12.55&#8243; x 9.08&#8243; x 8.99&#8243;)<br \/>\nProtocolos Cumple con la norma TWAIN<br \/>\nSistema operativo Windows XP \/ Vista \/ 7 \/ 8 \/ 10<br \/>\nRequisitos del hardware Procesador Pentium IV 2.4 GHz Lector DVD-ROM<br \/>\nUna conexi\u00f3n USB 2.0 libre<br \/>\n1GB de RAM (2GB o m\u00e1s recomendado)<br \/>\n2GB libre en HDD (3GB o m\u00e1s recomendado)<br \/>\nOpci\u00f3n OpticSlim 1180<\/p>\n","protected":false},"excerpt":{"rendered":"<p>Combinando r\u00e1pida alimentaci\u00f3n de documentos con la ventaja de un robusto manejo del papel Plustek SmartOffice PS4080U es la opci\u00f3n ideal para grupos de trabajo que requieren gran rendimiento con un presupuesto limitado. Caracter\u00edsticas Sensor de imagen Sensor CCD x 2 Fuente de Luz LED Resoluci\u00f3n \u00f3ptica 600 ppp Resoluci\u00f3n de hardware 600 x 600 [&hellip;]<\/p>\n","protected":false},"featured_media":781,"comment_status":"closed","ping_status":"closed","template":"","meta":[],"product_cat":[36,39],"product_tag":[],"yoast_head":"<!-- This site is optimized with the Yoast SEO plugin v20.10 - https:\/\/yoast.com\/wordpress\/plugins\/seo\/ -->\n<title>Esc\u00e1ner Plustek SmartOffice PS4080U - NEXO IT<\/title>\n<meta name=\"description\" content=\"El scanner Plustek SmartOffice PS4080U es la opci\u00f3n ideal para grupos de trabajo que requieren gran rendimiento con un presupuesto limitado.\u00a0\" \/>\n<meta name=\"robots\" content=\"index, follow, max-snippet:-1, max-image-preview:large, max-video-preview:-1\" \/>\n<link rel=\"canonical\" href=\"https:\/\/www.nexoit.com.uy\/web\/tienda\/escaneres-plustek\/escaneres-plustek-departamentales\/scanner-plustek-smartoffice-ps4080u\/\" \/>\n<meta property=\"og:locale\" content=\"es_ES\" \/>\n<meta property=\"og:type\" content=\"article\" \/>\n<meta property=\"og:title\" content=\"Esc\u00e1ner Plustek SmartOffice PS4080U - NEXO IT\" \/>\n<meta property=\"og:description\" content=\"El scanner Plustek SmartOffice PS4080U es la opci\u00f3n ideal para grupos de trabajo que requieren gran rendimiento con un presupuesto limitado.\u00a0\" \/>\n<meta property=\"og:url\" content=\"https:\/\/www.nexoit.com.uy\/web\/tienda\/escaneres-plustek\/escaneres-plustek-departamentales\/scanner-plustek-smartoffice-ps4080u\/\" \/>\n<meta property=\"og:site_name\" content=\"NEXO IT\" \/>\n<meta property=\"og:image\" content=\"https:\/\/www.nexoit.com.uy\/web\/wp-content\/uploads\/2017\/12\/scanner-PS4080u-1024x981.png\" \/>\n\t<meta property=\"og:image:width\" content=\"1024\" \/>\n\t<meta property=\"og:image:height\" content=\"981\" \/>\n\t<meta property=\"og:image:type\" content=\"image\/png\" \/>\n<meta name=\"twitter:label1\" content=\"Tiempo de lectura\" \/>\n\t<meta name=\"twitter:data1\" content=\"2 minutos\" \/>\n<script type=\"application\/ld+json\" class=\"yoast-schema-graph\">{\"@context\":\"https:\/\/schema.org\",\"@graph\":[{\"@type\":\"WebPage\",\"@id\":\"https:\/\/www.nexoit.com.uy\/web\/tienda\/escaneres-plustek\/escaneres-plustek-departamentales\/scanner-plustek-smartoffice-ps4080u\/\",\"url\":\"https:\/\/www.nexoit.com.uy\/web\/tienda\/escaneres-plustek\/escaneres-plustek-departamentales\/scanner-plustek-smartoffice-ps4080u\/\",\"name\":\"Esc\u00e1ner Plustek SmartOffice PS4080U - NEXO IT\",\"isPartOf\":{\"@id\":\"https:\/\/www.nexoit.com.uy\/web\/#website\"},\"datePublished\":\"2017-12-22T19:32:58+00:00\",\"dateModified\":\"2017-12-22T19:32:58+00:00\",\"description\":\"El scanner Plustek SmartOffice PS4080U es la opci\u00f3n ideal para grupos de trabajo que requieren gran rendimiento con un presupuesto limitado.\u00a0\",\"breadcrumb\":{\"@id\":\"https:\/\/www.nexoit.com.uy\/web\/tienda\/escaneres-plustek\/escaneres-plustek-departamentales\/scanner-plustek-smartoffice-ps4080u\/#breadcrumb\"},\"inLanguage\":\"es\",\"potentialAction\":[{\"@type\":\"ReadAction\",\"target\":[\"https:\/\/www.nexoit.com.uy\/web\/tienda\/escaneres-plustek\/escaneres-plustek-departamentales\/scanner-plustek-smartoffice-ps4080u\/\"]}]},{\"@type\":\"BreadcrumbList\",\"@id\":\"https:\/\/www.nexoit.com.uy\/web\/tienda\/escaneres-plustek\/escaneres-plustek-departamentales\/scanner-plustek-smartoffice-ps4080u\/#breadcrumb\",\"itemListElement\":[{\"@type\":\"ListItem\",\"position\":1,\"name\":\"Portada\",\"item\":\"https:\/\/www.nexoit.com.uy\/web\/\"},{\"@type\":\"ListItem\",\"position\":2,\"name\":\"Esc\u00e1ner Plustek SmartOffice PS4080U\"}]},{\"@type\":\"WebSite\",\"@id\":\"https:\/\/www.nexoit.com.uy\/web\/#website\",\"url\":\"https:\/\/www.nexoit.com.uy\/web\/\",\"name\":\"NEXO IT\",\"description\":\"Expertos en gesti\u00f3n documental\",\"potentialAction\":[{\"@type\":\"SearchAction\",\"target\":{\"@type\":\"EntryPoint\",\"urlTemplate\":\"https:\/\/www.nexoit.com.uy\/web\/?s={search_term_string}\"},\"query-input\":\"required name=search_term_string\"}],\"inLanguage\":\"es\"}]}<\/script>\n<!-- \/ Yoast SEO plugin. -->","yoast_head_json":{"title":"Esc\u00e1ner Plustek SmartOffice PS4080U - NEXO IT","description":"El scanner Plustek SmartOffice PS4080U es la opci\u00f3n ideal para grupos de trabajo que requieren gran rendimiento con un presupuesto limitado.\u00a0","robots":{"index":"index","follow":"follow","max-snippet":"max-snippet:-1","max-image-preview":"max-image-preview:large","max-video-preview":"max-video-preview:-1"},"canonical":"https:\/\/www.nexoit.com.uy\/web\/tienda\/escaneres-plustek\/escaneres-plustek-departamentales\/scanner-plustek-smartoffice-ps4080u\/","og_locale":"es_ES","og_type":"article","og_title":"Esc\u00e1ner Plustek SmartOffice PS4080U - NEXO IT","og_description":"El scanner Plustek SmartOffice PS4080U es la opci\u00f3n ideal para grupos de trabajo que requieren gran rendimiento con un presupuesto limitado.\u00a0","og_url":"https:\/\/www.nexoit.com.uy\/web\/tienda\/escaneres-plustek\/escaneres-plustek-departamentales\/scanner-plustek-smartoffice-ps4080u\/","og_site_name":"NEXO IT","og_image":[{"width":1024,"height":981,"url":"https:\/\/www.nexoit.com.uy\/web\/wp-content\/uploads\/2017\/12\/scanner-PS4080u-1024x981.png","type":"image\/png"}],"twitter_misc":{"Tiempo de lectura":"2 minutos"},"schema":{"@context":"https:\/\/schema.org","@graph":[{"@type":"WebPage","@id":"https:\/\/www.nexoit.com.uy\/web\/tienda\/escaneres-plustek\/escaneres-plustek-departamentales\/scanner-plustek-smartoffice-ps4080u\/","url":"https:\/\/www.nexoit.com.uy\/web\/tienda\/escaneres-plustek\/escaneres-plustek-departamentales\/scanner-plustek-smartoffice-ps4080u\/","name":"Esc\u00e1ner Plustek SmartOffice PS4080U - NEXO IT","isPartOf":{"@id":"https:\/\/www.nexoit.com.uy\/web\/#website"},"datePublished":"2017-12-22T19:32:58+00:00","dateModified":"2017-12-22T19:32:58+00:00","description":"El scanner Plustek SmartOffice PS4080U es la opci\u00f3n ideal para grupos de trabajo que requieren gran rendimiento con un presupuesto limitado.\u00a0","breadcrumb":{"@id":"https:\/\/www.nexoit.com.uy\/web\/tienda\/escaneres-plustek\/escaneres-plustek-departamentales\/scanner-plustek-smartoffice-ps4080u\/#breadcrumb"},"inLanguage":"es","potentialAction":[{"@type":"ReadAction","target":["https:\/\/www.nexoit.com.uy\/web\/tienda\/escaneres-plustek\/escaneres-plustek-departamentales\/scanner-plustek-smartoffice-ps4080u\/"]}]},{"@type":"BreadcrumbList","@id":"https:\/\/www.nexoit.com.uy\/web\/tienda\/escaneres-plustek\/escaneres-plustek-departamentales\/scanner-plustek-smartoffice-ps4080u\/#breadcrumb","itemListElement":[{"@type":"ListItem","position":1,"name":"Portada","item":"https:\/\/www.nexoit.com.uy\/web\/"},{"@type":"ListItem","position":2,"name":"Esc\u00e1ner Plustek SmartOffice PS4080U"}]},{"@type":"WebSite","@id":"https:\/\/www.nexoit.com.uy\/web\/#website","url":"https:\/\/www.nexoit.com.uy\/web\/","name":"NEXO IT","description":"Expertos en gesti\u00f3n documental","potentialAction":[{"@type":"SearchAction","target":{"@type":"EntryPoint","urlTemplate":"https:\/\/www.nexoit.com.uy\/web\/?s={search_term_string}"},"query-input":"required name=search_term_string"}],"inLanguage":"es"}]}},"_links":{"self":[{"href":"https:\/\/www.nexoit.com.uy\/web\/wp-json\/wp\/v2\/product\/780"}],"collection":[{"href":"https:\/\/www.nexoit.com.uy\/web\/wp-json\/wp\/v2\/product"}],"about":[{"href":"https:\/\/www.nexoit.com.uy\/web\/wp-json\/wp\/v2\/types\/product"}],"replies":[{"embeddable":true,"href":"https:\/\/www.nexoit.com.uy\/web\/wp-json\/wp\/v2\/comments?post=780"}],"wp:featuredmedia":[{"embeddable":true,"href":"https:\/\/www.nexoit.com.uy\/web\/wp-json\/wp\/v2\/media\/781"}],"wp:attachment":[{"href":"https:\/\/www.nexoit.com.uy\/web\/wp-json\/wp\/v2\/media?parent=780"}],"wp:term":[{"taxonomy":"product_cat","embeddable":true,"href":"https:\/\/www.nexoit.com.uy\/web\/wp-json\/wp\/v2\/product_cat?post=780"},{"taxonomy":"product_tag","embeddable":true,"href":"https:\/\/www.nexoit.com.uy\/web\/wp-json\/wp\/v2\/product_tag?post=780"}],"curies":[{"name":"wp","href":"https:\/\/api.w.org\/{rel}","templated":true}]}}