{"id":765,"date":"2017-12-22T16:37:13","date_gmt":"2017-12-22T19:37:13","guid":{"rendered":"http:\/\/nexoit.com.uy\/web\/?post_type=product&#038;p=765"},"modified":"2017-12-22T16:37:13","modified_gmt":"2017-12-22T19:37:13","slug":"scanner-plustek-smartoffice-pn2040","status":"publish","type":"product","link":"https:\/\/www.nexoit.com.uy\/web\/tienda\/escaneres-plustek\/escaneres-plustek-departamentales\/scanner-plustek-smartoffice-pn2040\/","title":{"rendered":"Esc\u00e1ner Plustek SmartOffice PN2040"},"content":{"rendered":"<p>El esc\u00e1ner Plustek SmartOffice PN2040 es una soluci\u00f3n de escaneado basada en el trabajo en red para compartir documentos en el mundo globalizado y en ubicaciones m\u00faltiples.<\/p>\n<p><em>Caracter\u00edsticas<\/em><\/p>\n<p>Sensor de imagen CIS x 2<br \/>\nResoluci\u00f3n \u00f3ptica 600 ppp<br \/>\nResoluci\u00f3n de hardware Plano: 600 X 1200 ppp<br \/>\nADF: 600 X 600 ppp<br \/>\nModo de digitalizaci\u00f3n Color: 48-bit ingreso, 24-bit salida<br \/>\nEscala de grises: 16-bit ingreso, 8-bit salida<br \/>\nBlanco y negro: 1-bit<br \/>\nCapacidad del alimentador autom\u00e1tico de documentos 50 hojas (A4\/ Letter, 70 g\/\u33a1 o 18 Lbs), M\u00e1ximo grosor: 5mm (0.2&#8243;).<br \/>\nNota: Capacidad m\u00e1xima de ADF var\u00eda seg\u00fan el peso del papel.<br \/>\nVelocidad de escaneo ( ADF ) 9 ppm\/ 10 ipm (Color, 200 ppp, A4)<br \/>\n20 ppm\/ 40 ipm (Escala de grises, 200 ppp, A4)<br \/>\n20 ppm\/ 40 ipm (Blanco y negro, 200 ppp, A4)<br \/>\nNota: Los resultados var\u00edan seg\u00fan el programa de escaneado, el procesador del ordenador y la memoria disponible.<br \/>\nSuperficie de escaneo (An x La)<br \/>\nPlano:<br \/>\nM\u00e1ximo: 216 x 297 mm (8.5\u201d x 11.69\u201d)<br \/>\nM\u00ednimo: 12.7 x 12.7 mm (0.5\u201d x 0.5\u201d)<br \/>\nADF:<br \/>\nM\u00e1ximo: 216 x 356 mm (8.5\u201d x 14\u201d)<br \/>\nM\u00ednimo: 13.2 x 13.2 mm (0.52&#8243; x 0.52&#8243;)<br \/>\nTama\u00f1o de Pag\u00edna aceptable (An x La)<\/p>\n<p>Plano:<br \/>\nM\u00e1ximo: 216 x 297 mm (8.5\u201d x 11.69\u201d)<br \/>\nM\u00ednimo: 12.7 x 12.7 mm (0.5\u201d x 0.5\u201d)<br \/>\nADF:<br \/>\nM\u00e1ximo: 220 x 356 mm (8.66&#8243; x 14&#8243;)<br \/>\nM\u00ednimo: 90 x 50.8 mm (3.55\u201d x 2\u201d)<br \/>\nPeso aceptable del papel (grosor) 50 a 120 g\/\u33a1 (14 a 32 Lbs)<br \/>\nServicio diario ( p\u00e1ginas ) 1,500<br \/>\nVida \u00fatil del rodillo (escaneados) 100,000<br \/>\nVida \u00fatil de la almohadilla (escaneados) 25,000<br \/>\nBot\u00f3n de acci\u00f3n Scan, PDF, Custom<br \/>\nSoportado 24 Vdc\/ 0.75 A<br \/>\nInterfaz USB 2.0 \/ RJ45 LAN<br \/>\nPeso Neto 3.78 Kgs (8.33 Lbs)<br \/>\nDimensiones (An x La x Al) 418 x 326 x 101 mm (16.45\u201d x 12.83\u201d x 4\u201d)<br \/>\nProtocolos Cumple con la norma TWAIN<br \/>\nSistema operativo Windows XP \/ Vista \/ 7 \/ 8 \/ 10<br \/>\nLINUX SANE para Integradores de Sistemas. Favor de contactarse con oficinas de venta locales.<br \/>\nRequisitos del hardware Procesador Pentium IV 2.4 GHz (se recomienda Pentium IV 3.0 GHz)<br \/>\nLector DVD-ROM<br \/>\nUna conexi\u00f3n USB libre (USB 2.0 recomendado)<br \/>\n1GB de RAM (2GB o m\u00e1s recomendado)<br \/>\n2GB libre en HDD (3GB o m\u00e1s recomendado)<\/p>\n","protected":false},"excerpt":{"rendered":"<p>El esc\u00e1ner Plustek SmartOffice PN2040 es una soluci\u00f3n de escaneado basada en el trabajo en red para compartir documentos en el mundo globalizado y en ubicaciones m\u00faltiples. Caracter\u00edsticas Sensor de imagen CIS x 2 Resoluci\u00f3n \u00f3ptica 600 ppp Resoluci\u00f3n de hardware Plano: 600 X 1200 ppp ADF: 600 X 600 ppp Modo de digitalizaci\u00f3n Color: [&hellip;]<\/p>\n","protected":false},"featured_media":766,"comment_status":"closed","ping_status":"closed","template":"","meta":[],"product_cat":[36,39],"product_tag":[],"yoast_head":"<!-- This site is optimized with the Yoast SEO plugin v20.10 - https:\/\/yoast.com\/wordpress\/plugins\/seo\/ -->\n<title>Esc\u00e1ner Plustek SmartOffice PN2040 - NEXO IT<\/title>\n<meta name=\"description\" content=\"El scanner SmartOffice PN2040 es ideal para la peque\u00f1a y mediana oficina ya que se puede trabajar con un solo scanner en red.\" \/>\n<meta name=\"robots\" content=\"index, follow, max-snippet:-1, max-image-preview:large, max-video-preview:-1\" \/>\n<link rel=\"canonical\" href=\"https:\/\/www.nexoit.com.uy\/web\/tienda\/escaneres-plustek\/escaneres-plustek-departamentales\/scanner-plustek-smartoffice-pn2040\/\" \/>\n<meta property=\"og:locale\" content=\"es_ES\" \/>\n<meta property=\"og:type\" content=\"article\" \/>\n<meta property=\"og:title\" content=\"Esc\u00e1ner Plustek SmartOffice PN2040 - NEXO IT\" \/>\n<meta property=\"og:description\" content=\"El scanner SmartOffice PN2040 es ideal para la peque\u00f1a y mediana oficina ya que se puede trabajar con un solo scanner en red.\" \/>\n<meta property=\"og:url\" content=\"https:\/\/www.nexoit.com.uy\/web\/tienda\/escaneres-plustek\/escaneres-plustek-departamentales\/scanner-plustek-smartoffice-pn2040\/\" \/>\n<meta property=\"og:site_name\" content=\"NEXO IT\" \/>\n<meta property=\"og:image\" content=\"https:\/\/www.nexoit.com.uy\/web\/wp-content\/uploads\/2017\/12\/scanner-pn2040.jpg\" \/>\n\t<meta property=\"og:image:width\" content=\"4217\" \/>\n\t<meta property=\"og:image:height\" content=\"3433\" \/>\n\t<meta property=\"og:image:type\" content=\"image\/jpeg\" \/>\n<meta name=\"twitter:label1\" content=\"Tiempo de lectura\" \/>\n\t<meta name=\"twitter:data1\" content=\"2 minutos\" \/>\n<script type=\"application\/ld+json\" class=\"yoast-schema-graph\">{\"@context\":\"https:\/\/schema.org\",\"@graph\":[{\"@type\":\"WebPage\",\"@id\":\"https:\/\/www.nexoit.com.uy\/web\/tienda\/escaneres-plustek\/escaneres-plustek-departamentales\/scanner-plustek-smartoffice-pn2040\/\",\"url\":\"https:\/\/www.nexoit.com.uy\/web\/tienda\/escaneres-plustek\/escaneres-plustek-departamentales\/scanner-plustek-smartoffice-pn2040\/\",\"name\":\"Esc\u00e1ner Plustek SmartOffice PN2040 - NEXO IT\",\"isPartOf\":{\"@id\":\"https:\/\/www.nexoit.com.uy\/web\/#website\"},\"datePublished\":\"2017-12-22T19:37:13+00:00\",\"dateModified\":\"2017-12-22T19:37:13+00:00\",\"description\":\"El scanner SmartOffice PN2040 es ideal para la peque\u00f1a y mediana oficina ya que se puede trabajar con un solo scanner en red.\",\"breadcrumb\":{\"@id\":\"https:\/\/www.nexoit.com.uy\/web\/tienda\/escaneres-plustek\/escaneres-plustek-departamentales\/scanner-plustek-smartoffice-pn2040\/#breadcrumb\"},\"inLanguage\":\"es\",\"potentialAction\":[{\"@type\":\"ReadAction\",\"target\":[\"https:\/\/www.nexoit.com.uy\/web\/tienda\/escaneres-plustek\/escaneres-plustek-departamentales\/scanner-plustek-smartoffice-pn2040\/\"]}]},{\"@type\":\"BreadcrumbList\",\"@id\":\"https:\/\/www.nexoit.com.uy\/web\/tienda\/escaneres-plustek\/escaneres-plustek-departamentales\/scanner-plustek-smartoffice-pn2040\/#breadcrumb\",\"itemListElement\":[{\"@type\":\"ListItem\",\"position\":1,\"name\":\"Portada\",\"item\":\"https:\/\/www.nexoit.com.uy\/web\/\"},{\"@type\":\"ListItem\",\"position\":2,\"name\":\"Esc\u00e1ner Plustek SmartOffice PN2040\"}]},{\"@type\":\"WebSite\",\"@id\":\"https:\/\/www.nexoit.com.uy\/web\/#website\",\"url\":\"https:\/\/www.nexoit.com.uy\/web\/\",\"name\":\"NEXO IT\",\"description\":\"Expertos en gesti\u00f3n documental\",\"potentialAction\":[{\"@type\":\"SearchAction\",\"target\":{\"@type\":\"EntryPoint\",\"urlTemplate\":\"https:\/\/www.nexoit.com.uy\/web\/?s={search_term_string}\"},\"query-input\":\"required name=search_term_string\"}],\"inLanguage\":\"es\"}]}<\/script>\n<!-- \/ Yoast SEO plugin. -->","yoast_head_json":{"title":"Esc\u00e1ner Plustek SmartOffice PN2040 - NEXO IT","description":"El scanner SmartOffice PN2040 es ideal para la peque\u00f1a y mediana oficina ya que se puede trabajar con un solo scanner en red.","robots":{"index":"index","follow":"follow","max-snippet":"max-snippet:-1","max-image-preview":"max-image-preview:large","max-video-preview":"max-video-preview:-1"},"canonical":"https:\/\/www.nexoit.com.uy\/web\/tienda\/escaneres-plustek\/escaneres-plustek-departamentales\/scanner-plustek-smartoffice-pn2040\/","og_locale":"es_ES","og_type":"article","og_title":"Esc\u00e1ner Plustek SmartOffice PN2040 - NEXO IT","og_description":"El scanner SmartOffice PN2040 es ideal para la peque\u00f1a y mediana oficina ya que se puede trabajar con un solo scanner en red.","og_url":"https:\/\/www.nexoit.com.uy\/web\/tienda\/escaneres-plustek\/escaneres-plustek-departamentales\/scanner-plustek-smartoffice-pn2040\/","og_site_name":"NEXO IT","og_image":[{"width":4217,"height":3433,"url":"https:\/\/www.nexoit.com.uy\/web\/wp-content\/uploads\/2017\/12\/scanner-pn2040.jpg","type":"image\/jpeg"}],"twitter_misc":{"Tiempo de lectura":"2 minutos"},"schema":{"@context":"https:\/\/schema.org","@graph":[{"@type":"WebPage","@id":"https:\/\/www.nexoit.com.uy\/web\/tienda\/escaneres-plustek\/escaneres-plustek-departamentales\/scanner-plustek-smartoffice-pn2040\/","url":"https:\/\/www.nexoit.com.uy\/web\/tienda\/escaneres-plustek\/escaneres-plustek-departamentales\/scanner-plustek-smartoffice-pn2040\/","name":"Esc\u00e1ner Plustek SmartOffice PN2040 - NEXO IT","isPartOf":{"@id":"https:\/\/www.nexoit.com.uy\/web\/#website"},"datePublished":"2017-12-22T19:37:13+00:00","dateModified":"2017-12-22T19:37:13+00:00","description":"El scanner SmartOffice PN2040 es ideal para la peque\u00f1a y mediana oficina ya que se puede trabajar con un solo scanner en red.","breadcrumb":{"@id":"https:\/\/www.nexoit.com.uy\/web\/tienda\/escaneres-plustek\/escaneres-plustek-departamentales\/scanner-plustek-smartoffice-pn2040\/#breadcrumb"},"inLanguage":"es","potentialAction":[{"@type":"ReadAction","target":["https:\/\/www.nexoit.com.uy\/web\/tienda\/escaneres-plustek\/escaneres-plustek-departamentales\/scanner-plustek-smartoffice-pn2040\/"]}]},{"@type":"BreadcrumbList","@id":"https:\/\/www.nexoit.com.uy\/web\/tienda\/escaneres-plustek\/escaneres-plustek-departamentales\/scanner-plustek-smartoffice-pn2040\/#breadcrumb","itemListElement":[{"@type":"ListItem","position":1,"name":"Portada","item":"https:\/\/www.nexoit.com.uy\/web\/"},{"@type":"ListItem","position":2,"name":"Esc\u00e1ner Plustek SmartOffice PN2040"}]},{"@type":"WebSite","@id":"https:\/\/www.nexoit.com.uy\/web\/#website","url":"https:\/\/www.nexoit.com.uy\/web\/","name":"NEXO IT","description":"Expertos en gesti\u00f3n documental","potentialAction":[{"@type":"SearchAction","target":{"@type":"EntryPoint","urlTemplate":"https:\/\/www.nexoit.com.uy\/web\/?s={search_term_string}"},"query-input":"required name=search_term_string"}],"inLanguage":"es"}]}},"_links":{"self":[{"href":"https:\/\/www.nexoit.com.uy\/web\/wp-json\/wp\/v2\/product\/765"}],"collection":[{"href":"https:\/\/www.nexoit.com.uy\/web\/wp-json\/wp\/v2\/product"}],"about":[{"href":"https:\/\/www.nexoit.com.uy\/web\/wp-json\/wp\/v2\/types\/product"}],"replies":[{"embeddable":true,"href":"https:\/\/www.nexoit.com.uy\/web\/wp-json\/wp\/v2\/comments?post=765"}],"wp:featuredmedia":[{"embeddable":true,"href":"https:\/\/www.nexoit.com.uy\/web\/wp-json\/wp\/v2\/media\/766"}],"wp:attachment":[{"href":"https:\/\/www.nexoit.com.uy\/web\/wp-json\/wp\/v2\/media?parent=765"}],"wp:term":[{"taxonomy":"product_cat","embeddable":true,"href":"https:\/\/www.nexoit.com.uy\/web\/wp-json\/wp\/v2\/product_cat?post=765"},{"taxonomy":"product_tag","embeddable":true,"href":"https:\/\/www.nexoit.com.uy\/web\/wp-json\/wp\/v2\/product_tag?post=765"}],"curies":[{"name":"wp","href":"https:\/\/api.w.org\/{rel}","templated":true}]}}