{"id":761,"date":"2017-12-22T16:37:50","date_gmt":"2017-12-22T19:37:50","guid":{"rendered":"http:\/\/nexoit.com.uy\/web\/?post_type=product&#038;p=761"},"modified":"2017-12-22T16:37:50","modified_gmt":"2017-12-22T19:37:50","slug":"scanner-plustek-smartoffice-pl2550","status":"publish","type":"product","link":"https:\/\/www.nexoit.com.uy\/web\/tienda\/escaneres-plustek\/escaneres-plustek-departamentales\/scanner-plustek-smartoffice-pl2550\/","title":{"rendered":"Esc\u00e1ner Plustek SmartOffice PL2550"},"content":{"rendered":"<p>El esc\u00e1ner Plustek SmartOffice PL2550 est\u00e1 dise\u00f1ado con la calidad de imagen, el manejo del papel y la confiabilidad requerida por los usuarios exigentes.<\/p>\n<p><em>Caracter\u00edsticas<\/em><\/p>\n<p>Resoluci\u00f3n \u00f3ptica 600 ppp<br \/>\nResoluci\u00f3n de hardware Superficie plana: 600 x 600 ppp<br \/>\nADF: 600 x 600 ppp<br \/>\nModos de escaneo Color: Entrada de 48 bits, Salida de 24 bits<br \/>\nEscala de grises: entrada de 16 bits, salida de 8 bits<br \/>\nBlanco y negro: 1 bit<br \/>\nCapacidad ADF 1. 50 hojas (A4 \/ Carta, 70 g \/ \u33a1 o 18 Lbs), M\u00e1x. grosor por debajo de 5 mm (0.2 &#8220;).<br \/>\n2. 20 hojas (Tarjetas de visita)<br \/>\nNota: La capacidad m\u00e1xima del ADF var\u00eda, dependiendo del peso del papel.<br \/>\nVelocidad de escaneo (ADF) 8 ppm \/ 8 ipm (modo de color, 200 ppp, retrato A4)<br \/>\n25 ppm \/ 50 ipm (modo de escala de grises, 200 ppp, retrato A4)<br \/>\n25 ppm \/ 50 ipm (modo B y N, 200 ppp, retrato A4)<br \/>\nNota: Los resultados pueden variar seg\u00fan la aplicaci\u00f3n de escaneo, el procesador de la computadora y la memoria del sistema.<br \/>\n\u00c1rea de escaneo (W x L) Superficie plana:<br \/>\nMax. 216 x 297 mm (8.5 &#8220;x 11.69&#8221;)<br \/>\nMin. 12.7 x 12.7 mm (0.5 &#8220;x 0.5&#8221;)<br \/>\nADF:<br \/>\nMax. 216 x 356 mm (8.5 &#8220;x 14&#8221;)<br \/>\nMin. 13.2 x 13.2 mm (0.52 &#8220;x 0.52&#8221;)<br \/>\nTama\u00f1os de papel aceptables (W x L) Superficie plana:<br \/>\nMax. 216 x 297 mm (8.5 &#8220;x 11.69&#8221;)<br \/>\nMin. 12.7 x 12.7 mm (0.5 &#8220;x 0.5&#8221;)<br \/>\nADF:<br \/>\nMax. 220 x 356 mm (8.66 &#8220;x 14&#8221;)<br \/>\nMin. 90 x 114 mm (3.55 &#8220;x 4.5&#8221;)<br \/>\nPeso de papel aceptable (espesor) 50 a 105 g \/ \u33a1 (14 a 28 Lbs)<br \/>\nDaily Duty Scan (Hojas) 1,500<br \/>\nRoller Lifetime (escaneos) 100,000<br \/>\nPad Lifetime (escaneos) 25,000<br \/>\nBot\u00f3n de acci\u00f3n Escaneo, arriba, abajo<br \/>\nFuente de alimentaci\u00f3n 24 Vdc \/ 0.75 A<br \/>\nInterfaz USB 2.0<br \/>\nPeso neto 4.5 Kgs (9.92 Lbs)<br \/>\nDimensiones (W x D x H) 481 x 327 x 203 mm (18.93 &#8220;x 12.87&#8221; x 7.98 &#8220;)<br \/>\nProtocolo Compatible con TWAIN<br \/>\nOS Windows XP \/ Vista \/ 7\/8\/10<br \/>\nRequisitos de hardware Procesador Pentium IV 2.0 GHz o CPU m\u00e1s r\u00e1pida<br \/>\nLector de CD ROM<br \/>\nUn puerto USB disponible<br \/>\nSe recomienda 512 MB de RAM o m\u00e1s<br \/>\n800 MB de espacio libre en el disco duro (se recomienda 1 GB o m\u00e1s)<\/p>\n","protected":false},"excerpt":{"rendered":"<p>El esc\u00e1ner Plustek SmartOffice PL2550 est\u00e1 dise\u00f1ado con la calidad de imagen, el manejo del papel y la confiabilidad requerida por los usuarios exigentes. Caracter\u00edsticas Resoluci\u00f3n \u00f3ptica 600 ppp Resoluci\u00f3n de hardware Superficie plana: 600 x 600 ppp ADF: 600 x 600 ppp Modos de escaneo Color: Entrada de 48 bits, Salida de 24 bits [&hellip;]<\/p>\n","protected":false},"featured_media":762,"comment_status":"closed","ping_status":"closed","template":"","meta":[],"product_cat":[36,39],"product_tag":[],"yoast_head":"<!-- This site is optimized with the Yoast SEO plugin v20.10 - https:\/\/yoast.com\/wordpress\/plugins\/seo\/ -->\n<title>Esc\u00e1ner Plustek SmartOffice PL2550 - NEXO IT<\/title>\n<meta name=\"description\" content=\"El esc\u00e1ner Plustek SmartOffice PL2550 est\u00e1 dise\u00f1ado con la calidad de imagen, el manejo del papel y la confiabilidad requerida por los usuarios exigentes.\" \/>\n<meta name=\"robots\" content=\"index, follow, max-snippet:-1, max-image-preview:large, max-video-preview:-1\" \/>\n<link rel=\"canonical\" href=\"https:\/\/www.nexoit.com.uy\/web\/tienda\/escaneres-plustek\/escaneres-plustek-departamentales\/scanner-plustek-smartoffice-pl2550\/\" \/>\n<meta property=\"og:locale\" content=\"es_ES\" \/>\n<meta property=\"og:type\" content=\"article\" \/>\n<meta property=\"og:title\" content=\"Esc\u00e1ner Plustek SmartOffice PL2550 - NEXO IT\" \/>\n<meta property=\"og:description\" content=\"El esc\u00e1ner Plustek SmartOffice PL2550 est\u00e1 dise\u00f1ado con la calidad de imagen, el manejo del papel y la confiabilidad requerida por los usuarios exigentes.\" \/>\n<meta property=\"og:url\" content=\"https:\/\/www.nexoit.com.uy\/web\/tienda\/escaneres-plustek\/escaneres-plustek-departamentales\/scanner-plustek-smartoffice-pl2550\/\" \/>\n<meta property=\"og:site_name\" content=\"NEXO IT\" \/>\n<meta property=\"og:image\" content=\"https:\/\/www.nexoit.com.uy\/web\/wp-content\/uploads\/2017\/12\/scanner-plustek-2550.jpg\" \/>\n\t<meta property=\"og:image:width\" content=\"4320\" \/>\n\t<meta property=\"og:image:height\" content=\"3381\" \/>\n\t<meta property=\"og:image:type\" content=\"image\/jpeg\" \/>\n<meta name=\"twitter:label1\" content=\"Tiempo de lectura\" \/>\n\t<meta name=\"twitter:data1\" content=\"2 minutos\" \/>\n<script type=\"application\/ld+json\" class=\"yoast-schema-graph\">{\"@context\":\"https:\/\/schema.org\",\"@graph\":[{\"@type\":\"WebPage\",\"@id\":\"https:\/\/www.nexoit.com.uy\/web\/tienda\/escaneres-plustek\/escaneres-plustek-departamentales\/scanner-plustek-smartoffice-pl2550\/\",\"url\":\"https:\/\/www.nexoit.com.uy\/web\/tienda\/escaneres-plustek\/escaneres-plustek-departamentales\/scanner-plustek-smartoffice-pl2550\/\",\"name\":\"Esc\u00e1ner Plustek SmartOffice PL2550 - NEXO IT\",\"isPartOf\":{\"@id\":\"https:\/\/www.nexoit.com.uy\/web\/#website\"},\"datePublished\":\"2017-12-22T19:37:50+00:00\",\"dateModified\":\"2017-12-22T19:37:50+00:00\",\"description\":\"El esc\u00e1ner Plustek SmartOffice PL2550 est\u00e1 dise\u00f1ado con la calidad de imagen, el manejo del papel y la confiabilidad requerida por los usuarios exigentes.\",\"breadcrumb\":{\"@id\":\"https:\/\/www.nexoit.com.uy\/web\/tienda\/escaneres-plustek\/escaneres-plustek-departamentales\/scanner-plustek-smartoffice-pl2550\/#breadcrumb\"},\"inLanguage\":\"es\",\"potentialAction\":[{\"@type\":\"ReadAction\",\"target\":[\"https:\/\/www.nexoit.com.uy\/web\/tienda\/escaneres-plustek\/escaneres-plustek-departamentales\/scanner-plustek-smartoffice-pl2550\/\"]}]},{\"@type\":\"BreadcrumbList\",\"@id\":\"https:\/\/www.nexoit.com.uy\/web\/tienda\/escaneres-plustek\/escaneres-plustek-departamentales\/scanner-plustek-smartoffice-pl2550\/#breadcrumb\",\"itemListElement\":[{\"@type\":\"ListItem\",\"position\":1,\"name\":\"Portada\",\"item\":\"https:\/\/www.nexoit.com.uy\/web\/\"},{\"@type\":\"ListItem\",\"position\":2,\"name\":\"Esc\u00e1ner Plustek SmartOffice PL2550\"}]},{\"@type\":\"WebSite\",\"@id\":\"https:\/\/www.nexoit.com.uy\/web\/#website\",\"url\":\"https:\/\/www.nexoit.com.uy\/web\/\",\"name\":\"NEXO IT\",\"description\":\"Expertos en gesti\u00f3n documental\",\"potentialAction\":[{\"@type\":\"SearchAction\",\"target\":{\"@type\":\"EntryPoint\",\"urlTemplate\":\"https:\/\/www.nexoit.com.uy\/web\/?s={search_term_string}\"},\"query-input\":\"required name=search_term_string\"}],\"inLanguage\":\"es\"}]}<\/script>\n<!-- \/ Yoast SEO plugin. -->","yoast_head_json":{"title":"Esc\u00e1ner Plustek SmartOffice PL2550 - NEXO IT","description":"El esc\u00e1ner Plustek SmartOffice PL2550 est\u00e1 dise\u00f1ado con la calidad de imagen, el manejo del papel y la confiabilidad requerida por los usuarios exigentes.","robots":{"index":"index","follow":"follow","max-snippet":"max-snippet:-1","max-image-preview":"max-image-preview:large","max-video-preview":"max-video-preview:-1"},"canonical":"https:\/\/www.nexoit.com.uy\/web\/tienda\/escaneres-plustek\/escaneres-plustek-departamentales\/scanner-plustek-smartoffice-pl2550\/","og_locale":"es_ES","og_type":"article","og_title":"Esc\u00e1ner Plustek SmartOffice PL2550 - NEXO IT","og_description":"El esc\u00e1ner Plustek SmartOffice PL2550 est\u00e1 dise\u00f1ado con la calidad de imagen, el manejo del papel y la confiabilidad requerida por los usuarios exigentes.","og_url":"https:\/\/www.nexoit.com.uy\/web\/tienda\/escaneres-plustek\/escaneres-plustek-departamentales\/scanner-plustek-smartoffice-pl2550\/","og_site_name":"NEXO IT","og_image":[{"width":4320,"height":3381,"url":"https:\/\/www.nexoit.com.uy\/web\/wp-content\/uploads\/2017\/12\/scanner-plustek-2550.jpg","type":"image\/jpeg"}],"twitter_misc":{"Tiempo de lectura":"2 minutos"},"schema":{"@context":"https:\/\/schema.org","@graph":[{"@type":"WebPage","@id":"https:\/\/www.nexoit.com.uy\/web\/tienda\/escaneres-plustek\/escaneres-plustek-departamentales\/scanner-plustek-smartoffice-pl2550\/","url":"https:\/\/www.nexoit.com.uy\/web\/tienda\/escaneres-plustek\/escaneres-plustek-departamentales\/scanner-plustek-smartoffice-pl2550\/","name":"Esc\u00e1ner Plustek SmartOffice PL2550 - NEXO IT","isPartOf":{"@id":"https:\/\/www.nexoit.com.uy\/web\/#website"},"datePublished":"2017-12-22T19:37:50+00:00","dateModified":"2017-12-22T19:37:50+00:00","description":"El esc\u00e1ner Plustek SmartOffice PL2550 est\u00e1 dise\u00f1ado con la calidad de imagen, el manejo del papel y la confiabilidad requerida por los usuarios exigentes.","breadcrumb":{"@id":"https:\/\/www.nexoit.com.uy\/web\/tienda\/escaneres-plustek\/escaneres-plustek-departamentales\/scanner-plustek-smartoffice-pl2550\/#breadcrumb"},"inLanguage":"es","potentialAction":[{"@type":"ReadAction","target":["https:\/\/www.nexoit.com.uy\/web\/tienda\/escaneres-plustek\/escaneres-plustek-departamentales\/scanner-plustek-smartoffice-pl2550\/"]}]},{"@type":"BreadcrumbList","@id":"https:\/\/www.nexoit.com.uy\/web\/tienda\/escaneres-plustek\/escaneres-plustek-departamentales\/scanner-plustek-smartoffice-pl2550\/#breadcrumb","itemListElement":[{"@type":"ListItem","position":1,"name":"Portada","item":"https:\/\/www.nexoit.com.uy\/web\/"},{"@type":"ListItem","position":2,"name":"Esc\u00e1ner Plustek SmartOffice PL2550"}]},{"@type":"WebSite","@id":"https:\/\/www.nexoit.com.uy\/web\/#website","url":"https:\/\/www.nexoit.com.uy\/web\/","name":"NEXO IT","description":"Expertos en gesti\u00f3n documental","potentialAction":[{"@type":"SearchAction","target":{"@type":"EntryPoint","urlTemplate":"https:\/\/www.nexoit.com.uy\/web\/?s={search_term_string}"},"query-input":"required name=search_term_string"}],"inLanguage":"es"}]}},"_links":{"self":[{"href":"https:\/\/www.nexoit.com.uy\/web\/wp-json\/wp\/v2\/product\/761"}],"collection":[{"href":"https:\/\/www.nexoit.com.uy\/web\/wp-json\/wp\/v2\/product"}],"about":[{"href":"https:\/\/www.nexoit.com.uy\/web\/wp-json\/wp\/v2\/types\/product"}],"replies":[{"embeddable":true,"href":"https:\/\/www.nexoit.com.uy\/web\/wp-json\/wp\/v2\/comments?post=761"}],"wp:featuredmedia":[{"embeddable":true,"href":"https:\/\/www.nexoit.com.uy\/web\/wp-json\/wp\/v2\/media\/762"}],"wp:attachment":[{"href":"https:\/\/www.nexoit.com.uy\/web\/wp-json\/wp\/v2\/media?parent=761"}],"wp:term":[{"taxonomy":"product_cat","embeddable":true,"href":"https:\/\/www.nexoit.com.uy\/web\/wp-json\/wp\/v2\/product_cat?post=761"},{"taxonomy":"product_tag","embeddable":true,"href":"https:\/\/www.nexoit.com.uy\/web\/wp-json\/wp\/v2\/product_tag?post=761"}],"curies":[{"name":"wp","href":"https:\/\/api.w.org\/{rel}","templated":true}]}}