{"id":759,"date":"2017-12-22T16:40:21","date_gmt":"2017-12-22T19:40:21","guid":{"rendered":"http:\/\/nexoit.com.uy\/web\/?post_type=product&#038;p=759"},"modified":"2017-12-22T16:40:21","modified_gmt":"2017-12-22T19:40:21","slug":"scanner-plustek-opticslim-550","status":"publish","type":"product","link":"https:\/\/www.nexoit.com.uy\/web\/tienda\/escaneres-plustek\/escaneres-plustek-departamentales\/scanner-plustek-opticslim-550\/","title":{"rendered":"Esc\u00e1ner Plustek OpticSlim 550"},"content":{"rendered":"<p>El OpticSlim 550 es un esc\u00e1ner de tama\u00f1o A5, ideal para escanear pasaportes, tarjetas de identificaci\u00f3n, tarjetas de cr\u00e9dito, licencias de conducir, tarjetas de seguro m\u00e9dico, billetes bancarios, cheques bancarios y fotograf\u00edas.<\/p>\n<p><em>Caracter\u00edsticas<\/em><\/p>\n<p>Sensor de imagen CIS<br \/>\nFuente de luz LED<br \/>\nResoluci\u00f3n \u00f3ptica 600 ppp<br \/>\nResoluci\u00f3n de hardware 600 x 600 ppp<br \/>\nModos de escaneo Color: entrada de 48 bits, salida de 24 bits<br \/>\nEscala de grises: entrada de 16 bits, salida de 8 bits<br \/>\nB \/ W: 1 bit<br \/>\nVelocidad de escaneo 3.4 segundos (Modo de color, 200 ppp, A5)<br \/>\n\u00c1rea de escaneo (W x L) 216 x 150 mm (8.5 &#8220;x 5.9&#8221;)<br \/>\nBot\u00f3n de acci\u00f3n Copiar, archivo, escanear, OCR, personalizado<br \/>\nFuente de alimentaci\u00f3n 15 Vdc \/ 1.0 A<br \/>\nInterfaz USB 2.0<br \/>\nPeso neto 1.2 Kgs<br \/>\nDimensiones (W x D x H) 270 x 270 x 40 mm (10.6 &#8220;x 10.6&#8221; x 1.6 &#8220;)<br \/>\nProtocolo Compatible con TWAIN<br \/>\nOS Windows XP \/ Vista \/ 7\/8\/10<br \/>\nRequisitos de hardware Procesador Pentium\u00ae IV 2.0 GHz o CPU m\u00e1s r\u00e1pida<br \/>\nControlador de DVD-ROM<br \/>\nUn puerto USB 2.0 disponible<br \/>\n512 MB de RAM (se recomienda 1 GB o m\u00e1s)<br \/>\n1 GB de espacio libre en el disco duro (se recomiendan 2 GB o m\u00e1s)<\/p>\n","protected":false},"excerpt":{"rendered":"<p>El OpticSlim 550 es un esc\u00e1ner de tama\u00f1o A5, ideal para escanear pasaportes, tarjetas de identificaci\u00f3n, tarjetas de cr\u00e9dito, licencias de conducir, tarjetas de seguro m\u00e9dico, billetes bancarios, cheques bancarios y fotograf\u00edas. Caracter\u00edsticas Sensor de imagen CIS Fuente de luz LED Resoluci\u00f3n \u00f3ptica 600 ppp Resoluci\u00f3n de hardware 600 x 600 ppp Modos de escaneo [&hellip;]<\/p>\n","protected":false},"featured_media":760,"comment_status":"closed","ping_status":"closed","template":"","meta":[],"product_cat":[36,39],"product_tag":[],"yoast_head":"<!-- This site is optimized with the Yoast SEO plugin v20.10 - https:\/\/yoast.com\/wordpress\/plugins\/seo\/ -->\n<title>Esc\u00e1ner Plustek OpticSlim 550 - NEXO IT<\/title>\n<meta name=\"description\" content=\"El OpticSlim 550 es un scanner de tama\u00f1o A5, ideal para escanear pasaportes, tarjetas de identificaci\u00f3n y tarjetas de cr\u00e9dito.\" \/>\n<meta name=\"robots\" content=\"index, follow, max-snippet:-1, max-image-preview:large, max-video-preview:-1\" \/>\n<link rel=\"canonical\" href=\"https:\/\/www.nexoit.com.uy\/web\/tienda\/escaneres-plustek\/escaneres-plustek-departamentales\/scanner-plustek-opticslim-550\/\" \/>\n<meta property=\"og:locale\" content=\"es_ES\" \/>\n<meta property=\"og:type\" content=\"article\" \/>\n<meta property=\"og:title\" content=\"Esc\u00e1ner Plustek OpticSlim 550 - NEXO IT\" \/>\n<meta property=\"og:description\" content=\"El OpticSlim 550 es un scanner de tama\u00f1o A5, ideal para escanear pasaportes, tarjetas de identificaci\u00f3n y tarjetas de cr\u00e9dito.\" \/>\n<meta property=\"og:url\" content=\"https:\/\/www.nexoit.com.uy\/web\/tienda\/escaneres-plustek\/escaneres-plustek-departamentales\/scanner-plustek-opticslim-550\/\" \/>\n<meta property=\"og:site_name\" content=\"NEXO IT\" \/>\n<meta property=\"og:image\" content=\"https:\/\/www.nexoit.com.uy\/web\/wp-content\/uploads\/2017\/12\/scanner-opticslim550.jpg\" \/>\n\t<meta property=\"og:image:width\" content=\"1901\" \/>\n\t<meta property=\"og:image:height\" content=\"1940\" \/>\n\t<meta property=\"og:image:type\" content=\"image\/jpeg\" \/>\n<meta name=\"twitter:label1\" content=\"Tiempo de lectura\" \/>\n\t<meta name=\"twitter:data1\" content=\"1 minuto\" \/>\n<script type=\"application\/ld+json\" class=\"yoast-schema-graph\">{\"@context\":\"https:\/\/schema.org\",\"@graph\":[{\"@type\":\"WebPage\",\"@id\":\"https:\/\/www.nexoit.com.uy\/web\/tienda\/escaneres-plustek\/escaneres-plustek-departamentales\/scanner-plustek-opticslim-550\/\",\"url\":\"https:\/\/www.nexoit.com.uy\/web\/tienda\/escaneres-plustek\/escaneres-plustek-departamentales\/scanner-plustek-opticslim-550\/\",\"name\":\"Esc\u00e1ner Plustek OpticSlim 550 - NEXO IT\",\"isPartOf\":{\"@id\":\"https:\/\/www.nexoit.com.uy\/web\/#website\"},\"datePublished\":\"2017-12-22T19:40:21+00:00\",\"dateModified\":\"2017-12-22T19:40:21+00:00\",\"description\":\"El OpticSlim 550 es un scanner de tama\u00f1o A5, ideal para escanear pasaportes, tarjetas de identificaci\u00f3n y tarjetas de cr\u00e9dito.\",\"breadcrumb\":{\"@id\":\"https:\/\/www.nexoit.com.uy\/web\/tienda\/escaneres-plustek\/escaneres-plustek-departamentales\/scanner-plustek-opticslim-550\/#breadcrumb\"},\"inLanguage\":\"es\",\"potentialAction\":[{\"@type\":\"ReadAction\",\"target\":[\"https:\/\/www.nexoit.com.uy\/web\/tienda\/escaneres-plustek\/escaneres-plustek-departamentales\/scanner-plustek-opticslim-550\/\"]}]},{\"@type\":\"BreadcrumbList\",\"@id\":\"https:\/\/www.nexoit.com.uy\/web\/tienda\/escaneres-plustek\/escaneres-plustek-departamentales\/scanner-plustek-opticslim-550\/#breadcrumb\",\"itemListElement\":[{\"@type\":\"ListItem\",\"position\":1,\"name\":\"Portada\",\"item\":\"https:\/\/www.nexoit.com.uy\/web\/\"},{\"@type\":\"ListItem\",\"position\":2,\"name\":\"Esc\u00e1ner Plustek OpticSlim 550\"}]},{\"@type\":\"WebSite\",\"@id\":\"https:\/\/www.nexoit.com.uy\/web\/#website\",\"url\":\"https:\/\/www.nexoit.com.uy\/web\/\",\"name\":\"NEXO IT\",\"description\":\"Expertos en gesti\u00f3n documental\",\"potentialAction\":[{\"@type\":\"SearchAction\",\"target\":{\"@type\":\"EntryPoint\",\"urlTemplate\":\"https:\/\/www.nexoit.com.uy\/web\/?s={search_term_string}\"},\"query-input\":\"required name=search_term_string\"}],\"inLanguage\":\"es\"}]}<\/script>\n<!-- \/ Yoast SEO plugin. -->","yoast_head_json":{"title":"Esc\u00e1ner Plustek OpticSlim 550 - NEXO IT","description":"El OpticSlim 550 es un scanner de tama\u00f1o A5, ideal para escanear pasaportes, tarjetas de identificaci\u00f3n y tarjetas de cr\u00e9dito.","robots":{"index":"index","follow":"follow","max-snippet":"max-snippet:-1","max-image-preview":"max-image-preview:large","max-video-preview":"max-video-preview:-1"},"canonical":"https:\/\/www.nexoit.com.uy\/web\/tienda\/escaneres-plustek\/escaneres-plustek-departamentales\/scanner-plustek-opticslim-550\/","og_locale":"es_ES","og_type":"article","og_title":"Esc\u00e1ner Plustek OpticSlim 550 - NEXO IT","og_description":"El OpticSlim 550 es un scanner de tama\u00f1o A5, ideal para escanear pasaportes, tarjetas de identificaci\u00f3n y tarjetas de cr\u00e9dito.","og_url":"https:\/\/www.nexoit.com.uy\/web\/tienda\/escaneres-plustek\/escaneres-plustek-departamentales\/scanner-plustek-opticslim-550\/","og_site_name":"NEXO IT","og_image":[{"width":1901,"height":1940,"url":"https:\/\/www.nexoit.com.uy\/web\/wp-content\/uploads\/2017\/12\/scanner-opticslim550.jpg","type":"image\/jpeg"}],"twitter_misc":{"Tiempo de lectura":"1 minuto"},"schema":{"@context":"https:\/\/schema.org","@graph":[{"@type":"WebPage","@id":"https:\/\/www.nexoit.com.uy\/web\/tienda\/escaneres-plustek\/escaneres-plustek-departamentales\/scanner-plustek-opticslim-550\/","url":"https:\/\/www.nexoit.com.uy\/web\/tienda\/escaneres-plustek\/escaneres-plustek-departamentales\/scanner-plustek-opticslim-550\/","name":"Esc\u00e1ner Plustek OpticSlim 550 - NEXO IT","isPartOf":{"@id":"https:\/\/www.nexoit.com.uy\/web\/#website"},"datePublished":"2017-12-22T19:40:21+00:00","dateModified":"2017-12-22T19:40:21+00:00","description":"El OpticSlim 550 es un scanner de tama\u00f1o A5, ideal para escanear pasaportes, tarjetas de identificaci\u00f3n y tarjetas de cr\u00e9dito.","breadcrumb":{"@id":"https:\/\/www.nexoit.com.uy\/web\/tienda\/escaneres-plustek\/escaneres-plustek-departamentales\/scanner-plustek-opticslim-550\/#breadcrumb"},"inLanguage":"es","potentialAction":[{"@type":"ReadAction","target":["https:\/\/www.nexoit.com.uy\/web\/tienda\/escaneres-plustek\/escaneres-plustek-departamentales\/scanner-plustek-opticslim-550\/"]}]},{"@type":"BreadcrumbList","@id":"https:\/\/www.nexoit.com.uy\/web\/tienda\/escaneres-plustek\/escaneres-plustek-departamentales\/scanner-plustek-opticslim-550\/#breadcrumb","itemListElement":[{"@type":"ListItem","position":1,"name":"Portada","item":"https:\/\/www.nexoit.com.uy\/web\/"},{"@type":"ListItem","position":2,"name":"Esc\u00e1ner Plustek OpticSlim 550"}]},{"@type":"WebSite","@id":"https:\/\/www.nexoit.com.uy\/web\/#website","url":"https:\/\/www.nexoit.com.uy\/web\/","name":"NEXO IT","description":"Expertos en gesti\u00f3n documental","potentialAction":[{"@type":"SearchAction","target":{"@type":"EntryPoint","urlTemplate":"https:\/\/www.nexoit.com.uy\/web\/?s={search_term_string}"},"query-input":"required name=search_term_string"}],"inLanguage":"es"}]}},"_links":{"self":[{"href":"https:\/\/www.nexoit.com.uy\/web\/wp-json\/wp\/v2\/product\/759"}],"collection":[{"href":"https:\/\/www.nexoit.com.uy\/web\/wp-json\/wp\/v2\/product"}],"about":[{"href":"https:\/\/www.nexoit.com.uy\/web\/wp-json\/wp\/v2\/types\/product"}],"replies":[{"embeddable":true,"href":"https:\/\/www.nexoit.com.uy\/web\/wp-json\/wp\/v2\/comments?post=759"}],"wp:featuredmedia":[{"embeddable":true,"href":"https:\/\/www.nexoit.com.uy\/web\/wp-json\/wp\/v2\/media\/760"}],"wp:attachment":[{"href":"https:\/\/www.nexoit.com.uy\/web\/wp-json\/wp\/v2\/media?parent=759"}],"wp:term":[{"taxonomy":"product_cat","embeddable":true,"href":"https:\/\/www.nexoit.com.uy\/web\/wp-json\/wp\/v2\/product_cat?post=759"},{"taxonomy":"product_tag","embeddable":true,"href":"https:\/\/www.nexoit.com.uy\/web\/wp-json\/wp\/v2\/product_tag?post=759"}],"curies":[{"name":"wp","href":"https:\/\/api.w.org\/{rel}","templated":true}]}}