{"id":751,"date":"2017-12-22T16:47:18","date_gmt":"2017-12-22T19:47:18","guid":{"rendered":"http:\/\/nexoit.com.uy\/web\/?post_type=product&#038;p=751"},"modified":"2017-12-22T16:47:18","modified_gmt":"2017-12-22T19:47:18","slug":"scanner-plustek-opticpro-a360","status":"publish","type":"product","link":"https:\/\/www.nexoit.com.uy\/web\/tienda\/escaneres-plustek\/escaneres-plustek-departamentales\/scanner-plustek-opticpro-a360\/","title":{"rendered":"Esc\u00e1ner Plustek OpticPro A360"},"content":{"rendered":"<p>Plustek OpticPro A360, especial para escaneado de gran formato, utiliza interfaz USB 2.0 y puede escanear hasta documentos A3 en alta calidad con resoluci\u00f3n m\u00e1xima de 600 dpi x 1200 dpi y un \u00e1rea escaneable de hasta 12\u201d x 17\u201d (304,8 mm 431,8 mm).<\/p>\n<p><em>Caracter\u00edsticas<\/em><\/p>\n<p>Sensor de imagen CCD<br \/>\nResoluci\u00f3n \u00f3ptica 600 ppp<br \/>\nModos de escaneo Color: entrada de 48 bits, salida de 24 bits<br \/>\nEscala de grises: entrada de 16 bits, salida de 8 bits<br \/>\nB \/ W: salida de 1 bit<br \/>\nProfundidad del color Entrada de 48 bits; Salida de 24 bits<br \/>\nVelocidad de escaneo 2.48 segundos (modo de color, 300 ppp, A3)<br \/>\n2.10 segundos (modo Escala de grises \/ B y N, 300 dpi, A3)<br \/>\n\u00c1rea de escaneo (W x L) Max. 304.8 mm x 431.8 mm (12 &#8220;x 17&#8221;), A3<br \/>\nDaily Duty Scan (Hojas) 2,500<br \/>\nBot\u00f3n de acci\u00f3n Escanear, OCR, Copiar, Archivo, Correo electr\u00f3nico, Personalizar1 y Personalizar2<br \/>\nFuente de alimentaci\u00f3n 24 Vdc \/ 1.67 A<br \/>\nEl consumo de energ\u00eda Interfaz USB 2.0<br \/>\nPeso neto 7.7 Kgs (16.96 Lbs)<br \/>\nDimensiones (W x D x H) 623 x 400 x 133 mm (24.53 &#8220;x 15.75&#8221; x 5.24 &#8220;)<br \/>\nProtocolo Compatible con TWAIN<br \/>\nOS Windows XP \/ Vista \/ 7\/8\/10<br \/>\nRequisitos de hardware Procesador PentiumR IV 2.0 GHz<br \/>\nControlador de CD-ROM<br \/>\nUn puerto USB 2.0 disponible<br \/>\n512 MB de RAM (se recomienda 1 GB o m\u00e1s)<br \/>\n800 MB de espacio libre en el disco duro (se recomienda 1 GB o m\u00e1s)<\/p>\n","protected":false},"excerpt":{"rendered":"<p>Plustek OpticPro A360, especial para escaneado de gran formato, utiliza interfaz USB 2.0 y puede escanear hasta documentos A3 en alta calidad con resoluci\u00f3n m\u00e1xima de 600 dpi x 1200 dpi y un \u00e1rea escaneable de hasta 12\u201d x 17\u201d (304,8 mm 431,8 mm). Caracter\u00edsticas Sensor de imagen CCD Resoluci\u00f3n \u00f3ptica 600 ppp Modos de [&hellip;]<\/p>\n","protected":false},"featured_media":752,"comment_status":"closed","ping_status":"closed","template":"","meta":[],"product_cat":[36,39],"product_tag":[],"yoast_head":"<!-- This site is optimized with the Yoast SEO plugin v20.10 - https:\/\/yoast.com\/wordpress\/plugins\/seo\/ -->\n<title>Esc\u00e1ner Plustek OpticPro A360 - NEXO IT<\/title>\n<meta name=\"description\" content=\"El scanner Plustek OpticPro A360, es especial para escaneado de gran formato, utiliza interfaz USB 2.0 y puede escanear hasta documentos A3.\" \/>\n<meta name=\"robots\" content=\"index, follow, max-snippet:-1, max-image-preview:large, max-video-preview:-1\" \/>\n<link rel=\"canonical\" href=\"https:\/\/www.nexoit.com.uy\/web\/tienda\/escaneres-plustek\/escaneres-plustek-departamentales\/scanner-plustek-opticpro-a360\/\" \/>\n<meta property=\"og:locale\" content=\"es_ES\" \/>\n<meta property=\"og:type\" content=\"article\" \/>\n<meta property=\"og:title\" content=\"Esc\u00e1ner Plustek OpticPro A360 - NEXO IT\" \/>\n<meta property=\"og:description\" content=\"El scanner Plustek OpticPro A360, es especial para escaneado de gran formato, utiliza interfaz USB 2.0 y puede escanear hasta documentos A3.\" \/>\n<meta property=\"og:url\" content=\"https:\/\/www.nexoit.com.uy\/web\/tienda\/escaneres-plustek\/escaneres-plustek-departamentales\/scanner-plustek-opticpro-a360\/\" \/>\n<meta property=\"og:site_name\" content=\"NEXO IT\" \/>\n<meta property=\"og:image\" content=\"https:\/\/www.nexoit.com.uy\/web\/wp-content\/uploads\/2017\/12\/scanner-a360.jpg\" \/>\n\t<meta property=\"og:image:width\" content=\"1029\" \/>\n\t<meta property=\"og:image:height\" content=\"871\" \/>\n\t<meta property=\"og:image:type\" content=\"image\/jpeg\" \/>\n<meta name=\"twitter:label1\" content=\"Tiempo de lectura\" \/>\n\t<meta name=\"twitter:data1\" content=\"1 minuto\" \/>\n<script type=\"application\/ld+json\" class=\"yoast-schema-graph\">{\"@context\":\"https:\/\/schema.org\",\"@graph\":[{\"@type\":\"WebPage\",\"@id\":\"https:\/\/www.nexoit.com.uy\/web\/tienda\/escaneres-plustek\/escaneres-plustek-departamentales\/scanner-plustek-opticpro-a360\/\",\"url\":\"https:\/\/www.nexoit.com.uy\/web\/tienda\/escaneres-plustek\/escaneres-plustek-departamentales\/scanner-plustek-opticpro-a360\/\",\"name\":\"Esc\u00e1ner Plustek OpticPro A360 - NEXO IT\",\"isPartOf\":{\"@id\":\"https:\/\/www.nexoit.com.uy\/web\/#website\"},\"datePublished\":\"2017-12-22T19:47:18+00:00\",\"dateModified\":\"2017-12-22T19:47:18+00:00\",\"description\":\"El scanner Plustek OpticPro A360, es especial para escaneado de gran formato, utiliza interfaz USB 2.0 y puede escanear hasta documentos A3.\",\"breadcrumb\":{\"@id\":\"https:\/\/www.nexoit.com.uy\/web\/tienda\/escaneres-plustek\/escaneres-plustek-departamentales\/scanner-plustek-opticpro-a360\/#breadcrumb\"},\"inLanguage\":\"es\",\"potentialAction\":[{\"@type\":\"ReadAction\",\"target\":[\"https:\/\/www.nexoit.com.uy\/web\/tienda\/escaneres-plustek\/escaneres-plustek-departamentales\/scanner-plustek-opticpro-a360\/\"]}]},{\"@type\":\"BreadcrumbList\",\"@id\":\"https:\/\/www.nexoit.com.uy\/web\/tienda\/escaneres-plustek\/escaneres-plustek-departamentales\/scanner-plustek-opticpro-a360\/#breadcrumb\",\"itemListElement\":[{\"@type\":\"ListItem\",\"position\":1,\"name\":\"Portada\",\"item\":\"https:\/\/www.nexoit.com.uy\/web\/\"},{\"@type\":\"ListItem\",\"position\":2,\"name\":\"Esc\u00e1ner Plustek OpticPro A360\"}]},{\"@type\":\"WebSite\",\"@id\":\"https:\/\/www.nexoit.com.uy\/web\/#website\",\"url\":\"https:\/\/www.nexoit.com.uy\/web\/\",\"name\":\"NEXO IT\",\"description\":\"Expertos en gesti\u00f3n documental\",\"potentialAction\":[{\"@type\":\"SearchAction\",\"target\":{\"@type\":\"EntryPoint\",\"urlTemplate\":\"https:\/\/www.nexoit.com.uy\/web\/?s={search_term_string}\"},\"query-input\":\"required name=search_term_string\"}],\"inLanguage\":\"es\"}]}<\/script>\n<!-- \/ Yoast SEO plugin. -->","yoast_head_json":{"title":"Esc\u00e1ner Plustek OpticPro A360 - NEXO IT","description":"El scanner Plustek OpticPro A360, es especial para escaneado de gran formato, utiliza interfaz USB 2.0 y puede escanear hasta documentos A3.","robots":{"index":"index","follow":"follow","max-snippet":"max-snippet:-1","max-image-preview":"max-image-preview:large","max-video-preview":"max-video-preview:-1"},"canonical":"https:\/\/www.nexoit.com.uy\/web\/tienda\/escaneres-plustek\/escaneres-plustek-departamentales\/scanner-plustek-opticpro-a360\/","og_locale":"es_ES","og_type":"article","og_title":"Esc\u00e1ner Plustek OpticPro A360 - NEXO IT","og_description":"El scanner Plustek OpticPro A360, es especial para escaneado de gran formato, utiliza interfaz USB 2.0 y puede escanear hasta documentos A3.","og_url":"https:\/\/www.nexoit.com.uy\/web\/tienda\/escaneres-plustek\/escaneres-plustek-departamentales\/scanner-plustek-opticpro-a360\/","og_site_name":"NEXO IT","og_image":[{"width":1029,"height":871,"url":"https:\/\/www.nexoit.com.uy\/web\/wp-content\/uploads\/2017\/12\/scanner-a360.jpg","type":"image\/jpeg"}],"twitter_misc":{"Tiempo de lectura":"1 minuto"},"schema":{"@context":"https:\/\/schema.org","@graph":[{"@type":"WebPage","@id":"https:\/\/www.nexoit.com.uy\/web\/tienda\/escaneres-plustek\/escaneres-plustek-departamentales\/scanner-plustek-opticpro-a360\/","url":"https:\/\/www.nexoit.com.uy\/web\/tienda\/escaneres-plustek\/escaneres-plustek-departamentales\/scanner-plustek-opticpro-a360\/","name":"Esc\u00e1ner Plustek OpticPro A360 - NEXO IT","isPartOf":{"@id":"https:\/\/www.nexoit.com.uy\/web\/#website"},"datePublished":"2017-12-22T19:47:18+00:00","dateModified":"2017-12-22T19:47:18+00:00","description":"El scanner Plustek OpticPro A360, es especial para escaneado de gran formato, utiliza interfaz USB 2.0 y puede escanear hasta documentos A3.","breadcrumb":{"@id":"https:\/\/www.nexoit.com.uy\/web\/tienda\/escaneres-plustek\/escaneres-plustek-departamentales\/scanner-plustek-opticpro-a360\/#breadcrumb"},"inLanguage":"es","potentialAction":[{"@type":"ReadAction","target":["https:\/\/www.nexoit.com.uy\/web\/tienda\/escaneres-plustek\/escaneres-plustek-departamentales\/scanner-plustek-opticpro-a360\/"]}]},{"@type":"BreadcrumbList","@id":"https:\/\/www.nexoit.com.uy\/web\/tienda\/escaneres-plustek\/escaneres-plustek-departamentales\/scanner-plustek-opticpro-a360\/#breadcrumb","itemListElement":[{"@type":"ListItem","position":1,"name":"Portada","item":"https:\/\/www.nexoit.com.uy\/web\/"},{"@type":"ListItem","position":2,"name":"Esc\u00e1ner Plustek OpticPro A360"}]},{"@type":"WebSite","@id":"https:\/\/www.nexoit.com.uy\/web\/#website","url":"https:\/\/www.nexoit.com.uy\/web\/","name":"NEXO IT","description":"Expertos en gesti\u00f3n documental","potentialAction":[{"@type":"SearchAction","target":{"@type":"EntryPoint","urlTemplate":"https:\/\/www.nexoit.com.uy\/web\/?s={search_term_string}"},"query-input":"required name=search_term_string"}],"inLanguage":"es"}]}},"_links":{"self":[{"href":"https:\/\/www.nexoit.com.uy\/web\/wp-json\/wp\/v2\/product\/751"}],"collection":[{"href":"https:\/\/www.nexoit.com.uy\/web\/wp-json\/wp\/v2\/product"}],"about":[{"href":"https:\/\/www.nexoit.com.uy\/web\/wp-json\/wp\/v2\/types\/product"}],"replies":[{"embeddable":true,"href":"https:\/\/www.nexoit.com.uy\/web\/wp-json\/wp\/v2\/comments?post=751"}],"wp:featuredmedia":[{"embeddable":true,"href":"https:\/\/www.nexoit.com.uy\/web\/wp-json\/wp\/v2\/media\/752"}],"wp:attachment":[{"href":"https:\/\/www.nexoit.com.uy\/web\/wp-json\/wp\/v2\/media?parent=751"}],"wp:term":[{"taxonomy":"product_cat","embeddable":true,"href":"https:\/\/www.nexoit.com.uy\/web\/wp-json\/wp\/v2\/product_cat?post=751"},{"taxonomy":"product_tag","embeddable":true,"href":"https:\/\/www.nexoit.com.uy\/web\/wp-json\/wp\/v2\/product_tag?post=751"}],"curies":[{"name":"wp","href":"https:\/\/api.w.org\/{rel}","templated":true}]}}