{"id":726,"date":"2017-12-07T12:22:46","date_gmt":"2017-12-07T15:22:46","guid":{"rendered":"http:\/\/nexoit.com.uy\/web\/?post_type=product&#038;p=726"},"modified":"2017-12-07T13:18:19","modified_gmt":"2017-12-07T16:18:19","slug":"scanner-fi-7140","status":"publish","type":"product","link":"https:\/\/www.nexoit.com.uy\/web\/tienda\/escaneres-fujitsu\/escaneres-departamentales\/scanner-fi-7140\/","title":{"rendered":"Esc\u00e1ner Fujitsu FI-7140"},"content":{"rendered":"<h6>Dise\u00f1o compacto y un escaneado r\u00e1pido perfecto para entornos de sobremesa.<\/h6>\n<ul>\n<li>Escanea a color, en escala de grises y en blanco y negro a una velocidad de 40 ppm\/80 ipm<\/li>\n<li>Alimentador autom\u00e1tico de documentos (ADF) de 80 hojas<\/li>\n<li>Avanzada tecnolog\u00eda de manejo de papel para ofrecer las \u00faltimas mejoras en fiabilidad de alimentaci\u00f3n<\/li>\n<li>Fuente de iluminaci\u00f3n LED<\/li>\n<li>Scanner Central Admin suite<\/li>\n<li>Escaneado de tarjetas con relieve (1,4\u00a0mm de grosor)<\/li>\n<li>Incluye Paper Stream IP\u00a0(TWAIN\/ISIS) y\u00a0PaperStream Capture<\/li>\n<\/ul>\n","protected":false},"excerpt":{"rendered":"<p>Dise\u00f1o compacto y un escaneado r\u00e1pido perfecto para entornos de sobremesa. Escanea a color, en escala de grises y en blanco y negro a una velocidad de 40 ppm\/80 ipm Alimentador autom\u00e1tico de documentos (ADF) de 80 hojas Avanzada tecnolog\u00eda de manejo de papel para ofrecer las \u00faltimas mejoras en fiabilidad de alimentaci\u00f3n Fuente de [&hellip;]<\/p>\n","protected":false},"featured_media":727,"comment_status":"closed","ping_status":"closed","template":"","meta":[],"product_cat":[13,15],"product_tag":[],"yoast_head":"<!-- This site is optimized with the Yoast SEO plugin v20.10 - https:\/\/yoast.com\/wordpress\/plugins\/seo\/ -->\n<title>Esc\u00e1ner Fujitsu FI-7140 - NEXO IT<\/title>\n<meta name=\"description\" content=\"Este scanner presenta un dise\u00f1o compacto y un escaneado r\u00e1pido perfecto para entornos de sobremesa.\" \/>\n<meta name=\"robots\" content=\"index, follow, max-snippet:-1, max-image-preview:large, max-video-preview:-1\" \/>\n<link rel=\"canonical\" href=\"https:\/\/www.nexoit.com.uy\/web\/tienda\/escaneres-fujitsu\/escaneres-departamentales\/scanner-fi-7140\/\" \/>\n<meta property=\"og:locale\" content=\"es_ES\" \/>\n<meta property=\"og:type\" content=\"article\" \/>\n<meta property=\"og:title\" content=\"Esc\u00e1ner Fujitsu FI-7140 - NEXO IT\" \/>\n<meta property=\"og:description\" content=\"Este scanner presenta un dise\u00f1o compacto y un escaneado r\u00e1pido perfecto para entornos de sobremesa.\" \/>\n<meta property=\"og:url\" content=\"https:\/\/www.nexoit.com.uy\/web\/tienda\/escaneres-fujitsu\/escaneres-departamentales\/scanner-fi-7140\/\" \/>\n<meta property=\"og:site_name\" content=\"NEXO IT\" \/>\n<meta property=\"article:modified_time\" content=\"2017-12-07T16:18:19+00:00\" \/>\n<meta property=\"og:image\" content=\"https:\/\/www.nexoit.com.uy\/web\/wp-content\/uploads\/2017\/12\/scanner-fi-7140.jpg\" \/>\n\t<meta property=\"og:image:width\" content=\"800\" \/>\n\t<meta property=\"og:image:height\" content=\"800\" \/>\n\t<meta property=\"og:image:type\" content=\"image\/jpeg\" \/>\n<script type=\"application\/ld+json\" class=\"yoast-schema-graph\">{\"@context\":\"https:\/\/schema.org\",\"@graph\":[{\"@type\":\"WebPage\",\"@id\":\"https:\/\/www.nexoit.com.uy\/web\/tienda\/escaneres-fujitsu\/escaneres-departamentales\/scanner-fi-7140\/\",\"url\":\"https:\/\/www.nexoit.com.uy\/web\/tienda\/escaneres-fujitsu\/escaneres-departamentales\/scanner-fi-7140\/\",\"name\":\"Esc\u00e1ner Fujitsu FI-7140 - NEXO IT\",\"isPartOf\":{\"@id\":\"https:\/\/www.nexoit.com.uy\/web\/#website\"},\"datePublished\":\"2017-12-07T15:22:46+00:00\",\"dateModified\":\"2017-12-07T16:18:19+00:00\",\"description\":\"Este scanner presenta un dise\u00f1o compacto y un escaneado r\u00e1pido perfecto para entornos de sobremesa.\",\"breadcrumb\":{\"@id\":\"https:\/\/www.nexoit.com.uy\/web\/tienda\/escaneres-fujitsu\/escaneres-departamentales\/scanner-fi-7140\/#breadcrumb\"},\"inLanguage\":\"es\",\"potentialAction\":[{\"@type\":\"ReadAction\",\"target\":[\"https:\/\/www.nexoit.com.uy\/web\/tienda\/escaneres-fujitsu\/escaneres-departamentales\/scanner-fi-7140\/\"]}]},{\"@type\":\"BreadcrumbList\",\"@id\":\"https:\/\/www.nexoit.com.uy\/web\/tienda\/escaneres-fujitsu\/escaneres-departamentales\/scanner-fi-7140\/#breadcrumb\",\"itemListElement\":[{\"@type\":\"ListItem\",\"position\":1,\"name\":\"Portada\",\"item\":\"https:\/\/www.nexoit.com.uy\/web\/\"},{\"@type\":\"ListItem\",\"position\":2,\"name\":\"Esc\u00e1ner Fujitsu FI-7140\"}]},{\"@type\":\"WebSite\",\"@id\":\"https:\/\/www.nexoit.com.uy\/web\/#website\",\"url\":\"https:\/\/www.nexoit.com.uy\/web\/\",\"name\":\"NEXO IT\",\"description\":\"Expertos en gesti\u00f3n documental\",\"potentialAction\":[{\"@type\":\"SearchAction\",\"target\":{\"@type\":\"EntryPoint\",\"urlTemplate\":\"https:\/\/www.nexoit.com.uy\/web\/?s={search_term_string}\"},\"query-input\":\"required name=search_term_string\"}],\"inLanguage\":\"es\"}]}<\/script>\n<!-- \/ Yoast SEO plugin. -->","yoast_head_json":{"title":"Esc\u00e1ner Fujitsu FI-7140 - NEXO IT","description":"Este scanner presenta un dise\u00f1o compacto y un escaneado r\u00e1pido perfecto para entornos de sobremesa.","robots":{"index":"index","follow":"follow","max-snippet":"max-snippet:-1","max-image-preview":"max-image-preview:large","max-video-preview":"max-video-preview:-1"},"canonical":"https:\/\/www.nexoit.com.uy\/web\/tienda\/escaneres-fujitsu\/escaneres-departamentales\/scanner-fi-7140\/","og_locale":"es_ES","og_type":"article","og_title":"Esc\u00e1ner Fujitsu FI-7140 - NEXO IT","og_description":"Este scanner presenta un dise\u00f1o compacto y un escaneado r\u00e1pido perfecto para entornos de sobremesa.","og_url":"https:\/\/www.nexoit.com.uy\/web\/tienda\/escaneres-fujitsu\/escaneres-departamentales\/scanner-fi-7140\/","og_site_name":"NEXO IT","article_modified_time":"2017-12-07T16:18:19+00:00","og_image":[{"width":800,"height":800,"url":"https:\/\/www.nexoit.com.uy\/web\/wp-content\/uploads\/2017\/12\/scanner-fi-7140.jpg","type":"image\/jpeg"}],"schema":{"@context":"https:\/\/schema.org","@graph":[{"@type":"WebPage","@id":"https:\/\/www.nexoit.com.uy\/web\/tienda\/escaneres-fujitsu\/escaneres-departamentales\/scanner-fi-7140\/","url":"https:\/\/www.nexoit.com.uy\/web\/tienda\/escaneres-fujitsu\/escaneres-departamentales\/scanner-fi-7140\/","name":"Esc\u00e1ner Fujitsu FI-7140 - NEXO IT","isPartOf":{"@id":"https:\/\/www.nexoit.com.uy\/web\/#website"},"datePublished":"2017-12-07T15:22:46+00:00","dateModified":"2017-12-07T16:18:19+00:00","description":"Este scanner presenta un dise\u00f1o compacto y un escaneado r\u00e1pido perfecto para entornos de sobremesa.","breadcrumb":{"@id":"https:\/\/www.nexoit.com.uy\/web\/tienda\/escaneres-fujitsu\/escaneres-departamentales\/scanner-fi-7140\/#breadcrumb"},"inLanguage":"es","potentialAction":[{"@type":"ReadAction","target":["https:\/\/www.nexoit.com.uy\/web\/tienda\/escaneres-fujitsu\/escaneres-departamentales\/scanner-fi-7140\/"]}]},{"@type":"BreadcrumbList","@id":"https:\/\/www.nexoit.com.uy\/web\/tienda\/escaneres-fujitsu\/escaneres-departamentales\/scanner-fi-7140\/#breadcrumb","itemListElement":[{"@type":"ListItem","position":1,"name":"Portada","item":"https:\/\/www.nexoit.com.uy\/web\/"},{"@type":"ListItem","position":2,"name":"Esc\u00e1ner Fujitsu FI-7140"}]},{"@type":"WebSite","@id":"https:\/\/www.nexoit.com.uy\/web\/#website","url":"https:\/\/www.nexoit.com.uy\/web\/","name":"NEXO IT","description":"Expertos en gesti\u00f3n documental","potentialAction":[{"@type":"SearchAction","target":{"@type":"EntryPoint","urlTemplate":"https:\/\/www.nexoit.com.uy\/web\/?s={search_term_string}"},"query-input":"required name=search_term_string"}],"inLanguage":"es"}]}},"_links":{"self":[{"href":"https:\/\/www.nexoit.com.uy\/web\/wp-json\/wp\/v2\/product\/726"}],"collection":[{"href":"https:\/\/www.nexoit.com.uy\/web\/wp-json\/wp\/v2\/product"}],"about":[{"href":"https:\/\/www.nexoit.com.uy\/web\/wp-json\/wp\/v2\/types\/product"}],"replies":[{"embeddable":true,"href":"https:\/\/www.nexoit.com.uy\/web\/wp-json\/wp\/v2\/comments?post=726"}],"wp:featuredmedia":[{"embeddable":true,"href":"https:\/\/www.nexoit.com.uy\/web\/wp-json\/wp\/v2\/media\/727"}],"wp:attachment":[{"href":"https:\/\/www.nexoit.com.uy\/web\/wp-json\/wp\/v2\/media?parent=726"}],"wp:term":[{"taxonomy":"product_cat","embeddable":true,"href":"https:\/\/www.nexoit.com.uy\/web\/wp-json\/wp\/v2\/product_cat?post=726"},{"taxonomy":"product_tag","embeddable":true,"href":"https:\/\/www.nexoit.com.uy\/web\/wp-json\/wp\/v2\/product_tag?post=726"}],"curies":[{"name":"wp","href":"https:\/\/api.w.org\/{rel}","templated":true}]}}