{"id":712,"date":"2017-12-06T16:30:12","date_gmt":"2017-12-06T19:30:12","guid":{"rendered":"http:\/\/nexoit.com.uy\/web\/?post_type=product&#038;p=712"},"modified":"2019-06-28T15:53:10","modified_gmt":"2019-06-28T18:53:10","slug":"scanner-fi-7700","status":"publish","type":"product","link":"https:\/\/www.nexoit.com.uy\/web\/tienda\/escaneres-fujitsu\/escaneres-produccion-red\/scanner-fi-7700\/","title":{"rendered":"Esc\u00e1ner Fujitsu FI-7700"},"content":{"rendered":"<h6>Esc\u00e1ner profesional de altas prestaciones<\/h6>\n<p>El fi-7700 permite escanear documentos en formato A4 horizontal a 100\u00a0ppm\/200\u00a0ipm (200\/300\u00a0ppp).<\/p>\n<ul>\n<li>Escaneado r\u00e1pido: hasta 100\u00a0ppm en color o en blanco y negro, horizontal<\/li>\n<li>Alimentador autom\u00e1tico con una capacidad de hasta 300 hojas<\/li>\n<li>Compatible con varios grosores y tama\u00f1os<\/li>\n<li><\/li>\n<li>Dise\u00f1o flexible y panel LCD para facilitar su uso<\/li>\n<li>Gu\u00edas laterales independientes que permiten alinear f\u00e1cilmente documentos de diferentes tama\u00f1os<\/li>\n<li>Incluye PaperStream IP\u00a0(TWAIN\/ISIS) y\u00a0 PaperStream Capture<\/li>\n<\/ul>\n<p><iframe loading=\"lazy\" width=\"560\" height=\"315\" src=\"https:\/\/www.youtube.com\/embed\/MNe3Zcayvf8\" frameborder=\"0\" allow=\"accelerometer; autoplay; encrypted-media; gyroscope; picture-in-picture\" allowfullscreen><\/iframe><\/p>\n","protected":false},"excerpt":{"rendered":"<p>Esc\u00e1ner profesional de altas prestaciones El fi-7700 permite escanear documentos en formato A4 horizontal a 100\u00a0ppm\/200\u00a0ipm (200\/300\u00a0ppp). Escaneado r\u00e1pido: hasta 100\u00a0ppm en color o en blanco y negro, horizontal Alimentador autom\u00e1tico con una capacidad de hasta 300 hojas Compatible con varios grosores y tama\u00f1os Dise\u00f1o flexible y panel LCD para facilitar su uso Gu\u00edas laterales [&hellip;]<\/p>\n","protected":false},"featured_media":713,"comment_status":"closed","ping_status":"closed","template":"","meta":[],"product_cat":[13,14],"product_tag":[],"yoast_head":"<!-- This site is optimized with the Yoast SEO plugin v20.10 - https:\/\/yoast.com\/wordpress\/plugins\/seo\/ -->\n<title>Esc\u00e1ner Fujitsu FI-7700 - NEXO IT<\/title>\n<meta name=\"description\" content=\"El scanner fi-7700 permite escanear documentos en formato A4 horizontal a 100\u00a0ppm\/200\u00a0ipm (200\/300\u00a0ppp).\" \/>\n<meta name=\"robots\" content=\"index, follow, max-snippet:-1, max-image-preview:large, max-video-preview:-1\" \/>\n<link rel=\"canonical\" href=\"https:\/\/www.nexoit.com.uy\/web\/tienda\/escaneres-fujitsu\/escaneres-produccion-red\/scanner-fi-7700\/\" \/>\n<meta property=\"og:locale\" content=\"es_ES\" \/>\n<meta property=\"og:type\" content=\"article\" \/>\n<meta property=\"og:title\" content=\"Esc\u00e1ner Fujitsu FI-7700 - NEXO IT\" \/>\n<meta property=\"og:description\" content=\"El scanner fi-7700 permite escanear documentos en formato A4 horizontal a 100\u00a0ppm\/200\u00a0ipm (200\/300\u00a0ppp).\" \/>\n<meta property=\"og:url\" content=\"https:\/\/www.nexoit.com.uy\/web\/tienda\/escaneres-fujitsu\/escaneres-produccion-red\/scanner-fi-7700\/\" \/>\n<meta property=\"og:site_name\" content=\"NEXO IT\" \/>\n<meta property=\"article:modified_time\" content=\"2019-06-28T18:53:10+00:00\" \/>\n<meta property=\"og:image\" content=\"https:\/\/www.nexoit.com.uy\/web\/wp-content\/uploads\/2017\/12\/scanner-FI7700.jpg\" \/>\n\t<meta property=\"og:image:width\" content=\"496\" \/>\n\t<meta property=\"og:image:height\" content=\"496\" \/>\n\t<meta property=\"og:image:type\" content=\"image\/jpeg\" \/>\n<script type=\"application\/ld+json\" class=\"yoast-schema-graph\">{\"@context\":\"https:\/\/schema.org\",\"@graph\":[{\"@type\":\"WebPage\",\"@id\":\"https:\/\/www.nexoit.com.uy\/web\/tienda\/escaneres-fujitsu\/escaneres-produccion-red\/scanner-fi-7700\/\",\"url\":\"https:\/\/www.nexoit.com.uy\/web\/tienda\/escaneres-fujitsu\/escaneres-produccion-red\/scanner-fi-7700\/\",\"name\":\"Esc\u00e1ner Fujitsu FI-7700 - NEXO IT\",\"isPartOf\":{\"@id\":\"https:\/\/www.nexoit.com.uy\/web\/#website\"},\"datePublished\":\"2017-12-06T19:30:12+00:00\",\"dateModified\":\"2019-06-28T18:53:10+00:00\",\"description\":\"El scanner fi-7700 permite escanear documentos en formato A4 horizontal a 100\u00a0ppm\/200\u00a0ipm (200\/300\u00a0ppp).\",\"breadcrumb\":{\"@id\":\"https:\/\/www.nexoit.com.uy\/web\/tienda\/escaneres-fujitsu\/escaneres-produccion-red\/scanner-fi-7700\/#breadcrumb\"},\"inLanguage\":\"es\",\"potentialAction\":[{\"@type\":\"ReadAction\",\"target\":[\"https:\/\/www.nexoit.com.uy\/web\/tienda\/escaneres-fujitsu\/escaneres-produccion-red\/scanner-fi-7700\/\"]}]},{\"@type\":\"BreadcrumbList\",\"@id\":\"https:\/\/www.nexoit.com.uy\/web\/tienda\/escaneres-fujitsu\/escaneres-produccion-red\/scanner-fi-7700\/#breadcrumb\",\"itemListElement\":[{\"@type\":\"ListItem\",\"position\":1,\"name\":\"Portada\",\"item\":\"https:\/\/www.nexoit.com.uy\/web\/\"},{\"@type\":\"ListItem\",\"position\":2,\"name\":\"Esc\u00e1ner Fujitsu FI-7700\"}]},{\"@type\":\"WebSite\",\"@id\":\"https:\/\/www.nexoit.com.uy\/web\/#website\",\"url\":\"https:\/\/www.nexoit.com.uy\/web\/\",\"name\":\"NEXO IT\",\"description\":\"Expertos en gesti\u00f3n documental\",\"potentialAction\":[{\"@type\":\"SearchAction\",\"target\":{\"@type\":\"EntryPoint\",\"urlTemplate\":\"https:\/\/www.nexoit.com.uy\/web\/?s={search_term_string}\"},\"query-input\":\"required name=search_term_string\"}],\"inLanguage\":\"es\"}]}<\/script>\n<!-- \/ Yoast SEO plugin. -->","yoast_head_json":{"title":"Esc\u00e1ner Fujitsu FI-7700 - NEXO IT","description":"El scanner fi-7700 permite escanear documentos en formato A4 horizontal a 100\u00a0ppm\/200\u00a0ipm (200\/300\u00a0ppp).","robots":{"index":"index","follow":"follow","max-snippet":"max-snippet:-1","max-image-preview":"max-image-preview:large","max-video-preview":"max-video-preview:-1"},"canonical":"https:\/\/www.nexoit.com.uy\/web\/tienda\/escaneres-fujitsu\/escaneres-produccion-red\/scanner-fi-7700\/","og_locale":"es_ES","og_type":"article","og_title":"Esc\u00e1ner Fujitsu FI-7700 - NEXO IT","og_description":"El scanner fi-7700 permite escanear documentos en formato A4 horizontal a 100\u00a0ppm\/200\u00a0ipm (200\/300\u00a0ppp).","og_url":"https:\/\/www.nexoit.com.uy\/web\/tienda\/escaneres-fujitsu\/escaneres-produccion-red\/scanner-fi-7700\/","og_site_name":"NEXO IT","article_modified_time":"2019-06-28T18:53:10+00:00","og_image":[{"width":496,"height":496,"url":"https:\/\/www.nexoit.com.uy\/web\/wp-content\/uploads\/2017\/12\/scanner-FI7700.jpg","type":"image\/jpeg"}],"schema":{"@context":"https:\/\/schema.org","@graph":[{"@type":"WebPage","@id":"https:\/\/www.nexoit.com.uy\/web\/tienda\/escaneres-fujitsu\/escaneres-produccion-red\/scanner-fi-7700\/","url":"https:\/\/www.nexoit.com.uy\/web\/tienda\/escaneres-fujitsu\/escaneres-produccion-red\/scanner-fi-7700\/","name":"Esc\u00e1ner Fujitsu FI-7700 - NEXO IT","isPartOf":{"@id":"https:\/\/www.nexoit.com.uy\/web\/#website"},"datePublished":"2017-12-06T19:30:12+00:00","dateModified":"2019-06-28T18:53:10+00:00","description":"El scanner fi-7700 permite escanear documentos en formato A4 horizontal a 100\u00a0ppm\/200\u00a0ipm (200\/300\u00a0ppp).","breadcrumb":{"@id":"https:\/\/www.nexoit.com.uy\/web\/tienda\/escaneres-fujitsu\/escaneres-produccion-red\/scanner-fi-7700\/#breadcrumb"},"inLanguage":"es","potentialAction":[{"@type":"ReadAction","target":["https:\/\/www.nexoit.com.uy\/web\/tienda\/escaneres-fujitsu\/escaneres-produccion-red\/scanner-fi-7700\/"]}]},{"@type":"BreadcrumbList","@id":"https:\/\/www.nexoit.com.uy\/web\/tienda\/escaneres-fujitsu\/escaneres-produccion-red\/scanner-fi-7700\/#breadcrumb","itemListElement":[{"@type":"ListItem","position":1,"name":"Portada","item":"https:\/\/www.nexoit.com.uy\/web\/"},{"@type":"ListItem","position":2,"name":"Esc\u00e1ner Fujitsu FI-7700"}]},{"@type":"WebSite","@id":"https:\/\/www.nexoit.com.uy\/web\/#website","url":"https:\/\/www.nexoit.com.uy\/web\/","name":"NEXO IT","description":"Expertos en gesti\u00f3n documental","potentialAction":[{"@type":"SearchAction","target":{"@type":"EntryPoint","urlTemplate":"https:\/\/www.nexoit.com.uy\/web\/?s={search_term_string}"},"query-input":"required name=search_term_string"}],"inLanguage":"es"}]}},"_links":{"self":[{"href":"https:\/\/www.nexoit.com.uy\/web\/wp-json\/wp\/v2\/product\/712"}],"collection":[{"href":"https:\/\/www.nexoit.com.uy\/web\/wp-json\/wp\/v2\/product"}],"about":[{"href":"https:\/\/www.nexoit.com.uy\/web\/wp-json\/wp\/v2\/types\/product"}],"replies":[{"embeddable":true,"href":"https:\/\/www.nexoit.com.uy\/web\/wp-json\/wp\/v2\/comments?post=712"}],"wp:featuredmedia":[{"embeddable":true,"href":"https:\/\/www.nexoit.com.uy\/web\/wp-json\/wp\/v2\/media\/713"}],"wp:attachment":[{"href":"https:\/\/www.nexoit.com.uy\/web\/wp-json\/wp\/v2\/media?parent=712"}],"wp:term":[{"taxonomy":"product_cat","embeddable":true,"href":"https:\/\/www.nexoit.com.uy\/web\/wp-json\/wp\/v2\/product_cat?post=712"},{"taxonomy":"product_tag","embeddable":true,"href":"https:\/\/www.nexoit.com.uy\/web\/wp-json\/wp\/v2\/product_tag?post=712"}],"curies":[{"name":"wp","href":"https:\/\/api.w.org\/{rel}","templated":true}]}}