{"id":709,"date":"2017-12-06T16:04:47","date_gmt":"2017-12-06T19:04:47","guid":{"rendered":"http:\/\/nexoit.com.uy\/web\/?post_type=product&#038;p=709"},"modified":"2019-06-28T15:52:19","modified_gmt":"2019-06-28T18:52:19","slug":"escaner-fi-7600","status":"publish","type":"product","link":"https:\/\/www.nexoit.com.uy\/web\/tienda\/escaneres-fujitsu\/escaneres-produccion-red\/escaner-fi-7600\/","title":{"rendered":"Esc\u00e1ner Fujitsu FI-7600"},"content":{"rendered":"<p>El fi-7600 permite escanear documentos A4 en horizontal a 100\u00a0ppm\/200\u00a0ipm (200\/300\u00a0ppp). El esc\u00e1ner es apto para escanear de forma continua ya que permite cargar hasta 300 hojas a la vez, lo que permite ahorrar tiempo al digitalizar grandes vol\u00famenes de documentos. Adem\u00e1s, permite escanear desde documentos de papel finos, sobres, tarjetas de pl\u00e1stico hasta documentos de p\u00e1ginas extra largas.<\/p>\n<ul>\n<li>Escaneado r\u00e1pido: hasta 100\u00a0ppm en color o en blanco y negro, horizontal<\/li>\n<li>Alimentador autom\u00e1tico con una capacidad de hasta 300 hojas<\/li>\n<li>Compatible con varios grosores y tama\u00f1os<\/li>\n<li>Funci\u00f3n Paper Protect que se encarga de detener el proceso de digitalizaci\u00f3n cuando se detectan anomal\u00edas de sonido (gracias a iSOP: Intelligent Sonic Paper Protection) o en la longitud del documento<\/li>\n<li>Panel LCD para facilitar el uso<\/li>\n<li>Gu\u00edas laterales independientes que permiten alinear f\u00e1cilmente documentos de tama\u00f1os diferentes<\/li>\n<li>Incluye\u00a0 PaperStream IP(TWAIN\/ISIS) y PaperStream Capture<\/li>\n<\/ul>\n<p>&nbsp;<\/p>\n<p><iframe loading=\"lazy\" width=\"560\" height=\"315\" src=\"https:\/\/www.youtube.com\/embed\/MNe3Zcayvf8\" frameborder=\"0\" allow=\"accelerometer; autoplay; encrypted-media; gyroscope; picture-in-picture\" allowfullscreen><\/iframe><\/p>\n","protected":false},"excerpt":{"rendered":"<p>El fi-7600 permite escanear documentos A4 en horizontal a 100\u00a0ppm\/200\u00a0ipm (200\/300\u00a0ppp). El esc\u00e1ner es apto para escanear de forma continua ya que permite cargar hasta 300 hojas a la vez, lo que permite ahorrar tiempo al digitalizar grandes vol\u00famenes de documentos. Adem\u00e1s, permite escanear desde documentos de papel finos, sobres, tarjetas de pl\u00e1stico hasta documentos [&hellip;]<\/p>\n","protected":false},"featured_media":711,"comment_status":"closed","ping_status":"closed","template":"","meta":[],"product_cat":[13,14],"product_tag":[],"yoast_head":"<!-- This site is optimized with the Yoast SEO plugin v20.10 - https:\/\/yoast.com\/wordpress\/plugins\/seo\/ -->\n<title>Esc\u00e1ner Fujitsu FI-7600 - NEXO IT<\/title>\n<meta name=\"description\" content=\"El scanner FI-7600 es capaz de digitalizar grandes vol\u00famenes de documentos de diferentes grosores y tama\u00f1os.\" \/>\n<meta name=\"robots\" content=\"index, follow, max-snippet:-1, max-image-preview:large, max-video-preview:-1\" \/>\n<link rel=\"canonical\" href=\"https:\/\/www.nexoit.com.uy\/web\/tienda\/escaneres-fujitsu\/escaneres-produccion-red\/escaner-fi-7600\/\" \/>\n<meta property=\"og:locale\" content=\"es_ES\" \/>\n<meta property=\"og:type\" content=\"article\" \/>\n<meta property=\"og:title\" content=\"Esc\u00e1ner Fujitsu FI-7600 - NEXO IT\" \/>\n<meta property=\"og:description\" content=\"El scanner FI-7600 es capaz de digitalizar grandes vol\u00famenes de documentos de diferentes grosores y tama\u00f1os.\" \/>\n<meta property=\"og:url\" content=\"https:\/\/www.nexoit.com.uy\/web\/tienda\/escaneres-fujitsu\/escaneres-produccion-red\/escaner-fi-7600\/\" \/>\n<meta property=\"og:site_name\" content=\"NEXO IT\" \/>\n<meta property=\"article:modified_time\" content=\"2019-06-28T18:52:19+00:00\" \/>\n<meta property=\"og:image\" content=\"https:\/\/www.nexoit.com.uy\/web\/wp-content\/uploads\/2017\/12\/scanner-FI7600.jpg\" \/>\n\t<meta property=\"og:image:width\" content=\"503\" \/>\n\t<meta property=\"og:image:height\" content=\"503\" \/>\n\t<meta property=\"og:image:type\" content=\"image\/jpeg\" \/>\n<meta name=\"twitter:label1\" content=\"Tiempo de lectura\" \/>\n\t<meta name=\"twitter:data1\" content=\"1 minuto\" \/>\n<script type=\"application\/ld+json\" class=\"yoast-schema-graph\">{\"@context\":\"https:\/\/schema.org\",\"@graph\":[{\"@type\":\"WebPage\",\"@id\":\"https:\/\/www.nexoit.com.uy\/web\/tienda\/escaneres-fujitsu\/escaneres-produccion-red\/escaner-fi-7600\/\",\"url\":\"https:\/\/www.nexoit.com.uy\/web\/tienda\/escaneres-fujitsu\/escaneres-produccion-red\/escaner-fi-7600\/\",\"name\":\"Esc\u00e1ner Fujitsu FI-7600 - NEXO IT\",\"isPartOf\":{\"@id\":\"https:\/\/www.nexoit.com.uy\/web\/#website\"},\"datePublished\":\"2017-12-06T19:04:47+00:00\",\"dateModified\":\"2019-06-28T18:52:19+00:00\",\"description\":\"El scanner FI-7600 es capaz de digitalizar grandes vol\u00famenes de documentos de diferentes grosores y tama\u00f1os.\",\"breadcrumb\":{\"@id\":\"https:\/\/www.nexoit.com.uy\/web\/tienda\/escaneres-fujitsu\/escaneres-produccion-red\/escaner-fi-7600\/#breadcrumb\"},\"inLanguage\":\"es\",\"potentialAction\":[{\"@type\":\"ReadAction\",\"target\":[\"https:\/\/www.nexoit.com.uy\/web\/tienda\/escaneres-fujitsu\/escaneres-produccion-red\/escaner-fi-7600\/\"]}]},{\"@type\":\"BreadcrumbList\",\"@id\":\"https:\/\/www.nexoit.com.uy\/web\/tienda\/escaneres-fujitsu\/escaneres-produccion-red\/escaner-fi-7600\/#breadcrumb\",\"itemListElement\":[{\"@type\":\"ListItem\",\"position\":1,\"name\":\"Portada\",\"item\":\"https:\/\/www.nexoit.com.uy\/web\/\"},{\"@type\":\"ListItem\",\"position\":2,\"name\":\"Esc\u00e1ner Fujitsu FI-7600\"}]},{\"@type\":\"WebSite\",\"@id\":\"https:\/\/www.nexoit.com.uy\/web\/#website\",\"url\":\"https:\/\/www.nexoit.com.uy\/web\/\",\"name\":\"NEXO IT\",\"description\":\"Expertos en gesti\u00f3n documental\",\"potentialAction\":[{\"@type\":\"SearchAction\",\"target\":{\"@type\":\"EntryPoint\",\"urlTemplate\":\"https:\/\/www.nexoit.com.uy\/web\/?s={search_term_string}\"},\"query-input\":\"required name=search_term_string\"}],\"inLanguage\":\"es\"}]}<\/script>\n<!-- \/ Yoast SEO plugin. -->","yoast_head_json":{"title":"Esc\u00e1ner Fujitsu FI-7600 - NEXO IT","description":"El scanner FI-7600 es capaz de digitalizar grandes vol\u00famenes de documentos de diferentes grosores y tama\u00f1os.","robots":{"index":"index","follow":"follow","max-snippet":"max-snippet:-1","max-image-preview":"max-image-preview:large","max-video-preview":"max-video-preview:-1"},"canonical":"https:\/\/www.nexoit.com.uy\/web\/tienda\/escaneres-fujitsu\/escaneres-produccion-red\/escaner-fi-7600\/","og_locale":"es_ES","og_type":"article","og_title":"Esc\u00e1ner Fujitsu FI-7600 - NEXO IT","og_description":"El scanner FI-7600 es capaz de digitalizar grandes vol\u00famenes de documentos de diferentes grosores y tama\u00f1os.","og_url":"https:\/\/www.nexoit.com.uy\/web\/tienda\/escaneres-fujitsu\/escaneres-produccion-red\/escaner-fi-7600\/","og_site_name":"NEXO IT","article_modified_time":"2019-06-28T18:52:19+00:00","og_image":[{"width":503,"height":503,"url":"https:\/\/www.nexoit.com.uy\/web\/wp-content\/uploads\/2017\/12\/scanner-FI7600.jpg","type":"image\/jpeg"}],"twitter_misc":{"Tiempo de lectura":"1 minuto"},"schema":{"@context":"https:\/\/schema.org","@graph":[{"@type":"WebPage","@id":"https:\/\/www.nexoit.com.uy\/web\/tienda\/escaneres-fujitsu\/escaneres-produccion-red\/escaner-fi-7600\/","url":"https:\/\/www.nexoit.com.uy\/web\/tienda\/escaneres-fujitsu\/escaneres-produccion-red\/escaner-fi-7600\/","name":"Esc\u00e1ner Fujitsu FI-7600 - NEXO IT","isPartOf":{"@id":"https:\/\/www.nexoit.com.uy\/web\/#website"},"datePublished":"2017-12-06T19:04:47+00:00","dateModified":"2019-06-28T18:52:19+00:00","description":"El scanner FI-7600 es capaz de digitalizar grandes vol\u00famenes de documentos de diferentes grosores y tama\u00f1os.","breadcrumb":{"@id":"https:\/\/www.nexoit.com.uy\/web\/tienda\/escaneres-fujitsu\/escaneres-produccion-red\/escaner-fi-7600\/#breadcrumb"},"inLanguage":"es","potentialAction":[{"@type":"ReadAction","target":["https:\/\/www.nexoit.com.uy\/web\/tienda\/escaneres-fujitsu\/escaneres-produccion-red\/escaner-fi-7600\/"]}]},{"@type":"BreadcrumbList","@id":"https:\/\/www.nexoit.com.uy\/web\/tienda\/escaneres-fujitsu\/escaneres-produccion-red\/escaner-fi-7600\/#breadcrumb","itemListElement":[{"@type":"ListItem","position":1,"name":"Portada","item":"https:\/\/www.nexoit.com.uy\/web\/"},{"@type":"ListItem","position":2,"name":"Esc\u00e1ner Fujitsu FI-7600"}]},{"@type":"WebSite","@id":"https:\/\/www.nexoit.com.uy\/web\/#website","url":"https:\/\/www.nexoit.com.uy\/web\/","name":"NEXO IT","description":"Expertos en gesti\u00f3n documental","potentialAction":[{"@type":"SearchAction","target":{"@type":"EntryPoint","urlTemplate":"https:\/\/www.nexoit.com.uy\/web\/?s={search_term_string}"},"query-input":"required name=search_term_string"}],"inLanguage":"es"}]}},"_links":{"self":[{"href":"https:\/\/www.nexoit.com.uy\/web\/wp-json\/wp\/v2\/product\/709"}],"collection":[{"href":"https:\/\/www.nexoit.com.uy\/web\/wp-json\/wp\/v2\/product"}],"about":[{"href":"https:\/\/www.nexoit.com.uy\/web\/wp-json\/wp\/v2\/types\/product"}],"replies":[{"embeddable":true,"href":"https:\/\/www.nexoit.com.uy\/web\/wp-json\/wp\/v2\/comments?post=709"}],"wp:featuredmedia":[{"embeddable":true,"href":"https:\/\/www.nexoit.com.uy\/web\/wp-json\/wp\/v2\/media\/711"}],"wp:attachment":[{"href":"https:\/\/www.nexoit.com.uy\/web\/wp-json\/wp\/v2\/media?parent=709"}],"wp:term":[{"taxonomy":"product_cat","embeddable":true,"href":"https:\/\/www.nexoit.com.uy\/web\/wp-json\/wp\/v2\/product_cat?post=709"},{"taxonomy":"product_tag","embeddable":true,"href":"https:\/\/www.nexoit.com.uy\/web\/wp-json\/wp\/v2\/product_tag?post=709"}],"curies":[{"name":"wp","href":"https:\/\/api.w.org\/{rel}","templated":true}]}}