{"id":658,"date":"2017-05-11T11:39:25","date_gmt":"2017-05-11T14:39:25","guid":{"rendered":"http:\/\/nexoit.com.uy\/web\/?post_type=product&#038;p=658"},"modified":"2017-12-07T13:52:16","modified_gmt":"2017-12-07T16:52:16","slug":"scanner-book2net-kiosk-a2","status":"publish","type":"product","link":"https:\/\/www.nexoit.com.uy\/web\/tienda\/scanner-libros-book2net\/scanner-a2\/scanner-book2net-kiosk-a2\/","title":{"rendered":"Esc\u00e1ner Book2net Kiosk A2"},"content":{"rendered":"<p><strong>Book2net Kiosk &#8211; comprometidos con la calidad!<\/strong><\/p>\n<p>El <strong>Book2net\u00a0public\u00a0<\/strong>es uno de los scanners m\u00e1s vers\u00e1tiles y de \u00e9xito en el mercado internacional. Convence a los usuarios por su alta calidad y facilidad de uso, as\u00ed como su gran rentabilidad y durabilidad.<\/p>\n<p><strong>Book2net\u00a0public\u00a0II <\/strong>continua con su historia de \u00e9xito. Ahora equipado con la <strong>\u00faltima tecnolog\u00eda<\/strong> lanzada al mercado de\u00a0<strong>Sensores<\/strong>\u00a0<strong>Matrix<\/strong>, lentes de alta calidad, pantalla t\u00e1ctil de 23&#8243;, balanza de libros, sistema de iluminaci\u00f3n innovador y ecol\u00f3gico\u00a0LED as\u00ed como dise\u00f1o moderno, el\u00a0<strong>book2net\u00a0public\u00a0II\u00a0<\/strong>est\u00e1 fijando nuevos est\u00e1ndares tecnol\u00f3gicos en el mercado internacional.<\/p>\n<p>Nuestro software intuitivo y f\u00e1cil de usar<strong>\u00a0Easy Scan<\/strong>\u00a0fue complementado con dos nuevas funciones como &#8220;quita dedos en la imagen&#8221; y una interfaz de facturaci\u00f3n flexible.<\/p>\n<p>La\u00a0<strong>expansi\u00f3n<\/strong>\u00a0<strong>modular<\/strong>\u00a0con un potente software\u00a0OCR ,un sistema de contabilidad flexible\u00a0lo hacen un escaner completo para diferentes requisitos.<\/p>\n<p>La <strong>tecnolog\u00eda<\/strong> pionera de <strong>Sensores<\/strong>\u00a0<strong>Matrix<\/strong>\u00a0le provee una\u00a0<strong>profundidad de foco de<\/strong><strong>\u00a012 cm<\/strong>\u00a0con una resoluci\u00f3n de hasta\u00a0<strong>\u00a0600 dpi<\/strong>\u00a0asegurandole una calidad constante a una velocidad de escaneo de tan solo<strong>\u00a00.3 segundos<\/strong>\u00a0con un tiempo de proceso de tan solo\u00a02.2 segundos (digitalizar &#8211; imaging &#8211; guardar!).<\/p>\n<p>&nbsp;<\/p>\n","protected":false},"excerpt":{"rendered":"<p>Book2net Kiosk &#8211; comprometidos con la calidad! El Book2net\u00a0public\u00a0es uno de los scanners m\u00e1s vers\u00e1tiles y de \u00e9xito en el mercado internacional. Convence a los usuarios por su alta calidad y facilidad de uso, as\u00ed como su gran rentabilidad y durabilidad. Book2net\u00a0public\u00a0II continua con su historia de \u00e9xito. Ahora equipado con la \u00faltima tecnolog\u00eda lanzada [&hellip;]<\/p>\n","protected":false},"featured_media":644,"comment_status":"closed","ping_status":"closed","template":"","meta":[],"product_cat":[31,34],"product_tag":[],"yoast_head":"<!-- This site is optimized with the Yoast SEO plugin v20.10 - https:\/\/yoast.com\/wordpress\/plugins\/seo\/ -->\n<title>Esc\u00e1ner Book2net Kiosk A2 - NEXO IT<\/title>\n<meta name=\"description\" content=\"El scanner Book2net\u00a0public se caracteriza por su alta calidad y facilidad de uso, as\u00ed como su gran rentabilidad y durabilidad.\" \/>\n<meta name=\"robots\" content=\"index, follow, max-snippet:-1, max-image-preview:large, max-video-preview:-1\" \/>\n<link rel=\"canonical\" href=\"https:\/\/www.nexoit.com.uy\/web\/tienda\/scanner-libros-book2net\/scanner-a2\/scanner-book2net-kiosk-a2\/\" \/>\n<meta property=\"og:locale\" content=\"es_ES\" \/>\n<meta property=\"og:type\" content=\"article\" \/>\n<meta property=\"og:title\" content=\"Esc\u00e1ner Book2net Kiosk A2 - NEXO IT\" \/>\n<meta property=\"og:description\" content=\"El scanner Book2net\u00a0public se caracteriza por su alta calidad y facilidad de uso, as\u00ed como su gran rentabilidad y durabilidad.\" \/>\n<meta property=\"og:url\" content=\"https:\/\/www.nexoit.com.uy\/web\/tienda\/scanner-libros-book2net\/scanner-a2\/scanner-book2net-kiosk-a2\/\" \/>\n<meta property=\"og:site_name\" content=\"NEXO IT\" \/>\n<meta property=\"article:modified_time\" content=\"2017-12-07T16:52:16+00:00\" \/>\n<meta property=\"og:image\" content=\"https:\/\/www.nexoit.com.uy\/web\/wp-content\/uploads\/2017\/05\/book2net_kiosk_A2_book_scanner.jpg\" \/>\n\t<meta property=\"og:image:width\" content=\"630\" \/>\n\t<meta property=\"og:image:height\" content=\"640\" \/>\n\t<meta property=\"og:image:type\" content=\"image\/jpeg\" \/>\n<meta name=\"twitter:label1\" content=\"Tiempo de lectura\" \/>\n\t<meta name=\"twitter:data1\" content=\"1 minuto\" \/>\n<script type=\"application\/ld+json\" class=\"yoast-schema-graph\">{\"@context\":\"https:\/\/schema.org\",\"@graph\":[{\"@type\":\"WebPage\",\"@id\":\"https:\/\/www.nexoit.com.uy\/web\/tienda\/scanner-libros-book2net\/scanner-a2\/scanner-book2net-kiosk-a2\/\",\"url\":\"https:\/\/www.nexoit.com.uy\/web\/tienda\/scanner-libros-book2net\/scanner-a2\/scanner-book2net-kiosk-a2\/\",\"name\":\"Esc\u00e1ner Book2net Kiosk A2 - NEXO IT\",\"isPartOf\":{\"@id\":\"https:\/\/www.nexoit.com.uy\/web\/#website\"},\"datePublished\":\"2017-05-11T14:39:25+00:00\",\"dateModified\":\"2017-12-07T16:52:16+00:00\",\"description\":\"El scanner Book2net\u00a0public se caracteriza por su alta calidad y facilidad de uso, as\u00ed como su gran rentabilidad y durabilidad.\",\"breadcrumb\":{\"@id\":\"https:\/\/www.nexoit.com.uy\/web\/tienda\/scanner-libros-book2net\/scanner-a2\/scanner-book2net-kiosk-a2\/#breadcrumb\"},\"inLanguage\":\"es\",\"potentialAction\":[{\"@type\":\"ReadAction\",\"target\":[\"https:\/\/www.nexoit.com.uy\/web\/tienda\/scanner-libros-book2net\/scanner-a2\/scanner-book2net-kiosk-a2\/\"]}]},{\"@type\":\"BreadcrumbList\",\"@id\":\"https:\/\/www.nexoit.com.uy\/web\/tienda\/scanner-libros-book2net\/scanner-a2\/scanner-book2net-kiosk-a2\/#breadcrumb\",\"itemListElement\":[{\"@type\":\"ListItem\",\"position\":1,\"name\":\"Portada\",\"item\":\"https:\/\/www.nexoit.com.uy\/web\/\"},{\"@type\":\"ListItem\",\"position\":2,\"name\":\"Esc\u00e1ner Book2net Kiosk A2\"}]},{\"@type\":\"WebSite\",\"@id\":\"https:\/\/www.nexoit.com.uy\/web\/#website\",\"url\":\"https:\/\/www.nexoit.com.uy\/web\/\",\"name\":\"NEXO IT\",\"description\":\"Expertos en gesti\u00f3n documental\",\"potentialAction\":[{\"@type\":\"SearchAction\",\"target\":{\"@type\":\"EntryPoint\",\"urlTemplate\":\"https:\/\/www.nexoit.com.uy\/web\/?s={search_term_string}\"},\"query-input\":\"required name=search_term_string\"}],\"inLanguage\":\"es\"}]}<\/script>\n<!-- \/ Yoast SEO plugin. -->","yoast_head_json":{"title":"Esc\u00e1ner Book2net Kiosk A2 - NEXO IT","description":"El scanner Book2net\u00a0public se caracteriza por su alta calidad y facilidad de uso, as\u00ed como su gran rentabilidad y durabilidad.","robots":{"index":"index","follow":"follow","max-snippet":"max-snippet:-1","max-image-preview":"max-image-preview:large","max-video-preview":"max-video-preview:-1"},"canonical":"https:\/\/www.nexoit.com.uy\/web\/tienda\/scanner-libros-book2net\/scanner-a2\/scanner-book2net-kiosk-a2\/","og_locale":"es_ES","og_type":"article","og_title":"Esc\u00e1ner Book2net Kiosk A2 - NEXO IT","og_description":"El scanner Book2net\u00a0public se caracteriza por su alta calidad y facilidad de uso, as\u00ed como su gran rentabilidad y durabilidad.","og_url":"https:\/\/www.nexoit.com.uy\/web\/tienda\/scanner-libros-book2net\/scanner-a2\/scanner-book2net-kiosk-a2\/","og_site_name":"NEXO IT","article_modified_time":"2017-12-07T16:52:16+00:00","og_image":[{"width":630,"height":640,"url":"https:\/\/www.nexoit.com.uy\/web\/wp-content\/uploads\/2017\/05\/book2net_kiosk_A2_book_scanner.jpg","type":"image\/jpeg"}],"twitter_misc":{"Tiempo de lectura":"1 minuto"},"schema":{"@context":"https:\/\/schema.org","@graph":[{"@type":"WebPage","@id":"https:\/\/www.nexoit.com.uy\/web\/tienda\/scanner-libros-book2net\/scanner-a2\/scanner-book2net-kiosk-a2\/","url":"https:\/\/www.nexoit.com.uy\/web\/tienda\/scanner-libros-book2net\/scanner-a2\/scanner-book2net-kiosk-a2\/","name":"Esc\u00e1ner Book2net Kiosk A2 - NEXO IT","isPartOf":{"@id":"https:\/\/www.nexoit.com.uy\/web\/#website"},"datePublished":"2017-05-11T14:39:25+00:00","dateModified":"2017-12-07T16:52:16+00:00","description":"El scanner Book2net\u00a0public se caracteriza por su alta calidad y facilidad de uso, as\u00ed como su gran rentabilidad y durabilidad.","breadcrumb":{"@id":"https:\/\/www.nexoit.com.uy\/web\/tienda\/scanner-libros-book2net\/scanner-a2\/scanner-book2net-kiosk-a2\/#breadcrumb"},"inLanguage":"es","potentialAction":[{"@type":"ReadAction","target":["https:\/\/www.nexoit.com.uy\/web\/tienda\/scanner-libros-book2net\/scanner-a2\/scanner-book2net-kiosk-a2\/"]}]},{"@type":"BreadcrumbList","@id":"https:\/\/www.nexoit.com.uy\/web\/tienda\/scanner-libros-book2net\/scanner-a2\/scanner-book2net-kiosk-a2\/#breadcrumb","itemListElement":[{"@type":"ListItem","position":1,"name":"Portada","item":"https:\/\/www.nexoit.com.uy\/web\/"},{"@type":"ListItem","position":2,"name":"Esc\u00e1ner Book2net Kiosk A2"}]},{"@type":"WebSite","@id":"https:\/\/www.nexoit.com.uy\/web\/#website","url":"https:\/\/www.nexoit.com.uy\/web\/","name":"NEXO IT","description":"Expertos en gesti\u00f3n documental","potentialAction":[{"@type":"SearchAction","target":{"@type":"EntryPoint","urlTemplate":"https:\/\/www.nexoit.com.uy\/web\/?s={search_term_string}"},"query-input":"required name=search_term_string"}],"inLanguage":"es"}]}},"_links":{"self":[{"href":"https:\/\/www.nexoit.com.uy\/web\/wp-json\/wp\/v2\/product\/658"}],"collection":[{"href":"https:\/\/www.nexoit.com.uy\/web\/wp-json\/wp\/v2\/product"}],"about":[{"href":"https:\/\/www.nexoit.com.uy\/web\/wp-json\/wp\/v2\/types\/product"}],"replies":[{"embeddable":true,"href":"https:\/\/www.nexoit.com.uy\/web\/wp-json\/wp\/v2\/comments?post=658"}],"wp:featuredmedia":[{"embeddable":true,"href":"https:\/\/www.nexoit.com.uy\/web\/wp-json\/wp\/v2\/media\/644"}],"wp:attachment":[{"href":"https:\/\/www.nexoit.com.uy\/web\/wp-json\/wp\/v2\/media?parent=658"}],"wp:term":[{"taxonomy":"product_cat","embeddable":true,"href":"https:\/\/www.nexoit.com.uy\/web\/wp-json\/wp\/v2\/product_cat?post=658"},{"taxonomy":"product_tag","embeddable":true,"href":"https:\/\/www.nexoit.com.uy\/web\/wp-json\/wp\/v2\/product_tag?post=658"}],"curies":[{"name":"wp","href":"https:\/\/api.w.org\/{rel}","templated":true}]}}