{"id":654,"date":"2017-05-11T11:26:31","date_gmt":"2017-05-11T14:26:31","guid":{"rendered":"http:\/\/nexoit.com.uy\/web\/?post_type=product&#038;p=654"},"modified":"2017-12-07T13:55:28","modified_gmt":"2017-12-07T16:55:28","slug":"scanner-book2net-ultra-a2","status":"publish","type":"product","link":"https:\/\/www.nexoit.com.uy\/web\/tienda\/scanner-libros-book2net\/scanner-a2\/scanner-book2net-ultra-a2\/","title":{"rendered":"Esc\u00e1ner Book2net Ultra A2"},"content":{"rendered":"<p><strong>Esc\u00e1ner\u00a0de producci\u00f3n de alto rendimiento<\/strong><\/p>\n<p>El <strong>book2net ultra II<\/strong> ha tomado su lugar a nivel internacional como un\u00a0scanner de alto rendimiento en la digitalizaci\u00f3n masiva de libros y documentos en formato A2+. Dise\u00f1ado para el uso en el sector de centros de servicio de digitalizaci\u00f3n masiva. El <strong>book2net ultra II<\/strong> cumple con los requisitos espec\u00edficos de alto rendimiento, excelente calidad y gran durabilidad. Se ha enfocado en un dise\u00f1o robusto, con alta calidad, ergon\u00f3mico, ecol\u00f3gico y f\u00e1cil de usar.<\/p>\n<p>Equipado con lentes de alta calidad, unidad de iluminaci\u00f3n LED ecol\u00f3gica, cuna de auto-ajuste motorizada\u00a0y una placa de cristal de auto apertura combinamos en el modelo \u00a0<strong>book2net\u00a0ultra\u00a0II <\/strong>una productividad inigualable de gran calidad y muy f\u00e1cil de usar. Los componentes de precisi\u00f3n industrial y nuestros est\u00e1ndares aseguran una gran longevidad y rendimiento permitiendo un manejo suave y uniforme de todas las piezas m\u00f3viles. La balanza de libros, la placa de cristal y el sistema de iluminaci\u00f3n LED pueden ser adaptados a diferentes formatos y necesidades de forma precisa en cuesti\u00f3n de segundos.\u00a0De \u00e9sta manera se garantiza un flujo de trabajo ideal.<\/p>\n<p>La <strong>tecnolog\u00eda<\/strong> pionera de <strong>Sensores<\/strong>\u00a0<strong>Matrix <\/strong>le provee una profundidad \u00fanica de<strong>\u00a012 cm<\/strong>\u00a0con \u00a0una resoluci\u00f3n <strong>de hasta<\/strong>\u00a0<strong>600 dpi,<\/strong>\u00a0asegurando una calidad constante durante la digitalizaci\u00f3n a <strong>una velocidad<\/strong>\u00a0 de\u00a0 <strong>escaneo de tan solo 0.3 segundos<\/strong>\u00a0y un tiempo de proceso de tan solo 2.2 segundos (digitalizar &#8211; imaging &#8211; guardar!).<\/p>\n","protected":false},"excerpt":{"rendered":"<p>Esc\u00e1ner\u00a0de producci\u00f3n de alto rendimiento El book2net ultra II ha tomado su lugar a nivel internacional como un\u00a0scanner de alto rendimiento en la digitalizaci\u00f3n masiva de libros y documentos en formato A2+. Dise\u00f1ado para el uso en el sector de centros de servicio de digitalizaci\u00f3n masiva. El book2net ultra II cumple con los requisitos espec\u00edficos [&hellip;]<\/p>\n","protected":false},"featured_media":646,"comment_status":"closed","ping_status":"closed","template":"","meta":[],"product_cat":[31,34],"product_tag":[],"yoast_head":"<!-- This site is optimized with the Yoast SEO plugin v20.10 - https:\/\/yoast.com\/wordpress\/plugins\/seo\/ -->\n<title>Esc\u00e1ner Book2net Ultra A2 - NEXO IT<\/title>\n<meta name=\"description\" content=\"El\u00a0book2net ultra II\u00a0es un scanner de alto rendimiento en la digitalizaci\u00f3n masiva de libros y documentos en formato A2.\" \/>\n<meta name=\"robots\" content=\"index, follow, max-snippet:-1, max-image-preview:large, max-video-preview:-1\" \/>\n<link rel=\"canonical\" href=\"https:\/\/www.nexoit.com.uy\/web\/tienda\/scanner-libros-book2net\/scanner-a2\/scanner-book2net-ultra-a2\/\" \/>\n<meta property=\"og:locale\" content=\"es_ES\" \/>\n<meta property=\"og:type\" content=\"article\" \/>\n<meta property=\"og:title\" content=\"Esc\u00e1ner Book2net Ultra A2 - NEXO IT\" \/>\n<meta property=\"og:description\" content=\"El\u00a0book2net ultra II\u00a0es un scanner de alto rendimiento en la digitalizaci\u00f3n masiva de libros y documentos en formato A2.\" \/>\n<meta property=\"og:url\" content=\"https:\/\/www.nexoit.com.uy\/web\/tienda\/scanner-libros-book2net\/scanner-a2\/scanner-book2net-ultra-a2\/\" \/>\n<meta property=\"og:site_name\" content=\"NEXO IT\" \/>\n<meta property=\"article:modified_time\" content=\"2017-12-07T16:55:28+00:00\" \/>\n<meta property=\"og:image\" content=\"https:\/\/www.nexoit.com.uy\/web\/wp-content\/uploads\/2017\/05\/book2net_ultra_A2_book_scanner.jpg\" \/>\n\t<meta property=\"og:image:width\" content=\"630\" \/>\n\t<meta property=\"og:image:height\" content=\"640\" \/>\n\t<meta property=\"og:image:type\" content=\"image\/jpeg\" \/>\n<meta name=\"twitter:label1\" content=\"Tiempo de lectura\" \/>\n\t<meta name=\"twitter:data1\" content=\"1 minuto\" \/>\n<script type=\"application\/ld+json\" class=\"yoast-schema-graph\">{\"@context\":\"https:\/\/schema.org\",\"@graph\":[{\"@type\":\"WebPage\",\"@id\":\"https:\/\/www.nexoit.com.uy\/web\/tienda\/scanner-libros-book2net\/scanner-a2\/scanner-book2net-ultra-a2\/\",\"url\":\"https:\/\/www.nexoit.com.uy\/web\/tienda\/scanner-libros-book2net\/scanner-a2\/scanner-book2net-ultra-a2\/\",\"name\":\"Esc\u00e1ner Book2net Ultra A2 - NEXO IT\",\"isPartOf\":{\"@id\":\"https:\/\/www.nexoit.com.uy\/web\/#website\"},\"datePublished\":\"2017-05-11T14:26:31+00:00\",\"dateModified\":\"2017-12-07T16:55:28+00:00\",\"description\":\"El\u00a0book2net ultra II\u00a0es un scanner de alto rendimiento en la digitalizaci\u00f3n masiva de libros y documentos en formato A2.\",\"breadcrumb\":{\"@id\":\"https:\/\/www.nexoit.com.uy\/web\/tienda\/scanner-libros-book2net\/scanner-a2\/scanner-book2net-ultra-a2\/#breadcrumb\"},\"inLanguage\":\"es\",\"potentialAction\":[{\"@type\":\"ReadAction\",\"target\":[\"https:\/\/www.nexoit.com.uy\/web\/tienda\/scanner-libros-book2net\/scanner-a2\/scanner-book2net-ultra-a2\/\"]}]},{\"@type\":\"BreadcrumbList\",\"@id\":\"https:\/\/www.nexoit.com.uy\/web\/tienda\/scanner-libros-book2net\/scanner-a2\/scanner-book2net-ultra-a2\/#breadcrumb\",\"itemListElement\":[{\"@type\":\"ListItem\",\"position\":1,\"name\":\"Portada\",\"item\":\"https:\/\/www.nexoit.com.uy\/web\/\"},{\"@type\":\"ListItem\",\"position\":2,\"name\":\"Esc\u00e1ner Book2net Ultra A2\"}]},{\"@type\":\"WebSite\",\"@id\":\"https:\/\/www.nexoit.com.uy\/web\/#website\",\"url\":\"https:\/\/www.nexoit.com.uy\/web\/\",\"name\":\"NEXO IT\",\"description\":\"Expertos en gesti\u00f3n documental\",\"potentialAction\":[{\"@type\":\"SearchAction\",\"target\":{\"@type\":\"EntryPoint\",\"urlTemplate\":\"https:\/\/www.nexoit.com.uy\/web\/?s={search_term_string}\"},\"query-input\":\"required name=search_term_string\"}],\"inLanguage\":\"es\"}]}<\/script>\n<!-- \/ Yoast SEO plugin. -->","yoast_head_json":{"title":"Esc\u00e1ner Book2net Ultra A2 - NEXO IT","description":"El\u00a0book2net ultra II\u00a0es un scanner de alto rendimiento en la digitalizaci\u00f3n masiva de libros y documentos en formato A2.","robots":{"index":"index","follow":"follow","max-snippet":"max-snippet:-1","max-image-preview":"max-image-preview:large","max-video-preview":"max-video-preview:-1"},"canonical":"https:\/\/www.nexoit.com.uy\/web\/tienda\/scanner-libros-book2net\/scanner-a2\/scanner-book2net-ultra-a2\/","og_locale":"es_ES","og_type":"article","og_title":"Esc\u00e1ner Book2net Ultra A2 - NEXO IT","og_description":"El\u00a0book2net ultra II\u00a0es un scanner de alto rendimiento en la digitalizaci\u00f3n masiva de libros y documentos en formato A2.","og_url":"https:\/\/www.nexoit.com.uy\/web\/tienda\/scanner-libros-book2net\/scanner-a2\/scanner-book2net-ultra-a2\/","og_site_name":"NEXO IT","article_modified_time":"2017-12-07T16:55:28+00:00","og_image":[{"width":630,"height":640,"url":"https:\/\/www.nexoit.com.uy\/web\/wp-content\/uploads\/2017\/05\/book2net_ultra_A2_book_scanner.jpg","type":"image\/jpeg"}],"twitter_misc":{"Tiempo de lectura":"1 minuto"},"schema":{"@context":"https:\/\/schema.org","@graph":[{"@type":"WebPage","@id":"https:\/\/www.nexoit.com.uy\/web\/tienda\/scanner-libros-book2net\/scanner-a2\/scanner-book2net-ultra-a2\/","url":"https:\/\/www.nexoit.com.uy\/web\/tienda\/scanner-libros-book2net\/scanner-a2\/scanner-book2net-ultra-a2\/","name":"Esc\u00e1ner Book2net Ultra A2 - NEXO IT","isPartOf":{"@id":"https:\/\/www.nexoit.com.uy\/web\/#website"},"datePublished":"2017-05-11T14:26:31+00:00","dateModified":"2017-12-07T16:55:28+00:00","description":"El\u00a0book2net ultra II\u00a0es un scanner de alto rendimiento en la digitalizaci\u00f3n masiva de libros y documentos en formato A2.","breadcrumb":{"@id":"https:\/\/www.nexoit.com.uy\/web\/tienda\/scanner-libros-book2net\/scanner-a2\/scanner-book2net-ultra-a2\/#breadcrumb"},"inLanguage":"es","potentialAction":[{"@type":"ReadAction","target":["https:\/\/www.nexoit.com.uy\/web\/tienda\/scanner-libros-book2net\/scanner-a2\/scanner-book2net-ultra-a2\/"]}]},{"@type":"BreadcrumbList","@id":"https:\/\/www.nexoit.com.uy\/web\/tienda\/scanner-libros-book2net\/scanner-a2\/scanner-book2net-ultra-a2\/#breadcrumb","itemListElement":[{"@type":"ListItem","position":1,"name":"Portada","item":"https:\/\/www.nexoit.com.uy\/web\/"},{"@type":"ListItem","position":2,"name":"Esc\u00e1ner Book2net Ultra A2"}]},{"@type":"WebSite","@id":"https:\/\/www.nexoit.com.uy\/web\/#website","url":"https:\/\/www.nexoit.com.uy\/web\/","name":"NEXO IT","description":"Expertos en gesti\u00f3n documental","potentialAction":[{"@type":"SearchAction","target":{"@type":"EntryPoint","urlTemplate":"https:\/\/www.nexoit.com.uy\/web\/?s={search_term_string}"},"query-input":"required name=search_term_string"}],"inLanguage":"es"}]}},"_links":{"self":[{"href":"https:\/\/www.nexoit.com.uy\/web\/wp-json\/wp\/v2\/product\/654"}],"collection":[{"href":"https:\/\/www.nexoit.com.uy\/web\/wp-json\/wp\/v2\/product"}],"about":[{"href":"https:\/\/www.nexoit.com.uy\/web\/wp-json\/wp\/v2\/types\/product"}],"replies":[{"embeddable":true,"href":"https:\/\/www.nexoit.com.uy\/web\/wp-json\/wp\/v2\/comments?post=654"}],"wp:featuredmedia":[{"embeddable":true,"href":"https:\/\/www.nexoit.com.uy\/web\/wp-json\/wp\/v2\/media\/646"}],"wp:attachment":[{"href":"https:\/\/www.nexoit.com.uy\/web\/wp-json\/wp\/v2\/media?parent=654"}],"wp:term":[{"taxonomy":"product_cat","embeddable":true,"href":"https:\/\/www.nexoit.com.uy\/web\/wp-json\/wp\/v2\/product_cat?post=654"},{"taxonomy":"product_tag","embeddable":true,"href":"https:\/\/www.nexoit.com.uy\/web\/wp-json\/wp\/v2\/product_tag?post=654"}],"curies":[{"name":"wp","href":"https:\/\/api.w.org\/{rel}","templated":true}]}}