{"id":651,"date":"2017-05-11T11:04:38","date_gmt":"2017-05-11T14:04:38","guid":{"rendered":"http:\/\/nexoit.com.uy\/web\/?post_type=product&#038;p=651"},"modified":"2017-12-07T13:56:33","modified_gmt":"2017-12-07T16:56:33","slug":"scanner-book2net-spirit","status":"publish","type":"product","link":"https:\/\/www.nexoit.com.uy\/web\/tienda\/scanner-libros-book2net\/scanner-a3\/scanner-book2net-spirit\/","title":{"rendered":"Esc\u00e1ner Book2Net Spirit A3"},"content":{"rendered":"<p><strong>Esc\u00e1ner\u00a0ideal en las \u00e1reas de bibliotecas y oficinas.<\/strong><\/p>\n<p>El <strong>book2net Spirit advance<\/strong> cumple con las demandas de alto rendimiento y funcionalidad en las \u00e1reas p\u00fablicas y oficinas. Equipado con un nuevo sensor Matrix y una balanza de libros, nuestro modelo <strong>Spirit<\/strong> ofrece una simbiosis entre los requisitos de productividad, calidad, ergonom\u00eda asi como los requisitos conservarvatorios de documentos delicados.<\/p>\n<p><strong>Nuevo concepto de iluminaci\u00f3n<\/strong><br \/>\nEl <strong>book2net Spirit<\/strong> se adapta din\u00e1micamente a las condiciones de luz, lo que permite la digitalizaci\u00f3n tan solo con luz del dia. El sistema de iluminaci\u00f3n LED puede ser activado en cualquier momento en caso de que las condiciones de iluminaci\u00f3n sean desfavorables. El sistema de iluminaci\u00f3n LED est\u00e1 equipado con lentes de alta calidad Fresnel proporcionando una iluminaci\u00f3n homog\u00e9nea en toda el \u00e1rea a digitalizar.<\/p>\n<p>La balanza para libros le permite un tratamiento suave a los documentos encuadernados. Operaci\u00f3n suave de autorregulaci\u00f3n que puede ser f\u00e1cilmente ajustada individualmente.<\/p>\n<p><strong>Spirit B\u00e1sico<\/strong><br \/>\nEl <strong>Spirit basic<\/strong> es el esc\u00e1ner de autoservicio de entrada para las areas p\u00fablicas y de oficinas. La autocalibraci\u00f3n antes de cada digitalizaci\u00f3n le garantiza resultados \u00f3ptimos. Gracias a su funci\u00f3n de video de toma real puede colocar los originales en la posici\u00f3n ideal con mucha facilidad. Con la Pantalla T\u00e1ctil integrada se asegura un manejo f\u00e1cil hasta para ususarios sin experiencia. Opcional software Easy Scan Professional. Las digitalizaciones pueden ser guardadas en un pendrive (utilizando USB 2.0) o ser enviadas a un mail.<\/p>\n","protected":false},"excerpt":{"rendered":"<p>Esc\u00e1ner\u00a0ideal en las \u00e1reas de bibliotecas y oficinas. El book2net Spirit advance cumple con las demandas de alto rendimiento y funcionalidad en las \u00e1reas p\u00fablicas y oficinas. Equipado con un nuevo sensor Matrix y una balanza de libros, nuestro modelo Spirit ofrece una simbiosis entre los requisitos de productividad, calidad, ergonom\u00eda asi como los requisitos [&hellip;]<\/p>\n","protected":false},"featured_media":652,"comment_status":"closed","ping_status":"closed","template":"","meta":[],"product_cat":[31,35],"product_tag":[],"yoast_head":"<!-- This site is optimized with the Yoast SEO plugin v20.10 - https:\/\/yoast.com\/wordpress\/plugins\/seo\/ -->\n<title>Esc\u00e1ner Book2Net Spirit A3 - NEXO IT<\/title>\n<meta name=\"description\" content=\"Scanner ideal para bibliotecas y oficinas ya que cumple con las demandas de alto rendimiento y funcionalidad de estas \u00e1reas.\" \/>\n<meta name=\"robots\" content=\"index, follow, max-snippet:-1, max-image-preview:large, max-video-preview:-1\" \/>\n<link rel=\"canonical\" href=\"https:\/\/www.nexoit.com.uy\/web\/tienda\/scanner-libros-book2net\/scanner-a3\/scanner-book2net-spirit\/\" \/>\n<meta property=\"og:locale\" content=\"es_ES\" \/>\n<meta property=\"og:type\" content=\"article\" \/>\n<meta property=\"og:title\" content=\"Esc\u00e1ner Book2Net Spirit A3 - NEXO IT\" \/>\n<meta property=\"og:description\" content=\"Scanner ideal para bibliotecas y oficinas ya que cumple con las demandas de alto rendimiento y funcionalidad de estas \u00e1reas.\" \/>\n<meta property=\"og:url\" content=\"https:\/\/www.nexoit.com.uy\/web\/tienda\/scanner-libros-book2net\/scanner-a3\/scanner-book2net-spirit\/\" \/>\n<meta property=\"og:site_name\" content=\"NEXO IT\" \/>\n<meta property=\"article:modified_time\" content=\"2017-12-07T16:56:33+00:00\" \/>\n<meta property=\"og:image\" content=\"https:\/\/www.nexoit.com.uy\/web\/wp-content\/uploads\/2017\/05\/book2net_spirit_A3_book_scanner.jpg\" \/>\n\t<meta property=\"og:image:width\" content=\"630\" \/>\n\t<meta property=\"og:image:height\" content=\"640\" \/>\n\t<meta property=\"og:image:type\" content=\"image\/jpeg\" \/>\n<meta name=\"twitter:label1\" content=\"Tiempo de lectura\" \/>\n\t<meta name=\"twitter:data1\" content=\"1 minuto\" \/>\n<script type=\"application\/ld+json\" class=\"yoast-schema-graph\">{\"@context\":\"https:\/\/schema.org\",\"@graph\":[{\"@type\":\"WebPage\",\"@id\":\"https:\/\/www.nexoit.com.uy\/web\/tienda\/scanner-libros-book2net\/scanner-a3\/scanner-book2net-spirit\/\",\"url\":\"https:\/\/www.nexoit.com.uy\/web\/tienda\/scanner-libros-book2net\/scanner-a3\/scanner-book2net-spirit\/\",\"name\":\"Esc\u00e1ner Book2Net Spirit A3 - NEXO IT\",\"isPartOf\":{\"@id\":\"https:\/\/www.nexoit.com.uy\/web\/#website\"},\"datePublished\":\"2017-05-11T14:04:38+00:00\",\"dateModified\":\"2017-12-07T16:56:33+00:00\",\"description\":\"Scanner ideal para bibliotecas y oficinas ya que cumple con las demandas de alto rendimiento y funcionalidad de estas \u00e1reas.\",\"breadcrumb\":{\"@id\":\"https:\/\/www.nexoit.com.uy\/web\/tienda\/scanner-libros-book2net\/scanner-a3\/scanner-book2net-spirit\/#breadcrumb\"},\"inLanguage\":\"es\",\"potentialAction\":[{\"@type\":\"ReadAction\",\"target\":[\"https:\/\/www.nexoit.com.uy\/web\/tienda\/scanner-libros-book2net\/scanner-a3\/scanner-book2net-spirit\/\"]}]},{\"@type\":\"BreadcrumbList\",\"@id\":\"https:\/\/www.nexoit.com.uy\/web\/tienda\/scanner-libros-book2net\/scanner-a3\/scanner-book2net-spirit\/#breadcrumb\",\"itemListElement\":[{\"@type\":\"ListItem\",\"position\":1,\"name\":\"Portada\",\"item\":\"https:\/\/www.nexoit.com.uy\/web\/\"},{\"@type\":\"ListItem\",\"position\":2,\"name\":\"Esc\u00e1ner Book2Net Spirit A3\"}]},{\"@type\":\"WebSite\",\"@id\":\"https:\/\/www.nexoit.com.uy\/web\/#website\",\"url\":\"https:\/\/www.nexoit.com.uy\/web\/\",\"name\":\"NEXO IT\",\"description\":\"Expertos en gesti\u00f3n documental\",\"potentialAction\":[{\"@type\":\"SearchAction\",\"target\":{\"@type\":\"EntryPoint\",\"urlTemplate\":\"https:\/\/www.nexoit.com.uy\/web\/?s={search_term_string}\"},\"query-input\":\"required name=search_term_string\"}],\"inLanguage\":\"es\"}]}<\/script>\n<!-- \/ Yoast SEO plugin. -->","yoast_head_json":{"title":"Esc\u00e1ner Book2Net Spirit A3 - NEXO IT","description":"Scanner ideal para bibliotecas y oficinas ya que cumple con las demandas de alto rendimiento y funcionalidad de estas \u00e1reas.","robots":{"index":"index","follow":"follow","max-snippet":"max-snippet:-1","max-image-preview":"max-image-preview:large","max-video-preview":"max-video-preview:-1"},"canonical":"https:\/\/www.nexoit.com.uy\/web\/tienda\/scanner-libros-book2net\/scanner-a3\/scanner-book2net-spirit\/","og_locale":"es_ES","og_type":"article","og_title":"Esc\u00e1ner Book2Net Spirit A3 - NEXO IT","og_description":"Scanner ideal para bibliotecas y oficinas ya que cumple con las demandas de alto rendimiento y funcionalidad de estas \u00e1reas.","og_url":"https:\/\/www.nexoit.com.uy\/web\/tienda\/scanner-libros-book2net\/scanner-a3\/scanner-book2net-spirit\/","og_site_name":"NEXO IT","article_modified_time":"2017-12-07T16:56:33+00:00","og_image":[{"width":630,"height":640,"url":"https:\/\/www.nexoit.com.uy\/web\/wp-content\/uploads\/2017\/05\/book2net_spirit_A3_book_scanner.jpg","type":"image\/jpeg"}],"twitter_misc":{"Tiempo de lectura":"1 minuto"},"schema":{"@context":"https:\/\/schema.org","@graph":[{"@type":"WebPage","@id":"https:\/\/www.nexoit.com.uy\/web\/tienda\/scanner-libros-book2net\/scanner-a3\/scanner-book2net-spirit\/","url":"https:\/\/www.nexoit.com.uy\/web\/tienda\/scanner-libros-book2net\/scanner-a3\/scanner-book2net-spirit\/","name":"Esc\u00e1ner Book2Net Spirit A3 - NEXO IT","isPartOf":{"@id":"https:\/\/www.nexoit.com.uy\/web\/#website"},"datePublished":"2017-05-11T14:04:38+00:00","dateModified":"2017-12-07T16:56:33+00:00","description":"Scanner ideal para bibliotecas y oficinas ya que cumple con las demandas de alto rendimiento y funcionalidad de estas \u00e1reas.","breadcrumb":{"@id":"https:\/\/www.nexoit.com.uy\/web\/tienda\/scanner-libros-book2net\/scanner-a3\/scanner-book2net-spirit\/#breadcrumb"},"inLanguage":"es","potentialAction":[{"@type":"ReadAction","target":["https:\/\/www.nexoit.com.uy\/web\/tienda\/scanner-libros-book2net\/scanner-a3\/scanner-book2net-spirit\/"]}]},{"@type":"BreadcrumbList","@id":"https:\/\/www.nexoit.com.uy\/web\/tienda\/scanner-libros-book2net\/scanner-a3\/scanner-book2net-spirit\/#breadcrumb","itemListElement":[{"@type":"ListItem","position":1,"name":"Portada","item":"https:\/\/www.nexoit.com.uy\/web\/"},{"@type":"ListItem","position":2,"name":"Esc\u00e1ner Book2Net Spirit A3"}]},{"@type":"WebSite","@id":"https:\/\/www.nexoit.com.uy\/web\/#website","url":"https:\/\/www.nexoit.com.uy\/web\/","name":"NEXO IT","description":"Expertos en gesti\u00f3n documental","potentialAction":[{"@type":"SearchAction","target":{"@type":"EntryPoint","urlTemplate":"https:\/\/www.nexoit.com.uy\/web\/?s={search_term_string}"},"query-input":"required name=search_term_string"}],"inLanguage":"es"}]}},"_links":{"self":[{"href":"https:\/\/www.nexoit.com.uy\/web\/wp-json\/wp\/v2\/product\/651"}],"collection":[{"href":"https:\/\/www.nexoit.com.uy\/web\/wp-json\/wp\/v2\/product"}],"about":[{"href":"https:\/\/www.nexoit.com.uy\/web\/wp-json\/wp\/v2\/types\/product"}],"replies":[{"embeddable":true,"href":"https:\/\/www.nexoit.com.uy\/web\/wp-json\/wp\/v2\/comments?post=651"}],"wp:featuredmedia":[{"embeddable":true,"href":"https:\/\/www.nexoit.com.uy\/web\/wp-json\/wp\/v2\/media\/652"}],"wp:attachment":[{"href":"https:\/\/www.nexoit.com.uy\/web\/wp-json\/wp\/v2\/media?parent=651"}],"wp:term":[{"taxonomy":"product_cat","embeddable":true,"href":"https:\/\/www.nexoit.com.uy\/web\/wp-json\/wp\/v2\/product_cat?post=651"},{"taxonomy":"product_tag","embeddable":true,"href":"https:\/\/www.nexoit.com.uy\/web\/wp-json\/wp\/v2\/product_tag?post=651"}],"curies":[{"name":"wp","href":"https:\/\/api.w.org\/{rel}","templated":true}]}}