{"id":595,"date":"2016-07-05T13:52:28","date_gmt":"2016-07-05T16:52:28","guid":{"rendered":"http:\/\/nexoit.com.uy\/web\/?post_type=product&#038;p=595"},"modified":"2017-12-07T14:42:45","modified_gmt":"2017-12-07T17:42:45","slug":"scanner-fujitsu-fi-7260-2","status":"publish","type":"product","link":"https:\/\/www.nexoit.com.uy\/web\/tienda\/escaneres-fujitsu\/escaneres-departamentales\/scanner-fujitsu-fi-7260-2\/","title":{"rendered":"Esc\u00e1ner Fujitsu  FI-7260"},"content":{"rendered":"<h3>Esc\u00e1ner\u00a0D\u00faplex a Color para\u00a0Grupos de Trabajo<\/h3>\n<p><em>Simplicidad de Escritorio Pensada para\u00a0el Rendimiento y la Confiabilidad<\/em><\/p>\n<p>\u2022 Escaneado r\u00e1pido de 60ppm \/ 120ipm\u00a0a 300 ppp en color<\/p>\n<p>\u2022 Alimentador de gran capacidad\u00a0para 80 p\u00e1ginas<\/p>\n<p>\u2022 Escaneado de tarjetas de cr\u00e9dito\u00a0pl\u00e1sticas y con relieve<\/p>\n<p>\u2022 Lo \u00faltimo en conectividad USB 3.0<\/p>\n<p>\u2022 Escaneado LED Ecol\u00f3gico<\/p>\n<p>\u2022 Panel LCD interactivo, multil\u00ednea<\/p>\n<p>\u2022 Innovadora protecci\u00f3n ac\u00fastica para el papel<\/p>\n<p>\u2022 Limpieza autom\u00e1tica de imagen con los controladores PaperStream IP\u00a0(TWAIN e ISIS)<\/p>\n<p>\u2022 Software de avanzada para captura PaperStream Capture<\/p>\n<p>\u2022 Software de administraci\u00f3n central del esc\u00e1ner (Scanner Central Admin)\u00a0para administraci\u00f3n de flota<\/p>\n<p><strong>Rendimiento de Escaneado<\/strong><\/p>\n<p>Con velocidades de escaneado d\u00faplex de 120 im\u00e1genes por minuto a 300 ppp en\u00a0color, escala de grises y monocromo, el esc\u00e1ner\u00a0fi-7260 protege sus\u00a0documentos con sensores ac\u00fasticos, garantizan que sus datos sean captados con\u00a0tecnolog\u00eda ultras\u00f3nica inteligente y reduce los re-escaneados limpiando los documentos\u00a0autom\u00e1ticamente en una sola pasada. La confiabilidad se mejora a\u00fan m\u00e1s con una\u00a0nueva tecnolog\u00eda de prevenci\u00f3n de distorsi\u00f3n que logra un manejo excepcional del papel.<\/p>\n<p>\u2022 R\u00e1pido encendido en menos de 4 segundos.<\/p>\n<p>\u2022 Escaneado de tarjeta de cr\u00e9dito dura y en relieve de hasta 1,4mm de espesor.<\/p>\n<p>\u2022 Escanee notas autoadhesivas, recibos con cinta adhesiva y etiquetas asegur\u00e1ndose<\/p>\n<p>de evitar una alimentaci\u00f3n m\u00faltiple.<\/p>\n<p>\u2022 Admite documento largo de hasta 18,3 pies en PaperStream IP.<\/p>\n<p>\u2022 \u00daltimo USB 3.0 para una compatibilidad duradera.<\/p>\n<p>\u2022 Controlador de 32\/64 Bit para PaperStream IP (TWAIN e ISIS).<\/p>\n<p><strong>Administraci\u00f3n de Flota<\/strong><\/p>\n<p>Incluido conel esc\u00e1ner, el software Scanner Central Admin\u00a0les proporciona a los departamentos de TI una\u00a0manera eficiente de administrar un despliegue\u00a0de esc\u00e1neres entre mediano y grande. Al contar\u00a0con informaci\u00f3n de flota de acceso remoto,\u00a0ahora los departamentos de TI pueden asignar\u00a0recursos de modo efectivo seg\u00fan el volumen\u00a0de escaneado, el uso de los consumibles, los\u00a0esquemas de depreciaci\u00f3n y la expiraci\u00f3n del mantenimiento.<\/p>\n","protected":false},"excerpt":{"rendered":"<p>Esc\u00e1ner\u00a0D\u00faplex a Color para\u00a0Grupos de Trabajo Simplicidad de Escritorio Pensada para\u00a0el Rendimiento y la Confiabilidad \u2022 Escaneado r\u00e1pido de 60ppm \/ 120ipm\u00a0a 300 ppp en color \u2022 Alimentador de gran capacidad\u00a0para 80 p\u00e1ginas \u2022 Escaneado de tarjetas de cr\u00e9dito\u00a0pl\u00e1sticas y con relieve \u2022 Lo \u00faltimo en conectividad USB 3.0 \u2022 Escaneado LED Ecol\u00f3gico \u2022 Panel [&hellip;]<\/p>\n","protected":false},"featured_media":614,"comment_status":"closed","ping_status":"closed","template":"","meta":[],"product_cat":[13,15],"product_tag":[],"yoast_head":"<!-- This site is optimized with the Yoast SEO plugin v20.10 - https:\/\/yoast.com\/wordpress\/plugins\/seo\/ -->\n<title>Esc\u00e1ner Fujitsu FI-7260 - NEXO IT<\/title>\n<meta name=\"description\" content=\"El\u00a0Fujitsu fi-7260\u00a0es un scanner r\u00e1pido, fiable y f\u00e1cil de usar,dise\u00f1ado para tareas de escaneado diarias.\" \/>\n<meta name=\"robots\" content=\"index, follow, max-snippet:-1, max-image-preview:large, max-video-preview:-1\" \/>\n<link rel=\"canonical\" href=\"https:\/\/www.nexoit.com.uy\/web\/tienda\/escaneres-fujitsu\/escaneres-departamentales\/scanner-fujitsu-fi-7260-2\/\" \/>\n<meta property=\"og:locale\" content=\"es_ES\" \/>\n<meta property=\"og:type\" content=\"article\" \/>\n<meta property=\"og:title\" content=\"Esc\u00e1ner Fujitsu FI-7260 - NEXO IT\" \/>\n<meta property=\"og:description\" content=\"El\u00a0Fujitsu fi-7260\u00a0es un scanner r\u00e1pido, fiable y f\u00e1cil de usar,dise\u00f1ado para tareas de escaneado diarias.\" \/>\n<meta property=\"og:url\" content=\"https:\/\/www.nexoit.com.uy\/web\/tienda\/escaneres-fujitsu\/escaneres-departamentales\/scanner-fujitsu-fi-7260-2\/\" \/>\n<meta property=\"og:site_name\" content=\"NEXO IT\" \/>\n<meta property=\"article:modified_time\" content=\"2017-12-07T17:42:45+00:00\" \/>\n<meta property=\"og:image\" content=\"https:\/\/www.nexoit.com.uy\/web\/wp-content\/uploads\/2016\/07\/fi-7260.jpg\" \/>\n\t<meta property=\"og:image:width\" content=\"480\" \/>\n\t<meta property=\"og:image:height\" content=\"470\" \/>\n\t<meta property=\"og:image:type\" content=\"image\/jpeg\" \/>\n<meta name=\"twitter:label1\" content=\"Tiempo de lectura\" \/>\n\t<meta name=\"twitter:data1\" content=\"2 minutos\" \/>\n<script type=\"application\/ld+json\" class=\"yoast-schema-graph\">{\"@context\":\"https:\/\/schema.org\",\"@graph\":[{\"@type\":\"WebPage\",\"@id\":\"https:\/\/www.nexoit.com.uy\/web\/tienda\/escaneres-fujitsu\/escaneres-departamentales\/scanner-fujitsu-fi-7260-2\/\",\"url\":\"https:\/\/www.nexoit.com.uy\/web\/tienda\/escaneres-fujitsu\/escaneres-departamentales\/scanner-fujitsu-fi-7260-2\/\",\"name\":\"Esc\u00e1ner Fujitsu FI-7260 - NEXO IT\",\"isPartOf\":{\"@id\":\"https:\/\/www.nexoit.com.uy\/web\/#website\"},\"datePublished\":\"2016-07-05T16:52:28+00:00\",\"dateModified\":\"2017-12-07T17:42:45+00:00\",\"description\":\"El\u00a0Fujitsu fi-7260\u00a0es un scanner r\u00e1pido, fiable y f\u00e1cil de usar,dise\u00f1ado para tareas de escaneado diarias.\",\"breadcrumb\":{\"@id\":\"https:\/\/www.nexoit.com.uy\/web\/tienda\/escaneres-fujitsu\/escaneres-departamentales\/scanner-fujitsu-fi-7260-2\/#breadcrumb\"},\"inLanguage\":\"es\",\"potentialAction\":[{\"@type\":\"ReadAction\",\"target\":[\"https:\/\/www.nexoit.com.uy\/web\/tienda\/escaneres-fujitsu\/escaneres-departamentales\/scanner-fujitsu-fi-7260-2\/\"]}]},{\"@type\":\"BreadcrumbList\",\"@id\":\"https:\/\/www.nexoit.com.uy\/web\/tienda\/escaneres-fujitsu\/escaneres-departamentales\/scanner-fujitsu-fi-7260-2\/#breadcrumb\",\"itemListElement\":[{\"@type\":\"ListItem\",\"position\":1,\"name\":\"Portada\",\"item\":\"https:\/\/www.nexoit.com.uy\/web\/\"},{\"@type\":\"ListItem\",\"position\":2,\"name\":\"Esc\u00e1ner Fujitsu FI-7260\"}]},{\"@type\":\"WebSite\",\"@id\":\"https:\/\/www.nexoit.com.uy\/web\/#website\",\"url\":\"https:\/\/www.nexoit.com.uy\/web\/\",\"name\":\"NEXO IT\",\"description\":\"Expertos en gesti\u00f3n documental\",\"potentialAction\":[{\"@type\":\"SearchAction\",\"target\":{\"@type\":\"EntryPoint\",\"urlTemplate\":\"https:\/\/www.nexoit.com.uy\/web\/?s={search_term_string}\"},\"query-input\":\"required name=search_term_string\"}],\"inLanguage\":\"es\"}]}<\/script>\n<!-- \/ Yoast SEO plugin. -->","yoast_head_json":{"title":"Esc\u00e1ner Fujitsu FI-7260 - NEXO IT","description":"El\u00a0Fujitsu fi-7260\u00a0es un scanner r\u00e1pido, fiable y f\u00e1cil de usar,dise\u00f1ado para tareas de escaneado diarias.","robots":{"index":"index","follow":"follow","max-snippet":"max-snippet:-1","max-image-preview":"max-image-preview:large","max-video-preview":"max-video-preview:-1"},"canonical":"https:\/\/www.nexoit.com.uy\/web\/tienda\/escaneres-fujitsu\/escaneres-departamentales\/scanner-fujitsu-fi-7260-2\/","og_locale":"es_ES","og_type":"article","og_title":"Esc\u00e1ner Fujitsu FI-7260 - NEXO IT","og_description":"El\u00a0Fujitsu fi-7260\u00a0es un scanner r\u00e1pido, fiable y f\u00e1cil de usar,dise\u00f1ado para tareas de escaneado diarias.","og_url":"https:\/\/www.nexoit.com.uy\/web\/tienda\/escaneres-fujitsu\/escaneres-departamentales\/scanner-fujitsu-fi-7260-2\/","og_site_name":"NEXO IT","article_modified_time":"2017-12-07T17:42:45+00:00","og_image":[{"width":480,"height":470,"url":"https:\/\/www.nexoit.com.uy\/web\/wp-content\/uploads\/2016\/07\/fi-7260.jpg","type":"image\/jpeg"}],"twitter_misc":{"Tiempo de lectura":"2 minutos"},"schema":{"@context":"https:\/\/schema.org","@graph":[{"@type":"WebPage","@id":"https:\/\/www.nexoit.com.uy\/web\/tienda\/escaneres-fujitsu\/escaneres-departamentales\/scanner-fujitsu-fi-7260-2\/","url":"https:\/\/www.nexoit.com.uy\/web\/tienda\/escaneres-fujitsu\/escaneres-departamentales\/scanner-fujitsu-fi-7260-2\/","name":"Esc\u00e1ner Fujitsu FI-7260 - NEXO IT","isPartOf":{"@id":"https:\/\/www.nexoit.com.uy\/web\/#website"},"datePublished":"2016-07-05T16:52:28+00:00","dateModified":"2017-12-07T17:42:45+00:00","description":"El\u00a0Fujitsu fi-7260\u00a0es un scanner r\u00e1pido, fiable y f\u00e1cil de usar,dise\u00f1ado para tareas de escaneado diarias.","breadcrumb":{"@id":"https:\/\/www.nexoit.com.uy\/web\/tienda\/escaneres-fujitsu\/escaneres-departamentales\/scanner-fujitsu-fi-7260-2\/#breadcrumb"},"inLanguage":"es","potentialAction":[{"@type":"ReadAction","target":["https:\/\/www.nexoit.com.uy\/web\/tienda\/escaneres-fujitsu\/escaneres-departamentales\/scanner-fujitsu-fi-7260-2\/"]}]},{"@type":"BreadcrumbList","@id":"https:\/\/www.nexoit.com.uy\/web\/tienda\/escaneres-fujitsu\/escaneres-departamentales\/scanner-fujitsu-fi-7260-2\/#breadcrumb","itemListElement":[{"@type":"ListItem","position":1,"name":"Portada","item":"https:\/\/www.nexoit.com.uy\/web\/"},{"@type":"ListItem","position":2,"name":"Esc\u00e1ner Fujitsu FI-7260"}]},{"@type":"WebSite","@id":"https:\/\/www.nexoit.com.uy\/web\/#website","url":"https:\/\/www.nexoit.com.uy\/web\/","name":"NEXO IT","description":"Expertos en gesti\u00f3n documental","potentialAction":[{"@type":"SearchAction","target":{"@type":"EntryPoint","urlTemplate":"https:\/\/www.nexoit.com.uy\/web\/?s={search_term_string}"},"query-input":"required name=search_term_string"}],"inLanguage":"es"}]}},"_links":{"self":[{"href":"https:\/\/www.nexoit.com.uy\/web\/wp-json\/wp\/v2\/product\/595"}],"collection":[{"href":"https:\/\/www.nexoit.com.uy\/web\/wp-json\/wp\/v2\/product"}],"about":[{"href":"https:\/\/www.nexoit.com.uy\/web\/wp-json\/wp\/v2\/types\/product"}],"replies":[{"embeddable":true,"href":"https:\/\/www.nexoit.com.uy\/web\/wp-json\/wp\/v2\/comments?post=595"}],"wp:featuredmedia":[{"embeddable":true,"href":"https:\/\/www.nexoit.com.uy\/web\/wp-json\/wp\/v2\/media\/614"}],"wp:attachment":[{"href":"https:\/\/www.nexoit.com.uy\/web\/wp-json\/wp\/v2\/media?parent=595"}],"wp:term":[{"taxonomy":"product_cat","embeddable":true,"href":"https:\/\/www.nexoit.com.uy\/web\/wp-json\/wp\/v2\/product_cat?post=595"},{"taxonomy":"product_tag","embeddable":true,"href":"https:\/\/www.nexoit.com.uy\/web\/wp-json\/wp\/v2\/product_tag?post=595"}],"curies":[{"name":"wp","href":"https:\/\/api.w.org\/{rel}","templated":true}]}}