{"id":591,"date":"2016-07-05T13:27:37","date_gmt":"2016-07-05T16:27:37","guid":{"rendered":"http:\/\/nexoit.com.uy\/web\/?post_type=product&#038;p=591"},"modified":"2017-12-07T14:59:02","modified_gmt":"2017-12-07T17:59:02","slug":"scanner-fujitsu-sp-1125","status":"publish","type":"product","link":"https:\/\/www.nexoit.com.uy\/web\/tienda\/escaneres-fujitsu\/escaneres-departamentales\/scanner-fujitsu-sp-1125\/","title":{"rendered":"Esc\u00e1ner Fujitsu SP-1125"},"content":{"rendered":"<h5>Esc\u00e1ner\u00a0de Im\u00e1genes<\/h5>\n<p><em>Modelo B\u00e1sico de la Serie SP para uso Profesional<\/em><\/p>\n<p><strong>PaperStream IP &#8211; Crea autom\u00e1ticamente im\u00e1genes limpias para la\u00a0digitalizaci\u00f3n sin problemas<\/strong><\/p>\n<p>El driver PaperSteam IP, que es compatible con TWAIN \/ ISIS, ahorra la molestia de ajustar\u00a0documentos para el proceso OCR. Detecta autom\u00e1ticamente no s\u00f3lo el tama\u00f1o del\u00a0documento, la orientaci\u00f3n y si un documento es de una o dos caras, pero tambi\u00e9n convierte\u00a0autom\u00e1ticamente las im\u00e1genes escaneadas en im\u00e1genes excepcionalmente limpias,\u00a0aumentando la precisi\u00f3n de OCR incluso cuando el digitalizado est\u00e1 arrugado o sucio\u00a0documentos o documentos con una trama de fondo.<\/p>\n<p><strong>ABBYYTM FineReaderTM Sprint \u2013 Crea archivos de b\u00fasqueda de documentos\u00a0de papel, que le permite encontrar m\u00e1s f\u00e1cil la informaci\u00f3n.<\/strong><\/p>\n<p>Los datos escaneados se pueden convertir a archivos PDF de b\u00fasqueda o archivos editables\u00a0como Microsoft\u00ae Word. El procesamiento OCR es capaz de manejar 190 idiomas; una\u00a0caracter\u00edstica especialmente valiosa en un entorno de lenguaje mixto.<\/p>\n<p><strong>Ideal para colocarlo en escritorio\u00a0Dise\u00f1o compacto<\/strong><\/p>\n<p>El SP-1125 es de tama\u00f1o compacto, por lo que\u00a0se puede utilizar en un escritorio donde el espacio\u00a0es limitado. Incluso con su tama\u00f1o m\u00e1s peque\u00f1o,\u00a0que est\u00e1 equipado con un rodillo de freno para\u00a0separar con precisi\u00f3n cada p\u00e1gina, y un sensor\u00a0ultrasonico para detectar con precisi\u00f3n\u00a0alimentaciones m\u00faltiples, por lo que el usuario\u00a0puede escanear sin preocuparse por los atascos\u00a0de papel.<\/p>\n<p><strong>25 ppm Velocidad de escaneado<\/strong><\/p>\n<p>El SP-1125 ayuda a que los usuarios terminen pronto las tareas de escaneo, con su\u00a0rendimiento de 25 ppm (color A4, d\u00faplex dpi 200\/300). El alimentador autom\u00e1tico de\u00a0documentos (ADF) admite hasta 50 hojas a la vez, y la velocidad de escaneo se\u00a0mantiene incluso a 300 dpi.<\/p>\n<p><strong>Soporta escaneo de tarjetas pl\u00e1sticas<\/strong><\/p>\n<p>El SP-1125 es capaz de escanear ambos lados, papel fino y grueso (50 a 209 g \/ m2), as\u00ed como tarjetas pl\u00e1sticas.En un entorno de oficina, formularios de solicitudes y\u00a0tarjetas pl\u00e1sticas de identificaci\u00f3n se pueden escanear al mismo tiempo para evitar el\u00a0tiempo de espera del cliente.<\/p>\n<p><strong>Dise\u00f1o de F\u00e1cil Uso<\/strong><\/p>\n<p>El dise\u00f1o f\u00e1cil de usar, puede reducir al m\u00ednimo el\u00a0escaneo y reducir los errores humanos.\u00a0El SP-1125 tiene un panel de control sencillo con\u00a0s\u00f3lo dos botones (&#8220;Scan \/ Stop&#8221; y &#8220;Power&#8221;), y\u00a0despu\u00e9s de pre-establecer el Volumen Presto!TM\u00a0PageManager,TM s\u00f3lo una pulsaci\u00f3n del bot\u00f3n\u00a0de \u201cScan\u201d es necesario para almacenar al instante\u00a0los datos de imagen del documento.<\/p>\n","protected":false},"excerpt":{"rendered":"<p>Esc\u00e1ner\u00a0de Im\u00e1genes Modelo B\u00e1sico de la Serie SP para uso Profesional PaperStream IP &#8211; Crea autom\u00e1ticamente im\u00e1genes limpias para la\u00a0digitalizaci\u00f3n sin problemas El driver PaperSteam IP, que es compatible con TWAIN \/ ISIS, ahorra la molestia de ajustar\u00a0documentos para el proceso OCR. Detecta autom\u00e1ticamente no s\u00f3lo el tama\u00f1o del\u00a0documento, la orientaci\u00f3n y si un documento [&hellip;]<\/p>\n","protected":false},"featured_media":618,"comment_status":"closed","ping_status":"closed","template":"","meta":[],"product_cat":[13,15],"product_tag":[],"yoast_head":"<!-- This site is optimized with the Yoast SEO plugin v20.10 - https:\/\/yoast.com\/wordpress\/plugins\/seo\/ -->\n<title>Esc\u00e1ner Fujitsu SP-1125 - NEXO IT<\/title>\n<meta name=\"description\" content=\"El scanner est\u00e1\u00a0equipado con rodillos de freno para\u00a0separar con precisi\u00f3n las p\u00e1ginas y sensor\u00a0ultrasonico para detectar alimentaciones m\u00faltiples.\" \/>\n<meta name=\"robots\" content=\"index, follow, max-snippet:-1, max-image-preview:large, max-video-preview:-1\" \/>\n<link rel=\"canonical\" href=\"https:\/\/www.nexoit.com.uy\/web\/tienda\/escaneres-fujitsu\/escaneres-departamentales\/scanner-fujitsu-sp-1125\/\" \/>\n<meta property=\"og:locale\" content=\"es_ES\" \/>\n<meta property=\"og:type\" content=\"article\" \/>\n<meta property=\"og:title\" content=\"Esc\u00e1ner Fujitsu SP-1125 - NEXO IT\" \/>\n<meta property=\"og:description\" content=\"El scanner est\u00e1\u00a0equipado con rodillos de freno para\u00a0separar con precisi\u00f3n las p\u00e1ginas y sensor\u00a0ultrasonico para detectar alimentaciones m\u00faltiples.\" \/>\n<meta property=\"og:url\" content=\"https:\/\/www.nexoit.com.uy\/web\/tienda\/escaneres-fujitsu\/escaneres-departamentales\/scanner-fujitsu-sp-1125\/\" \/>\n<meta property=\"og:site_name\" content=\"NEXO IT\" \/>\n<meta property=\"article:modified_time\" content=\"2017-12-07T17:59:02+00:00\" \/>\n<meta property=\"og:image\" content=\"https:\/\/www.nexoit.com.uy\/web\/wp-content\/uploads\/2016\/07\/sp-1125.jpg\" \/>\n\t<meta property=\"og:image:width\" content=\"480\" \/>\n\t<meta property=\"og:image:height\" content=\"480\" \/>\n\t<meta property=\"og:image:type\" content=\"image\/jpeg\" \/>\n<meta name=\"twitter:label1\" content=\"Tiempo de lectura\" \/>\n\t<meta name=\"twitter:data1\" content=\"2 minutos\" \/>\n<script type=\"application\/ld+json\" class=\"yoast-schema-graph\">{\"@context\":\"https:\/\/schema.org\",\"@graph\":[{\"@type\":\"WebPage\",\"@id\":\"https:\/\/www.nexoit.com.uy\/web\/tienda\/escaneres-fujitsu\/escaneres-departamentales\/scanner-fujitsu-sp-1125\/\",\"url\":\"https:\/\/www.nexoit.com.uy\/web\/tienda\/escaneres-fujitsu\/escaneres-departamentales\/scanner-fujitsu-sp-1125\/\",\"name\":\"Esc\u00e1ner Fujitsu SP-1125 - NEXO IT\",\"isPartOf\":{\"@id\":\"https:\/\/www.nexoit.com.uy\/web\/#website\"},\"datePublished\":\"2016-07-05T16:27:37+00:00\",\"dateModified\":\"2017-12-07T17:59:02+00:00\",\"description\":\"El scanner est\u00e1\u00a0equipado con rodillos de freno para\u00a0separar con precisi\u00f3n las p\u00e1ginas y sensor\u00a0ultrasonico para detectar alimentaciones m\u00faltiples.\",\"breadcrumb\":{\"@id\":\"https:\/\/www.nexoit.com.uy\/web\/tienda\/escaneres-fujitsu\/escaneres-departamentales\/scanner-fujitsu-sp-1125\/#breadcrumb\"},\"inLanguage\":\"es\",\"potentialAction\":[{\"@type\":\"ReadAction\",\"target\":[\"https:\/\/www.nexoit.com.uy\/web\/tienda\/escaneres-fujitsu\/escaneres-departamentales\/scanner-fujitsu-sp-1125\/\"]}]},{\"@type\":\"BreadcrumbList\",\"@id\":\"https:\/\/www.nexoit.com.uy\/web\/tienda\/escaneres-fujitsu\/escaneres-departamentales\/scanner-fujitsu-sp-1125\/#breadcrumb\",\"itemListElement\":[{\"@type\":\"ListItem\",\"position\":1,\"name\":\"Portada\",\"item\":\"https:\/\/www.nexoit.com.uy\/web\/\"},{\"@type\":\"ListItem\",\"position\":2,\"name\":\"Esc\u00e1ner Fujitsu SP-1125\"}]},{\"@type\":\"WebSite\",\"@id\":\"https:\/\/www.nexoit.com.uy\/web\/#website\",\"url\":\"https:\/\/www.nexoit.com.uy\/web\/\",\"name\":\"NEXO IT\",\"description\":\"Expertos en gesti\u00f3n documental\",\"potentialAction\":[{\"@type\":\"SearchAction\",\"target\":{\"@type\":\"EntryPoint\",\"urlTemplate\":\"https:\/\/www.nexoit.com.uy\/web\/?s={search_term_string}\"},\"query-input\":\"required name=search_term_string\"}],\"inLanguage\":\"es\"}]}<\/script>\n<!-- \/ Yoast SEO plugin. -->","yoast_head_json":{"title":"Esc\u00e1ner Fujitsu SP-1125 - NEXO IT","description":"El scanner est\u00e1\u00a0equipado con rodillos de freno para\u00a0separar con precisi\u00f3n las p\u00e1ginas y sensor\u00a0ultrasonico para detectar alimentaciones m\u00faltiples.","robots":{"index":"index","follow":"follow","max-snippet":"max-snippet:-1","max-image-preview":"max-image-preview:large","max-video-preview":"max-video-preview:-1"},"canonical":"https:\/\/www.nexoit.com.uy\/web\/tienda\/escaneres-fujitsu\/escaneres-departamentales\/scanner-fujitsu-sp-1125\/","og_locale":"es_ES","og_type":"article","og_title":"Esc\u00e1ner Fujitsu SP-1125 - NEXO IT","og_description":"El scanner est\u00e1\u00a0equipado con rodillos de freno para\u00a0separar con precisi\u00f3n las p\u00e1ginas y sensor\u00a0ultrasonico para detectar alimentaciones m\u00faltiples.","og_url":"https:\/\/www.nexoit.com.uy\/web\/tienda\/escaneres-fujitsu\/escaneres-departamentales\/scanner-fujitsu-sp-1125\/","og_site_name":"NEXO IT","article_modified_time":"2017-12-07T17:59:02+00:00","og_image":[{"width":480,"height":480,"url":"https:\/\/www.nexoit.com.uy\/web\/wp-content\/uploads\/2016\/07\/sp-1125.jpg","type":"image\/jpeg"}],"twitter_misc":{"Tiempo de lectura":"2 minutos"},"schema":{"@context":"https:\/\/schema.org","@graph":[{"@type":"WebPage","@id":"https:\/\/www.nexoit.com.uy\/web\/tienda\/escaneres-fujitsu\/escaneres-departamentales\/scanner-fujitsu-sp-1125\/","url":"https:\/\/www.nexoit.com.uy\/web\/tienda\/escaneres-fujitsu\/escaneres-departamentales\/scanner-fujitsu-sp-1125\/","name":"Esc\u00e1ner Fujitsu SP-1125 - NEXO IT","isPartOf":{"@id":"https:\/\/www.nexoit.com.uy\/web\/#website"},"datePublished":"2016-07-05T16:27:37+00:00","dateModified":"2017-12-07T17:59:02+00:00","description":"El scanner est\u00e1\u00a0equipado con rodillos de freno para\u00a0separar con precisi\u00f3n las p\u00e1ginas y sensor\u00a0ultrasonico para detectar alimentaciones m\u00faltiples.","breadcrumb":{"@id":"https:\/\/www.nexoit.com.uy\/web\/tienda\/escaneres-fujitsu\/escaneres-departamentales\/scanner-fujitsu-sp-1125\/#breadcrumb"},"inLanguage":"es","potentialAction":[{"@type":"ReadAction","target":["https:\/\/www.nexoit.com.uy\/web\/tienda\/escaneres-fujitsu\/escaneres-departamentales\/scanner-fujitsu-sp-1125\/"]}]},{"@type":"BreadcrumbList","@id":"https:\/\/www.nexoit.com.uy\/web\/tienda\/escaneres-fujitsu\/escaneres-departamentales\/scanner-fujitsu-sp-1125\/#breadcrumb","itemListElement":[{"@type":"ListItem","position":1,"name":"Portada","item":"https:\/\/www.nexoit.com.uy\/web\/"},{"@type":"ListItem","position":2,"name":"Esc\u00e1ner Fujitsu SP-1125"}]},{"@type":"WebSite","@id":"https:\/\/www.nexoit.com.uy\/web\/#website","url":"https:\/\/www.nexoit.com.uy\/web\/","name":"NEXO IT","description":"Expertos en gesti\u00f3n documental","potentialAction":[{"@type":"SearchAction","target":{"@type":"EntryPoint","urlTemplate":"https:\/\/www.nexoit.com.uy\/web\/?s={search_term_string}"},"query-input":"required name=search_term_string"}],"inLanguage":"es"}]}},"_links":{"self":[{"href":"https:\/\/www.nexoit.com.uy\/web\/wp-json\/wp\/v2\/product\/591"}],"collection":[{"href":"https:\/\/www.nexoit.com.uy\/web\/wp-json\/wp\/v2\/product"}],"about":[{"href":"https:\/\/www.nexoit.com.uy\/web\/wp-json\/wp\/v2\/types\/product"}],"replies":[{"embeddable":true,"href":"https:\/\/www.nexoit.com.uy\/web\/wp-json\/wp\/v2\/comments?post=591"}],"wp:featuredmedia":[{"embeddable":true,"href":"https:\/\/www.nexoit.com.uy\/web\/wp-json\/wp\/v2\/media\/618"}],"wp:attachment":[{"href":"https:\/\/www.nexoit.com.uy\/web\/wp-json\/wp\/v2\/media?parent=591"}],"wp:term":[{"taxonomy":"product_cat","embeddable":true,"href":"https:\/\/www.nexoit.com.uy\/web\/wp-json\/wp\/v2\/product_cat?post=591"},{"taxonomy":"product_tag","embeddable":true,"href":"https:\/\/www.nexoit.com.uy\/web\/wp-json\/wp\/v2\/product_tag?post=591"}],"curies":[{"name":"wp","href":"https:\/\/api.w.org\/{rel}","templated":true}]}}