{"id":430,"date":"2015-06-05T12:59:37","date_gmt":"2015-06-05T15:59:37","guid":{"rendered":"http:\/\/nexoit.com.uy\/web\/?post_type=product&#038;p=430"},"modified":"2017-12-08T10:30:13","modified_gmt":"2017-12-08T13:30:13","slug":"scanner-fujitsu-fi-65f","status":"publish","type":"product","link":"https:\/\/www.nexoit.com.uy\/web\/tienda\/escaneres-fujitsu\/escaneres-personales-fujitsu\/scanner-fujitsu-fi-65f\/","title":{"rendered":"Esc\u00e1ner Fujitsu FI-65f"},"content":{"rendered":"<p>El <strong>FI-65f<\/strong> es el esc\u00e1ner ideal para la captura de documentos de identificaci\u00f3n (<em>C\u00e9dulas de Identidad, DNIs, Pasaportes, Libretas de Conducir, Tarjetas de residencia, etc.<\/em>) hasta A6 en tan solo 1 segundo, tanto a 200 como a 300dpi.<\/p>\n<p>Gracias a sus reducidas dimensiones se adapta a cualquier tipo de entorno de sobremesa, ideal en recepciones de hoteles, bancos, ferias, aeropuertos&#8230;<\/p>\n<p><strong>Descripci\u00f3n:<\/strong><\/p>\n<p>-Esc\u00e1ner A6, B&amp;N y color capaz de digitalizar en 1 segundo tanto a 200 como a 300 dpi.<br \/>\n-Gracias a su avanzada \u00f3ptica permite digitalizar sin la tapa, manteniendo la calidad de las im\u00e1genes.<br \/>\n-Realiza el recorte y enderezado autom\u00e1tico de las im\u00e1genes por lo que no es necesario alinear el documento sobre el cristal.<br \/>\n-Incorpora un bot\u00f3n en el frontal para lanzar las \u00f3rdenes de captura sin tener que interactuar con aplicaciones.<br \/>\n-Es BusPowered, por lo que podr\u00e1 trabajar perfectamente conectado al USB del PC sin necesidad de fuente de alimentaci\u00f3n.<\/p>\n","protected":false},"excerpt":{"rendered":"<p>El FI-65f es el esc\u00e1ner ideal para la captura de documentos de identificaci\u00f3n (C\u00e9dulas de Identidad, DNIs, Pasaportes, Libretas de Conducir, Tarjetas de residencia, etc.) hasta A6 en tan solo 1 segundo, tanto a 200 como a 300dpi. Gracias a sus reducidas dimensiones se adapta a cualquier tipo de entorno de sobremesa, ideal en recepciones [&hellip;]<\/p>\n","protected":false},"featured_media":401,"comment_status":"closed","ping_status":"closed","template":"","meta":[],"product_cat":[13,26],"product_tag":[],"yoast_head":"<!-- This site is optimized with the Yoast SEO plugin v20.10 - https:\/\/yoast.com\/wordpress\/plugins\/seo\/ -->\n<title>Esc\u00e1ner Fujitsu FI-65f - NEXO IT<\/title>\n<meta name=\"description\" content=\"El\u00a0FI-65f\u00a0es el scanner ideal para la captura de documentos de identificaci\u00f3n (C.I, DNIs, Pasaportes, Libretas de Conducir, Tarjetas de residencia, etc.)\" \/>\n<meta name=\"robots\" content=\"index, follow, max-snippet:-1, max-image-preview:large, max-video-preview:-1\" \/>\n<link rel=\"canonical\" href=\"https:\/\/www.nexoit.com.uy\/web\/tienda\/escaneres-fujitsu\/escaneres-personales-fujitsu\/scanner-fujitsu-fi-65f\/\" \/>\n<meta property=\"og:locale\" content=\"es_ES\" \/>\n<meta property=\"og:type\" content=\"article\" \/>\n<meta property=\"og:title\" content=\"Esc\u00e1ner Fujitsu FI-65f - NEXO IT\" \/>\n<meta property=\"og:description\" content=\"El\u00a0FI-65f\u00a0es el scanner ideal para la captura de documentos de identificaci\u00f3n (C.I, DNIs, Pasaportes, Libretas de Conducir, Tarjetas de residencia, etc.)\" \/>\n<meta property=\"og:url\" content=\"https:\/\/www.nexoit.com.uy\/web\/tienda\/escaneres-fujitsu\/escaneres-personales-fujitsu\/scanner-fujitsu-fi-65f\/\" \/>\n<meta property=\"og:site_name\" content=\"NEXO IT\" \/>\n<meta property=\"article:modified_time\" content=\"2017-12-08T13:30:13+00:00\" \/>\n<meta property=\"og:image\" content=\"https:\/\/www.nexoit.com.uy\/web\/wp-content\/uploads\/2015\/06\/FI65F.jpg\" \/>\n\t<meta property=\"og:image:width\" content=\"480\" \/>\n\t<meta property=\"og:image:height\" content=\"480\" \/>\n\t<meta property=\"og:image:type\" content=\"image\/jpeg\" \/>\n<meta name=\"twitter:label1\" content=\"Tiempo de lectura\" \/>\n\t<meta name=\"twitter:data1\" content=\"1 minuto\" \/>\n<script type=\"application\/ld+json\" class=\"yoast-schema-graph\">{\"@context\":\"https:\/\/schema.org\",\"@graph\":[{\"@type\":\"WebPage\",\"@id\":\"https:\/\/www.nexoit.com.uy\/web\/tienda\/escaneres-fujitsu\/escaneres-personales-fujitsu\/scanner-fujitsu-fi-65f\/\",\"url\":\"https:\/\/www.nexoit.com.uy\/web\/tienda\/escaneres-fujitsu\/escaneres-personales-fujitsu\/scanner-fujitsu-fi-65f\/\",\"name\":\"Esc\u00e1ner Fujitsu FI-65f - NEXO IT\",\"isPartOf\":{\"@id\":\"https:\/\/www.nexoit.com.uy\/web\/#website\"},\"datePublished\":\"2015-06-05T15:59:37+00:00\",\"dateModified\":\"2017-12-08T13:30:13+00:00\",\"description\":\"El\u00a0FI-65f\u00a0es el scanner ideal para la captura de documentos de identificaci\u00f3n (C.I, DNIs, Pasaportes, Libretas de Conducir, Tarjetas de residencia, etc.)\",\"breadcrumb\":{\"@id\":\"https:\/\/www.nexoit.com.uy\/web\/tienda\/escaneres-fujitsu\/escaneres-personales-fujitsu\/scanner-fujitsu-fi-65f\/#breadcrumb\"},\"inLanguage\":\"es\",\"potentialAction\":[{\"@type\":\"ReadAction\",\"target\":[\"https:\/\/www.nexoit.com.uy\/web\/tienda\/escaneres-fujitsu\/escaneres-personales-fujitsu\/scanner-fujitsu-fi-65f\/\"]}]},{\"@type\":\"BreadcrumbList\",\"@id\":\"https:\/\/www.nexoit.com.uy\/web\/tienda\/escaneres-fujitsu\/escaneres-personales-fujitsu\/scanner-fujitsu-fi-65f\/#breadcrumb\",\"itemListElement\":[{\"@type\":\"ListItem\",\"position\":1,\"name\":\"Portada\",\"item\":\"https:\/\/www.nexoit.com.uy\/web\/\"},{\"@type\":\"ListItem\",\"position\":2,\"name\":\"Esc\u00e1ner Fujitsu FI-65f\"}]},{\"@type\":\"WebSite\",\"@id\":\"https:\/\/www.nexoit.com.uy\/web\/#website\",\"url\":\"https:\/\/www.nexoit.com.uy\/web\/\",\"name\":\"NEXO IT\",\"description\":\"Expertos en gesti\u00f3n documental\",\"potentialAction\":[{\"@type\":\"SearchAction\",\"target\":{\"@type\":\"EntryPoint\",\"urlTemplate\":\"https:\/\/www.nexoit.com.uy\/web\/?s={search_term_string}\"},\"query-input\":\"required name=search_term_string\"}],\"inLanguage\":\"es\"}]}<\/script>\n<!-- \/ Yoast SEO plugin. -->","yoast_head_json":{"title":"Esc\u00e1ner Fujitsu FI-65f - NEXO IT","description":"El\u00a0FI-65f\u00a0es el scanner ideal para la captura de documentos de identificaci\u00f3n (C.I, DNIs, Pasaportes, Libretas de Conducir, Tarjetas de residencia, etc.)","robots":{"index":"index","follow":"follow","max-snippet":"max-snippet:-1","max-image-preview":"max-image-preview:large","max-video-preview":"max-video-preview:-1"},"canonical":"https:\/\/www.nexoit.com.uy\/web\/tienda\/escaneres-fujitsu\/escaneres-personales-fujitsu\/scanner-fujitsu-fi-65f\/","og_locale":"es_ES","og_type":"article","og_title":"Esc\u00e1ner Fujitsu FI-65f - NEXO IT","og_description":"El\u00a0FI-65f\u00a0es el scanner ideal para la captura de documentos de identificaci\u00f3n (C.I, DNIs, Pasaportes, Libretas de Conducir, Tarjetas de residencia, etc.)","og_url":"https:\/\/www.nexoit.com.uy\/web\/tienda\/escaneres-fujitsu\/escaneres-personales-fujitsu\/scanner-fujitsu-fi-65f\/","og_site_name":"NEXO IT","article_modified_time":"2017-12-08T13:30:13+00:00","og_image":[{"width":480,"height":480,"url":"https:\/\/www.nexoit.com.uy\/web\/wp-content\/uploads\/2015\/06\/FI65F.jpg","type":"image\/jpeg"}],"twitter_misc":{"Tiempo de lectura":"1 minuto"},"schema":{"@context":"https:\/\/schema.org","@graph":[{"@type":"WebPage","@id":"https:\/\/www.nexoit.com.uy\/web\/tienda\/escaneres-fujitsu\/escaneres-personales-fujitsu\/scanner-fujitsu-fi-65f\/","url":"https:\/\/www.nexoit.com.uy\/web\/tienda\/escaneres-fujitsu\/escaneres-personales-fujitsu\/scanner-fujitsu-fi-65f\/","name":"Esc\u00e1ner Fujitsu FI-65f - NEXO IT","isPartOf":{"@id":"https:\/\/www.nexoit.com.uy\/web\/#website"},"datePublished":"2015-06-05T15:59:37+00:00","dateModified":"2017-12-08T13:30:13+00:00","description":"El\u00a0FI-65f\u00a0es el scanner ideal para la captura de documentos de identificaci\u00f3n (C.I, DNIs, Pasaportes, Libretas de Conducir, Tarjetas de residencia, etc.)","breadcrumb":{"@id":"https:\/\/www.nexoit.com.uy\/web\/tienda\/escaneres-fujitsu\/escaneres-personales-fujitsu\/scanner-fujitsu-fi-65f\/#breadcrumb"},"inLanguage":"es","potentialAction":[{"@type":"ReadAction","target":["https:\/\/www.nexoit.com.uy\/web\/tienda\/escaneres-fujitsu\/escaneres-personales-fujitsu\/scanner-fujitsu-fi-65f\/"]}]},{"@type":"BreadcrumbList","@id":"https:\/\/www.nexoit.com.uy\/web\/tienda\/escaneres-fujitsu\/escaneres-personales-fujitsu\/scanner-fujitsu-fi-65f\/#breadcrumb","itemListElement":[{"@type":"ListItem","position":1,"name":"Portada","item":"https:\/\/www.nexoit.com.uy\/web\/"},{"@type":"ListItem","position":2,"name":"Esc\u00e1ner Fujitsu FI-65f"}]},{"@type":"WebSite","@id":"https:\/\/www.nexoit.com.uy\/web\/#website","url":"https:\/\/www.nexoit.com.uy\/web\/","name":"NEXO IT","description":"Expertos en gesti\u00f3n documental","potentialAction":[{"@type":"SearchAction","target":{"@type":"EntryPoint","urlTemplate":"https:\/\/www.nexoit.com.uy\/web\/?s={search_term_string}"},"query-input":"required name=search_term_string"}],"inLanguage":"es"}]}},"_links":{"self":[{"href":"https:\/\/www.nexoit.com.uy\/web\/wp-json\/wp\/v2\/product\/430"}],"collection":[{"href":"https:\/\/www.nexoit.com.uy\/web\/wp-json\/wp\/v2\/product"}],"about":[{"href":"https:\/\/www.nexoit.com.uy\/web\/wp-json\/wp\/v2\/types\/product"}],"replies":[{"embeddable":true,"href":"https:\/\/www.nexoit.com.uy\/web\/wp-json\/wp\/v2\/comments?post=430"}],"wp:featuredmedia":[{"embeddable":true,"href":"https:\/\/www.nexoit.com.uy\/web\/wp-json\/wp\/v2\/media\/401"}],"wp:attachment":[{"href":"https:\/\/www.nexoit.com.uy\/web\/wp-json\/wp\/v2\/media?parent=430"}],"wp:term":[{"taxonomy":"product_cat","embeddable":true,"href":"https:\/\/www.nexoit.com.uy\/web\/wp-json\/wp\/v2\/product_cat?post=430"},{"taxonomy":"product_tag","embeddable":true,"href":"https:\/\/www.nexoit.com.uy\/web\/wp-json\/wp\/v2\/product_tag?post=430"}],"curies":[{"name":"wp","href":"https:\/\/api.w.org\/{rel}","templated":true}]}}