{"id":418,"date":"2015-06-05T12:40:56","date_gmt":"2015-06-05T15:40:56","guid":{"rendered":"http:\/\/nexoit.com.uy\/web\/?post_type=product&#038;p=418"},"modified":"2017-12-01T16:21:13","modified_gmt":"2017-12-01T19:21:13","slug":"scanner-fujitsu-s1100","status":"publish","type":"product","link":"https:\/\/www.nexoit.com.uy\/web\/tienda\/escaneres-fujitsu\/escaneres-personales-fujitsu\/scanner-fujitsu-s1100\/","title":{"rendered":"Esc\u00e1ner Fujitsu ScanSnap S1100"},"content":{"rendered":"<p><strong>ScanSnap S1100<\/strong> es la soluci\u00f3n perfecta para el intercambio de documentos e im\u00e1genes en la nube, imprescindible para cualquier hogar y empresa.<\/p>\n<p>Permite trabajar de forma m\u00e1s eficiente a todas las personas que se relacionen con organizaciones que ofrecen servicios y tr\u00e1mites on-line, no solo por su facilidad de uso sino por sus reducidas dimensiones que permiten llevarlo a cualquier parte.<\/p>\n<p>Con <strong>ScanSnap S1100<\/strong> no hay que configurar driver, solo hay que saber lo que se quiere hacer, ya que \u00e9l solo de forma autom\u00e1tica, realiza todos los ajustes necesarios de resoluci\u00f3n, tama\u00f1o, color,\u00a0etc..<\/p>\n","protected":false},"excerpt":{"rendered":"<p>ScanSnap S1100 es la soluci\u00f3n perfecta para el intercambio de documentos e im\u00e1genes en la nube, imprescindible para cualquier hogar y empresa. Permite trabajar de forma m\u00e1s eficiente a todas las personas que se relacionen con organizaciones que ofrecen servicios y tr\u00e1mites on-line, no solo por su facilidad de uso sino por sus reducidas dimensiones [&hellip;]<\/p>\n","protected":false},"featured_media":415,"comment_status":"closed","ping_status":"closed","template":"","meta":[],"product_cat":[13,26],"product_tag":[],"yoast_head":"<!-- This site is optimized with the Yoast SEO plugin v20.10 - https:\/\/yoast.com\/wordpress\/plugins\/seo\/ -->\n<title>Esc\u00e1ner Fujitsu ScanSnap S1100 - NEXO IT<\/title>\n<meta name=\"robots\" content=\"index, follow, max-snippet:-1, max-image-preview:large, max-video-preview:-1\" \/>\n<link rel=\"canonical\" href=\"https:\/\/www.nexoit.com.uy\/web\/tienda\/escaneres-fujitsu\/escaneres-personales-fujitsu\/scanner-fujitsu-s1100\/\" \/>\n<meta property=\"og:locale\" content=\"es_ES\" \/>\n<meta property=\"og:type\" content=\"article\" \/>\n<meta property=\"og:title\" content=\"Esc\u00e1ner Fujitsu ScanSnap S1100 - NEXO IT\" \/>\n<meta property=\"og:description\" content=\"ScanSnap S1100 es la soluci\u00f3n perfecta para el intercambio de documentos e im\u00e1genes en la nube, imprescindible para cualquier hogar y empresa. Permite trabajar de forma m\u00e1s eficiente a todas las personas que se relacionen con organizaciones que ofrecen servicios y tr\u00e1mites on-line, no solo por su facilidad de uso sino por sus reducidas dimensiones [&hellip;]\" \/>\n<meta property=\"og:url\" content=\"https:\/\/www.nexoit.com.uy\/web\/tienda\/escaneres-fujitsu\/escaneres-personales-fujitsu\/scanner-fujitsu-s1100\/\" \/>\n<meta property=\"og:site_name\" content=\"NEXO IT\" \/>\n<meta property=\"article:modified_time\" content=\"2017-12-01T19:21:13+00:00\" \/>\n<meta property=\"og:image\" content=\"https:\/\/www.nexoit.com.uy\/web\/wp-content\/uploads\/2015\/06\/S1100.jpg\" \/>\n\t<meta property=\"og:image:width\" content=\"480\" \/>\n\t<meta property=\"og:image:height\" content=\"480\" \/>\n\t<meta property=\"og:image:type\" content=\"image\/jpeg\" \/>\n<meta name=\"twitter:label1\" content=\"Tiempo de lectura\" \/>\n\t<meta name=\"twitter:data1\" content=\"1 minuto\" \/>\n<script type=\"application\/ld+json\" class=\"yoast-schema-graph\">{\"@context\":\"https:\/\/schema.org\",\"@graph\":[{\"@type\":\"WebPage\",\"@id\":\"https:\/\/www.nexoit.com.uy\/web\/tienda\/escaneres-fujitsu\/escaneres-personales-fujitsu\/scanner-fujitsu-s1100\/\",\"url\":\"https:\/\/www.nexoit.com.uy\/web\/tienda\/escaneres-fujitsu\/escaneres-personales-fujitsu\/scanner-fujitsu-s1100\/\",\"name\":\"Esc\u00e1ner Fujitsu ScanSnap S1100 - NEXO IT\",\"isPartOf\":{\"@id\":\"https:\/\/www.nexoit.com.uy\/web\/#website\"},\"datePublished\":\"2015-06-05T15:40:56+00:00\",\"dateModified\":\"2017-12-01T19:21:13+00:00\",\"breadcrumb\":{\"@id\":\"https:\/\/www.nexoit.com.uy\/web\/tienda\/escaneres-fujitsu\/escaneres-personales-fujitsu\/scanner-fujitsu-s1100\/#breadcrumb\"},\"inLanguage\":\"es\",\"potentialAction\":[{\"@type\":\"ReadAction\",\"target\":[\"https:\/\/www.nexoit.com.uy\/web\/tienda\/escaneres-fujitsu\/escaneres-personales-fujitsu\/scanner-fujitsu-s1100\/\"]}]},{\"@type\":\"BreadcrumbList\",\"@id\":\"https:\/\/www.nexoit.com.uy\/web\/tienda\/escaneres-fujitsu\/escaneres-personales-fujitsu\/scanner-fujitsu-s1100\/#breadcrumb\",\"itemListElement\":[{\"@type\":\"ListItem\",\"position\":1,\"name\":\"Portada\",\"item\":\"https:\/\/www.nexoit.com.uy\/web\/\"},{\"@type\":\"ListItem\",\"position\":2,\"name\":\"Esc\u00e1ner Fujitsu ScanSnap S1100\"}]},{\"@type\":\"WebSite\",\"@id\":\"https:\/\/www.nexoit.com.uy\/web\/#website\",\"url\":\"https:\/\/www.nexoit.com.uy\/web\/\",\"name\":\"NEXO IT\",\"description\":\"Expertos en gesti\u00f3n documental\",\"potentialAction\":[{\"@type\":\"SearchAction\",\"target\":{\"@type\":\"EntryPoint\",\"urlTemplate\":\"https:\/\/www.nexoit.com.uy\/web\/?s={search_term_string}\"},\"query-input\":\"required name=search_term_string\"}],\"inLanguage\":\"es\"}]}<\/script>\n<!-- \/ Yoast SEO plugin. -->","yoast_head_json":{"title":"Esc\u00e1ner Fujitsu ScanSnap S1100 - NEXO IT","robots":{"index":"index","follow":"follow","max-snippet":"max-snippet:-1","max-image-preview":"max-image-preview:large","max-video-preview":"max-video-preview:-1"},"canonical":"https:\/\/www.nexoit.com.uy\/web\/tienda\/escaneres-fujitsu\/escaneres-personales-fujitsu\/scanner-fujitsu-s1100\/","og_locale":"es_ES","og_type":"article","og_title":"Esc\u00e1ner Fujitsu ScanSnap S1100 - NEXO IT","og_description":"ScanSnap S1100 es la soluci\u00f3n perfecta para el intercambio de documentos e im\u00e1genes en la nube, imprescindible para cualquier hogar y empresa. Permite trabajar de forma m\u00e1s eficiente a todas las personas que se relacionen con organizaciones que ofrecen servicios y tr\u00e1mites on-line, no solo por su facilidad de uso sino por sus reducidas dimensiones [&hellip;]","og_url":"https:\/\/www.nexoit.com.uy\/web\/tienda\/escaneres-fujitsu\/escaneres-personales-fujitsu\/scanner-fujitsu-s1100\/","og_site_name":"NEXO IT","article_modified_time":"2017-12-01T19:21:13+00:00","og_image":[{"width":480,"height":480,"url":"https:\/\/www.nexoit.com.uy\/web\/wp-content\/uploads\/2015\/06\/S1100.jpg","type":"image\/jpeg"}],"twitter_misc":{"Tiempo de lectura":"1 minuto"},"schema":{"@context":"https:\/\/schema.org","@graph":[{"@type":"WebPage","@id":"https:\/\/www.nexoit.com.uy\/web\/tienda\/escaneres-fujitsu\/escaneres-personales-fujitsu\/scanner-fujitsu-s1100\/","url":"https:\/\/www.nexoit.com.uy\/web\/tienda\/escaneres-fujitsu\/escaneres-personales-fujitsu\/scanner-fujitsu-s1100\/","name":"Esc\u00e1ner Fujitsu ScanSnap S1100 - NEXO IT","isPartOf":{"@id":"https:\/\/www.nexoit.com.uy\/web\/#website"},"datePublished":"2015-06-05T15:40:56+00:00","dateModified":"2017-12-01T19:21:13+00:00","breadcrumb":{"@id":"https:\/\/www.nexoit.com.uy\/web\/tienda\/escaneres-fujitsu\/escaneres-personales-fujitsu\/scanner-fujitsu-s1100\/#breadcrumb"},"inLanguage":"es","potentialAction":[{"@type":"ReadAction","target":["https:\/\/www.nexoit.com.uy\/web\/tienda\/escaneres-fujitsu\/escaneres-personales-fujitsu\/scanner-fujitsu-s1100\/"]}]},{"@type":"BreadcrumbList","@id":"https:\/\/www.nexoit.com.uy\/web\/tienda\/escaneres-fujitsu\/escaneres-personales-fujitsu\/scanner-fujitsu-s1100\/#breadcrumb","itemListElement":[{"@type":"ListItem","position":1,"name":"Portada","item":"https:\/\/www.nexoit.com.uy\/web\/"},{"@type":"ListItem","position":2,"name":"Esc\u00e1ner Fujitsu ScanSnap S1100"}]},{"@type":"WebSite","@id":"https:\/\/www.nexoit.com.uy\/web\/#website","url":"https:\/\/www.nexoit.com.uy\/web\/","name":"NEXO IT","description":"Expertos en gesti\u00f3n documental","potentialAction":[{"@type":"SearchAction","target":{"@type":"EntryPoint","urlTemplate":"https:\/\/www.nexoit.com.uy\/web\/?s={search_term_string}"},"query-input":"required name=search_term_string"}],"inLanguage":"es"}]}},"_links":{"self":[{"href":"https:\/\/www.nexoit.com.uy\/web\/wp-json\/wp\/v2\/product\/418"}],"collection":[{"href":"https:\/\/www.nexoit.com.uy\/web\/wp-json\/wp\/v2\/product"}],"about":[{"href":"https:\/\/www.nexoit.com.uy\/web\/wp-json\/wp\/v2\/types\/product"}],"replies":[{"embeddable":true,"href":"https:\/\/www.nexoit.com.uy\/web\/wp-json\/wp\/v2\/comments?post=418"}],"wp:featuredmedia":[{"embeddable":true,"href":"https:\/\/www.nexoit.com.uy\/web\/wp-json\/wp\/v2\/media\/415"}],"wp:attachment":[{"href":"https:\/\/www.nexoit.com.uy\/web\/wp-json\/wp\/v2\/media?parent=418"}],"wp:term":[{"taxonomy":"product_cat","embeddable":true,"href":"https:\/\/www.nexoit.com.uy\/web\/wp-json\/wp\/v2\/product_cat?post=418"},{"taxonomy":"product_tag","embeddable":true,"href":"https:\/\/www.nexoit.com.uy\/web\/wp-json\/wp\/v2\/product_tag?post=418"}],"curies":[{"name":"wp","href":"https:\/\/api.w.org\/{rel}","templated":true}]}}