{"id":1020,"date":"2019-05-31T14:32:03","date_gmt":"2019-05-31T17:32:03","guid":{"rendered":"https:\/\/www.nexoit.com.uy\/web\/?post_type=product&#038;p=1020"},"modified":"2019-06-25T10:54:15","modified_gmt":"2019-06-25T13:54:15","slug":"escaner-fujitsu-ix-1500","status":"publish","type":"product","link":"https:\/\/www.nexoit.com.uy\/web\/tienda\/escaneres-fujitsu\/escaneres-produccion-red\/escaner-fujitsu-ix-1500\/","title":{"rendered":"Escaner Fujitsu ScanSnap IX-1500"},"content":{"rendered":"<h3>Ergon\u00f3mico y elegante<\/h3>\n<p>El dise\u00f1o ergon\u00f3mico y elegante del esc\u00e1ner permite ubicarlo en cualquier espacio, de forma que podr\u00e1s colocarlo en el sitio que prefieras, ya sea en la oficina, el sal\u00f3n o la sala de estudio.<\/p>\n<h3>Creaci\u00f3n r\u00e1pida de archivos<\/h3>\n<p>Solo tienes que abrir el alimentador autom\u00e1tico de documentos y ScanSnap estar\u00e1 listo para funcionar. Digitaliza documentos de una o dos caras de forma sencilla a una velocidad de 30 hojas por minuto*1. Si eliges el inicio \u00abr\u00e1pido\u00bb*2, podr\u00e1s iniciar la digitalizaci\u00f3n todav\u00eda m\u00e1s r\u00e1pido.<\/p>\n<p>*1 Calidad de imagen: modo mejorado (color\/escala de grises a 300 ppp; blanco y negro a 600 ppp).<br \/>\n*2 El consumo de energ\u00eda es mayor con el inicio \u00abr\u00e1pido\u00bb.<\/p>\n<h3>Digitalizaci\u00f3n de cualquier documento<\/h3>\n<p>Digitaliza documentos con un tama\u00f1o superior al t\u00edpico A4 de forma muy sencilla dobl\u00e1ndolos por la mitad e introduci\u00e9ndose en el alimentador, igualmente con el modo manual podr\u00e1s capturar de forma sencilla, sobres y documentos que habitualmente presentan problemas a la hora de digitalizar.<\/p>\n<p>Digitaliza sin dificultad peque\u00f1os documentos con la gu\u00eda especial para tickets. No necesitas preocuparte de enderezar recibos de gran tama\u00f1o y tarjetas de visita que suelen doblarse o desviarse. Su dise\u00f1o permite un ajuste c\u00f3modo incluso con la tapa cerrada, lo que reduce notablemente la manipulaci\u00f3n de documentos antes de pulsar el bot\u00f3n de digitalizaci\u00f3n.<\/p>\n<p>&nbsp;<\/p>\n<p><iframe loading=\"lazy\" src=\"https:\/\/www.youtube.com\/embed\/aBPd14J9P7E\" width=\"560\" height=\"315\" frameborder=\"0\" allowfullscreen=\"allowfullscreen\"><\/iframe><\/p>\n","protected":false},"excerpt":{"rendered":"<p>Ergon\u00f3mico y elegante El dise\u00f1o ergon\u00f3mico y elegante del esc\u00e1ner permite ubicarlo en cualquier espacio, de forma que podr\u00e1s colocarlo en el sitio que prefieras, ya sea en la oficina, el sal\u00f3n o la sala de estudio. Creaci\u00f3n r\u00e1pida de archivos Solo tienes que abrir el alimentador autom\u00e1tico de documentos y ScanSnap estar\u00e1 listo para [&hellip;]<\/p>\n","protected":false},"featured_media":1001,"comment_status":"closed","ping_status":"closed","template":"","meta":[],"product_cat":[13,14],"product_tag":[],"yoast_head":"<!-- This site is optimized with the Yoast SEO plugin v20.10 - https:\/\/yoast.com\/wordpress\/plugins\/seo\/ -->\n<title>Escaner Fujitsu ScanSnap IX-1500 - NEXO IT<\/title>\n<meta name=\"robots\" content=\"index, follow, max-snippet:-1, max-image-preview:large, max-video-preview:-1\" \/>\n<link rel=\"canonical\" href=\"https:\/\/www.nexoit.com.uy\/web\/tienda\/escaneres-fujitsu\/escaneres-produccion-red\/escaner-fujitsu-ix-1500\/\" \/>\n<meta property=\"og:locale\" content=\"es_ES\" \/>\n<meta property=\"og:type\" content=\"article\" \/>\n<meta property=\"og:title\" content=\"Escaner Fujitsu ScanSnap IX-1500 - NEXO IT\" \/>\n<meta property=\"og:description\" content=\"Ergon\u00f3mico y elegante El dise\u00f1o ergon\u00f3mico y elegante del esc\u00e1ner permite ubicarlo en cualquier espacio, de forma que podr\u00e1s colocarlo en el sitio que prefieras, ya sea en la oficina, el sal\u00f3n o la sala de estudio. Creaci\u00f3n r\u00e1pida de archivos Solo tienes que abrir el alimentador autom\u00e1tico de documentos y ScanSnap estar\u00e1 listo para [&hellip;]\" \/>\n<meta property=\"og:url\" content=\"https:\/\/www.nexoit.com.uy\/web\/tienda\/escaneres-fujitsu\/escaneres-produccion-red\/escaner-fujitsu-ix-1500\/\" \/>\n<meta property=\"og:site_name\" content=\"NEXO IT\" \/>\n<meta property=\"article:modified_time\" content=\"2019-06-25T13:54:15+00:00\" \/>\n<meta property=\"og:image\" content=\"https:\/\/www.nexoit.com.uy\/web\/wp-content\/uploads\/2019\/05\/fujitsu-ix-1500.jpg\" \/>\n\t<meta property=\"og:image:width\" content=\"1000\" \/>\n\t<meta property=\"og:image:height\" content=\"1000\" \/>\n\t<meta property=\"og:image:type\" content=\"image\/jpeg\" \/>\n<meta name=\"twitter:label1\" content=\"Tiempo de lectura\" \/>\n\t<meta name=\"twitter:data1\" content=\"1 minuto\" \/>\n<script type=\"application\/ld+json\" class=\"yoast-schema-graph\">{\"@context\":\"https:\/\/schema.org\",\"@graph\":[{\"@type\":\"WebPage\",\"@id\":\"https:\/\/www.nexoit.com.uy\/web\/tienda\/escaneres-fujitsu\/escaneres-produccion-red\/escaner-fujitsu-ix-1500\/\",\"url\":\"https:\/\/www.nexoit.com.uy\/web\/tienda\/escaneres-fujitsu\/escaneres-produccion-red\/escaner-fujitsu-ix-1500\/\",\"name\":\"Escaner Fujitsu ScanSnap IX-1500 - NEXO IT\",\"isPartOf\":{\"@id\":\"https:\/\/www.nexoit.com.uy\/web\/#website\"},\"datePublished\":\"2019-05-31T17:32:03+00:00\",\"dateModified\":\"2019-06-25T13:54:15+00:00\",\"breadcrumb\":{\"@id\":\"https:\/\/www.nexoit.com.uy\/web\/tienda\/escaneres-fujitsu\/escaneres-produccion-red\/escaner-fujitsu-ix-1500\/#breadcrumb\"},\"inLanguage\":\"es\",\"potentialAction\":[{\"@type\":\"ReadAction\",\"target\":[\"https:\/\/www.nexoit.com.uy\/web\/tienda\/escaneres-fujitsu\/escaneres-produccion-red\/escaner-fujitsu-ix-1500\/\"]}]},{\"@type\":\"BreadcrumbList\",\"@id\":\"https:\/\/www.nexoit.com.uy\/web\/tienda\/escaneres-fujitsu\/escaneres-produccion-red\/escaner-fujitsu-ix-1500\/#breadcrumb\",\"itemListElement\":[{\"@type\":\"ListItem\",\"position\":1,\"name\":\"Portada\",\"item\":\"https:\/\/www.nexoit.com.uy\/web\/\"},{\"@type\":\"ListItem\",\"position\":2,\"name\":\"Escaner Fujitsu ScanSnap IX-1500\"}]},{\"@type\":\"WebSite\",\"@id\":\"https:\/\/www.nexoit.com.uy\/web\/#website\",\"url\":\"https:\/\/www.nexoit.com.uy\/web\/\",\"name\":\"NEXO IT\",\"description\":\"Expertos en gesti\u00f3n documental\",\"potentialAction\":[{\"@type\":\"SearchAction\",\"target\":{\"@type\":\"EntryPoint\",\"urlTemplate\":\"https:\/\/www.nexoit.com.uy\/web\/?s={search_term_string}\"},\"query-input\":\"required name=search_term_string\"}],\"inLanguage\":\"es\"}]}<\/script>\n<!-- \/ Yoast SEO plugin. -->","yoast_head_json":{"title":"Escaner Fujitsu ScanSnap IX-1500 - NEXO IT","robots":{"index":"index","follow":"follow","max-snippet":"max-snippet:-1","max-image-preview":"max-image-preview:large","max-video-preview":"max-video-preview:-1"},"canonical":"https:\/\/www.nexoit.com.uy\/web\/tienda\/escaneres-fujitsu\/escaneres-produccion-red\/escaner-fujitsu-ix-1500\/","og_locale":"es_ES","og_type":"article","og_title":"Escaner Fujitsu ScanSnap IX-1500 - NEXO IT","og_description":"Ergon\u00f3mico y elegante El dise\u00f1o ergon\u00f3mico y elegante del esc\u00e1ner permite ubicarlo en cualquier espacio, de forma que podr\u00e1s colocarlo en el sitio que prefieras, ya sea en la oficina, el sal\u00f3n o la sala de estudio. Creaci\u00f3n r\u00e1pida de archivos Solo tienes que abrir el alimentador autom\u00e1tico de documentos y ScanSnap estar\u00e1 listo para [&hellip;]","og_url":"https:\/\/www.nexoit.com.uy\/web\/tienda\/escaneres-fujitsu\/escaneres-produccion-red\/escaner-fujitsu-ix-1500\/","og_site_name":"NEXO IT","article_modified_time":"2019-06-25T13:54:15+00:00","og_image":[{"width":1000,"height":1000,"url":"https:\/\/www.nexoit.com.uy\/web\/wp-content\/uploads\/2019\/05\/fujitsu-ix-1500.jpg","type":"image\/jpeg"}],"twitter_misc":{"Tiempo de lectura":"1 minuto"},"schema":{"@context":"https:\/\/schema.org","@graph":[{"@type":"WebPage","@id":"https:\/\/www.nexoit.com.uy\/web\/tienda\/escaneres-fujitsu\/escaneres-produccion-red\/escaner-fujitsu-ix-1500\/","url":"https:\/\/www.nexoit.com.uy\/web\/tienda\/escaneres-fujitsu\/escaneres-produccion-red\/escaner-fujitsu-ix-1500\/","name":"Escaner Fujitsu ScanSnap IX-1500 - NEXO IT","isPartOf":{"@id":"https:\/\/www.nexoit.com.uy\/web\/#website"},"datePublished":"2019-05-31T17:32:03+00:00","dateModified":"2019-06-25T13:54:15+00:00","breadcrumb":{"@id":"https:\/\/www.nexoit.com.uy\/web\/tienda\/escaneres-fujitsu\/escaneres-produccion-red\/escaner-fujitsu-ix-1500\/#breadcrumb"},"inLanguage":"es","potentialAction":[{"@type":"ReadAction","target":["https:\/\/www.nexoit.com.uy\/web\/tienda\/escaneres-fujitsu\/escaneres-produccion-red\/escaner-fujitsu-ix-1500\/"]}]},{"@type":"BreadcrumbList","@id":"https:\/\/www.nexoit.com.uy\/web\/tienda\/escaneres-fujitsu\/escaneres-produccion-red\/escaner-fujitsu-ix-1500\/#breadcrumb","itemListElement":[{"@type":"ListItem","position":1,"name":"Portada","item":"https:\/\/www.nexoit.com.uy\/web\/"},{"@type":"ListItem","position":2,"name":"Escaner Fujitsu ScanSnap IX-1500"}]},{"@type":"WebSite","@id":"https:\/\/www.nexoit.com.uy\/web\/#website","url":"https:\/\/www.nexoit.com.uy\/web\/","name":"NEXO IT","description":"Expertos en gesti\u00f3n documental","potentialAction":[{"@type":"SearchAction","target":{"@type":"EntryPoint","urlTemplate":"https:\/\/www.nexoit.com.uy\/web\/?s={search_term_string}"},"query-input":"required name=search_term_string"}],"inLanguage":"es"}]}},"_links":{"self":[{"href":"https:\/\/www.nexoit.com.uy\/web\/wp-json\/wp\/v2\/product\/1020"}],"collection":[{"href":"https:\/\/www.nexoit.com.uy\/web\/wp-json\/wp\/v2\/product"}],"about":[{"href":"https:\/\/www.nexoit.com.uy\/web\/wp-json\/wp\/v2\/types\/product"}],"replies":[{"embeddable":true,"href":"https:\/\/www.nexoit.com.uy\/web\/wp-json\/wp\/v2\/comments?post=1020"}],"wp:featuredmedia":[{"embeddable":true,"href":"https:\/\/www.nexoit.com.uy\/web\/wp-json\/wp\/v2\/media\/1001"}],"wp:attachment":[{"href":"https:\/\/www.nexoit.com.uy\/web\/wp-json\/wp\/v2\/media?parent=1020"}],"wp:term":[{"taxonomy":"product_cat","embeddable":true,"href":"https:\/\/www.nexoit.com.uy\/web\/wp-json\/wp\/v2\/product_cat?post=1020"},{"taxonomy":"product_tag","embeddable":true,"href":"https:\/\/www.nexoit.com.uy\/web\/wp-json\/wp\/v2\/product_tag?post=1020"}],"curies":[{"name":"wp","href":"https:\/\/api.w.org\/{rel}","templated":true}]}}