{"id":960,"date":"2019-02-01T13:45:38","date_gmt":"2019-02-01T16:45:38","guid":{"rendered":"https:\/\/www.nexoit.com.uy\/web\/?page_id=960"},"modified":"2019-06-04T12:11:42","modified_gmt":"2019-06-04T15:11:42","slug":"onbase-plataforma-ilimitada","status":"publish","type":"page","link":"https:\/\/www.nexoit.com.uy\/web\/onbase-plataforma-ilimitada\/","title":{"rendered":"OnBase &#8211; Una Plataforma Con Potencial Ilimitado"},"content":{"rendered":"<h4>OnBase es una plataforma integral que le permite administrar eficientemente su informaci\u00f3n y contenido, automatizar procesos y gestionar casos de excepci\u00f3n.<\/h4>\n<div class=\"page-container content-wrap slideout-panel slideout-panel-left\">\n<div class=\"htmlcrawl\">\n<section id=\"product-introductions\" class=\" padding\">\n<div class=\"container\">\n<div class=\"row\">\n<div class=\"col-md-6 col-sm-6 \">\n<p>OnBase es una plataforma de informaci\u00f3n empresarial para la gesti\u00f3n de documentos, procesos y datos, que ha transformado a miles de organizaciones alrededor del mundo al ofrecerles la base tecnol\u00f3gica para dotarlas de agilidad y eficiencia.<\/p>\n<p>Su potencial es ilimitado por la multitud de soluciones que ofrece, por no tener l\u00edmites en el crecimiento de su implementaci\u00f3n dentro de la empresa y por actualizarse anualmente con las \u00faltimas tendencias del sector, as\u00ed como con el cumplimiento normativo.<\/p>\n<p>&nbsp;<\/p>\n<div class=\"\">\n<h4>Gesti\u00f3n segura de la informaci\u00f3n en OnBase<\/h4>\n<p>Explorando la plataforma de <strong>OnBase<\/strong> se descubre la amplia gama de funciones de gesti\u00f3n de contenido empresarial (ECM) disponibles. <strong>OnBase<\/strong> gestiona la informaci\u00f3n de forma eficiente y segura desde la captura inicial hasta su eliminaci\u00f3n.<\/p>\n<\/div>\n<ul class=\"listing-card-list\">\n<li class=\"listing-card\">\n<div class=\"row\">\n<div class=\"col-md-4 col-sm-12\">\u00a0<strong class=\"onbase-blue-txt\">Escaneo y captura de documentos<\/strong><\/div>\n<div class=\"col-md-8 col-sm-12 listing-card-padding\">\n<p><strong>OnBase<\/strong> funciona con casi cualquier dispositivo de escaneo, desde dispositivos de impresoras multifunci\u00f3n, ideales para escanear p\u00e1ginas individuales, hasta sistemas capaces de escanear miles de p\u00e1ginas por hora.<\/p>\n<\/div>\n<\/div>\n<\/li>\n<li class=\"listing-card\">\n<div class=\"row\">\n<div class=\"col-md-4 col-sm-12\">\u00a0<strong class=\"onbase-blue-txt\">Gesti\u00f3n de documentos<\/strong><\/div>\n<div class=\"col-md-8 col-sm-12 listing-card-padding\">\n<p>Una vez capturados los documentos, trabaje de forma eficiente con el contenido electr\u00f3nico mediante potentes funciones de gesti\u00f3n de documentos como el control de versiones y revisiones, firmas y b\u00fasqueda avanzada.<\/p>\n<\/div>\n<\/div>\n<\/li>\n<li class=\"listing-card\">\n<div class=\"row\">\n<div class=\"col-md-4 col-sm-12\">\u00a0<strong class=\"onbase-blue-txt\">Automatizaci\u00f3n de los procesos<\/strong><\/div>\n<div class=\"col-md-8 col-sm-12 listing-card-padding\">\n<p><strong>OnBase<\/strong> optimiza los procesos empresariales que se repiten mediante la automatizaci\u00f3n de las tareas repetitivas y la entrega de los documentos y las excepciones importantes a las personas adecuadas en el momento oportuno.<\/p>\n<\/div>\n<\/div>\n<\/li>\n<li class=\"listing-card\">\n<div class=\"row\">\n<div class=\"col-md-4 col-sm-12\">\u00a0<strong class=\"onbase-blue-txt\">Impresi\u00f3n y distribuci\u00f3n de documentos<\/strong><\/div>\n<div class=\"col-md-8 col-sm-12 listing-card-padding\">\n<p><strong>OnBase<\/strong> Document Composition automatiza la creaci\u00f3n de documentos y reduce el coste asociado a las comunicaciones escritas.<\/p>\n<\/div>\n<\/div>\n<\/li>\n<li class=\"listing-card\">\n<div class=\"row\">\n<div class=\"col-md-4 col-sm-12\">\u00a0<strong class=\"onbase-blue-txt\">Gesti\u00f3n de registros<\/strong><\/div>\n<div class=\"col-md-8 col-sm-12 listing-card-padding\">\n<p><strong>OnBase<\/strong> controla la retenci\u00f3n de todos los registros empresariales asociados, minimiza el riesgo y, al mismo tiempo, brinda soporte a los esfuerzos de cumplimiento normativo.<\/p>\n<\/div>\n<\/div>\n<\/li>\n<li class=\"listing-card\">\n<div class=\"row\">\n<div class=\"col-md-4 col-sm-12\">\u00a0<strong class=\"onbase-blue-txt\">Integraci\u00f3n con cualquier aplicaci\u00f3n<\/strong><\/div>\n<div class=\"col-md-8 col-sm-12 listing-card-padding\">\n<p><strong>OnBase<\/strong> se integra con m\u00e1s de 500 aplicaciones a trav\u00e9s de una gran variedad de opciones de integraci\u00f3n, lo cual permite a las organizaciones centrarse en la mejora de los procesos empresariales y no en la personalizaci\u00f3n del c\u00f3digo.<\/p>\n<\/div>\n<\/div>\n<\/li>\n<\/ul>\n<\/div>\n<\/div>\n<\/div>\n<\/section>\n<section id=\"es-quote\" class=\" padding\">\n<div class=\"container\">\n<div class=\"row\">\n<div class=\"col-md-12 col-sm-12 text-left\">\n<h4><\/h4>\n<p>Gartner nombra a Hyland l\u00edder en ECM software. Descubra c\u00f3mo llevar a cabo la trasformaci\u00f3n digital de su empresa con el l\u00edder del sector.<br \/>\n<a class=\"btn btn-primary\" href=\"https:\/\/www.hyland.com\/es-es\/explore\/gartner-magic-quadrant-for-content-services-platforms\">Obtenga el informe<\/a><\/p>\n<hr \/>\n<\/div>\n<\/div>\n<\/div>\n<\/section>\n<section id=\"onbase-platform-nav\" class=\"darkblue-white padding\">\n<div class=\"darkblue-white\">\n<div class=\"container\">\n<div class=\"row\">\n<div class=\"col-md-12 col-sm-12 \">\n<h2><img decoding=\"async\" class=\"form-image\" src=\"https:\/\/www.onbase.com\/-\/media\/OnBase\/Images\/icons\/General\/caller-icon.png?h=88&amp;w=86&amp;la=es-ES&amp;hash=EE048AE39166EB32867D4DB0442BFCFB14C75AEE\" alt=\"\" \/><\/h2>\n<\/div>\n<\/div>\n<\/div>\n<\/div>\n<\/section>\n<section class=\"balanced-cta-area onbase-blue-bg\">\n<div class=\"container\">\n<div class=\"col-md-6 col-sm-6 col-xs-12 remove-all-spacing\">\n<div class=\"white-blue text-center balanced-block-container\">\n<h2><a title=\"Contacto\" href=\"https:\/\/www.nexoit.com.uy\/web\/contacto\/\">\u00bfAlguna pregunta?<\/a><\/h2>\n<form novalidate=\"novalidate\">\n<div class=\"form-group\"><\/div>\n<\/form>\n<\/div>\n<\/div>\n<\/div>\n<\/section>\n<\/div>\n<footer>\n<div class=\"footer-bottom gray-darker-bg\"><\/div>\n<\/footer>\n<\/div>\n<div><\/div>\n<p><a href=\"https:\/\/www.nexoit.com.uy\/web\/contacto\/\"><br \/>\n<img decoding=\"async\" loading=\"lazy\" src=\"https:\/\/go.techtarget.com\/activity\/activity.gif?activityTypeId=31&amp;cid=1252381&amp;ref=https%3A%2F%2Fwww.onbase.com%2Fes-ES%2Fproducto&amp;r=1549042558843\" alt=\"\" width=\"1\" height=\"1\" \/><\/a><\/p>\n<p>&nbsp;<\/p>\n","protected":false},"excerpt":{"rendered":"<p>OnBase es una plataforma integral que le permite administrar eficientemente su informaci\u00f3n y contenido, automatizar procesos y gestionar casos de excepci\u00f3n. OnBase es una plataforma de informaci\u00f3n empresarial para la gesti\u00f3n de documentos, procesos y datos, que ha transformado a miles de organizaciones alrededor del mundo al ofrecerles la base tecnol\u00f3gica para dotarlas de agilidad [&hellip;]<\/p>\n","protected":false},"author":3,"featured_media":0,"parent":0,"menu_order":0,"comment_status":"closed","ping_status":"closed","template":"","meta":[],"yoast_head":"<!-- This site is optimized with the Yoast SEO plugin v20.10 - https:\/\/yoast.com\/wordpress\/plugins\/seo\/ -->\n<title>OnBase - Una Plataforma Con Potencial Ilimitado - NEXO IT<\/title>\n<meta name=\"robots\" content=\"index, follow, max-snippet:-1, max-image-preview:large, max-video-preview:-1\" \/>\n<link rel=\"canonical\" href=\"https:\/\/www.nexoit.com.uy\/web\/onbase-plataforma-ilimitada\/\" \/>\n<meta property=\"og:locale\" content=\"es_ES\" \/>\n<meta property=\"og:type\" content=\"article\" \/>\n<meta property=\"og:title\" content=\"OnBase - Una Plataforma Con Potencial Ilimitado - NEXO IT\" \/>\n<meta property=\"og:description\" content=\"OnBase es una plataforma integral que le permite administrar eficientemente su informaci\u00f3n y contenido, automatizar procesos y gestionar casos de excepci\u00f3n. OnBase es una plataforma de informaci\u00f3n empresarial para la gesti\u00f3n de documentos, procesos y datos, que ha transformado a miles de organizaciones alrededor del mundo al ofrecerles la base tecnol\u00f3gica para dotarlas de agilidad [&hellip;]\" \/>\n<meta property=\"og:url\" content=\"https:\/\/www.nexoit.com.uy\/web\/onbase-plataforma-ilimitada\/\" \/>\n<meta property=\"og:site_name\" content=\"NEXO IT\" \/>\n<meta property=\"article:modified_time\" content=\"2019-06-04T15:11:42+00:00\" \/>\n<meta property=\"og:image\" content=\"https:\/\/www.onbase.com\/-\/media\/OnBase\/Images\/icons\/General\/caller-icon.png?h=88&amp;w=86&amp;la=es-ES&amp;hash=EE048AE39166EB32867D4DB0442BFCFB14C75AEE\" \/>\n<meta name=\"twitter:label1\" content=\"Tiempo de lectura\" \/>\n\t<meta name=\"twitter:data1\" content=\"2 minutos\" \/>\n<script type=\"application\/ld+json\" class=\"yoast-schema-graph\">{\"@context\":\"https:\/\/schema.org\",\"@graph\":[{\"@type\":\"WebPage\",\"@id\":\"https:\/\/www.nexoit.com.uy\/web\/onbase-plataforma-ilimitada\/\",\"url\":\"https:\/\/www.nexoit.com.uy\/web\/onbase-plataforma-ilimitada\/\",\"name\":\"OnBase - Una Plataforma Con Potencial Ilimitado - NEXO IT\",\"isPartOf\":{\"@id\":\"https:\/\/www.nexoit.com.uy\/web\/#website\"},\"datePublished\":\"2019-02-01T16:45:38+00:00\",\"dateModified\":\"2019-06-04T15:11:42+00:00\",\"breadcrumb\":{\"@id\":\"https:\/\/www.nexoit.com.uy\/web\/onbase-plataforma-ilimitada\/#breadcrumb\"},\"inLanguage\":\"es\",\"potentialAction\":[{\"@type\":\"ReadAction\",\"target\":[\"https:\/\/www.nexoit.com.uy\/web\/onbase-plataforma-ilimitada\/\"]}]},{\"@type\":\"BreadcrumbList\",\"@id\":\"https:\/\/www.nexoit.com.uy\/web\/onbase-plataforma-ilimitada\/#breadcrumb\",\"itemListElement\":[{\"@type\":\"ListItem\",\"position\":1,\"name\":\"Portada\",\"item\":\"https:\/\/www.nexoit.com.uy\/web\/\"},{\"@type\":\"ListItem\",\"position\":2,\"name\":\"OnBase &#8211; Una Plataforma Con Potencial Ilimitado\"}]},{\"@type\":\"WebSite\",\"@id\":\"https:\/\/www.nexoit.com.uy\/web\/#website\",\"url\":\"https:\/\/www.nexoit.com.uy\/web\/\",\"name\":\"NEXO IT\",\"description\":\"Expertos en gesti\u00f3n documental\",\"potentialAction\":[{\"@type\":\"SearchAction\",\"target\":{\"@type\":\"EntryPoint\",\"urlTemplate\":\"https:\/\/www.nexoit.com.uy\/web\/?s={search_term_string}\"},\"query-input\":\"required name=search_term_string\"}],\"inLanguage\":\"es\"}]}<\/script>\n<!-- \/ Yoast SEO plugin. -->","yoast_head_json":{"title":"OnBase - Una Plataforma Con Potencial Ilimitado - NEXO IT","robots":{"index":"index","follow":"follow","max-snippet":"max-snippet:-1","max-image-preview":"max-image-preview:large","max-video-preview":"max-video-preview:-1"},"canonical":"https:\/\/www.nexoit.com.uy\/web\/onbase-plataforma-ilimitada\/","og_locale":"es_ES","og_type":"article","og_title":"OnBase - Una Plataforma Con Potencial Ilimitado - NEXO IT","og_description":"OnBase es una plataforma integral que le permite administrar eficientemente su informaci\u00f3n y contenido, automatizar procesos y gestionar casos de excepci\u00f3n. OnBase es una plataforma de informaci\u00f3n empresarial para la gesti\u00f3n de documentos, procesos y datos, que ha transformado a miles de organizaciones alrededor del mundo al ofrecerles la base tecnol\u00f3gica para dotarlas de agilidad [&hellip;]","og_url":"https:\/\/www.nexoit.com.uy\/web\/onbase-plataforma-ilimitada\/","og_site_name":"NEXO IT","article_modified_time":"2019-06-04T15:11:42+00:00","og_image":[{"url":"https:\/\/www.onbase.com\/-\/media\/OnBase\/Images\/icons\/General\/caller-icon.png?h=88&amp;w=86&amp;la=es-ES&amp;hash=EE048AE39166EB32867D4DB0442BFCFB14C75AEE"}],"twitter_misc":{"Tiempo de lectura":"2 minutos"},"schema":{"@context":"https:\/\/schema.org","@graph":[{"@type":"WebPage","@id":"https:\/\/www.nexoit.com.uy\/web\/onbase-plataforma-ilimitada\/","url":"https:\/\/www.nexoit.com.uy\/web\/onbase-plataforma-ilimitada\/","name":"OnBase - Una Plataforma Con Potencial Ilimitado - NEXO IT","isPartOf":{"@id":"https:\/\/www.nexoit.com.uy\/web\/#website"},"datePublished":"2019-02-01T16:45:38+00:00","dateModified":"2019-06-04T15:11:42+00:00","breadcrumb":{"@id":"https:\/\/www.nexoit.com.uy\/web\/onbase-plataforma-ilimitada\/#breadcrumb"},"inLanguage":"es","potentialAction":[{"@type":"ReadAction","target":["https:\/\/www.nexoit.com.uy\/web\/onbase-plataforma-ilimitada\/"]}]},{"@type":"BreadcrumbList","@id":"https:\/\/www.nexoit.com.uy\/web\/onbase-plataforma-ilimitada\/#breadcrumb","itemListElement":[{"@type":"ListItem","position":1,"name":"Portada","item":"https:\/\/www.nexoit.com.uy\/web\/"},{"@type":"ListItem","position":2,"name":"OnBase &#8211; Una Plataforma Con Potencial Ilimitado"}]},{"@type":"WebSite","@id":"https:\/\/www.nexoit.com.uy\/web\/#website","url":"https:\/\/www.nexoit.com.uy\/web\/","name":"NEXO IT","description":"Expertos en gesti\u00f3n documental","potentialAction":[{"@type":"SearchAction","target":{"@type":"EntryPoint","urlTemplate":"https:\/\/www.nexoit.com.uy\/web\/?s={search_term_string}"},"query-input":"required name=search_term_string"}],"inLanguage":"es"}]}},"_links":{"self":[{"href":"https:\/\/www.nexoit.com.uy\/web\/wp-json\/wp\/v2\/pages\/960"}],"collection":[{"href":"https:\/\/www.nexoit.com.uy\/web\/wp-json\/wp\/v2\/pages"}],"about":[{"href":"https:\/\/www.nexoit.com.uy\/web\/wp-json\/wp\/v2\/types\/page"}],"author":[{"embeddable":true,"href":"https:\/\/www.nexoit.com.uy\/web\/wp-json\/wp\/v2\/users\/3"}],"replies":[{"embeddable":true,"href":"https:\/\/www.nexoit.com.uy\/web\/wp-json\/wp\/v2\/comments?post=960"}],"version-history":[{"count":10,"href":"https:\/\/www.nexoit.com.uy\/web\/wp-json\/wp\/v2\/pages\/960\/revisions"}],"predecessor-version":[{"id":1061,"href":"https:\/\/www.nexoit.com.uy\/web\/wp-json\/wp\/v2\/pages\/960\/revisions\/1061"}],"wp:attachment":[{"href":"https:\/\/www.nexoit.com.uy\/web\/wp-json\/wp\/v2\/media?parent=960"}],"curies":[{"name":"wp","href":"https:\/\/api.w.org\/{rel}","templated":true}]}}