{"id":94,"date":"2015-04-08T18:42:45","date_gmt":"2015-04-08T21:42:45","guid":{"rendered":"http:\/\/nexoit.com.uy\/web\/?page_id=94"},"modified":"2017-12-05T15:19:39","modified_gmt":"2017-12-05T18:19:39","slug":"documentos-estructurados","status":"publish","type":"page","link":"https:\/\/www.nexoit.com.uy\/web\/documentos-estructurados\/","title":{"rendered":"Documentos Estructurados"},"content":{"rendered":"<p align=\"justify\"><strong>Los documentos estructurados<\/strong> son aquellos documentos creados en un dise\u00f1o especial, en formato uniforme, de modo que la informaci\u00f3n se puede introducir en ellos y luego poder ser extra\u00edda por una m\u00e1quina.<\/p>\n<p align=\"justify\">El objetivo de documentos estructurados es ayudar a automatizar el proceso de entrada de datos, por lo que las empresas pueden evitar el ingreso a mano de informaci\u00f3n en bases de datos.<\/p>\n<p align=\"justify\"><strong>Nexo IT<\/strong> cuenta con desarrollos adecuados para el procesamiento de formularios estructurados, haciendo esta tarea mucho mas f\u00e1cil con la ayuda de un software adecuado.<\/p>\n<p align=\"justify\">El primer paso es escanear todos los documentos en papel entrantes, de manera que sean accesibles en formato electr\u00f3nico. Sin embargo, en este formato que a\u00fan no est\u00e1n en formato electr\u00f3nico. A continuaci\u00f3n, puede utilizar el software de procesamiento de formularios para reconocer los caracteres de texto en los campos de datos seleccionados, y extraerlo en un formato que es f\u00e1cil para los usuarios ver.<\/p>\n<p align=\"justify\"><strong>Soluciones de automatizaci\u00f3n:<\/strong><\/p>\n<p>Dependiendo de las necesidades de su oficina, puede haber varias que trabajan para usted. Para la mayor\u00eda de los usos, Papyrus es una soluci\u00f3n ideal. El beneficio m\u00e1s importante que ofrece es precisi\u00f3n fiable, asegurando que usted no tiene que preocuparse acerca de los errores de entrada de datos.<\/p>\n","protected":false},"excerpt":{"rendered":"<p>Los documentos estructurados son aquellos documentos creados en un dise\u00f1o especial, en formato uniforme, de modo que la informaci\u00f3n se puede introducir en ellos y luego poder ser extra\u00edda por una m\u00e1quina. El objetivo de documentos estructurados es ayudar a automatizar el proceso de entrada de datos, por lo que las empresas pueden evitar el [&hellip;]<\/p>\n","protected":false},"author":8,"featured_media":0,"parent":0,"menu_order":0,"comment_status":"closed","ping_status":"closed","template":"","meta":[],"yoast_head":"<!-- This site is optimized with the Yoast SEO plugin v20.10 - https:\/\/yoast.com\/wordpress\/plugins\/seo\/ -->\n<title>Documentos Estructurados - NEXO IT<\/title>\n<meta name=\"description\" content=\"Los documentos estructurados\u00a0son creados con un dise\u00f1o especial y formato uniforme, de modo que la informaci\u00f3n se puede introducir en ellos y luego puede ser extra\u00edda autom\u00e1ticamente.\" \/>\n<meta name=\"robots\" content=\"index, follow, max-snippet:-1, max-image-preview:large, max-video-preview:-1\" \/>\n<link rel=\"canonical\" href=\"https:\/\/www.nexoit.com.uy\/web\/documentos-estructurados\/\" \/>\n<meta property=\"og:locale\" content=\"es_ES\" \/>\n<meta property=\"og:type\" content=\"article\" \/>\n<meta property=\"og:title\" content=\"Documentos Estructurados - NEXO IT\" \/>\n<meta property=\"og:description\" content=\"Los documentos estructurados\u00a0son creados con un dise\u00f1o especial y formato uniforme, de modo que la informaci\u00f3n se puede introducir en ellos y luego puede ser extra\u00edda autom\u00e1ticamente.\" \/>\n<meta property=\"og:url\" content=\"https:\/\/www.nexoit.com.uy\/web\/documentos-estructurados\/\" \/>\n<meta property=\"og:site_name\" content=\"NEXO IT\" \/>\n<meta property=\"article:modified_time\" content=\"2017-12-05T18:19:39+00:00\" \/>\n<meta name=\"twitter:label1\" content=\"Tiempo de lectura\" \/>\n\t<meta name=\"twitter:data1\" content=\"1 minuto\" \/>\n<script type=\"application\/ld+json\" class=\"yoast-schema-graph\">{\"@context\":\"https:\/\/schema.org\",\"@graph\":[{\"@type\":\"WebPage\",\"@id\":\"https:\/\/www.nexoit.com.uy\/web\/documentos-estructurados\/\",\"url\":\"https:\/\/www.nexoit.com.uy\/web\/documentos-estructurados\/\",\"name\":\"Documentos Estructurados - NEXO IT\",\"isPartOf\":{\"@id\":\"https:\/\/www.nexoit.com.uy\/web\/#website\"},\"datePublished\":\"2015-04-08T21:42:45+00:00\",\"dateModified\":\"2017-12-05T18:19:39+00:00\",\"description\":\"Los documentos estructurados\u00a0son creados con un dise\u00f1o especial y formato uniforme, de modo que la informaci\u00f3n se puede introducir en ellos y luego puede ser extra\u00edda autom\u00e1ticamente.\",\"breadcrumb\":{\"@id\":\"https:\/\/www.nexoit.com.uy\/web\/documentos-estructurados\/#breadcrumb\"},\"inLanguage\":\"es\",\"potentialAction\":[{\"@type\":\"ReadAction\",\"target\":[\"https:\/\/www.nexoit.com.uy\/web\/documentos-estructurados\/\"]}]},{\"@type\":\"BreadcrumbList\",\"@id\":\"https:\/\/www.nexoit.com.uy\/web\/documentos-estructurados\/#breadcrumb\",\"itemListElement\":[{\"@type\":\"ListItem\",\"position\":1,\"name\":\"Portada\",\"item\":\"https:\/\/www.nexoit.com.uy\/web\/\"},{\"@type\":\"ListItem\",\"position\":2,\"name\":\"Documentos Estructurados\"}]},{\"@type\":\"WebSite\",\"@id\":\"https:\/\/www.nexoit.com.uy\/web\/#website\",\"url\":\"https:\/\/www.nexoit.com.uy\/web\/\",\"name\":\"NEXO IT\",\"description\":\"Expertos en gesti\u00f3n documental\",\"potentialAction\":[{\"@type\":\"SearchAction\",\"target\":{\"@type\":\"EntryPoint\",\"urlTemplate\":\"https:\/\/www.nexoit.com.uy\/web\/?s={search_term_string}\"},\"query-input\":\"required name=search_term_string\"}],\"inLanguage\":\"es\"}]}<\/script>\n<!-- \/ Yoast SEO plugin. -->","yoast_head_json":{"title":"Documentos Estructurados - NEXO IT","description":"Los documentos estructurados\u00a0son creados con un dise\u00f1o especial y formato uniforme, de modo que la informaci\u00f3n se puede introducir en ellos y luego puede ser extra\u00edda autom\u00e1ticamente.","robots":{"index":"index","follow":"follow","max-snippet":"max-snippet:-1","max-image-preview":"max-image-preview:large","max-video-preview":"max-video-preview:-1"},"canonical":"https:\/\/www.nexoit.com.uy\/web\/documentos-estructurados\/","og_locale":"es_ES","og_type":"article","og_title":"Documentos Estructurados - NEXO IT","og_description":"Los documentos estructurados\u00a0son creados con un dise\u00f1o especial y formato uniforme, de modo que la informaci\u00f3n se puede introducir en ellos y luego puede ser extra\u00edda autom\u00e1ticamente.","og_url":"https:\/\/www.nexoit.com.uy\/web\/documentos-estructurados\/","og_site_name":"NEXO IT","article_modified_time":"2017-12-05T18:19:39+00:00","twitter_misc":{"Tiempo de lectura":"1 minuto"},"schema":{"@context":"https:\/\/schema.org","@graph":[{"@type":"WebPage","@id":"https:\/\/www.nexoit.com.uy\/web\/documentos-estructurados\/","url":"https:\/\/www.nexoit.com.uy\/web\/documentos-estructurados\/","name":"Documentos Estructurados - NEXO IT","isPartOf":{"@id":"https:\/\/www.nexoit.com.uy\/web\/#website"},"datePublished":"2015-04-08T21:42:45+00:00","dateModified":"2017-12-05T18:19:39+00:00","description":"Los documentos estructurados\u00a0son creados con un dise\u00f1o especial y formato uniforme, de modo que la informaci\u00f3n se puede introducir en ellos y luego puede ser extra\u00edda autom\u00e1ticamente.","breadcrumb":{"@id":"https:\/\/www.nexoit.com.uy\/web\/documentos-estructurados\/#breadcrumb"},"inLanguage":"es","potentialAction":[{"@type":"ReadAction","target":["https:\/\/www.nexoit.com.uy\/web\/documentos-estructurados\/"]}]},{"@type":"BreadcrumbList","@id":"https:\/\/www.nexoit.com.uy\/web\/documentos-estructurados\/#breadcrumb","itemListElement":[{"@type":"ListItem","position":1,"name":"Portada","item":"https:\/\/www.nexoit.com.uy\/web\/"},{"@type":"ListItem","position":2,"name":"Documentos Estructurados"}]},{"@type":"WebSite","@id":"https:\/\/www.nexoit.com.uy\/web\/#website","url":"https:\/\/www.nexoit.com.uy\/web\/","name":"NEXO IT","description":"Expertos en gesti\u00f3n documental","potentialAction":[{"@type":"SearchAction","target":{"@type":"EntryPoint","urlTemplate":"https:\/\/www.nexoit.com.uy\/web\/?s={search_term_string}"},"query-input":"required name=search_term_string"}],"inLanguage":"es"}]}},"_links":{"self":[{"href":"https:\/\/www.nexoit.com.uy\/web\/wp-json\/wp\/v2\/pages\/94"}],"collection":[{"href":"https:\/\/www.nexoit.com.uy\/web\/wp-json\/wp\/v2\/pages"}],"about":[{"href":"https:\/\/www.nexoit.com.uy\/web\/wp-json\/wp\/v2\/types\/page"}],"author":[{"embeddable":true,"href":"https:\/\/www.nexoit.com.uy\/web\/wp-json\/wp\/v2\/users\/8"}],"replies":[{"embeddable":true,"href":"https:\/\/www.nexoit.com.uy\/web\/wp-json\/wp\/v2\/comments?post=94"}],"version-history":[{"count":5,"href":"https:\/\/www.nexoit.com.uy\/web\/wp-json\/wp\/v2\/pages\/94\/revisions"}],"predecessor-version":[{"id":699,"href":"https:\/\/www.nexoit.com.uy\/web\/wp-json\/wp\/v2\/pages\/94\/revisions\/699"}],"wp:attachment":[{"href":"https:\/\/www.nexoit.com.uy\/web\/wp-json\/wp\/v2\/media?parent=94"}],"curies":[{"name":"wp","href":"https:\/\/api.w.org\/{rel}","templated":true}]}}