{"id":90,"date":"2015-04-08T18:41:52","date_gmt":"2015-04-08T21:41:52","guid":{"rendered":"http:\/\/nexoit.com.uy\/web\/?page_id=90"},"modified":"2017-12-06T14:34:09","modified_gmt":"2017-12-06T17:34:09","slug":"procese-sus-facturas","status":"publish","type":"page","link":"https:\/\/www.nexoit.com.uy\/web\/procese-sus-facturas\/","title":{"rendered":"Procese sus facturas"},"content":{"rendered":"<p align=\"justify\">De el primer paso hacia el procesamiento electr\u00f3nico de facturas. El Software centraliza la entrada de todas sus facturas y las dirige hacia el mismo flujo, independientemente de su origen.<\/p>\n<p align=\"justify\"><strong>Nexo IT\u00a0<\/strong>cuenta con una soluci\u00f3n de negocios que permite la transferencia autom\u00e1tica de la informaci\u00f3n a su sistema, esta informaci\u00f3n es obtenida e interpretada directamente de las facturas recibidas de los proveedores. Tambi\u00e9n se comprueba, verifica y organiza seg\u00fan requisitos preestablecidos, para luego ser transferida a un fichero.<\/p>\n<p align=\"justify\">Puede personalizarse para leer e interpretar entrada de facturas con gran variedad de formatos, tales como: Papel, Fax, PDF, Correo Electr\u00f3nico y Facturas Electr\u00f3nicas.<\/p>\n<p align=\"justify\">Con nuevas tecnolog\u00edas en reconocimiento inteligente de caracteres ICR (Intelligent Character Recognition) y de gesti\u00f3n de informaci\u00f3n basada en im\u00e1genes. Tambi\u00e9n incorpora una t\u00e9cnica de aprendizaje para identificar facturas, reconocer y ordenar autom\u00e1ticamente a proveedores nuevos y antiguos.<\/p>\n<p align=\"justify\">Puede procesar y verificar informaci\u00f3n en un sistema financiero contable, as\u00ed como suministrarla a sistemas de archivo y flujo de trabajo para facilitar la continuidad en la gesti\u00f3n de las facturas.<\/p>\n","protected":false},"excerpt":{"rendered":"<p>De el primer paso hacia el procesamiento electr\u00f3nico de facturas. El Software centraliza la entrada de todas sus facturas y las dirige hacia el mismo flujo, independientemente de su origen. Nexo IT\u00a0cuenta con una soluci\u00f3n de negocios que permite la transferencia autom\u00e1tica de la informaci\u00f3n a su sistema, esta informaci\u00f3n es obtenida e interpretada directamente [&hellip;]<\/p>\n","protected":false},"author":8,"featured_media":0,"parent":0,"menu_order":0,"comment_status":"closed","ping_status":"closed","template":"","meta":[],"yoast_head":"<!-- This site is optimized with the Yoast SEO plugin v20.10 - https:\/\/yoast.com\/wordpress\/plugins\/seo\/ -->\n<title>Procese sus facturas - NEXO IT<\/title>\n<meta name=\"description\" content=\"El Software de procesamiento de facturas centraliza la entrada de todas sus facturas y las dirige hacia el mismo flujo, independientemente de su origen.\" \/>\n<meta name=\"robots\" content=\"index, follow, max-snippet:-1, max-image-preview:large, max-video-preview:-1\" \/>\n<link rel=\"canonical\" href=\"https:\/\/www.nexoit.com.uy\/web\/procese-sus-facturas\/\" \/>\n<meta property=\"og:locale\" content=\"es_ES\" \/>\n<meta property=\"og:type\" content=\"article\" \/>\n<meta property=\"og:title\" content=\"Procese sus facturas - NEXO IT\" \/>\n<meta property=\"og:description\" content=\"El Software de procesamiento de facturas centraliza la entrada de todas sus facturas y las dirige hacia el mismo flujo, independientemente de su origen.\" \/>\n<meta property=\"og:url\" content=\"https:\/\/www.nexoit.com.uy\/web\/procese-sus-facturas\/\" \/>\n<meta property=\"og:site_name\" content=\"NEXO IT\" \/>\n<meta property=\"article:modified_time\" content=\"2017-12-06T17:34:09+00:00\" \/>\n<meta name=\"twitter:label1\" content=\"Tiempo de lectura\" \/>\n\t<meta name=\"twitter:data1\" content=\"1 minuto\" \/>\n<script type=\"application\/ld+json\" class=\"yoast-schema-graph\">{\"@context\":\"https:\/\/schema.org\",\"@graph\":[{\"@type\":\"WebPage\",\"@id\":\"https:\/\/www.nexoit.com.uy\/web\/procese-sus-facturas\/\",\"url\":\"https:\/\/www.nexoit.com.uy\/web\/procese-sus-facturas\/\",\"name\":\"Procese sus facturas - NEXO IT\",\"isPartOf\":{\"@id\":\"https:\/\/www.nexoit.com.uy\/web\/#website\"},\"datePublished\":\"2015-04-08T21:41:52+00:00\",\"dateModified\":\"2017-12-06T17:34:09+00:00\",\"description\":\"El Software de procesamiento de facturas centraliza la entrada de todas sus facturas y las dirige hacia el mismo flujo, independientemente de su origen.\",\"breadcrumb\":{\"@id\":\"https:\/\/www.nexoit.com.uy\/web\/procese-sus-facturas\/#breadcrumb\"},\"inLanguage\":\"es\",\"potentialAction\":[{\"@type\":\"ReadAction\",\"target\":[\"https:\/\/www.nexoit.com.uy\/web\/procese-sus-facturas\/\"]}]},{\"@type\":\"BreadcrumbList\",\"@id\":\"https:\/\/www.nexoit.com.uy\/web\/procese-sus-facturas\/#breadcrumb\",\"itemListElement\":[{\"@type\":\"ListItem\",\"position\":1,\"name\":\"Portada\",\"item\":\"https:\/\/www.nexoit.com.uy\/web\/\"},{\"@type\":\"ListItem\",\"position\":2,\"name\":\"Procese sus facturas\"}]},{\"@type\":\"WebSite\",\"@id\":\"https:\/\/www.nexoit.com.uy\/web\/#website\",\"url\":\"https:\/\/www.nexoit.com.uy\/web\/\",\"name\":\"NEXO IT\",\"description\":\"Expertos en gesti\u00f3n documental\",\"potentialAction\":[{\"@type\":\"SearchAction\",\"target\":{\"@type\":\"EntryPoint\",\"urlTemplate\":\"https:\/\/www.nexoit.com.uy\/web\/?s={search_term_string}\"},\"query-input\":\"required name=search_term_string\"}],\"inLanguage\":\"es\"}]}<\/script>\n<!-- \/ Yoast SEO plugin. -->","yoast_head_json":{"title":"Procese sus facturas - NEXO IT","description":"El Software de procesamiento de facturas centraliza la entrada de todas sus facturas y las dirige hacia el mismo flujo, independientemente de su origen.","robots":{"index":"index","follow":"follow","max-snippet":"max-snippet:-1","max-image-preview":"max-image-preview:large","max-video-preview":"max-video-preview:-1"},"canonical":"https:\/\/www.nexoit.com.uy\/web\/procese-sus-facturas\/","og_locale":"es_ES","og_type":"article","og_title":"Procese sus facturas - NEXO IT","og_description":"El Software de procesamiento de facturas centraliza la entrada de todas sus facturas y las dirige hacia el mismo flujo, independientemente de su origen.","og_url":"https:\/\/www.nexoit.com.uy\/web\/procese-sus-facturas\/","og_site_name":"NEXO IT","article_modified_time":"2017-12-06T17:34:09+00:00","twitter_misc":{"Tiempo de lectura":"1 minuto"},"schema":{"@context":"https:\/\/schema.org","@graph":[{"@type":"WebPage","@id":"https:\/\/www.nexoit.com.uy\/web\/procese-sus-facturas\/","url":"https:\/\/www.nexoit.com.uy\/web\/procese-sus-facturas\/","name":"Procese sus facturas - NEXO IT","isPartOf":{"@id":"https:\/\/www.nexoit.com.uy\/web\/#website"},"datePublished":"2015-04-08T21:41:52+00:00","dateModified":"2017-12-06T17:34:09+00:00","description":"El Software de procesamiento de facturas centraliza la entrada de todas sus facturas y las dirige hacia el mismo flujo, independientemente de su origen.","breadcrumb":{"@id":"https:\/\/www.nexoit.com.uy\/web\/procese-sus-facturas\/#breadcrumb"},"inLanguage":"es","potentialAction":[{"@type":"ReadAction","target":["https:\/\/www.nexoit.com.uy\/web\/procese-sus-facturas\/"]}]},{"@type":"BreadcrumbList","@id":"https:\/\/www.nexoit.com.uy\/web\/procese-sus-facturas\/#breadcrumb","itemListElement":[{"@type":"ListItem","position":1,"name":"Portada","item":"https:\/\/www.nexoit.com.uy\/web\/"},{"@type":"ListItem","position":2,"name":"Procese sus facturas"}]},{"@type":"WebSite","@id":"https:\/\/www.nexoit.com.uy\/web\/#website","url":"https:\/\/www.nexoit.com.uy\/web\/","name":"NEXO IT","description":"Expertos en gesti\u00f3n documental","potentialAction":[{"@type":"SearchAction","target":{"@type":"EntryPoint","urlTemplate":"https:\/\/www.nexoit.com.uy\/web\/?s={search_term_string}"},"query-input":"required name=search_term_string"}],"inLanguage":"es"}]}},"_links":{"self":[{"href":"https:\/\/www.nexoit.com.uy\/web\/wp-json\/wp\/v2\/pages\/90"}],"collection":[{"href":"https:\/\/www.nexoit.com.uy\/web\/wp-json\/wp\/v2\/pages"}],"about":[{"href":"https:\/\/www.nexoit.com.uy\/web\/wp-json\/wp\/v2\/types\/page"}],"author":[{"embeddable":true,"href":"https:\/\/www.nexoit.com.uy\/web\/wp-json\/wp\/v2\/users\/8"}],"replies":[{"embeddable":true,"href":"https:\/\/www.nexoit.com.uy\/web\/wp-json\/wp\/v2\/comments?post=90"}],"version-history":[{"count":6,"href":"https:\/\/www.nexoit.com.uy\/web\/wp-json\/wp\/v2\/pages\/90\/revisions"}],"predecessor-version":[{"id":687,"href":"https:\/\/www.nexoit.com.uy\/web\/wp-json\/wp\/v2\/pages\/90\/revisions\/687"}],"wp:attachment":[{"href":"https:\/\/www.nexoit.com.uy\/web\/wp-json\/wp\/v2\/media?parent=90"}],"curies":[{"name":"wp","href":"https:\/\/api.w.org\/{rel}","templated":true}]}}