{"id":886,"date":"2018-07-16T17:07:43","date_gmt":"2018-07-16T20:07:43","guid":{"rendered":"http:\/\/nexoit.com.uy\/web\/?page_id=886"},"modified":"2021-01-29T16:53:13","modified_gmt":"2021-01-29T19:53:13","slug":"servidores-fujitsu","status":"publish","type":"page","link":"https:\/\/www.nexoit.com.uy\/web\/servidores-fujitsu\/","title":{"rendered":"Servidores Fujitsu"},"content":{"rendered":"<h3><strong>Computaci\u00f3n centrada en el negocio<\/strong><\/h3>\n<p>Un tipo de dispositivos inform\u00e1ticos que crea, manipula o proporciona informaci\u00f3n a otros dispositivos inform\u00e1ticos conectados a la red. A diferencia de los dispositivos de almacenamiento, los dispositivos de servidor utilizan un contexto de aplicaci\u00f3n para la creaci\u00f3n, manipulaci\u00f3n o suministro de informaci\u00f3n.<\/p>\n<p><a title=\"Primergy Information Center \u2013 PRINCE\" href=\"http:\/\/nexoit.com.uy\/web\/primergy-information-center-prince\/\">\u00a0<\/a><\/p>\n<h4><a title=\"Primergy Information Center \u2013 PRINCE\" href=\"http:\/\/nexoit.com.uy\/web\/primergy-information-center-prince\/\">Centro de informaci\u00f3n PRIMERGY &#8211; PRINCE<\/a><\/h4>\n<h4><a title=\"Servidor Mission Critical x86 \u2013 PRIMEQUEST\" href=\"http:\/\/nexoit.com.uy\/web\/servidor-mission-critical-x86-primequest\/\">Mission Critical x86 Server &#8211; PRIMEQUEST<\/a><\/h4>\n<h4><a title=\"Servidor UNIX \u2013 Servidores FUJITSU SPARC\" href=\"http:\/\/nexoit.com.uy\/web\/servidor-unix-servidores-fujitsu-sparc\/\">UNIX Server &#8211; FUJITSU SPARC Servers<\/a><\/h4>\n","protected":false},"excerpt":{"rendered":"<p>Computaci\u00f3n centrada en el negocio Un tipo de dispositivos inform\u00e1ticos que crea, manipula o proporciona informaci\u00f3n a otros dispositivos inform\u00e1ticos conectados a la red. A diferencia de los dispositivos de almacenamiento, los dispositivos de servidor utilizan un contexto de aplicaci\u00f3n para la creaci\u00f3n, manipulaci\u00f3n o suministro de informaci\u00f3n. \u00a0 Centro de informaci\u00f3n PRIMERGY &#8211; PRINCE [&hellip;]<\/p>\n","protected":false},"author":3,"featured_media":0,"parent":0,"menu_order":0,"comment_status":"closed","ping_status":"closed","template":"","meta":[],"yoast_head":"<!-- This site is optimized with the Yoast SEO plugin v20.10 - https:\/\/yoast.com\/wordpress\/plugins\/seo\/ -->\n<title>Servidores Fujitsu - NEXO IT<\/title>\n<meta name=\"robots\" content=\"index, follow, max-snippet:-1, max-image-preview:large, max-video-preview:-1\" \/>\n<link rel=\"canonical\" href=\"https:\/\/www.nexoit.com.uy\/web\/servidores-fujitsu\/\" \/>\n<meta property=\"og:locale\" content=\"es_ES\" \/>\n<meta property=\"og:type\" content=\"article\" \/>\n<meta property=\"og:title\" content=\"Servidores Fujitsu - NEXO IT\" \/>\n<meta property=\"og:description\" content=\"Computaci\u00f3n centrada en el negocio Un tipo de dispositivos inform\u00e1ticos que crea, manipula o proporciona informaci\u00f3n a otros dispositivos inform\u00e1ticos conectados a la red. A diferencia de los dispositivos de almacenamiento, los dispositivos de servidor utilizan un contexto de aplicaci\u00f3n para la creaci\u00f3n, manipulaci\u00f3n o suministro de informaci\u00f3n. \u00a0 Centro de informaci\u00f3n PRIMERGY &#8211; PRINCE [&hellip;]\" \/>\n<meta property=\"og:url\" content=\"https:\/\/www.nexoit.com.uy\/web\/servidores-fujitsu\/\" \/>\n<meta property=\"og:site_name\" content=\"NEXO IT\" \/>\n<meta property=\"article:modified_time\" content=\"2021-01-29T19:53:13+00:00\" \/>\n<script type=\"application\/ld+json\" class=\"yoast-schema-graph\">{\"@context\":\"https:\/\/schema.org\",\"@graph\":[{\"@type\":\"WebPage\",\"@id\":\"https:\/\/www.nexoit.com.uy\/web\/servidores-fujitsu\/\",\"url\":\"https:\/\/www.nexoit.com.uy\/web\/servidores-fujitsu\/\",\"name\":\"Servidores Fujitsu - NEXO IT\",\"isPartOf\":{\"@id\":\"https:\/\/www.nexoit.com.uy\/web\/#website\"},\"datePublished\":\"2018-07-16T20:07:43+00:00\",\"dateModified\":\"2021-01-29T19:53:13+00:00\",\"breadcrumb\":{\"@id\":\"https:\/\/www.nexoit.com.uy\/web\/servidores-fujitsu\/#breadcrumb\"},\"inLanguage\":\"es\",\"potentialAction\":[{\"@type\":\"ReadAction\",\"target\":[\"https:\/\/www.nexoit.com.uy\/web\/servidores-fujitsu\/\"]}]},{\"@type\":\"BreadcrumbList\",\"@id\":\"https:\/\/www.nexoit.com.uy\/web\/servidores-fujitsu\/#breadcrumb\",\"itemListElement\":[{\"@type\":\"ListItem\",\"position\":1,\"name\":\"Portada\",\"item\":\"https:\/\/www.nexoit.com.uy\/web\/\"},{\"@type\":\"ListItem\",\"position\":2,\"name\":\"Servidores Fujitsu\"}]},{\"@type\":\"WebSite\",\"@id\":\"https:\/\/www.nexoit.com.uy\/web\/#website\",\"url\":\"https:\/\/www.nexoit.com.uy\/web\/\",\"name\":\"NEXO IT\",\"description\":\"Expertos en gesti\u00f3n documental\",\"potentialAction\":[{\"@type\":\"SearchAction\",\"target\":{\"@type\":\"EntryPoint\",\"urlTemplate\":\"https:\/\/www.nexoit.com.uy\/web\/?s={search_term_string}\"},\"query-input\":\"required name=search_term_string\"}],\"inLanguage\":\"es\"}]}<\/script>\n<!-- \/ Yoast SEO plugin. -->","yoast_head_json":{"title":"Servidores Fujitsu - NEXO IT","robots":{"index":"index","follow":"follow","max-snippet":"max-snippet:-1","max-image-preview":"max-image-preview:large","max-video-preview":"max-video-preview:-1"},"canonical":"https:\/\/www.nexoit.com.uy\/web\/servidores-fujitsu\/","og_locale":"es_ES","og_type":"article","og_title":"Servidores Fujitsu - NEXO IT","og_description":"Computaci\u00f3n centrada en el negocio Un tipo de dispositivos inform\u00e1ticos que crea, manipula o proporciona informaci\u00f3n a otros dispositivos inform\u00e1ticos conectados a la red. A diferencia de los dispositivos de almacenamiento, los dispositivos de servidor utilizan un contexto de aplicaci\u00f3n para la creaci\u00f3n, manipulaci\u00f3n o suministro de informaci\u00f3n. \u00a0 Centro de informaci\u00f3n PRIMERGY &#8211; PRINCE [&hellip;]","og_url":"https:\/\/www.nexoit.com.uy\/web\/servidores-fujitsu\/","og_site_name":"NEXO IT","article_modified_time":"2021-01-29T19:53:13+00:00","schema":{"@context":"https:\/\/schema.org","@graph":[{"@type":"WebPage","@id":"https:\/\/www.nexoit.com.uy\/web\/servidores-fujitsu\/","url":"https:\/\/www.nexoit.com.uy\/web\/servidores-fujitsu\/","name":"Servidores Fujitsu - NEXO IT","isPartOf":{"@id":"https:\/\/www.nexoit.com.uy\/web\/#website"},"datePublished":"2018-07-16T20:07:43+00:00","dateModified":"2021-01-29T19:53:13+00:00","breadcrumb":{"@id":"https:\/\/www.nexoit.com.uy\/web\/servidores-fujitsu\/#breadcrumb"},"inLanguage":"es","potentialAction":[{"@type":"ReadAction","target":["https:\/\/www.nexoit.com.uy\/web\/servidores-fujitsu\/"]}]},{"@type":"BreadcrumbList","@id":"https:\/\/www.nexoit.com.uy\/web\/servidores-fujitsu\/#breadcrumb","itemListElement":[{"@type":"ListItem","position":1,"name":"Portada","item":"https:\/\/www.nexoit.com.uy\/web\/"},{"@type":"ListItem","position":2,"name":"Servidores Fujitsu"}]},{"@type":"WebSite","@id":"https:\/\/www.nexoit.com.uy\/web\/#website","url":"https:\/\/www.nexoit.com.uy\/web\/","name":"NEXO IT","description":"Expertos en gesti\u00f3n documental","potentialAction":[{"@type":"SearchAction","target":{"@type":"EntryPoint","urlTemplate":"https:\/\/www.nexoit.com.uy\/web\/?s={search_term_string}"},"query-input":"required name=search_term_string"}],"inLanguage":"es"}]}},"_links":{"self":[{"href":"https:\/\/www.nexoit.com.uy\/web\/wp-json\/wp\/v2\/pages\/886"}],"collection":[{"href":"https:\/\/www.nexoit.com.uy\/web\/wp-json\/wp\/v2\/pages"}],"about":[{"href":"https:\/\/www.nexoit.com.uy\/web\/wp-json\/wp\/v2\/types\/page"}],"author":[{"embeddable":true,"href":"https:\/\/www.nexoit.com.uy\/web\/wp-json\/wp\/v2\/users\/3"}],"replies":[{"embeddable":true,"href":"https:\/\/www.nexoit.com.uy\/web\/wp-json\/wp\/v2\/comments?post=886"}],"version-history":[{"count":9,"href":"https:\/\/www.nexoit.com.uy\/web\/wp-json\/wp\/v2\/pages\/886\/revisions"}],"predecessor-version":[{"id":1532,"href":"https:\/\/www.nexoit.com.uy\/web\/wp-json\/wp\/v2\/pages\/886\/revisions\/1532"}],"wp:attachment":[{"href":"https:\/\/www.nexoit.com.uy\/web\/wp-json\/wp\/v2\/media?parent=886"}],"curies":[{"name":"wp","href":"https:\/\/api.w.org\/{rel}","templated":true}]}}