{"id":811,"date":"2017-12-29T14:32:48","date_gmt":"2017-12-29T17:32:48","guid":{"rendered":"http:\/\/nexoit.com.uy\/web\/?page_id=811"},"modified":"2017-12-29T14:34:47","modified_gmt":"2017-12-29T17:34:47","slug":"scanner-digitalcheck","status":"publish","type":"page","link":"https:\/\/www.nexoit.com.uy\/web\/scanner-digitalcheck\/","title":{"rendered":"Productos DigitalCheck"},"content":{"rendered":"<p>Digital Check produjo su primer esc\u00e1ner de cheques, el BUIC 1000, en 1995 en nombre de IBM Corporation. Pero otra compa\u00f1\u00eda, Burroughs Inc., hab\u00eda estado trabajando con equipos bancarios y sistemas de back-end desde los a\u00f1os 1940 y 1950, incluso colaborando con investigadores y reguladores en las especificaciones de la impresi\u00f3n MICR magn\u00e9tica original utilizada en los cheques. En 2016, Digital Check adquiri\u00f3 la divisi\u00f3n SmartSource de Burroughs, que produce hardware bancario que incluye esc\u00e1neres de cheques, impresoras de recibos y clasificadores de lectores de gran volumen, y retuvo la oficina principal de SmartSource que ahora se encuentra en Novi, MI. La incorporaci\u00f3n del talentoso personal de producto, ingenier\u00eda y ventas de SmartSource brinda una preponderancia de la experiencia de la industria bajo el techo de Digital Check. Se puede decir que nadie en el mundo sabe m\u00e1s sobre la captura de im\u00e1genes de cheques que Digital Check.<\/p>\n<p><strong>Conozca los\u00a0Esc\u00e1ners Digital Check:<\/strong><\/p>\n<p><a title=\"escaneres-DigitalCheck-personales\" href=\"http:\/\/nexoit.com.uy\/web\/categoria-producto\/escaneres-digitalcheck-personales\/\"><strong><em>Esc\u00e1neres DigitalCheck Personales.<\/em><\/strong><\/a><\/p>\n<p><a title=\"escaneres-departamentales-avision\" href=\"http:\/\/nexoit.com.uy\/web\/categoria-producto\/escaneres-digitalchek-departamentales\"><em><strong>Esc\u00e1neres DigitalCheck Departamentales.<\/strong><\/em><\/a><\/p>\n","protected":false},"excerpt":{"rendered":"<p>Digital Check produjo su primer esc\u00e1ner de cheques, el BUIC 1000, en 1995 en nombre de IBM Corporation. Pero otra compa\u00f1\u00eda, Burroughs Inc., hab\u00eda estado trabajando con equipos bancarios y sistemas de back-end desde los a\u00f1os 1940 y 1950, incluso colaborando con investigadores y reguladores en las especificaciones de la impresi\u00f3n MICR magn\u00e9tica original utilizada [&hellip;]<\/p>\n","protected":false},"author":4,"featured_media":0,"parent":0,"menu_order":0,"comment_status":"closed","ping_status":"closed","template":"","meta":[],"yoast_head":"<!-- This site is optimized with the Yoast SEO plugin v20.10 - https:\/\/yoast.com\/wordpress\/plugins\/seo\/ -->\n<title>Productos DigitalCheck - NEXO IT<\/title>\n<meta name=\"description\" content=\"Los mejores scanner para la captura de im\u00e1genes de cheques son Digital Check.\" \/>\n<meta name=\"robots\" content=\"index, follow, max-snippet:-1, max-image-preview:large, max-video-preview:-1\" \/>\n<link rel=\"canonical\" href=\"https:\/\/www.nexoit.com.uy\/web\/scanner-digitalcheck\/\" \/>\n<meta property=\"og:locale\" content=\"es_ES\" \/>\n<meta property=\"og:type\" content=\"article\" \/>\n<meta property=\"og:title\" content=\"Productos DigitalCheck - NEXO IT\" \/>\n<meta property=\"og:description\" content=\"Los mejores scanner para la captura de im\u00e1genes de cheques son Digital Check.\" \/>\n<meta property=\"og:url\" content=\"https:\/\/www.nexoit.com.uy\/web\/scanner-digitalcheck\/\" \/>\n<meta property=\"og:site_name\" content=\"NEXO IT\" \/>\n<meta property=\"article:modified_time\" content=\"2017-12-29T17:34:47+00:00\" \/>\n<meta name=\"twitter:label1\" content=\"Tiempo de lectura\" \/>\n\t<meta name=\"twitter:data1\" content=\"1 minuto\" \/>\n<script type=\"application\/ld+json\" class=\"yoast-schema-graph\">{\"@context\":\"https:\/\/schema.org\",\"@graph\":[{\"@type\":\"WebPage\",\"@id\":\"https:\/\/www.nexoit.com.uy\/web\/scanner-digitalcheck\/\",\"url\":\"https:\/\/www.nexoit.com.uy\/web\/scanner-digitalcheck\/\",\"name\":\"Productos DigitalCheck - NEXO IT\",\"isPartOf\":{\"@id\":\"https:\/\/www.nexoit.com.uy\/web\/#website\"},\"datePublished\":\"2017-12-29T17:32:48+00:00\",\"dateModified\":\"2017-12-29T17:34:47+00:00\",\"description\":\"Los mejores scanner para la captura de im\u00e1genes de cheques son Digital Check.\",\"breadcrumb\":{\"@id\":\"https:\/\/www.nexoit.com.uy\/web\/scanner-digitalcheck\/#breadcrumb\"},\"inLanguage\":\"es\",\"potentialAction\":[{\"@type\":\"ReadAction\",\"target\":[\"https:\/\/www.nexoit.com.uy\/web\/scanner-digitalcheck\/\"]}]},{\"@type\":\"BreadcrumbList\",\"@id\":\"https:\/\/www.nexoit.com.uy\/web\/scanner-digitalcheck\/#breadcrumb\",\"itemListElement\":[{\"@type\":\"ListItem\",\"position\":1,\"name\":\"Portada\",\"item\":\"https:\/\/www.nexoit.com.uy\/web\/\"},{\"@type\":\"ListItem\",\"position\":2,\"name\":\"Productos DigitalCheck\"}]},{\"@type\":\"WebSite\",\"@id\":\"https:\/\/www.nexoit.com.uy\/web\/#website\",\"url\":\"https:\/\/www.nexoit.com.uy\/web\/\",\"name\":\"NEXO IT\",\"description\":\"Expertos en gesti\u00f3n documental\",\"potentialAction\":[{\"@type\":\"SearchAction\",\"target\":{\"@type\":\"EntryPoint\",\"urlTemplate\":\"https:\/\/www.nexoit.com.uy\/web\/?s={search_term_string}\"},\"query-input\":\"required name=search_term_string\"}],\"inLanguage\":\"es\"}]}<\/script>\n<!-- \/ Yoast SEO plugin. -->","yoast_head_json":{"title":"Productos DigitalCheck - NEXO IT","description":"Los mejores scanner para la captura de im\u00e1genes de cheques son Digital Check.","robots":{"index":"index","follow":"follow","max-snippet":"max-snippet:-1","max-image-preview":"max-image-preview:large","max-video-preview":"max-video-preview:-1"},"canonical":"https:\/\/www.nexoit.com.uy\/web\/scanner-digitalcheck\/","og_locale":"es_ES","og_type":"article","og_title":"Productos DigitalCheck - NEXO IT","og_description":"Los mejores scanner para la captura de im\u00e1genes de cheques son Digital Check.","og_url":"https:\/\/www.nexoit.com.uy\/web\/scanner-digitalcheck\/","og_site_name":"NEXO IT","article_modified_time":"2017-12-29T17:34:47+00:00","twitter_misc":{"Tiempo de lectura":"1 minuto"},"schema":{"@context":"https:\/\/schema.org","@graph":[{"@type":"WebPage","@id":"https:\/\/www.nexoit.com.uy\/web\/scanner-digitalcheck\/","url":"https:\/\/www.nexoit.com.uy\/web\/scanner-digitalcheck\/","name":"Productos DigitalCheck - NEXO IT","isPartOf":{"@id":"https:\/\/www.nexoit.com.uy\/web\/#website"},"datePublished":"2017-12-29T17:32:48+00:00","dateModified":"2017-12-29T17:34:47+00:00","description":"Los mejores scanner para la captura de im\u00e1genes de cheques son Digital Check.","breadcrumb":{"@id":"https:\/\/www.nexoit.com.uy\/web\/scanner-digitalcheck\/#breadcrumb"},"inLanguage":"es","potentialAction":[{"@type":"ReadAction","target":["https:\/\/www.nexoit.com.uy\/web\/scanner-digitalcheck\/"]}]},{"@type":"BreadcrumbList","@id":"https:\/\/www.nexoit.com.uy\/web\/scanner-digitalcheck\/#breadcrumb","itemListElement":[{"@type":"ListItem","position":1,"name":"Portada","item":"https:\/\/www.nexoit.com.uy\/web\/"},{"@type":"ListItem","position":2,"name":"Productos DigitalCheck"}]},{"@type":"WebSite","@id":"https:\/\/www.nexoit.com.uy\/web\/#website","url":"https:\/\/www.nexoit.com.uy\/web\/","name":"NEXO IT","description":"Expertos en gesti\u00f3n documental","potentialAction":[{"@type":"SearchAction","target":{"@type":"EntryPoint","urlTemplate":"https:\/\/www.nexoit.com.uy\/web\/?s={search_term_string}"},"query-input":"required name=search_term_string"}],"inLanguage":"es"}]}},"_links":{"self":[{"href":"https:\/\/www.nexoit.com.uy\/web\/wp-json\/wp\/v2\/pages\/811"}],"collection":[{"href":"https:\/\/www.nexoit.com.uy\/web\/wp-json\/wp\/v2\/pages"}],"about":[{"href":"https:\/\/www.nexoit.com.uy\/web\/wp-json\/wp\/v2\/types\/page"}],"author":[{"embeddable":true,"href":"https:\/\/www.nexoit.com.uy\/web\/wp-json\/wp\/v2\/users\/4"}],"replies":[{"embeddable":true,"href":"https:\/\/www.nexoit.com.uy\/web\/wp-json\/wp\/v2\/comments?post=811"}],"version-history":[{"count":5,"href":"https:\/\/www.nexoit.com.uy\/web\/wp-json\/wp\/v2\/pages\/811\/revisions"}],"predecessor-version":[{"id":835,"href":"https:\/\/www.nexoit.com.uy\/web\/wp-json\/wp\/v2\/pages\/811\/revisions\/835"}],"wp:attachment":[{"href":"https:\/\/www.nexoit.com.uy\/web\/wp-json\/wp\/v2\/media?parent=811"}],"curies":[{"name":"wp","href":"https:\/\/api.w.org\/{rel}","templated":true}]}}