{"id":798,"date":"2017-12-22T12:04:38","date_gmt":"2017-12-22T15:04:38","guid":{"rendered":"http:\/\/nexoit.com.uy\/web\/?page_id=798"},"modified":"2018-07-16T17:30:37","modified_gmt":"2018-07-16T20:30:37","slug":"productos-plustek","status":"publish","type":"page","link":"https:\/\/www.nexoit.com.uy\/web\/productos-plustek\/","title":{"rendered":"Productos Plustek"},"content":{"rendered":"<p>Considerado como uno de los proveedores de soluciones para la imagen y la vigilancia del mundo entero, Plustek Inc. se dedica a la producci\u00f3n de esc\u00e1neres profesionales de alta calidad como tambi\u00e9n equipamiento de vigilancia para la empresa, el profesional y el consumidor en general.<\/p>\n<p>Plustek se compromete a ofrecer lo mejor para sus clientes y sus socios, soluciones innovadoras son dise\u00f1adas con la participaci\u00f3n y las sugerencias de usuarios y socios en tecnolog\u00eda y comercio para garantizar que los productos cumplan y excedan las expectativas de todos.<\/p>\n<p><strong>Conozca los\u00a0Esc\u00e1ners Plustek:<\/strong><\/p>\n<p><a title=\"escaneres-plustek-personales\" href=\"http:\/\/nexoit.com.uy\/web\/categoria-producto\/escaneres-plustek\/escaneres-plustek-personales\/\"><strong><em>Esc\u00e1neres Plustek Personales.<\/em><\/strong><\/a><br \/>\n<a title=\"escaneres-departamentales-plustek\" href=\"http:\/\/nexoit.com.uy\/web\/categoria-producto\/escaneres-plustek\/escaneres-plustek-departamentales\/\"><em><strong>Esc\u00e1neres Plustek Departamentales.<\/strong><\/em><\/a><\/p>\n","protected":false},"excerpt":{"rendered":"<p>Considerado como uno de los proveedores de soluciones para la imagen y la vigilancia del mundo entero, Plustek Inc. se dedica a la producci\u00f3n de esc\u00e1neres profesionales de alta calidad como tambi\u00e9n equipamiento de vigilancia para la empresa, el profesional y el consumidor en general. Plustek se compromete a ofrecer lo mejor para sus clientes [&hellip;]<\/p>\n","protected":false},"author":4,"featured_media":0,"parent":0,"menu_order":0,"comment_status":"closed","ping_status":"closed","template":"","meta":[],"yoast_head":"<!-- This site is optimized with the Yoast SEO plugin v20.10 - https:\/\/yoast.com\/wordpress\/plugins\/seo\/ -->\n<title>Productos Plustek - NEXO IT<\/title>\n<meta name=\"robots\" content=\"index, follow, max-snippet:-1, max-image-preview:large, max-video-preview:-1\" \/>\n<link rel=\"canonical\" href=\"https:\/\/www.nexoit.com.uy\/web\/productos-plustek\/\" \/>\n<meta property=\"og:locale\" content=\"es_ES\" \/>\n<meta property=\"og:type\" content=\"article\" \/>\n<meta property=\"og:title\" content=\"Productos Plustek - NEXO IT\" \/>\n<meta property=\"og:description\" content=\"Considerado como uno de los proveedores de soluciones para la imagen y la vigilancia del mundo entero, Plustek Inc. se dedica a la producci\u00f3n de esc\u00e1neres profesionales de alta calidad como tambi\u00e9n equipamiento de vigilancia para la empresa, el profesional y el consumidor en general. Plustek se compromete a ofrecer lo mejor para sus clientes [&hellip;]\" \/>\n<meta property=\"og:url\" content=\"https:\/\/www.nexoit.com.uy\/web\/productos-plustek\/\" \/>\n<meta property=\"og:site_name\" content=\"NEXO IT\" \/>\n<meta property=\"article:modified_time\" content=\"2018-07-16T20:30:37+00:00\" \/>\n<meta name=\"twitter:label1\" content=\"Tiempo de lectura\" \/>\n\t<meta name=\"twitter:data1\" content=\"1 minuto\" \/>\n<script type=\"application\/ld+json\" class=\"yoast-schema-graph\">{\"@context\":\"https:\/\/schema.org\",\"@graph\":[{\"@type\":\"WebPage\",\"@id\":\"https:\/\/www.nexoit.com.uy\/web\/productos-plustek\/\",\"url\":\"https:\/\/www.nexoit.com.uy\/web\/productos-plustek\/\",\"name\":\"Productos Plustek - NEXO IT\",\"isPartOf\":{\"@id\":\"https:\/\/www.nexoit.com.uy\/web\/#website\"},\"datePublished\":\"2017-12-22T15:04:38+00:00\",\"dateModified\":\"2018-07-16T20:30:37+00:00\",\"breadcrumb\":{\"@id\":\"https:\/\/www.nexoit.com.uy\/web\/productos-plustek\/#breadcrumb\"},\"inLanguage\":\"es\",\"potentialAction\":[{\"@type\":\"ReadAction\",\"target\":[\"https:\/\/www.nexoit.com.uy\/web\/productos-plustek\/\"]}]},{\"@type\":\"BreadcrumbList\",\"@id\":\"https:\/\/www.nexoit.com.uy\/web\/productos-plustek\/#breadcrumb\",\"itemListElement\":[{\"@type\":\"ListItem\",\"position\":1,\"name\":\"Portada\",\"item\":\"https:\/\/www.nexoit.com.uy\/web\/\"},{\"@type\":\"ListItem\",\"position\":2,\"name\":\"Productos Plustek\"}]},{\"@type\":\"WebSite\",\"@id\":\"https:\/\/www.nexoit.com.uy\/web\/#website\",\"url\":\"https:\/\/www.nexoit.com.uy\/web\/\",\"name\":\"NEXO IT\",\"description\":\"Expertos en gesti\u00f3n documental\",\"potentialAction\":[{\"@type\":\"SearchAction\",\"target\":{\"@type\":\"EntryPoint\",\"urlTemplate\":\"https:\/\/www.nexoit.com.uy\/web\/?s={search_term_string}\"},\"query-input\":\"required name=search_term_string\"}],\"inLanguage\":\"es\"}]}<\/script>\n<!-- \/ Yoast SEO plugin. -->","yoast_head_json":{"title":"Productos Plustek - NEXO IT","robots":{"index":"index","follow":"follow","max-snippet":"max-snippet:-1","max-image-preview":"max-image-preview:large","max-video-preview":"max-video-preview:-1"},"canonical":"https:\/\/www.nexoit.com.uy\/web\/productos-plustek\/","og_locale":"es_ES","og_type":"article","og_title":"Productos Plustek - NEXO IT","og_description":"Considerado como uno de los proveedores de soluciones para la imagen y la vigilancia del mundo entero, Plustek Inc. se dedica a la producci\u00f3n de esc\u00e1neres profesionales de alta calidad como tambi\u00e9n equipamiento de vigilancia para la empresa, el profesional y el consumidor en general. Plustek se compromete a ofrecer lo mejor para sus clientes [&hellip;]","og_url":"https:\/\/www.nexoit.com.uy\/web\/productos-plustek\/","og_site_name":"NEXO IT","article_modified_time":"2018-07-16T20:30:37+00:00","twitter_misc":{"Tiempo de lectura":"1 minuto"},"schema":{"@context":"https:\/\/schema.org","@graph":[{"@type":"WebPage","@id":"https:\/\/www.nexoit.com.uy\/web\/productos-plustek\/","url":"https:\/\/www.nexoit.com.uy\/web\/productos-plustek\/","name":"Productos Plustek - NEXO IT","isPartOf":{"@id":"https:\/\/www.nexoit.com.uy\/web\/#website"},"datePublished":"2017-12-22T15:04:38+00:00","dateModified":"2018-07-16T20:30:37+00:00","breadcrumb":{"@id":"https:\/\/www.nexoit.com.uy\/web\/productos-plustek\/#breadcrumb"},"inLanguage":"es","potentialAction":[{"@type":"ReadAction","target":["https:\/\/www.nexoit.com.uy\/web\/productos-plustek\/"]}]},{"@type":"BreadcrumbList","@id":"https:\/\/www.nexoit.com.uy\/web\/productos-plustek\/#breadcrumb","itemListElement":[{"@type":"ListItem","position":1,"name":"Portada","item":"https:\/\/www.nexoit.com.uy\/web\/"},{"@type":"ListItem","position":2,"name":"Productos Plustek"}]},{"@type":"WebSite","@id":"https:\/\/www.nexoit.com.uy\/web\/#website","url":"https:\/\/www.nexoit.com.uy\/web\/","name":"NEXO IT","description":"Expertos en gesti\u00f3n documental","potentialAction":[{"@type":"SearchAction","target":{"@type":"EntryPoint","urlTemplate":"https:\/\/www.nexoit.com.uy\/web\/?s={search_term_string}"},"query-input":"required name=search_term_string"}],"inLanguage":"es"}]}},"_links":{"self":[{"href":"https:\/\/www.nexoit.com.uy\/web\/wp-json\/wp\/v2\/pages\/798"}],"collection":[{"href":"https:\/\/www.nexoit.com.uy\/web\/wp-json\/wp\/v2\/pages"}],"about":[{"href":"https:\/\/www.nexoit.com.uy\/web\/wp-json\/wp\/v2\/types\/page"}],"author":[{"embeddable":true,"href":"https:\/\/www.nexoit.com.uy\/web\/wp-json\/wp\/v2\/users\/4"}],"replies":[{"embeddable":true,"href":"https:\/\/www.nexoit.com.uy\/web\/wp-json\/wp\/v2\/comments?post=798"}],"version-history":[{"count":11,"href":"https:\/\/www.nexoit.com.uy\/web\/wp-json\/wp\/v2\/pages\/798\/revisions"}],"predecessor-version":[{"id":893,"href":"https:\/\/www.nexoit.com.uy\/web\/wp-json\/wp\/v2\/pages\/798\/revisions\/893"}],"wp:attachment":[{"href":"https:\/\/www.nexoit.com.uy\/web\/wp-json\/wp\/v2\/media?parent=798"}],"curies":[{"name":"wp","href":"https:\/\/api.w.org\/{rel}","templated":true}]}}