{"id":626,"date":"2017-05-11T09:45:49","date_gmt":"2017-05-11T12:45:49","guid":{"rendered":"http:\/\/nexoit.com.uy\/web\/?page_id=626"},"modified":"2017-12-06T17:52:40","modified_gmt":"2017-12-06T20:52:40","slug":"scanner-book2net","status":"publish","type":"page","link":"https:\/\/www.nexoit.com.uy\/web\/scanner-book2net\/","title":{"rendered":"Productos Book2net"},"content":{"rendered":"<p><strong>Book2net: Los expertos en el desarrollo de soluciones para la digitalizaci\u00f3n de libros.<\/strong><\/p>\n<p><strong>Book2net<\/strong> es una alianza internacional entre nuestros expertos y los usuarios, desarrollando as\u00ed soluciones perfectas para el uso en archivos, bibliotecas, y museos. En <strong>Book2net<\/strong> dise\u00f1amos y construimos el hardware y software dando servicio directo a nuestros clientes alrededor del mundo.<\/p>\n<p>En <strong>Book2net<\/strong> nos enfocamos en revisar y reunir los requerimientos y necesidades de nuestros clientes incorporandolos en el dise\u00f1o final de nuestros productos.<\/p>\n<p><strong>Haga click sobre la categor\u00eda y conozca los diferentes esc\u00e1neres Book2net:<\/strong><\/p>\n<p><a href=\"http:\/\/nexoit.com.uy\/web\/categoria-producto\/scanner-libros-book2net\/scanner-a0\/\"><em><strong>Esc\u00e1neres Book2net A0<\/strong><\/em><\/a><\/p>\n<p><a href=\"http:\/\/nexoit.com.uy\/web\/categoria-producto\/scanner-libros-book2net\/scanner-a1\/\"><em><strong>Esc\u00e1neres Book2net A1<\/strong><\/em><\/a><\/p>\n<p><a href=\"http:\/\/nexoit.com.uy\/web\/categoria-producto\/scanner-libros-book2net\/scanner-a2\/\"><em><strong>Esc\u00e1neres Book2net A2<\/strong><\/em><\/a><\/p>\n<p><a href=\"http:\/\/nexoit.com.uy\/web\/categoria-producto\/scanner-libros-book2net\/scanner-a3\/\"><em><strong>Esc\u00e1neres Book2net A3<\/strong><\/em><\/a><\/p>\n<p>&nbsp;<\/p>\n<p>&nbsp;<\/p>\n","protected":false},"excerpt":{"rendered":"<p>Book2net: Los expertos en el desarrollo de soluciones para la digitalizaci\u00f3n de libros. Book2net es una alianza internacional entre nuestros expertos y los usuarios, desarrollando as\u00ed soluciones perfectas para el uso en archivos, bibliotecas, y museos. En Book2net dise\u00f1amos y construimos el hardware y software dando servicio directo a nuestros clientes alrededor del mundo. En [&hellip;]<\/p>\n","protected":false},"author":3,"featured_media":0,"parent":0,"menu_order":0,"comment_status":"closed","ping_status":"closed","template":"","meta":[],"yoast_head":"<!-- This site is optimized with the Yoast SEO plugin v20.10 - https:\/\/yoast.com\/wordpress\/plugins\/seo\/ -->\n<title>Productos Book2net - NEXO IT<\/title>\n<meta name=\"description\" content=\"Los scanner Book2net presentan soluciones perfectas para el uso en archivos, bibliotecas, y museos.\" \/>\n<meta name=\"robots\" content=\"index, follow, max-snippet:-1, max-image-preview:large, max-video-preview:-1\" \/>\n<link rel=\"canonical\" href=\"https:\/\/www.nexoit.com.uy\/web\/scanner-book2net\/\" \/>\n<meta property=\"og:locale\" content=\"es_ES\" \/>\n<meta property=\"og:type\" content=\"article\" \/>\n<meta property=\"og:title\" content=\"Productos Book2net - NEXO IT\" \/>\n<meta property=\"og:description\" content=\"Los scanner Book2net presentan soluciones perfectas para el uso en archivos, bibliotecas, y museos.\" \/>\n<meta property=\"og:url\" content=\"https:\/\/www.nexoit.com.uy\/web\/scanner-book2net\/\" \/>\n<meta property=\"og:site_name\" content=\"NEXO IT\" \/>\n<meta property=\"article:modified_time\" content=\"2017-12-06T20:52:40+00:00\" \/>\n<meta name=\"twitter:label1\" content=\"Tiempo de lectura\" \/>\n\t<meta name=\"twitter:data1\" content=\"1 minuto\" \/>\n<script type=\"application\/ld+json\" class=\"yoast-schema-graph\">{\"@context\":\"https:\/\/schema.org\",\"@graph\":[{\"@type\":\"WebPage\",\"@id\":\"https:\/\/www.nexoit.com.uy\/web\/scanner-book2net\/\",\"url\":\"https:\/\/www.nexoit.com.uy\/web\/scanner-book2net\/\",\"name\":\"Productos Book2net - NEXO IT\",\"isPartOf\":{\"@id\":\"https:\/\/www.nexoit.com.uy\/web\/#website\"},\"datePublished\":\"2017-05-11T12:45:49+00:00\",\"dateModified\":\"2017-12-06T20:52:40+00:00\",\"description\":\"Los scanner Book2net presentan soluciones perfectas para el uso en archivos, bibliotecas, y museos.\",\"breadcrumb\":{\"@id\":\"https:\/\/www.nexoit.com.uy\/web\/scanner-book2net\/#breadcrumb\"},\"inLanguage\":\"es\",\"potentialAction\":[{\"@type\":\"ReadAction\",\"target\":[\"https:\/\/www.nexoit.com.uy\/web\/scanner-book2net\/\"]}]},{\"@type\":\"BreadcrumbList\",\"@id\":\"https:\/\/www.nexoit.com.uy\/web\/scanner-book2net\/#breadcrumb\",\"itemListElement\":[{\"@type\":\"ListItem\",\"position\":1,\"name\":\"Portada\",\"item\":\"https:\/\/www.nexoit.com.uy\/web\/\"},{\"@type\":\"ListItem\",\"position\":2,\"name\":\"Productos Book2net\"}]},{\"@type\":\"WebSite\",\"@id\":\"https:\/\/www.nexoit.com.uy\/web\/#website\",\"url\":\"https:\/\/www.nexoit.com.uy\/web\/\",\"name\":\"NEXO IT\",\"description\":\"Expertos en gesti\u00f3n documental\",\"potentialAction\":[{\"@type\":\"SearchAction\",\"target\":{\"@type\":\"EntryPoint\",\"urlTemplate\":\"https:\/\/www.nexoit.com.uy\/web\/?s={search_term_string}\"},\"query-input\":\"required name=search_term_string\"}],\"inLanguage\":\"es\"}]}<\/script>\n<!-- \/ Yoast SEO plugin. -->","yoast_head_json":{"title":"Productos Book2net - NEXO IT","description":"Los scanner Book2net presentan soluciones perfectas para el uso en archivos, bibliotecas, y museos.","robots":{"index":"index","follow":"follow","max-snippet":"max-snippet:-1","max-image-preview":"max-image-preview:large","max-video-preview":"max-video-preview:-1"},"canonical":"https:\/\/www.nexoit.com.uy\/web\/scanner-book2net\/","og_locale":"es_ES","og_type":"article","og_title":"Productos Book2net - NEXO IT","og_description":"Los scanner Book2net presentan soluciones perfectas para el uso en archivos, bibliotecas, y museos.","og_url":"https:\/\/www.nexoit.com.uy\/web\/scanner-book2net\/","og_site_name":"NEXO IT","article_modified_time":"2017-12-06T20:52:40+00:00","twitter_misc":{"Tiempo de lectura":"1 minuto"},"schema":{"@context":"https:\/\/schema.org","@graph":[{"@type":"WebPage","@id":"https:\/\/www.nexoit.com.uy\/web\/scanner-book2net\/","url":"https:\/\/www.nexoit.com.uy\/web\/scanner-book2net\/","name":"Productos Book2net - NEXO IT","isPartOf":{"@id":"https:\/\/www.nexoit.com.uy\/web\/#website"},"datePublished":"2017-05-11T12:45:49+00:00","dateModified":"2017-12-06T20:52:40+00:00","description":"Los scanner Book2net presentan soluciones perfectas para el uso en archivos, bibliotecas, y museos.","breadcrumb":{"@id":"https:\/\/www.nexoit.com.uy\/web\/scanner-book2net\/#breadcrumb"},"inLanguage":"es","potentialAction":[{"@type":"ReadAction","target":["https:\/\/www.nexoit.com.uy\/web\/scanner-book2net\/"]}]},{"@type":"BreadcrumbList","@id":"https:\/\/www.nexoit.com.uy\/web\/scanner-book2net\/#breadcrumb","itemListElement":[{"@type":"ListItem","position":1,"name":"Portada","item":"https:\/\/www.nexoit.com.uy\/web\/"},{"@type":"ListItem","position":2,"name":"Productos Book2net"}]},{"@type":"WebSite","@id":"https:\/\/www.nexoit.com.uy\/web\/#website","url":"https:\/\/www.nexoit.com.uy\/web\/","name":"NEXO IT","description":"Expertos en gesti\u00f3n documental","potentialAction":[{"@type":"SearchAction","target":{"@type":"EntryPoint","urlTemplate":"https:\/\/www.nexoit.com.uy\/web\/?s={search_term_string}"},"query-input":"required name=search_term_string"}],"inLanguage":"es"}]}},"_links":{"self":[{"href":"https:\/\/www.nexoit.com.uy\/web\/wp-json\/wp\/v2\/pages\/626"}],"collection":[{"href":"https:\/\/www.nexoit.com.uy\/web\/wp-json\/wp\/v2\/pages"}],"about":[{"href":"https:\/\/www.nexoit.com.uy\/web\/wp-json\/wp\/v2\/types\/page"}],"author":[{"embeddable":true,"href":"https:\/\/www.nexoit.com.uy\/web\/wp-json\/wp\/v2\/users\/3"}],"replies":[{"embeddable":true,"href":"https:\/\/www.nexoit.com.uy\/web\/wp-json\/wp\/v2\/comments?post=626"}],"version-history":[{"count":16,"href":"https:\/\/www.nexoit.com.uy\/web\/wp-json\/wp\/v2\/pages\/626\/revisions"}],"predecessor-version":[{"id":720,"href":"https:\/\/www.nexoit.com.uy\/web\/wp-json\/wp\/v2\/pages\/626\/revisions\/720"}],"wp:attachment":[{"href":"https:\/\/www.nexoit.com.uy\/web\/wp-json\/wp\/v2\/media?parent=626"}],"curies":[{"name":"wp","href":"https:\/\/api.w.org\/{rel}","templated":true}]}}