{"id":6,"date":"2015-03-12T19:29:42","date_gmt":"2015-03-12T19:29:42","guid":{"rendered":"http:\/\/nexoit.com.uy\/web\/?page_id=6"},"modified":"2017-12-05T15:30:54","modified_gmt":"2017-12-05T18:30:54","slug":"empresa","status":"publish","type":"page","link":"https:\/\/www.nexoit.com.uy\/web\/empresa\/","title":{"rendered":"Empresa"},"content":{"rendered":"<p align=\"justify\"><strong>Nexo IT<\/strong> es una empresa orientada a la integraci\u00f3n, consultor\u00eda y desarrollo de soluciones en el \u00e1rea de Ingenier\u00eda del Software, con conocimientos aplicados en consultor\u00eda, asesor\u00eda t\u00e9cnica, implementaci\u00f3n e integraci\u00f3n de soluciones tecnol\u00f3gicas.<\/p>\n<p align=\"justify\">Para esto nos valemos de experiencia y\u00a0 tecnolog\u00eda de vanguardia, para lograr que su proyecto\u00a0 se convierta en una realidad.<\/p>\n<p align=\"justify\"><strong>Misi\u00f3n:<\/strong><br \/>\nAnalizamos tus necesidades de digitalizaci\u00f3n con base en tu flujo de trabajo, estudiamos la naturaleza de los documentos, proponemos una soluci\u00f3n y repasamos contigo todos los detalles del proyecto.<\/p>\n<p align=\"justify\">Planificamos minuciosamente la implementaci\u00f3n del nuevo proyecto, para asegurarte una perfecta transici\u00f3n, desarrollando controles de calidad para cada proceso, supervisado por personal documentalista.<\/p>\n<p align=\"justify\"><strong>Historia:<\/strong><br \/>\n<strong>Nexo IT<\/strong> se inici\u00f3 en Junio de 2007, desde ese momento ha ido creciendo como empresa acrescentando sus servicios de forma gradual no solo en Uruguay sino tambi\u00e9n en el exterior.<\/p>\n","protected":false},"excerpt":{"rendered":"<p>Nexo IT es una empresa orientada a la integraci\u00f3n, consultor\u00eda y desarrollo de soluciones en el \u00e1rea de Ingenier\u00eda del Software, con conocimientos aplicados en consultor\u00eda, asesor\u00eda t\u00e9cnica, implementaci\u00f3n e integraci\u00f3n de soluciones tecnol\u00f3gicas. Para esto nos valemos de experiencia y\u00a0 tecnolog\u00eda de vanguardia, para lograr que su proyecto\u00a0 se convierta en una realidad. Misi\u00f3n: [&hellip;]<\/p>\n","protected":false},"author":8,"featured_media":0,"parent":0,"menu_order":0,"comment_status":"open","ping_status":"closed","template":"","meta":[],"yoast_head":"<!-- This site is optimized with the Yoast SEO plugin v20.10 - https:\/\/yoast.com\/wordpress\/plugins\/seo\/ -->\n<title>Empresa - NEXO IT<\/title>\n<meta name=\"description\" content=\"Nexo IT\u00a0es una empresa orientada a la integraci\u00f3n, consultor\u00eda y desarrollo de soluciones en el \u00e1rea de Ingenier\u00eda del Software.\" \/>\n<meta name=\"robots\" content=\"index, follow, max-snippet:-1, max-image-preview:large, max-video-preview:-1\" \/>\n<link rel=\"canonical\" href=\"https:\/\/www.nexoit.com.uy\/web\/empresa\/\" \/>\n<meta property=\"og:locale\" content=\"es_ES\" \/>\n<meta property=\"og:type\" content=\"article\" \/>\n<meta property=\"og:title\" content=\"Empresa - NEXO IT\" \/>\n<meta property=\"og:description\" content=\"Nexo IT\u00a0es una empresa orientada a la integraci\u00f3n, consultor\u00eda y desarrollo de soluciones en el \u00e1rea de Ingenier\u00eda del Software.\" \/>\n<meta property=\"og:url\" content=\"https:\/\/www.nexoit.com.uy\/web\/empresa\/\" \/>\n<meta property=\"og:site_name\" content=\"NEXO IT\" \/>\n<meta property=\"article:modified_time\" content=\"2017-12-05T18:30:54+00:00\" \/>\n<meta name=\"twitter:label1\" content=\"Tiempo de lectura\" \/>\n\t<meta name=\"twitter:data1\" content=\"1 minuto\" \/>\n<script type=\"application\/ld+json\" class=\"yoast-schema-graph\">{\"@context\":\"https:\/\/schema.org\",\"@graph\":[{\"@type\":\"WebPage\",\"@id\":\"https:\/\/www.nexoit.com.uy\/web\/empresa\/\",\"url\":\"https:\/\/www.nexoit.com.uy\/web\/empresa\/\",\"name\":\"Empresa - NEXO IT\",\"isPartOf\":{\"@id\":\"https:\/\/www.nexoit.com.uy\/web\/#website\"},\"datePublished\":\"2015-03-12T19:29:42+00:00\",\"dateModified\":\"2017-12-05T18:30:54+00:00\",\"description\":\"Nexo IT\u00a0es una empresa orientada a la integraci\u00f3n, consultor\u00eda y desarrollo de soluciones en el \u00e1rea de Ingenier\u00eda del Software.\",\"breadcrumb\":{\"@id\":\"https:\/\/www.nexoit.com.uy\/web\/empresa\/#breadcrumb\"},\"inLanguage\":\"es\",\"potentialAction\":[{\"@type\":\"ReadAction\",\"target\":[\"https:\/\/www.nexoit.com.uy\/web\/empresa\/\"]}]},{\"@type\":\"BreadcrumbList\",\"@id\":\"https:\/\/www.nexoit.com.uy\/web\/empresa\/#breadcrumb\",\"itemListElement\":[{\"@type\":\"ListItem\",\"position\":1,\"name\":\"Portada\",\"item\":\"https:\/\/www.nexoit.com.uy\/web\/\"},{\"@type\":\"ListItem\",\"position\":2,\"name\":\"Empresa\"}]},{\"@type\":\"WebSite\",\"@id\":\"https:\/\/www.nexoit.com.uy\/web\/#website\",\"url\":\"https:\/\/www.nexoit.com.uy\/web\/\",\"name\":\"NEXO IT\",\"description\":\"Expertos en gesti\u00f3n documental\",\"potentialAction\":[{\"@type\":\"SearchAction\",\"target\":{\"@type\":\"EntryPoint\",\"urlTemplate\":\"https:\/\/www.nexoit.com.uy\/web\/?s={search_term_string}\"},\"query-input\":\"required name=search_term_string\"}],\"inLanguage\":\"es\"}]}<\/script>\n<!-- \/ Yoast SEO plugin. -->","yoast_head_json":{"title":"Empresa - NEXO IT","description":"Nexo IT\u00a0es una empresa orientada a la integraci\u00f3n, consultor\u00eda y desarrollo de soluciones en el \u00e1rea de Ingenier\u00eda del Software.","robots":{"index":"index","follow":"follow","max-snippet":"max-snippet:-1","max-image-preview":"max-image-preview:large","max-video-preview":"max-video-preview:-1"},"canonical":"https:\/\/www.nexoit.com.uy\/web\/empresa\/","og_locale":"es_ES","og_type":"article","og_title":"Empresa - NEXO IT","og_description":"Nexo IT\u00a0es una empresa orientada a la integraci\u00f3n, consultor\u00eda y desarrollo de soluciones en el \u00e1rea de Ingenier\u00eda del Software.","og_url":"https:\/\/www.nexoit.com.uy\/web\/empresa\/","og_site_name":"NEXO IT","article_modified_time":"2017-12-05T18:30:54+00:00","twitter_misc":{"Tiempo de lectura":"1 minuto"},"schema":{"@context":"https:\/\/schema.org","@graph":[{"@type":"WebPage","@id":"https:\/\/www.nexoit.com.uy\/web\/empresa\/","url":"https:\/\/www.nexoit.com.uy\/web\/empresa\/","name":"Empresa - NEXO IT","isPartOf":{"@id":"https:\/\/www.nexoit.com.uy\/web\/#website"},"datePublished":"2015-03-12T19:29:42+00:00","dateModified":"2017-12-05T18:30:54+00:00","description":"Nexo IT\u00a0es una empresa orientada a la integraci\u00f3n, consultor\u00eda y desarrollo de soluciones en el \u00e1rea de Ingenier\u00eda del Software.","breadcrumb":{"@id":"https:\/\/www.nexoit.com.uy\/web\/empresa\/#breadcrumb"},"inLanguage":"es","potentialAction":[{"@type":"ReadAction","target":["https:\/\/www.nexoit.com.uy\/web\/empresa\/"]}]},{"@type":"BreadcrumbList","@id":"https:\/\/www.nexoit.com.uy\/web\/empresa\/#breadcrumb","itemListElement":[{"@type":"ListItem","position":1,"name":"Portada","item":"https:\/\/www.nexoit.com.uy\/web\/"},{"@type":"ListItem","position":2,"name":"Empresa"}]},{"@type":"WebSite","@id":"https:\/\/www.nexoit.com.uy\/web\/#website","url":"https:\/\/www.nexoit.com.uy\/web\/","name":"NEXO IT","description":"Expertos en gesti\u00f3n documental","potentialAction":[{"@type":"SearchAction","target":{"@type":"EntryPoint","urlTemplate":"https:\/\/www.nexoit.com.uy\/web\/?s={search_term_string}"},"query-input":"required name=search_term_string"}],"inLanguage":"es"}]}},"_links":{"self":[{"href":"https:\/\/www.nexoit.com.uy\/web\/wp-json\/wp\/v2\/pages\/6"}],"collection":[{"href":"https:\/\/www.nexoit.com.uy\/web\/wp-json\/wp\/v2\/pages"}],"about":[{"href":"https:\/\/www.nexoit.com.uy\/web\/wp-json\/wp\/v2\/types\/page"}],"author":[{"embeddable":true,"href":"https:\/\/www.nexoit.com.uy\/web\/wp-json\/wp\/v2\/users\/8"}],"replies":[{"embeddable":true,"href":"https:\/\/www.nexoit.com.uy\/web\/wp-json\/wp\/v2\/comments?post=6"}],"version-history":[{"count":16,"href":"https:\/\/www.nexoit.com.uy\/web\/wp-json\/wp\/v2\/pages\/6\/revisions"}],"predecessor-version":[{"id":700,"href":"https:\/\/www.nexoit.com.uy\/web\/wp-json\/wp\/v2\/pages\/6\/revisions\/700"}],"wp:attachment":[{"href":"https:\/\/www.nexoit.com.uy\/web\/wp-json\/wp\/v2\/media?parent=6"}],"curies":[{"name":"wp","href":"https:\/\/api.w.org\/{rel}","templated":true}]}}