{"id":185,"date":"2015-04-27T10:37:01","date_gmt":"2015-04-27T13:37:01","guid":{"rendered":"http:\/\/nexoit.com.uy\/web\/?page_id=185"},"modified":"2019-02-01T12:19:03","modified_gmt":"2019-02-01T15:19:03","slug":"consultoria","status":"publish","type":"page","link":"https:\/\/www.nexoit.com.uy\/web\/consultoria\/","title":{"rendered":"Consultor\u00eda"},"content":{"rendered":"<p align=\"justify\"><strong>Nexo IT<\/strong> ofrece un <strong>Servicio de\u00a0<\/strong><b>Consultor\u00eda<\/b>\u00a0que comprende el estudio, desarrollo, implantaci\u00f3n y mantenimiento de los est\u00e1ndares software y hardware, haciendo homog\u00e9neo el tratamiento de los desarrollos inform\u00e1ticos de forma corporativa y estableciendo directrices dirigidas al correcto funcionamiento de los mismos.<\/p>\n<p align=\"justify\">Desde el servicio se realizan y eval\u00faan estudios comparativos de mercado y se impulsan proyectos de sistemas y software base (sistema operativo, bases de datos, herramientas para desarrollo e integraci\u00f3n, etc.). Tambi\u00e9n se lleva a cabo la adecuaci\u00f3n e implantaci\u00f3n de los mismos a la infraestructura ya existente, elaborando para ello las correspondientes normativas.<\/p>\n<p align=\"justify\">El objetivo del servicio es obtener sistemas de informaci\u00f3n corporativos correctamente estructurados, realizando adem\u00e1s proyectos piloto que generen est\u00e1ndares y marquen directrices, garantizando as\u00ed la continuidad del servicio y elaborando las propuestas de mejora continua.<\/p>\n<p align=\"justify\"><strong>SERVICIOS:<\/strong><br \/>\n&#8211; An\u00e1lisis, definici\u00f3n y elaboraci\u00f3n de propuestas de est\u00e1ndares.<br \/>\n&#8211; Definici\u00f3n de est\u00e1ndares y versiones de software tanto en cliente como en servidor.<br \/>\n&#8211; Direcci\u00f3n de proyectos de migraci\u00f3n hacia los est\u00e1ndares tecnol\u00f3gicos.<br \/>\n&#8211; Estudio de t\u00e9cnicas de sistemas.<br \/>\n&#8211; Validaci\u00f3n de nuevas l\u00edneas de actuaci\u00f3n, mediante estudios de mercado y proyectos piloto.<br \/>\n&#8211; Definici\u00f3n e implantaci\u00f3n de metodolog\u00edas para su uso y difusi\u00f3n en los desarrollos inform\u00e1ticos.<\/p>\n<p align=\"justify\">Nuestro servicio de consultor\u00eda se apoya en <strong>metodolog\u00edas, t\u00e9cnicas y marcos de trabajo<\/strong> reconocidos y aprobados internacionalmente y de efectiva aplicaci\u00f3n en empresas del ramo financiero y de prestaci\u00f3n de servicios en general.<\/p>\n<p align=\"justify\"><strong>1. PROJECT MANAGEMENT<\/strong><br \/>\nPara el apoyo de las distintas iniciativas estrat\u00e9gicas se utilizan herramientas de Project Management, disciplina que en forma integral facilita la gesti\u00f3n de todos los recursos necesarios para la obtenci\u00f3n de los objetivos definidos, mediante t\u00e9cnicas espec\u00edficas para la planificaci\u00f3n, organizaci\u00f3n, ejecuci\u00f3n, motivaci\u00f3n, coordinaci\u00f3n, control y evaluaci\u00f3n. Se acompa\u00f1an la gesti\u00f3n de actividades con enfoques dirigidos al permanente seguimiento del alcance, los plazos, la calidad y funcionalidades esperadas y los recursos y esfuerzos requeridos.<br \/>\nDe esta forma, se apoya la gesti\u00f3n de los recursos disponibles interactuando entre el conocimiento, la tecnolog\u00eda, el entorno interno y externo, estructuras, procesos, servicios y productos.<\/p>\n<p align=\"justify\">Algunas de las claves, que se da seguimiento, en el Project Management para la consecuci\u00f3n de los objetivos establecidos de manera exitosa son las siguientes:<\/p>\n<p><img decoding=\"async\" loading=\"lazy\" class=\"alignnone size-full wp-image-393\" src=\"http:\/\/www.nexoit.com.uy\/web\/wp-content\/uploads\/2015\/05\/Consultoria_Project.jpg\" alt=\"Consultoria_Project\" width=\"225\" height=\"225\" srcset=\"https:\/\/www.nexoit.com.uy\/web\/wp-content\/uploads\/2015\/05\/Consultoria_Project.jpg 225w, https:\/\/www.nexoit.com.uy\/web\/wp-content\/uploads\/2015\/05\/Consultoria_Project-150x150.jpg 150w\" sizes=\"(max-width: 225px) 100vw, 225px\" \/><img decoding=\"async\" loading=\"lazy\" class=\" size-full wp-image-394 alignright\" src=\"http:\/\/www.nexoit.com.uy\/web\/wp-content\/uploads\/2015\/05\/Consultoria_quality.jpg\" alt=\"Consultoria_quality\" width=\"245\" height=\"205\" srcset=\"https:\/\/www.nexoit.com.uy\/web\/wp-content\/uploads\/2015\/05\/Consultoria_quality.jpg 245w, https:\/\/www.nexoit.com.uy\/web\/wp-content\/uploads\/2015\/05\/Consultoria_quality-150x126.jpg 150w, https:\/\/www.nexoit.com.uy\/web\/wp-content\/uploads\/2015\/05\/Consultoria_quality-239x200.jpg 239w\" sizes=\"(max-width: 245px) 100vw, 245px\" \/><\/p>\n<p align=\"justify\">\u2022 Planeamiento, establecimiento formal y conocimiento previo de objetivos y alcances medibles y controlables.<br \/>\n\u2022 Comunicaci\u00f3n constante y efectiva entre las distintas partes involucradas en cada proyecto o iniciativa.<br \/>\n\u2022 Definici\u00f3n de planes y cronogramas integrales para el logro de objetivos, con responsabilidades asignadas.<br \/>\n\u2022 Seguimiento y coordinaci\u00f3n permanente de los involucrados y la direcci\u00f3n de la instituci\u00f3n.<br \/>\n\u2022 Planificaci\u00f3n de la implementaci\u00f3n y puestas en producci\u00f3n.<br \/>\nEvaluaci\u00f3n y mantenimiento posterior para la obtenci\u00f3n de los beneficios esperados.<\/p>\n<p>&nbsp;<\/p>\n<p align=\"justify\"><strong>2. COBIT<\/strong><br \/>\nCOBIT (Objetivos de control para la informaci\u00f3n y sus tecnolog\u00edas relacionadas), es un marco de trabajo desarrollado por la ISACA (Information Systems Audit and Control Association) y el Information Technology Governance Institute (ITGI). Contiene objetivos de control, directivas de auditor\u00eda, medidas de rendimiento y resultados, factores de \u00e9xito cr\u00edticos y modelos de madurez propuestos.<\/p>\n<p><a href=\"http:\/\/www.nexoit.com.uy\/web\/wp-content\/uploads\/2015\/05\/Consultoria_Cobit.jpg\"><img decoding=\"async\" loading=\"lazy\" class=\" size-full wp-image-390 aligncenter\" src=\"http:\/\/www.nexoit.com.uy\/web\/wp-content\/uploads\/2015\/05\/Consultoria_Cobit.jpg\" alt=\"Consultoria_Cobit\" width=\"278\" height=\"181\" srcset=\"https:\/\/www.nexoit.com.uy\/web\/wp-content\/uploads\/2015\/05\/Consultoria_Cobit.jpg 278w, https:\/\/www.nexoit.com.uy\/web\/wp-content\/uploads\/2015\/05\/Consultoria_Cobit-150x98.jpg 150w, https:\/\/www.nexoit.com.uy\/web\/wp-content\/uploads\/2015\/05\/Consultoria_Cobit-239x156.jpg 239w\" sizes=\"(max-width: 278px) 100vw, 278px\" \/><\/a><\/p>\n<p align=\"justify\">El Banco Central del Uruguay requiere la aplicaci\u00f3n de este marco de trabajo, como parte de las herramientas de soporte para supervisi\u00f3n de la evaluaci\u00f3n y gesti\u00f3n de la tecnolog\u00eda y sus riesgos en las instituciones financieras reguladas en nuestro pa\u00eds.<\/p>\n<p align=\"justify\">COBIT contiene pr\u00e1cticas y enlaces para soporte del gobierno de TI para la direcci\u00f3n, alta gerencia y responsables facilitando el an\u00e1lisis, comprensi\u00f3n, gesti\u00f3n y supervisi\u00f3n de las decisiones de adquisici\u00f3n, instalaci\u00f3n de soluciones y suministro de servicios. As\u00ed se consigue dar un mayor soporte a la optimizaci\u00f3n de las inversiones TI, asegurar la consolidaci\u00f3n de los valores y mitigar los riesgos en forma integral y transparente.<\/p>\n<p style=\"text-align: center;\"><a href=\"http:\/\/www.nexoit.com.uy\/web\/wp-content\/uploads\/2015\/04\/Consultoria_Cubo2.jpg\"><img decoding=\"async\" loading=\"lazy\" class=\"alignnone  wp-image-396\" src=\"http:\/\/www.nexoit.com.uy\/web\/wp-content\/uploads\/2015\/04\/Consultoria_Cubo2-300x290.jpg\" alt=\"Consultoria_Cubo2\" width=\"377\" height=\"365\" srcset=\"https:\/\/www.nexoit.com.uy\/web\/wp-content\/uploads\/2015\/04\/Consultoria_Cubo2-300x290.jpg 300w, https:\/\/www.nexoit.com.uy\/web\/wp-content\/uploads\/2015\/04\/Consultoria_Cubo2-150x145.jpg 150w, https:\/\/www.nexoit.com.uy\/web\/wp-content\/uploads\/2015\/04\/Consultoria_Cubo2-239x231.jpg 239w, https:\/\/www.nexoit.com.uy\/web\/wp-content\/uploads\/2015\/04\/Consultoria_Cubo2-600x580.jpg 600w, https:\/\/www.nexoit.com.uy\/web\/wp-content\/uploads\/2015\/04\/Consultoria_Cubo2.jpg 706w\" sizes=\"(max-width: 377px) 100vw, 377px\" \/><\/a><\/p>\n<p>COBIT tambi\u00e9n se utiliza como herramienta de compatibilidad con Sarbanes-Oxley (SOX) y se integra con otros modelos o marcos como ITIL, CMM, COSO, PMBOK, ISF e ISO 17799)<\/p>\n<p align=\"justify\">Permite trazar mapas de objetivos de control, identificar y establecer indicadores de objetivo clave (key goal indicator, KGI) e indicadores de rendimiento clave. Enlaza los objetivos instituciones con los objetivos y los procesos de tecnolog\u00eda, facilitando la gesti\u00f3n de riesgos y la medici\u00f3n de niveles de madurez para cada proceso relacionado.<\/p>\n<p align=\"justify\"><strong>3. T\u00c9CNICAS PARA SEGUIMIENTO Y CONTROL (MANAGEMENT TECHNIQUES FOR MONITORING AND CONTROL)<\/strong><br \/>\nLa metodolog\u00eda aplicada permite en forma permanente dar seguimiento a las actividades realizadas por la consultor\u00eda, al esfuerzo asociado y a sus resultados, contando con reportes peri\u00f3dicos predefinidos, para la evaluaci\u00f3n de lo actuado y para la coordinaci\u00f3n y planificaci\u00f3n de los siguientes pasos a dar.<\/p>\n<p style=\"text-align: center;\"><a href=\"http:\/\/www.nexoit.com.uy\/web\/wp-content\/uploads\/2015\/05\/Consultoria_Esquema.jpg\"><img decoding=\"async\" loading=\"lazy\" class=\"alignnone  wp-image-392\" src=\"http:\/\/www.nexoit.com.uy\/web\/wp-content\/uploads\/2015\/05\/Consultoria_Esquema-300x241.jpg\" alt=\"Consultoria_Esquema\" width=\"386\" height=\"310\" srcset=\"https:\/\/www.nexoit.com.uy\/web\/wp-content\/uploads\/2015\/05\/Consultoria_Esquema-300x241.jpg 300w, https:\/\/www.nexoit.com.uy\/web\/wp-content\/uploads\/2015\/05\/Consultoria_Esquema-150x120.jpg 150w, https:\/\/www.nexoit.com.uy\/web\/wp-content\/uploads\/2015\/05\/Consultoria_Esquema-239x192.jpg 239w, https:\/\/www.nexoit.com.uy\/web\/wp-content\/uploads\/2015\/05\/Consultoria_Esquema.jpg 573w\" sizes=\"(max-width: 386px) 100vw, 386px\" \/><\/a><\/p>\n<p>Estas t\u00e9cnicas aseguran un efectivo control de la consultor\u00eda y mantiene informaci\u00f3n disponible sobre el acercamiento al alcance de los resultados esperados, para la Direcci\u00f3n de la Instituci\u00f3n y las contrapartes espec\u00edficas, t\u00e9cnicas, funcionales y de contralor, para cada tema abordado, como herramienta de gesti\u00f3n.<\/p>\n<p>&nbsp;<\/p>\n<p>&nbsp;<\/p>\n","protected":false},"excerpt":{"rendered":"<p>Nexo IT ofrece un Servicio de\u00a0Consultor\u00eda\u00a0que comprende el estudio, desarrollo, implantaci\u00f3n y mantenimiento de los est\u00e1ndares software y hardware, haciendo homog\u00e9neo el tratamiento de los desarrollos inform\u00e1ticos de forma corporativa y estableciendo directrices dirigidas al correcto funcionamiento de los mismos. Desde el servicio se realizan y eval\u00faan estudios comparativos de mercado y se impulsan proyectos [&hellip;]<\/p>\n","protected":false},"author":8,"featured_media":0,"parent":0,"menu_order":0,"comment_status":"closed","ping_status":"closed","template":"","meta":[],"yoast_head":"<!-- This site is optimized with the Yoast SEO plugin v20.10 - https:\/\/yoast.com\/wordpress\/plugins\/seo\/ -->\n<title>Consultor\u00eda - NEXO IT<\/title>\n<meta name=\"description\" content=\"Nuestra consultor\u00eda se apoya en\u00a0metodolog\u00edas, t\u00e9cnicas y marcos de trabajo\u00a0reconocidos y aprobados internacionalmente .\" \/>\n<meta name=\"robots\" content=\"index, follow, max-snippet:-1, max-image-preview:large, max-video-preview:-1\" \/>\n<link rel=\"canonical\" href=\"https:\/\/www.nexoit.com.uy\/web\/consultoria\/\" \/>\n<meta property=\"og:locale\" content=\"es_ES\" \/>\n<meta property=\"og:type\" content=\"article\" \/>\n<meta property=\"og:title\" content=\"Consultor\u00eda - NEXO IT\" \/>\n<meta property=\"og:description\" content=\"Nuestra consultor\u00eda se apoya en\u00a0metodolog\u00edas, t\u00e9cnicas y marcos de trabajo\u00a0reconocidos y aprobados internacionalmente .\" \/>\n<meta property=\"og:url\" content=\"https:\/\/www.nexoit.com.uy\/web\/consultoria\/\" \/>\n<meta property=\"og:site_name\" content=\"NEXO IT\" \/>\n<meta property=\"article:modified_time\" content=\"2019-02-01T15:19:03+00:00\" \/>\n<meta property=\"og:image\" content=\"http:\/\/www.nexoit.com.uy\/web\/wp-content\/uploads\/2015\/05\/Consultoria_Project.jpg\" \/>\n<meta name=\"twitter:label1\" content=\"Tiempo de lectura\" \/>\n\t<meta name=\"twitter:data1\" content=\"4 minutos\" \/>\n<script type=\"application\/ld+json\" class=\"yoast-schema-graph\">{\"@context\":\"https:\/\/schema.org\",\"@graph\":[{\"@type\":\"WebPage\",\"@id\":\"https:\/\/www.nexoit.com.uy\/web\/consultoria\/\",\"url\":\"https:\/\/www.nexoit.com.uy\/web\/consultoria\/\",\"name\":\"Consultor\u00eda - NEXO IT\",\"isPartOf\":{\"@id\":\"https:\/\/www.nexoit.com.uy\/web\/#website\"},\"datePublished\":\"2015-04-27T13:37:01+00:00\",\"dateModified\":\"2019-02-01T15:19:03+00:00\",\"description\":\"Nuestra consultor\u00eda se apoya en\u00a0metodolog\u00edas, t\u00e9cnicas y marcos de trabajo\u00a0reconocidos y aprobados internacionalmente .\",\"breadcrumb\":{\"@id\":\"https:\/\/www.nexoit.com.uy\/web\/consultoria\/#breadcrumb\"},\"inLanguage\":\"es\",\"potentialAction\":[{\"@type\":\"ReadAction\",\"target\":[\"https:\/\/www.nexoit.com.uy\/web\/consultoria\/\"]}]},{\"@type\":\"BreadcrumbList\",\"@id\":\"https:\/\/www.nexoit.com.uy\/web\/consultoria\/#breadcrumb\",\"itemListElement\":[{\"@type\":\"ListItem\",\"position\":1,\"name\":\"Portada\",\"item\":\"https:\/\/www.nexoit.com.uy\/web\/\"},{\"@type\":\"ListItem\",\"position\":2,\"name\":\"Consultor\u00eda\"}]},{\"@type\":\"WebSite\",\"@id\":\"https:\/\/www.nexoit.com.uy\/web\/#website\",\"url\":\"https:\/\/www.nexoit.com.uy\/web\/\",\"name\":\"NEXO IT\",\"description\":\"Expertos en gesti\u00f3n documental\",\"potentialAction\":[{\"@type\":\"SearchAction\",\"target\":{\"@type\":\"EntryPoint\",\"urlTemplate\":\"https:\/\/www.nexoit.com.uy\/web\/?s={search_term_string}\"},\"query-input\":\"required name=search_term_string\"}],\"inLanguage\":\"es\"}]}<\/script>\n<!-- \/ Yoast SEO plugin. -->","yoast_head_json":{"title":"Consultor\u00eda - NEXO IT","description":"Nuestra consultor\u00eda se apoya en\u00a0metodolog\u00edas, t\u00e9cnicas y marcos de trabajo\u00a0reconocidos y aprobados internacionalmente .","robots":{"index":"index","follow":"follow","max-snippet":"max-snippet:-1","max-image-preview":"max-image-preview:large","max-video-preview":"max-video-preview:-1"},"canonical":"https:\/\/www.nexoit.com.uy\/web\/consultoria\/","og_locale":"es_ES","og_type":"article","og_title":"Consultor\u00eda - NEXO IT","og_description":"Nuestra consultor\u00eda se apoya en\u00a0metodolog\u00edas, t\u00e9cnicas y marcos de trabajo\u00a0reconocidos y aprobados internacionalmente .","og_url":"https:\/\/www.nexoit.com.uy\/web\/consultoria\/","og_site_name":"NEXO IT","article_modified_time":"2019-02-01T15:19:03+00:00","og_image":[{"url":"http:\/\/www.nexoit.com.uy\/web\/wp-content\/uploads\/2015\/05\/Consultoria_Project.jpg"}],"twitter_misc":{"Tiempo de lectura":"4 minutos"},"schema":{"@context":"https:\/\/schema.org","@graph":[{"@type":"WebPage","@id":"https:\/\/www.nexoit.com.uy\/web\/consultoria\/","url":"https:\/\/www.nexoit.com.uy\/web\/consultoria\/","name":"Consultor\u00eda - NEXO IT","isPartOf":{"@id":"https:\/\/www.nexoit.com.uy\/web\/#website"},"datePublished":"2015-04-27T13:37:01+00:00","dateModified":"2019-02-01T15:19:03+00:00","description":"Nuestra consultor\u00eda se apoya en\u00a0metodolog\u00edas, t\u00e9cnicas y marcos de trabajo\u00a0reconocidos y aprobados internacionalmente .","breadcrumb":{"@id":"https:\/\/www.nexoit.com.uy\/web\/consultoria\/#breadcrumb"},"inLanguage":"es","potentialAction":[{"@type":"ReadAction","target":["https:\/\/www.nexoit.com.uy\/web\/consultoria\/"]}]},{"@type":"BreadcrumbList","@id":"https:\/\/www.nexoit.com.uy\/web\/consultoria\/#breadcrumb","itemListElement":[{"@type":"ListItem","position":1,"name":"Portada","item":"https:\/\/www.nexoit.com.uy\/web\/"},{"@type":"ListItem","position":2,"name":"Consultor\u00eda"}]},{"@type":"WebSite","@id":"https:\/\/www.nexoit.com.uy\/web\/#website","url":"https:\/\/www.nexoit.com.uy\/web\/","name":"NEXO IT","description":"Expertos en gesti\u00f3n documental","potentialAction":[{"@type":"SearchAction","target":{"@type":"EntryPoint","urlTemplate":"https:\/\/www.nexoit.com.uy\/web\/?s={search_term_string}"},"query-input":"required name=search_term_string"}],"inLanguage":"es"}]}},"_links":{"self":[{"href":"https:\/\/www.nexoit.com.uy\/web\/wp-json\/wp\/v2\/pages\/185"}],"collection":[{"href":"https:\/\/www.nexoit.com.uy\/web\/wp-json\/wp\/v2\/pages"}],"about":[{"href":"https:\/\/www.nexoit.com.uy\/web\/wp-json\/wp\/v2\/types\/page"}],"author":[{"embeddable":true,"href":"https:\/\/www.nexoit.com.uy\/web\/wp-json\/wp\/v2\/users\/8"}],"replies":[{"embeddable":true,"href":"https:\/\/www.nexoit.com.uy\/web\/wp-json\/wp\/v2\/comments?post=185"}],"version-history":[{"count":14,"href":"https:\/\/www.nexoit.com.uy\/web\/wp-json\/wp\/v2\/pages\/185\/revisions"}],"predecessor-version":[{"id":952,"href":"https:\/\/www.nexoit.com.uy\/web\/wp-json\/wp\/v2\/pages\/185\/revisions\/952"}],"wp:attachment":[{"href":"https:\/\/www.nexoit.com.uy\/web\/wp-json\/wp\/v2\/media?parent=185"}],"curies":[{"name":"wp","href":"https:\/\/api.w.org\/{rel}","templated":true}]}}