{"id":151,"date":"2015-04-12T12:38:32","date_gmt":"2015-04-12T15:38:32","guid":{"rendered":"http:\/\/nexoit.com.uy\/web\/?page_id=151"},"modified":"2017-12-05T15:09:35","modified_gmt":"2017-12-05T18:09:35","slug":"software-cuentas-por-pagar-en-la-nube","status":"publish","type":"page","link":"https:\/\/www.nexoit.com.uy\/web\/software-cuentas-por-pagar-en-la-nube\/","title":{"rendered":"Cuentas por pagar en la Nube"},"content":{"rendered":"<p align=\"justify\">El software <strong>Cuentas por pagar en la Nube<\/strong> es un software de captura que extrae los datos de las facturas de sus proveedores y los ingresa en un sitio seguro en Internet, al que luego podr\u00e1 acceder f\u00e1cilmente para verificar la informaci\u00f3n, desde cualquier lugar.<\/p>\n<p align=\"justify\"><strong>Captura de facturas a bajo costo y f\u00e1cil de implementar.<\/strong><br \/>\nCon esta soluci\u00f3n probada que permite aprovechar las ventajas que ofrece el procesamiento autom\u00e1tico de facturas sin tener que incurrir en grandes inversiones en equipos inform\u00e1ticos. Este servicio basado en Internet captura e interpreta la informaci\u00f3n de las facturas de sus proveedores y la indexa para su ingreso en su sistema ERP o workflow. Si su empresa carece de workflow.<\/p>\n<p align=\"justify\">Si gestiona las facturas en la nube, su organizaci\u00f3n se librar\u00e1 del costo de adquisici\u00f3n de un servidor y del mantenimiento del hardware y el software, y su personal del trabajo de ingresar la informaci\u00f3n de las facturas, la que est\u00e1 siempre propensa a errores. Las facturas estar\u00e1n disponibles en Internet para su verificaci\u00f3n y aprobaci\u00f3n al poco tiempo despu\u00e9s de su recepci\u00f3n.<\/p>\n<p><strong>Caracter\u00edsticas y ventajas principales:<\/strong><\/p>\n<p align=\"justify\">&#8211; Acceso r\u00e1pido y sencillo a las facturas, en todo momento y desde cualquier lugar.<br \/>\n&#8211; Procesamiento de facturas m\u00e1s r\u00e1pido que permite aprovechar los descuentos por pronto pago.<br \/>\n&#8211; Mayor visibilidad y control de los procesos de cuentas por pagar.<br \/>\n&#8211; No requiere invertir en equipos y se eliminan los problemas de mantenimiento.<br \/>\n&#8211; Punto \u00fanico de recepci\u00f3n que permite descentralizar la gesti\u00f3n de facturas.<br \/>\n&#8211; Modelo de precios escalable: solo paga por lo que usa.<br \/>\n&#8211; La capacitaci\u00f3n y configuraci\u00f3n requerida es m\u00ednima.<br \/>\n&#8211; Ideal para bajos vol\u00famenes de facturas, cuyo procesamiento suele ser costoso.<\/p>\n","protected":false},"excerpt":{"rendered":"<p>El software Cuentas por pagar en la Nube es un software de captura que extrae los datos de las facturas de sus proveedores y los ingresa en un sitio seguro en Internet, al que luego podr\u00e1 acceder f\u00e1cilmente para verificar la informaci\u00f3n, desde cualquier lugar. Captura de facturas a bajo costo y f\u00e1cil de implementar. [&hellip;]<\/p>\n","protected":false},"author":8,"featured_media":0,"parent":0,"menu_order":0,"comment_status":"closed","ping_status":"closed","template":"","meta":[],"yoast_head":"<!-- This site is optimized with the Yoast SEO plugin v20.10 - https:\/\/yoast.com\/wordpress\/plugins\/seo\/ -->\n<title>Cuentas por pagar en la Nube - NEXO IT<\/title>\n<meta name=\"description\" content=\"El software\u00a0Cuentas por pagar en la Nube\u00a0captura y extrae los datos de las facturas de sus proveedores y los ingresa a un sitio seguro en Internet.\" \/>\n<meta name=\"robots\" content=\"index, follow, max-snippet:-1, max-image-preview:large, max-video-preview:-1\" \/>\n<link rel=\"canonical\" href=\"https:\/\/www.nexoit.com.uy\/web\/software-cuentas-por-pagar-en-la-nube\/\" \/>\n<meta property=\"og:locale\" content=\"es_ES\" \/>\n<meta property=\"og:type\" content=\"article\" \/>\n<meta property=\"og:title\" content=\"Cuentas por pagar en la Nube - NEXO IT\" \/>\n<meta property=\"og:description\" content=\"El software\u00a0Cuentas por pagar en la Nube\u00a0captura y extrae los datos de las facturas de sus proveedores y los ingresa a un sitio seguro en Internet.\" \/>\n<meta property=\"og:url\" content=\"https:\/\/www.nexoit.com.uy\/web\/software-cuentas-por-pagar-en-la-nube\/\" \/>\n<meta property=\"og:site_name\" content=\"NEXO IT\" \/>\n<meta property=\"article:modified_time\" content=\"2017-12-05T18:09:35+00:00\" \/>\n<meta name=\"twitter:label1\" content=\"Tiempo de lectura\" \/>\n\t<meta name=\"twitter:data1\" content=\"2 minutos\" \/>\n<script type=\"application\/ld+json\" class=\"yoast-schema-graph\">{\"@context\":\"https:\/\/schema.org\",\"@graph\":[{\"@type\":\"WebPage\",\"@id\":\"https:\/\/www.nexoit.com.uy\/web\/software-cuentas-por-pagar-en-la-nube\/\",\"url\":\"https:\/\/www.nexoit.com.uy\/web\/software-cuentas-por-pagar-en-la-nube\/\",\"name\":\"Cuentas por pagar en la Nube - NEXO IT\",\"isPartOf\":{\"@id\":\"https:\/\/www.nexoit.com.uy\/web\/#website\"},\"datePublished\":\"2015-04-12T15:38:32+00:00\",\"dateModified\":\"2017-12-05T18:09:35+00:00\",\"description\":\"El software\u00a0Cuentas por pagar en la Nube\u00a0captura y extrae los datos de las facturas de sus proveedores y los ingresa a un sitio seguro en Internet.\",\"breadcrumb\":{\"@id\":\"https:\/\/www.nexoit.com.uy\/web\/software-cuentas-por-pagar-en-la-nube\/#breadcrumb\"},\"inLanguage\":\"es\",\"potentialAction\":[{\"@type\":\"ReadAction\",\"target\":[\"https:\/\/www.nexoit.com.uy\/web\/software-cuentas-por-pagar-en-la-nube\/\"]}]},{\"@type\":\"BreadcrumbList\",\"@id\":\"https:\/\/www.nexoit.com.uy\/web\/software-cuentas-por-pagar-en-la-nube\/#breadcrumb\",\"itemListElement\":[{\"@type\":\"ListItem\",\"position\":1,\"name\":\"Portada\",\"item\":\"https:\/\/www.nexoit.com.uy\/web\/\"},{\"@type\":\"ListItem\",\"position\":2,\"name\":\"Cuentas por pagar en la Nube\"}]},{\"@type\":\"WebSite\",\"@id\":\"https:\/\/www.nexoit.com.uy\/web\/#website\",\"url\":\"https:\/\/www.nexoit.com.uy\/web\/\",\"name\":\"NEXO IT\",\"description\":\"Expertos en gesti\u00f3n documental\",\"potentialAction\":[{\"@type\":\"SearchAction\",\"target\":{\"@type\":\"EntryPoint\",\"urlTemplate\":\"https:\/\/www.nexoit.com.uy\/web\/?s={search_term_string}\"},\"query-input\":\"required name=search_term_string\"}],\"inLanguage\":\"es\"}]}<\/script>\n<!-- \/ Yoast SEO plugin. -->","yoast_head_json":{"title":"Cuentas por pagar en la Nube - NEXO IT","description":"El software\u00a0Cuentas por pagar en la Nube\u00a0captura y extrae los datos de las facturas de sus proveedores y los ingresa a un sitio seguro en Internet.","robots":{"index":"index","follow":"follow","max-snippet":"max-snippet:-1","max-image-preview":"max-image-preview:large","max-video-preview":"max-video-preview:-1"},"canonical":"https:\/\/www.nexoit.com.uy\/web\/software-cuentas-por-pagar-en-la-nube\/","og_locale":"es_ES","og_type":"article","og_title":"Cuentas por pagar en la Nube - NEXO IT","og_description":"El software\u00a0Cuentas por pagar en la Nube\u00a0captura y extrae los datos de las facturas de sus proveedores y los ingresa a un sitio seguro en Internet.","og_url":"https:\/\/www.nexoit.com.uy\/web\/software-cuentas-por-pagar-en-la-nube\/","og_site_name":"NEXO IT","article_modified_time":"2017-12-05T18:09:35+00:00","twitter_misc":{"Tiempo de lectura":"2 minutos"},"schema":{"@context":"https:\/\/schema.org","@graph":[{"@type":"WebPage","@id":"https:\/\/www.nexoit.com.uy\/web\/software-cuentas-por-pagar-en-la-nube\/","url":"https:\/\/www.nexoit.com.uy\/web\/software-cuentas-por-pagar-en-la-nube\/","name":"Cuentas por pagar en la Nube - NEXO IT","isPartOf":{"@id":"https:\/\/www.nexoit.com.uy\/web\/#website"},"datePublished":"2015-04-12T15:38:32+00:00","dateModified":"2017-12-05T18:09:35+00:00","description":"El software\u00a0Cuentas por pagar en la Nube\u00a0captura y extrae los datos de las facturas de sus proveedores y los ingresa a un sitio seguro en Internet.","breadcrumb":{"@id":"https:\/\/www.nexoit.com.uy\/web\/software-cuentas-por-pagar-en-la-nube\/#breadcrumb"},"inLanguage":"es","potentialAction":[{"@type":"ReadAction","target":["https:\/\/www.nexoit.com.uy\/web\/software-cuentas-por-pagar-en-la-nube\/"]}]},{"@type":"BreadcrumbList","@id":"https:\/\/www.nexoit.com.uy\/web\/software-cuentas-por-pagar-en-la-nube\/#breadcrumb","itemListElement":[{"@type":"ListItem","position":1,"name":"Portada","item":"https:\/\/www.nexoit.com.uy\/web\/"},{"@type":"ListItem","position":2,"name":"Cuentas por pagar en la Nube"}]},{"@type":"WebSite","@id":"https:\/\/www.nexoit.com.uy\/web\/#website","url":"https:\/\/www.nexoit.com.uy\/web\/","name":"NEXO IT","description":"Expertos en gesti\u00f3n documental","potentialAction":[{"@type":"SearchAction","target":{"@type":"EntryPoint","urlTemplate":"https:\/\/www.nexoit.com.uy\/web\/?s={search_term_string}"},"query-input":"required name=search_term_string"}],"inLanguage":"es"}]}},"_links":{"self":[{"href":"https:\/\/www.nexoit.com.uy\/web\/wp-json\/wp\/v2\/pages\/151"}],"collection":[{"href":"https:\/\/www.nexoit.com.uy\/web\/wp-json\/wp\/v2\/pages"}],"about":[{"href":"https:\/\/www.nexoit.com.uy\/web\/wp-json\/wp\/v2\/types\/page"}],"author":[{"embeddable":true,"href":"https:\/\/www.nexoit.com.uy\/web\/wp-json\/wp\/v2\/users\/8"}],"replies":[{"embeddable":true,"href":"https:\/\/www.nexoit.com.uy\/web\/wp-json\/wp\/v2\/comments?post=151"}],"version-history":[{"count":6,"href":"https:\/\/www.nexoit.com.uy\/web\/wp-json\/wp\/v2\/pages\/151\/revisions"}],"predecessor-version":[{"id":697,"href":"https:\/\/www.nexoit.com.uy\/web\/wp-json\/wp\/v2\/pages\/151\/revisions\/697"}],"wp:attachment":[{"href":"https:\/\/www.nexoit.com.uy\/web\/wp-json\/wp\/v2\/media?parent=151"}],"curies":[{"name":"wp","href":"https:\/\/api.w.org\/{rel}","templated":true}]}}