{"id":141,"date":"2015-04-12T12:21:43","date_gmt":"2015-04-12T15:21:43","guid":{"rendered":"http:\/\/nexoit.com.uy\/web\/?page_id=141"},"modified":"2017-12-05T15:36:13","modified_gmt":"2017-12-05T18:36:13","slug":"encuestas-electronicas","status":"publish","type":"page","link":"https:\/\/www.nexoit.com.uy\/web\/encuestas-electronicas\/","title":{"rendered":"Encuestas electr\u00f3nicas"},"content":{"rendered":"<p align=\"justify\">Muchas veces usted precisa aplicar encuestas electr\u00f3nicas y conocer la opini\u00f3n de tus clientes o prospecto, realizar un test electr\u00f3nico, etc.<\/p>\n<p align=\"justify\"><strong>Nexo IT<\/strong> cuenta con soluciones para encuestas y ex\u00e1menes electr\u00f3nicos que te permitir\u00e1n hacerlo r\u00e1pidamente, con tecnolog\u00edas f\u00e1ciles de usar y con el apoyo de nuestro equipo de soporte. Nuestro software para encuestas electr\u00f3nicas, cuenta con las funcionalidades necesarias para los proyectos de encuestas en l\u00ednea.<\/p>\n<p align=\"justify\">Tendr\u00e1 a su disposici\u00f3n una infraestructura de primer nivel que garantiza la correcta aplicaci\u00f3n de las encuestas y te permite conocer los resultados de las mismas en tiempo real.<\/p>\n<p><strong>Nexo IT<\/strong> ofrece dos tipos de ex\u00e1menes electr\u00f3nicos:<\/p>\n<p align=\"justify\"><strong>Ex\u00e1menes electr\u00f3nicos Convencionales:<\/strong>\u2028 Los cuales tienen un n\u00famero fijo de preguntas, para un tiempo determinado.<br \/>\n<strong>Ex\u00e1menes electr\u00f3nicos Adaptativos:<\/strong> Estos presentan un n\u00famero variable de preguntas para un tiempo determinado. Seleccionan las preguntas basados en las respuestas anteriores y confeccionan un examen de acuerdo con el nivel de conocimientos del candidato.<\/p>\n<p>Dependiendo de las necesidades, los ex\u00e1menes electr\u00f3nicos pueden ser:<\/p>\n<p align=\"justify\"><strong>Opci\u00f3n M\u00faltiple:<\/strong> Donde para una pregunta tendr\u00e1s diversas opciones como respuesta, pero s\u00f3lo una es la correcta.<br \/>\n<strong>Compuestos:<\/strong> Generalmente constan de una pregunta y se debe elegir entre una o m\u00e1s opciones.<br \/>\n<strong>Simuladores:<\/strong> Se presenta un caso donde se debe simular c\u00f3mo se har\u00eda la acci\u00f3n.<br \/>\n<strong>Hot-\u00c1rea:<\/strong> Se presenta una pregunta sobre un gr\u00e1fico o un mapa y se selecciona la respuesta haciendo un clic sobre alguna parte del gr\u00e1fico.<\/p>\n<p align=\"justify\">Ponemos a tu alcance opciones de dise\u00f1o gr\u00e1fico profesional, que se ajustar\u00e1 a tus necesidades y presupuesto para personalizar tus encuestas y ex\u00e1menes; de igual forma contar\u00e1s con el respaldo de nuestro equipo de soporte altamente capacitado para resolver cualquier duda o incidente.<\/p>\n","protected":false},"excerpt":{"rendered":"<p>Muchas veces usted precisa aplicar encuestas electr\u00f3nicas y conocer la opini\u00f3n de tus clientes o prospecto, realizar un test electr\u00f3nico, etc. Nexo IT cuenta con soluciones para encuestas y ex\u00e1menes electr\u00f3nicos que te permitir\u00e1n hacerlo r\u00e1pidamente, con tecnolog\u00edas f\u00e1ciles de usar y con el apoyo de nuestro equipo de soporte. Nuestro software para encuestas electr\u00f3nicas, [&hellip;]<\/p>\n","protected":false},"author":8,"featured_media":0,"parent":0,"menu_order":0,"comment_status":"closed","ping_status":"closed","template":"","meta":[],"yoast_head":"<!-- This site is optimized with the Yoast SEO plugin v20.10 - https:\/\/yoast.com\/wordpress\/plugins\/seo\/ -->\n<title>Encuestas electr\u00f3nicas - NEXO IT<\/title>\n<meta name=\"description\" content=\"Contamos con soluciones para ex\u00e1menes y encuestas electr\u00f3nicas de f\u00e1cil manejo y con el respaldo de nuestro equipo de soporte para atender sus necesidades.\" \/>\n<meta name=\"robots\" content=\"index, follow, max-snippet:-1, max-image-preview:large, max-video-preview:-1\" \/>\n<link rel=\"canonical\" href=\"https:\/\/www.nexoit.com.uy\/web\/encuestas-electronicas\/\" \/>\n<meta property=\"og:locale\" content=\"es_ES\" \/>\n<meta property=\"og:type\" content=\"article\" \/>\n<meta property=\"og:title\" content=\"Encuestas electr\u00f3nicas - NEXO IT\" \/>\n<meta property=\"og:description\" content=\"Contamos con soluciones para ex\u00e1menes y encuestas electr\u00f3nicas de f\u00e1cil manejo y con el respaldo de nuestro equipo de soporte para atender sus necesidades.\" \/>\n<meta property=\"og:url\" content=\"https:\/\/www.nexoit.com.uy\/web\/encuestas-electronicas\/\" \/>\n<meta property=\"og:site_name\" content=\"NEXO IT\" \/>\n<meta property=\"article:modified_time\" content=\"2017-12-05T18:36:13+00:00\" \/>\n<meta name=\"twitter:label1\" content=\"Tiempo de lectura\" \/>\n\t<meta name=\"twitter:data1\" content=\"2 minutos\" \/>\n<script type=\"application\/ld+json\" class=\"yoast-schema-graph\">{\"@context\":\"https:\/\/schema.org\",\"@graph\":[{\"@type\":\"WebPage\",\"@id\":\"https:\/\/www.nexoit.com.uy\/web\/encuestas-electronicas\/\",\"url\":\"https:\/\/www.nexoit.com.uy\/web\/encuestas-electronicas\/\",\"name\":\"Encuestas electr\u00f3nicas - NEXO IT\",\"isPartOf\":{\"@id\":\"https:\/\/www.nexoit.com.uy\/web\/#website\"},\"datePublished\":\"2015-04-12T15:21:43+00:00\",\"dateModified\":\"2017-12-05T18:36:13+00:00\",\"description\":\"Contamos con soluciones para ex\u00e1menes y encuestas electr\u00f3nicas de f\u00e1cil manejo y con el respaldo de nuestro equipo de soporte para atender sus necesidades.\",\"breadcrumb\":{\"@id\":\"https:\/\/www.nexoit.com.uy\/web\/encuestas-electronicas\/#breadcrumb\"},\"inLanguage\":\"es\",\"potentialAction\":[{\"@type\":\"ReadAction\",\"target\":[\"https:\/\/www.nexoit.com.uy\/web\/encuestas-electronicas\/\"]}]},{\"@type\":\"BreadcrumbList\",\"@id\":\"https:\/\/www.nexoit.com.uy\/web\/encuestas-electronicas\/#breadcrumb\",\"itemListElement\":[{\"@type\":\"ListItem\",\"position\":1,\"name\":\"Portada\",\"item\":\"https:\/\/www.nexoit.com.uy\/web\/\"},{\"@type\":\"ListItem\",\"position\":2,\"name\":\"Encuestas electr\u00f3nicas\"}]},{\"@type\":\"WebSite\",\"@id\":\"https:\/\/www.nexoit.com.uy\/web\/#website\",\"url\":\"https:\/\/www.nexoit.com.uy\/web\/\",\"name\":\"NEXO IT\",\"description\":\"Expertos en gesti\u00f3n documental\",\"potentialAction\":[{\"@type\":\"SearchAction\",\"target\":{\"@type\":\"EntryPoint\",\"urlTemplate\":\"https:\/\/www.nexoit.com.uy\/web\/?s={search_term_string}\"},\"query-input\":\"required name=search_term_string\"}],\"inLanguage\":\"es\"}]}<\/script>\n<!-- \/ Yoast SEO plugin. -->","yoast_head_json":{"title":"Encuestas electr\u00f3nicas - NEXO IT","description":"Contamos con soluciones para ex\u00e1menes y encuestas electr\u00f3nicas de f\u00e1cil manejo y con el respaldo de nuestro equipo de soporte para atender sus necesidades.","robots":{"index":"index","follow":"follow","max-snippet":"max-snippet:-1","max-image-preview":"max-image-preview:large","max-video-preview":"max-video-preview:-1"},"canonical":"https:\/\/www.nexoit.com.uy\/web\/encuestas-electronicas\/","og_locale":"es_ES","og_type":"article","og_title":"Encuestas electr\u00f3nicas - NEXO IT","og_description":"Contamos con soluciones para ex\u00e1menes y encuestas electr\u00f3nicas de f\u00e1cil manejo y con el respaldo de nuestro equipo de soporte para atender sus necesidades.","og_url":"https:\/\/www.nexoit.com.uy\/web\/encuestas-electronicas\/","og_site_name":"NEXO IT","article_modified_time":"2017-12-05T18:36:13+00:00","twitter_misc":{"Tiempo de lectura":"2 minutos"},"schema":{"@context":"https:\/\/schema.org","@graph":[{"@type":"WebPage","@id":"https:\/\/www.nexoit.com.uy\/web\/encuestas-electronicas\/","url":"https:\/\/www.nexoit.com.uy\/web\/encuestas-electronicas\/","name":"Encuestas electr\u00f3nicas - NEXO IT","isPartOf":{"@id":"https:\/\/www.nexoit.com.uy\/web\/#website"},"datePublished":"2015-04-12T15:21:43+00:00","dateModified":"2017-12-05T18:36:13+00:00","description":"Contamos con soluciones para ex\u00e1menes y encuestas electr\u00f3nicas de f\u00e1cil manejo y con el respaldo de nuestro equipo de soporte para atender sus necesidades.","breadcrumb":{"@id":"https:\/\/www.nexoit.com.uy\/web\/encuestas-electronicas\/#breadcrumb"},"inLanguage":"es","potentialAction":[{"@type":"ReadAction","target":["https:\/\/www.nexoit.com.uy\/web\/encuestas-electronicas\/"]}]},{"@type":"BreadcrumbList","@id":"https:\/\/www.nexoit.com.uy\/web\/encuestas-electronicas\/#breadcrumb","itemListElement":[{"@type":"ListItem","position":1,"name":"Portada","item":"https:\/\/www.nexoit.com.uy\/web\/"},{"@type":"ListItem","position":2,"name":"Encuestas electr\u00f3nicas"}]},{"@type":"WebSite","@id":"https:\/\/www.nexoit.com.uy\/web\/#website","url":"https:\/\/www.nexoit.com.uy\/web\/","name":"NEXO IT","description":"Expertos en gesti\u00f3n documental","potentialAction":[{"@type":"SearchAction","target":{"@type":"EntryPoint","urlTemplate":"https:\/\/www.nexoit.com.uy\/web\/?s={search_term_string}"},"query-input":"required name=search_term_string"}],"inLanguage":"es"}]}},"_links":{"self":[{"href":"https:\/\/www.nexoit.com.uy\/web\/wp-json\/wp\/v2\/pages\/141"}],"collection":[{"href":"https:\/\/www.nexoit.com.uy\/web\/wp-json\/wp\/v2\/pages"}],"about":[{"href":"https:\/\/www.nexoit.com.uy\/web\/wp-json\/wp\/v2\/types\/page"}],"author":[{"embeddable":true,"href":"https:\/\/www.nexoit.com.uy\/web\/wp-json\/wp\/v2\/users\/8"}],"replies":[{"embeddable":true,"href":"https:\/\/www.nexoit.com.uy\/web\/wp-json\/wp\/v2\/comments?post=141"}],"version-history":[{"count":7,"href":"https:\/\/www.nexoit.com.uy\/web\/wp-json\/wp\/v2\/pages\/141\/revisions"}],"predecessor-version":[{"id":701,"href":"https:\/\/www.nexoit.com.uy\/web\/wp-json\/wp\/v2\/pages\/141\/revisions\/701"}],"wp:attachment":[{"href":"https:\/\/www.nexoit.com.uy\/web\/wp-json\/wp\/v2\/media?parent=141"}],"curies":[{"name":"wp","href":"https:\/\/api.w.org\/{rel}","templated":true}]}}