{"id":1022,"date":"2019-06-03T16:04:13","date_gmt":"2019-06-03T19:04:13","guid":{"rendered":"https:\/\/www.nexoit.com.uy\/web\/?page_id=1022"},"modified":"2019-06-03T16:24:15","modified_gmt":"2019-06-03T19:24:15","slug":"onbase-para-universidades","status":"publish","type":"page","link":"https:\/\/www.nexoit.com.uy\/web\/onbase-para-universidades\/","title":{"rendered":"OnBase para Universidades"},"content":{"rendered":"<p><strong>Soluciones de software para Universidades<\/strong><\/p>\n<p dir=\"LTR\">En los campus universitarios actuales, la eliminaci\u00f3n del papel ya no es suficiente. El conjunto de soluciones de servicios de contenido que ofrece OnBase para Universidades, l\u00edder en el mercado, permite a las instituciones aprovechar los datos actuales para ofrecer al personal una vista completa del expediente acad\u00e9mico del alumno. Aprov\u00e9chese del software y mejore los procesos con:<\/p>\n<p dir=\"LTR\">\u00a0<img decoding=\"async\" loading=\"lazy\" class=\"alignright size-full wp-image-1025\" src=\"https:\/\/www.nexoit.com.uy\/web\/wp-content\/uploads\/2019\/06\/OnBase-Universidades.jpg\" alt=\"OnBase-Universidades\" width=\"1013\" height=\"306\" srcset=\"https:\/\/www.nexoit.com.uy\/web\/wp-content\/uploads\/2019\/06\/OnBase-Universidades.jpg 1013w, https:\/\/www.nexoit.com.uy\/web\/wp-content\/uploads\/2019\/06\/OnBase-Universidades-150x45.jpg 150w, https:\/\/www.nexoit.com.uy\/web\/wp-content\/uploads\/2019\/06\/OnBase-Universidades-300x91.jpg 300w, https:\/\/www.nexoit.com.uy\/web\/wp-content\/uploads\/2019\/06\/OnBase-Universidades-239x72.jpg 239w, https:\/\/www.nexoit.com.uy\/web\/wp-content\/uploads\/2019\/06\/OnBase-Universidades-600x181.jpg 600w\" sizes=\"(max-width: 1013px) 100vw, 1013px\" \/><\/p>\n<p dir=\"LTR\">Las soluciones de OnBase para Universidades entregan toda la informaci\u00f3n que necesita para ver una imagen completa \u2013 desde documentos escaneados en papel, hasta formularios electr\u00f3nicos, correos electr\u00f3nicos y m\u00e1s \u2013 todo ello en el contexto de su sistema central y de los procesos habituales.<\/p>\n<p><strong>M\u00e1s de 900\u00a0Universidades en el mundo han confiado en OnBase.<\/strong><br \/>\n<strong>M\u00e1s de 27\u00a0a\u00f1os de experiencia en la industria.<\/strong><\/p>\n<p><iframe loading=\"lazy\" src=\"\/\/players.brightcove.net\/844354902001\/SkOcE11S_default\/index.html?videoId=5195244436001\" width=\"600\" height=\"300\" allowfullscreen=\"allowfullscreen\"><\/iframe><\/p>\n<p>&nbsp;<\/p>\n<section id=\"es-quote\" class=\" padding\">\n<div class=\"container\">\n<div class=\"row\">\n<div class=\"col-md-12 col-sm-12 text-left\">\n<p><img decoding=\"async\" class=\"form-image\" src=\"https:\/\/www.onbase.com\/-\/media\/OnBase\/Images\/icons\/General\/caller-icon.png?h=88&amp;w=86&amp;la=es-ES&amp;hash=EE048AE39166EB32867D4DB0442BFCFB14C75AEE\" alt=\"\" \/><\/p>\n<\/div>\n<\/div>\n<\/div>\n<\/section>\n<section class=\"balanced-cta-area onbase-blue-bg\">\n<div class=\"container\">\n<div class=\"col-md-6 col-sm-6 col-xs-12 remove-all-spacing\">\n<div class=\"white-blue text-center balanced-block-container\">\n<h2><a title=\"Contacto\" href=\"https:\/\/www.nexoit.com.uy\/web\/contacto\/\">\u00bfAlguna pregunta?<\/a><\/h2>\n<\/div>\n<\/div>\n<\/div>\n<\/section>\n","protected":false},"excerpt":{"rendered":"<p>Soluciones de software para Universidades En los campus universitarios actuales, la eliminaci\u00f3n del papel ya no es suficiente. El conjunto de soluciones de servicios de contenido que ofrece OnBase para Universidades, l\u00edder en el mercado, permite a las instituciones aprovechar los datos actuales para ofrecer al personal una vista completa del expediente acad\u00e9mico del alumno. [&hellip;]<\/p>\n","protected":false},"author":3,"featured_media":0,"parent":0,"menu_order":0,"comment_status":"closed","ping_status":"closed","template":"","meta":[],"yoast_head":"<!-- This site is optimized with the Yoast SEO plugin v20.10 - https:\/\/yoast.com\/wordpress\/plugins\/seo\/ -->\n<title>OnBase para Universidades - NEXO IT<\/title>\n<meta name=\"robots\" content=\"index, follow, max-snippet:-1, max-image-preview:large, max-video-preview:-1\" \/>\n<link rel=\"canonical\" href=\"https:\/\/www.nexoit.com.uy\/web\/onbase-para-universidades\/\" \/>\n<meta property=\"og:locale\" content=\"es_ES\" \/>\n<meta property=\"og:type\" content=\"article\" \/>\n<meta property=\"og:title\" content=\"OnBase para Universidades - NEXO IT\" \/>\n<meta property=\"og:description\" content=\"Soluciones de software para Universidades En los campus universitarios actuales, la eliminaci\u00f3n del papel ya no es suficiente. El conjunto de soluciones de servicios de contenido que ofrece OnBase para Universidades, l\u00edder en el mercado, permite a las instituciones aprovechar los datos actuales para ofrecer al personal una vista completa del expediente acad\u00e9mico del alumno. [&hellip;]\" \/>\n<meta property=\"og:url\" content=\"https:\/\/www.nexoit.com.uy\/web\/onbase-para-universidades\/\" \/>\n<meta property=\"og:site_name\" content=\"NEXO IT\" \/>\n<meta property=\"article:modified_time\" content=\"2019-06-03T19:24:15+00:00\" \/>\n<meta property=\"og:image\" content=\"https:\/\/www.nexoit.com.uy\/web\/wp-content\/uploads\/2019\/06\/OnBase-Universidades.jpg\" \/>\n<meta name=\"twitter:label1\" content=\"Tiempo de lectura\" \/>\n\t<meta name=\"twitter:data1\" content=\"1 minuto\" \/>\n<script type=\"application\/ld+json\" class=\"yoast-schema-graph\">{\"@context\":\"https:\/\/schema.org\",\"@graph\":[{\"@type\":\"WebPage\",\"@id\":\"https:\/\/www.nexoit.com.uy\/web\/onbase-para-universidades\/\",\"url\":\"https:\/\/www.nexoit.com.uy\/web\/onbase-para-universidades\/\",\"name\":\"OnBase para Universidades - NEXO IT\",\"isPartOf\":{\"@id\":\"https:\/\/www.nexoit.com.uy\/web\/#website\"},\"datePublished\":\"2019-06-03T19:04:13+00:00\",\"dateModified\":\"2019-06-03T19:24:15+00:00\",\"breadcrumb\":{\"@id\":\"https:\/\/www.nexoit.com.uy\/web\/onbase-para-universidades\/#breadcrumb\"},\"inLanguage\":\"es\",\"potentialAction\":[{\"@type\":\"ReadAction\",\"target\":[\"https:\/\/www.nexoit.com.uy\/web\/onbase-para-universidades\/\"]}]},{\"@type\":\"BreadcrumbList\",\"@id\":\"https:\/\/www.nexoit.com.uy\/web\/onbase-para-universidades\/#breadcrumb\",\"itemListElement\":[{\"@type\":\"ListItem\",\"position\":1,\"name\":\"Portada\",\"item\":\"https:\/\/www.nexoit.com.uy\/web\/\"},{\"@type\":\"ListItem\",\"position\":2,\"name\":\"OnBase para Universidades\"}]},{\"@type\":\"WebSite\",\"@id\":\"https:\/\/www.nexoit.com.uy\/web\/#website\",\"url\":\"https:\/\/www.nexoit.com.uy\/web\/\",\"name\":\"NEXO IT\",\"description\":\"Expertos en gesti\u00f3n documental\",\"potentialAction\":[{\"@type\":\"SearchAction\",\"target\":{\"@type\":\"EntryPoint\",\"urlTemplate\":\"https:\/\/www.nexoit.com.uy\/web\/?s={search_term_string}\"},\"query-input\":\"required name=search_term_string\"}],\"inLanguage\":\"es\"}]}<\/script>\n<!-- \/ Yoast SEO plugin. -->","yoast_head_json":{"title":"OnBase para Universidades - NEXO IT","robots":{"index":"index","follow":"follow","max-snippet":"max-snippet:-1","max-image-preview":"max-image-preview:large","max-video-preview":"max-video-preview:-1"},"canonical":"https:\/\/www.nexoit.com.uy\/web\/onbase-para-universidades\/","og_locale":"es_ES","og_type":"article","og_title":"OnBase para Universidades - NEXO IT","og_description":"Soluciones de software para Universidades En los campus universitarios actuales, la eliminaci\u00f3n del papel ya no es suficiente. El conjunto de soluciones de servicios de contenido que ofrece OnBase para Universidades, l\u00edder en el mercado, permite a las instituciones aprovechar los datos actuales para ofrecer al personal una vista completa del expediente acad\u00e9mico del alumno. [&hellip;]","og_url":"https:\/\/www.nexoit.com.uy\/web\/onbase-para-universidades\/","og_site_name":"NEXO IT","article_modified_time":"2019-06-03T19:24:15+00:00","og_image":[{"url":"https:\/\/www.nexoit.com.uy\/web\/wp-content\/uploads\/2019\/06\/OnBase-Universidades.jpg"}],"twitter_misc":{"Tiempo de lectura":"1 minuto"},"schema":{"@context":"https:\/\/schema.org","@graph":[{"@type":"WebPage","@id":"https:\/\/www.nexoit.com.uy\/web\/onbase-para-universidades\/","url":"https:\/\/www.nexoit.com.uy\/web\/onbase-para-universidades\/","name":"OnBase para Universidades - NEXO IT","isPartOf":{"@id":"https:\/\/www.nexoit.com.uy\/web\/#website"},"datePublished":"2019-06-03T19:04:13+00:00","dateModified":"2019-06-03T19:24:15+00:00","breadcrumb":{"@id":"https:\/\/www.nexoit.com.uy\/web\/onbase-para-universidades\/#breadcrumb"},"inLanguage":"es","potentialAction":[{"@type":"ReadAction","target":["https:\/\/www.nexoit.com.uy\/web\/onbase-para-universidades\/"]}]},{"@type":"BreadcrumbList","@id":"https:\/\/www.nexoit.com.uy\/web\/onbase-para-universidades\/#breadcrumb","itemListElement":[{"@type":"ListItem","position":1,"name":"Portada","item":"https:\/\/www.nexoit.com.uy\/web\/"},{"@type":"ListItem","position":2,"name":"OnBase para Universidades"}]},{"@type":"WebSite","@id":"https:\/\/www.nexoit.com.uy\/web\/#website","url":"https:\/\/www.nexoit.com.uy\/web\/","name":"NEXO IT","description":"Expertos en gesti\u00f3n documental","potentialAction":[{"@type":"SearchAction","target":{"@type":"EntryPoint","urlTemplate":"https:\/\/www.nexoit.com.uy\/web\/?s={search_term_string}"},"query-input":"required name=search_term_string"}],"inLanguage":"es"}]}},"_links":{"self":[{"href":"https:\/\/www.nexoit.com.uy\/web\/wp-json\/wp\/v2\/pages\/1022"}],"collection":[{"href":"https:\/\/www.nexoit.com.uy\/web\/wp-json\/wp\/v2\/pages"}],"about":[{"href":"https:\/\/www.nexoit.com.uy\/web\/wp-json\/wp\/v2\/types\/page"}],"author":[{"embeddable":true,"href":"https:\/\/www.nexoit.com.uy\/web\/wp-json\/wp\/v2\/users\/3"}],"replies":[{"embeddable":true,"href":"https:\/\/www.nexoit.com.uy\/web\/wp-json\/wp\/v2\/comments?post=1022"}],"version-history":[{"count":10,"href":"https:\/\/www.nexoit.com.uy\/web\/wp-json\/wp\/v2\/pages\/1022\/revisions"}],"predecessor-version":[{"id":1033,"href":"https:\/\/www.nexoit.com.uy\/web\/wp-json\/wp\/v2\/pages\/1022\/revisions\/1033"}],"wp:attachment":[{"href":"https:\/\/www.nexoit.com.uy\/web\/wp-json\/wp\/v2\/media?parent=1022"}],"curies":[{"name":"wp","href":"https:\/\/api.w.org\/{rel}","templated":true}]}}