{"id":102,"date":"2015-05-06T16:36:03","date_gmt":"2015-05-06T19:36:03","guid":{"rendered":"http:\/\/nexoit.com.uy\/desarrollo\/?page_id=102"},"modified":"2016-01-25T12:03:04","modified_gmt":"2016-01-25T15:03:04","slug":"trabaje-con-nosotros","status":"publish","type":"page","link":"https:\/\/www.nexoit.com.uy\/desarrollo\/trabaje-con-nosotros\/","title":{"rendered":"Trabaje con nosotros"},"content":{"rendered":"<h4>ACERCA DE NUESTRO EQUIPO<\/h4>\n<p>\u00bfQuieres ser parte de nuestro equipo? Si deseas trabajar en sistemas con o sin experiencia, env\u00eda tu Curriculum con Foto por aqu\u00ed!. En nuestra web encontrar\u00e1s a que nos dedicamos y en que tecnolog\u00edas trabajamos, as\u00ed no perderas tu tiempo y nosotros no perderemos el nuestro.<\/p>\n<p>TRABAJE CON NOSOTROS<\/p>\n<div class=\"bloque-50\">\n\n<div class=\"wpcf7 no-js\" id=\"wpcf7-f94-o1\" lang=\"es-ES\" dir=\"ltr\">\n<div class=\"screen-reader-response\"><p role=\"status\" aria-live=\"polite\" aria-atomic=\"true\"><\/p> <ul><\/ul><\/div>\n<form action=\"\/desarrollo\/wp-json\/wp\/v2\/pages\/102#wpcf7-f94-o1\" method=\"post\" class=\"wpcf7-form init\" aria-label=\"Formulario de contacto\" enctype=\"multipart\/form-data\" novalidate=\"novalidate\" data-status=\"init\">\n<div style=\"display: none;\">\n<input type=\"hidden\" name=\"_wpcf7\" value=\"94\" \/>\n<input type=\"hidden\" name=\"_wpcf7_version\" value=\"5.7.7\" \/>\n<input type=\"hidden\" name=\"_wpcf7_locale\" value=\"es_ES\" \/>\n<input type=\"hidden\" name=\"_wpcf7_unit_tag\" value=\"wpcf7-f94-o1\" \/>\n<input type=\"hidden\" name=\"_wpcf7_container_post\" value=\"0\" \/>\n<input type=\"hidden\" name=\"_wpcf7_posted_data_hash\" value=\"\" \/>\n<\/div>\n<div class=\"form-left\">\n\t<p>Su nombre (requerido)\n\t<\/p>\n\t<p><span class=\"wpcf7-form-control-wrap\" data-name=\"your-name\"><input size=\"40\" class=\"wpcf7-form-control wpcf7-text wpcf7-validates-as-required\" aria-required=\"true\" aria-invalid=\"false\" value=\"\" type=\"text\" name=\"your-name\" \/><\/span>\n\t<\/p>\n\t<p>Su e-mail (requerido)\n\t<\/p>\n\t<p><span class=\"wpcf7-form-control-wrap\" data-name=\"your-email\"><input size=\"40\" class=\"wpcf7-form-control wpcf7-text wpcf7-email wpcf7-validates-as-required wpcf7-validates-as-email\" aria-required=\"true\" aria-invalid=\"false\" value=\"\" type=\"email\" name=\"your-email\" \/><\/span>\n\t<\/p>\n\t<p>Curriculum Vitae\n\t<\/p>\n\t<p><span class=\"wpcf7-form-control-wrap\" data-name=\"file-180\"><input size=\"40\" class=\"wpcf7-form-control wpcf7-file\" accept=\"audio\/*,video\/*,image\/*\" aria-invalid=\"false\" type=\"file\" name=\"file-180\" \/><\/span>\n\t<\/p>\n\t<p><input type=\"hidden\" name=\"_wpcf7_captcha_challenge_captcha-822\" value=\"2255802703\" \/><img class=\"wpcf7-form-control wpcf7-captchac wpcf7-captcha-captcha-822\" width=\"72\" height=\"24\" alt=\"captcha\" src=\"https:\/\/www.nexoit.com.uy\/desarrollo\/wp-content\/uploads\/wpcf7_captcha\/2255802703.png\" \/>\n\t<\/p>\n\t<p><span class=\"wpcf7-form-control-wrap\" data-name=\"captcha-822\"><input size=\"40\" class=\"wpcf7-form-control wpcf7-captchar\" autocomplete=\"off\" aria-invalid=\"false\" value=\"\" type=\"text\" name=\"captcha-822\" \/><\/span>\n\t<\/p>\n<\/div>\n<div class=\"form-right\">\n\t<p>Su mensaje\n\t<\/p>\n\t<p><span class=\"wpcf7-form-control-wrap\" data-name=\"your-message\"><textarea cols=\"40\" rows=\"8\" class=\"wpcf7-form-control wpcf7-textarea\" aria-invalid=\"false\" name=\"your-message\"><\/textarea><\/span>\n\t<\/p>\n\t<p><input class=\"wpcf7-form-control has-spinner wpcf7-submit\" type=\"submit\" value=\"Enviar\" \/>\n\t<\/p>\n<\/div><div class=\"wpcf7-response-output\" aria-hidden=\"true\"><\/div>\n<\/form>\n<\/div>\n\n<\/div>\n<p><!-- fin bloque-50 --><\/p>\n","protected":false},"excerpt":{"rendered":"<p>ACERCA DE NUESTRO EQUIPO \u00bfQuieres ser parte de nuestro equipo? Si deseas trabajar en sistemas con o sin experiencia, env\u00eda tu Curriculum con Foto por aqu\u00ed!. En nuestra web encontrar\u00e1s a que nos dedicamos y en que tecnolog\u00edas trabajamos, as\u00ed no perderas tu tiempo y nosotros no perderemos el nuestro. TRABAJE CON NOSOTROS<\/p>\n","protected":false},"author":3,"featured_media":0,"parent":0,"menu_order":0,"comment_status":"open","ping_status":"closed","template":"","meta":[],"_links":{"self":[{"href":"https:\/\/www.nexoit.com.uy\/desarrollo\/wp-json\/wp\/v2\/pages\/102"}],"collection":[{"href":"https:\/\/www.nexoit.com.uy\/desarrollo\/wp-json\/wp\/v2\/pages"}],"about":[{"href":"https:\/\/www.nexoit.com.uy\/desarrollo\/wp-json\/wp\/v2\/types\/page"}],"author":[{"embeddable":true,"href":"https:\/\/www.nexoit.com.uy\/desarrollo\/wp-json\/wp\/v2\/users\/3"}],"replies":[{"embeddable":true,"href":"https:\/\/www.nexoit.com.uy\/desarrollo\/wp-json\/wp\/v2\/comments?post=102"}],"version-history":[{"count":6,"href":"https:\/\/www.nexoit.com.uy\/desarrollo\/wp-json\/wp\/v2\/pages\/102\/revisions"}],"predecessor-version":[{"id":309,"href":"https:\/\/www.nexoit.com.uy\/desarrollo\/wp-json\/wp\/v2\/pages\/102\/revisions\/309"}],"wp:attachment":[{"href":"https:\/\/www.nexoit.com.uy\/desarrollo\/wp-json\/wp\/v2\/media?parent=102"}],"curies":[{"name":"wp","href":"https:\/\/api.w.org\/{rel}","templated":true}]}}